{"id":24712,"date":"2024-07-03T19:16:31","date_gmt":"2024-07-03T17:16:31","guid":{"rendered":"https:\/\/pugliamare.it\/?post_type=product&#038;p=24712"},"modified":"2026-03-30T15:17:20","modified_gmt":"2026-03-30T13:17:20","slug":"tour-in-barca-privato-delle-grotte-di-polignano-a-mare-3-ore","status":"publish","type":"product","link":"https:\/\/pugliamare.it\/es\/esperienze\/tour-in-barca-privato-delle-grotte-di-polignano-a-mare-3-ore\/","title":{"rendered":"Paseo privado en barco por las cuevas de Polignano a Mare \u2013 3 horas"},"content":{"rendered":"<h1 data-start=\"213\" data-end=\"289\"><strong>Paseo en barco: explora cuevas y calas ocultas<\/strong><\/h1>\n<p data-start=\"968\" data-end=\"1279\" class=\" translation-block\">Disfrute de una experiencia inolvidable con nuestro <strong data-start=\"1017\" data-end=\"1072\">paseo privado en barco de 3 horas por las cuevas de Polignano a Mare<\/strong>, navegando por aguas cristalinas y paisajes impresionantes a lo largo de la costa. Su gu\u00eda experto le acompa\u00f1ar\u00e1 a descubrir las cuevas y ensenadas m\u00e1s evocadoras, compartiendo historias y curiosidades sobre Polignano.<\/p>\n<p data-start=\"1281\" data-end=\"1457\" class=\" translation-block\">Podr\u00e1s visitar todas las cuevas y calas principales, desde <strong>Cala Port\u2019Alga<\/strong> hasta la <strong>Grotta degli Innamorati<\/strong>, pasando por el <strong>Scoglio dell\u2019Eremita<\/strong>, con momentos de diversi\u00f3n y relax garantizados.<\/p>\n<h3 data-start=\"1464\" data-end=\"1497\"><strong>\ud83d\udd52 Duraci\u00f3n y detalles del tour<\/strong><\/h3>\n<ul data-start=\"1499\" data-end=\"1846\">\n<li data-start=\"1499\" data-end=\"1516\">\n<p data-start=\"1501\" data-end=\"1516\" class=\" translation-block\"><strong>Duraci\u00f3n:<\/strong> 3 horas<\/p>\n<\/li>\n<li data-start=\"1517\" data-end=\"1586\">\n<p data-start=\"1519\" data-end=\"1586\" class=\" translation-block\"><strong>Embarcaciones:<\/strong> barcos abiertos de 7 metros, capacidad m\u00e1xima 10 personas<\/p>\n<\/li>\n<li data-start=\"1587\" data-end=\"1616\">\n<p data-start=\"1589\" data-end=\"1616\"><em><strong>Aperitivo incluido a bordo<\/strong><\/em><\/p>\n<\/li>\n<li data-start=\"1617\" data-end=\"1658\">\n<p data-start=\"1619\" data-end=\"1658\"><em><strong>Posibilidad de bucear en aguas claras.<\/strong><\/em><\/p>\n<\/li>\n<li data-start=\"1659\" data-end=\"1739\">\n<p data-start=\"1661\" data-end=\"1739\" class=\" translation-block\"><strong>Salida:<\/strong> Puerto de San Vito, Polignano a Mare (a 10 minutos del centro)<\/p>\n<\/li>\n<li data-start=\"1740\" data-end=\"1790\">\n<p data-start=\"1742\" data-end=\"1790\"><em><strong>Servicio de traslado de ida y vuelta disponible a pedido.<\/strong><\/em><\/p>\n<\/li>\n<li data-start=\"1791\" data-end=\"1846\">\n<p data-start=\"1793\" data-end=\"1846\"><em><strong>Por favor llegue 30 minutos antes de la hora de salida.<\/strong><\/em><\/p>\n<\/li>\n<\/ul>\n<h3 data-start=\"1853\" data-end=\"1881\"><strong>\ud83c\udf19 Opci\u00f3n Tour Nocturno<\/strong><\/h3>\n<p data-start=\"1883\" data-end=\"2073\" class=\" translation-block\">Para una experiencia a\u00fan m\u00e1s sugerente, prueba el<a href=\"https:\/\/pugliamare.it\/esperienze\/tour-in-barca-alle-grotte-di-polignano-a-mare-by-night\/\" target=\"_self\"> <strong data-start=\"1933\" data-end=\"1971\">Tour en Barco a las Cuevas by Night<\/strong><\/a>, donde podr\u00e1s contemplar las cuevas iluminadas por la luz de la luna y vivir la magia del mar nocturno.<\/p>\n<h3 data-start=\"2080\" data-end=\"2107\"><strong>\ud83c\udf1f Experiencias relacionadas<\/strong><\/h3>\n<p data-start=\"2109\" data-end=\"2339\" class=\" translation-block\">Para completar tus vacaciones en Puglia, tambi\u00e9n te recomendamos descubrir nuestros <strong><a href=\"https:\/\/pugliamare.it\/tipologia\/vespa-tours\/\" target=\"_self\">tours en Vespa<\/a><\/strong> por los pueblos hist\u00f3ricos, las <a href=\"https:\/\/pugliamare.it\/tipologia\/food-wine\/\" target=\"_self\"><strong>visitas guiadas enogastron\u00f3micas<\/strong><\/a> y las<a href=\"https:\/\/pugliamare.it\/esperienze\/lezione-di-cucina-pugliese-a-polignano-a-mare-cena\/\" target=\"_self\"><strong> clases de cocina tradicionales<\/strong><\/a>. Cada experiencia est\u00e1 pensada para ofrecerte una inmersi\u00f3n aut\u00e9ntica en los sabores, las culturas y los paisajes de Puglia.<\/p>\n<h3 data-start=\"2346\" data-end=\"2434\"><strong>Reserva ahora tu paseo privado en barco por las cuevas de Polignano a Mare.<\/strong><\/h3>\n<p data-start=\"2436\" data-end=\"2707\" class=\" translation-block\">No pierdas la oportunidad de descubrir Polignano desde una perspectiva exclusiva y aut\u00e9ntica. <strong data-start=\"2524\" data-end=\"2542\">Reserva ahora<\/strong> tu tour y prep\u00e1rate para vivir una aventura inolvidable entre mar, naturaleza y relax.<br data-start=\"2630\" data-end=\"2633\">Para preguntas o solicitudes, <a href=\"https:\/\/api.whatsapp.com\/send?phone=393668959532\" target=\"_self\">cont\u00e1ctanos<\/a>: el equipo de Pugliamare est\u00e1 a tu completa disposici\u00f3n.<\/p>","protected":false},"excerpt":{"rendered":"<p class=\" translation-block\">Explora las encantadoras cuevas marinas de Polignano a Mare con nuestro exclusivo <strong data-start=\"586\" data-end=\"641\">tour privado en barco de 3 horas por las cuevas de Polignano a Mare<\/strong>.<br data-start=\"642\" data-end=\"645\">Disfruta de un aperitivo a bordo, la posibilidad de un ba\u00f1o en sus aguas cristalinas y elige entre salidas diarias a diferentes horas, incluida la opci\u00f3n al atardecer. Servicio de <strong>traslado<\/strong> disponible bajo petici\u00f3n.<\/p>","protected":false},"featured_media":24280,"template":"","meta":{"_acf_changed":false,"inline_featured_image":false},"product_cat":[296],"product_tag":[290],"acf":[],"yoast_head":"<!-- This site is optimized with the Yoast SEO Premium plugin v22.8 (Yoast SEO v22.8) - https:\/\/yoast.com\/wordpress\/plugins\/seo\/ -->\n<title>Tour in Barca Privato alle Grotte di Polignano a Mare di 3 Ore | Pugliamare<\/title>\n<meta name=\"description\" content=\"Scopri le grotte di Polignano con tour in barca privato di 3 ore. Aperitivo a bordo e possibilit\u00e0 di tuffo in acque cristalline. Prenota ora!\" \/>\n<meta name=\"robots\" content=\"index, follow, max-snippet:-1, max-image-preview:large, max-video-preview:-1\" \/>\n<link rel=\"canonical\" href=\"https:\/\/pugliamare.it\/es\/esperienze\/tour-in-barca-privato-delle-grotte-di-polignano-a-mare-3-ore\/\" \/>\n<meta property=\"og:locale\" content=\"es_ES\" \/>\n<meta property=\"og:type\" content=\"article\" \/>\n<meta property=\"og:title\" content=\"Tour in Barca Privato delle Grotte di Polignano a Mare - 3 Ore\" \/>\n<meta property=\"og:description\" content=\"Scopri le grotte di Polignano con tour in barca privato di 3 ore. Aperitivo a bordo e possibilit\u00e0 di tuffo in acque cristalline. Prenota ora!\" \/>\n<meta property=\"og:url\" content=\"https:\/\/pugliamare.it\/es\/esperienze\/tour-in-barca-privato-delle-grotte-di-polignano-a-mare-3-ore\/\" \/>\n<meta property=\"og:site_name\" content=\"Pugliamare\" \/>\n<meta property=\"article:publisher\" content=\"https:\/\/www.facebook.com\/pugliamarexperience\" \/>\n<meta property=\"article:modified_time\" content=\"2026-03-30T13:17:20+00:00\" \/>\n<meta property=\"og:image\" content=\"https:\/\/pugliamare.it\/wp-content\/uploads\/2024\/03\/Pugliamare_Boat-Tour_12-scaled.jpg\" \/>\n\t<meta property=\"og:image:width\" content=\"2048\" \/>\n\t<meta property=\"og:image:height\" content=\"2560\" \/>\n\t<meta property=\"og:image:type\" content=\"image\/jpeg\" \/>\n<meta name=\"twitter:card\" content=\"summary_large_image\" \/>\n<script type=\"application\/ld+json\" class=\"yoast-schema-graph\">{\"@context\":\"https:\/\/schema.org\",\"@graph\":[{\"@type\":\"WebPage\",\"@id\":\"https:\/\/pugliamare.it\/esperienze\/tour-in-barca-privato-delle-grotte-di-polignano-a-mare-3-ore\/\",\"url\":\"https:\/\/pugliamare.it\/esperienze\/tour-in-barca-privato-delle-grotte-di-polignano-a-mare-3-ore\/\",\"name\":\"Tour in Barca Privato alle Grotte di Polignano a Mare di 3 Ore | Pugliamare\",\"isPartOf\":{\"@id\":\"https:\/\/pugliamare.it\/en\/#website\"},\"primaryImageOfPage\":{\"@id\":\"https:\/\/pugliamare.it\/esperienze\/tour-in-barca-privato-delle-grotte-di-polignano-a-mare-3-ore\/#primaryimage\"},\"image\":{\"@id\":\"https:\/\/pugliamare.it\/esperienze\/tour-in-barca-privato-delle-grotte-di-polignano-a-mare-3-ore\/#primaryimage\"},\"thumbnailUrl\":\"https:\/\/pugliamare.it\/wp-content\/uploads\/2024\/03\/Pugliamare_Boat-Tour_12-scaled.jpg\",\"datePublished\":\"2024-07-03T17:16:31+00:00\",\"dateModified\":\"2026-03-30T13:17:20+00:00\",\"description\":\"Scopri le grotte di Polignano con tour in barca privato di 3 ore. Aperitivo a bordo e possibilit\u00e0 di tuffo in acque cristalline. Prenota ora!\",\"breadcrumb\":{\"@id\":\"https:\/\/pugliamare.it\/esperienze\/tour-in-barca-privato-delle-grotte-di-polignano-a-mare-3-ore\/#breadcrumb\"},\"inLanguage\":\"es\",\"potentialAction\":[{\"@type\":\"ReadAction\",\"target\":[\"https:\/\/pugliamare.it\/esperienze\/tour-in-barca-privato-delle-grotte-di-polignano-a-mare-3-ore\/\"]}]},{\"@type\":\"ImageObject\",\"inLanguage\":\"es\",\"@id\":\"https:\/\/pugliamare.it\/esperienze\/tour-in-barca-privato-delle-grotte-di-polignano-a-mare-3-ore\/#primaryimage\",\"url\":\"https:\/\/pugliamare.it\/wp-content\/uploads\/2024\/03\/Pugliamare_Boat-Tour_12-scaled.jpg\",\"contentUrl\":\"https:\/\/pugliamare.it\/wp-content\/uploads\/2024\/03\/Pugliamare_Boat-Tour_12-scaled.jpg\",\"width\":2048,\"height\":2560,\"caption\":\"Grotta all'interno durante il Tour in barca\"},{\"@type\":\"BreadcrumbList\",\"@id\":\"https:\/\/pugliamare.it\/esperienze\/tour-in-barca-privato-delle-grotte-di-polignano-a-mare-3-ore\/#breadcrumb\",\"itemListElement\":[{\"@type\":\"ListItem\",\"position\":1,\"name\":\"Home\",\"item\":\"https:\/\/pugliamare.it\/\"},{\"@type\":\"ListItem\",\"position\":2,\"name\":\"Tour in Barca Privato delle Grotte di Polignano a Mare &#8211; 3 Ore\"}]},{\"@type\":\"WebSite\",\"@id\":\"https:\/\/pugliamare.it\/en\/#website\",\"url\":\"https:\/\/pugliamare.it\/en\/\",\"name\":\"Pugliamare\",\"description\":\"Esperienze, Soggiorni e Tour personalizzati in Puglia\",\"publisher\":{\"@id\":\"https:\/\/pugliamare.it\/en\/#organization\"},\"potentialAction\":[{\"@type\":\"SearchAction\",\"target\":{\"@type\":\"EntryPoint\",\"urlTemplate\":\"https:\/\/pugliamare.it\/en\/?s={search_term_string}\"},\"query-input\":\"required name=search_term_string\"}],\"inLanguage\":\"es\"},{\"@type\":\"Organization\",\"@id\":\"https:\/\/pugliamare.it\/en\/#organization\",\"name\":\"Pugliamare srl\",\"url\":\"https:\/\/pugliamare.it\/en\/\",\"logo\":{\"@type\":\"ImageObject\",\"inLanguage\":\"es\",\"@id\":\"https:\/\/pugliamare.it\/en\/#\/schema\/logo\/image\/\",\"url\":\"https:\/\/pugliamare.it\/wp-content\/uploads\/2021\/04\/cropped-cropped-Risorsa-2.png\",\"contentUrl\":\"https:\/\/pugliamare.it\/wp-content\/uploads\/2021\/04\/cropped-cropped-Risorsa-2.png\",\"width\":374,\"height\":117,\"caption\":\"Pugliamare srl\"},\"image\":{\"@id\":\"https:\/\/pugliamare.it\/en\/#\/schema\/logo\/image\/\"},\"sameAs\":[\"https:\/\/www.facebook.com\/pugliamarexperience\",\"https:\/\/www.instagram.com\/pugliamare\/\"]}]}<\/script>\n<!-- \/ Yoast SEO Premium plugin. -->","yoast_head_json":{"title":"Tour in Barca Privato alle Grotte di Polignano a Mare di 3 Ore | Pugliamare","description":"Scopri le grotte di Polignano con tour in barca privato di 3 ore. Aperitivo a bordo e possibilit\u00e0 di tuffo in acque cristalline. Prenota ora!","robots":{"index":"index","follow":"follow","max-snippet":"max-snippet:-1","max-image-preview":"max-image-preview:large","max-video-preview":"max-video-preview:-1"},"canonical":"https:\/\/pugliamare.it\/es\/esperienze\/tour-in-barca-privato-delle-grotte-di-polignano-a-mare-3-ore\/","og_locale":"es_ES","og_type":"article","og_title":"Tour in Barca Privato delle Grotte di Polignano a Mare - 3 Ore","og_description":"Scopri le grotte di Polignano con tour in barca privato di 3 ore. Aperitivo a bordo e possibilit\u00e0 di tuffo in acque cristalline. Prenota ora!","og_url":"https:\/\/pugliamare.it\/es\/esperienze\/tour-in-barca-privato-delle-grotte-di-polignano-a-mare-3-ore\/","og_site_name":"Pugliamare","article_publisher":"https:\/\/www.facebook.com\/pugliamarexperience","article_modified_time":"2026-03-30T13:17:20+00:00","og_image":[{"width":2048,"height":2560,"url":"https:\/\/pugliamare.it\/wp-content\/uploads\/2024\/03\/Pugliamare_Boat-Tour_12-scaled.jpg","type":"image\/jpeg"}],"twitter_card":"summary_large_image","schema":{"@context":"https:\/\/schema.org","@graph":[{"@type":"WebPage","@id":"https:\/\/pugliamare.it\/esperienze\/tour-in-barca-privato-delle-grotte-di-polignano-a-mare-3-ore\/","url":"https:\/\/pugliamare.it\/esperienze\/tour-in-barca-privato-delle-grotte-di-polignano-a-mare-3-ore\/","name":"Tour in Barca Privato alle Grotte di Polignano a Mare di 3 Ore | Pugliamare","isPartOf":{"@id":"https:\/\/pugliamare.it\/en\/#website"},"primaryImageOfPage":{"@id":"https:\/\/pugliamare.it\/esperienze\/tour-in-barca-privato-delle-grotte-di-polignano-a-mare-3-ore\/#primaryimage"},"image":{"@id":"https:\/\/pugliamare.it\/esperienze\/tour-in-barca-privato-delle-grotte-di-polignano-a-mare-3-ore\/#primaryimage"},"thumbnailUrl":"https:\/\/pugliamare.it\/wp-content\/uploads\/2024\/03\/Pugliamare_Boat-Tour_12-scaled.jpg","datePublished":"2024-07-03T17:16:31+00:00","dateModified":"2026-03-30T13:17:20+00:00","description":"Scopri le grotte di Polignano con tour in barca privato di 3 ore. Aperitivo a bordo e possibilit\u00e0 di tuffo in acque cristalline. Prenota ora!","breadcrumb":{"@id":"https:\/\/pugliamare.it\/esperienze\/tour-in-barca-privato-delle-grotte-di-polignano-a-mare-3-ore\/#breadcrumb"},"inLanguage":"es","potentialAction":[{"@type":"ReadAction","target":["https:\/\/pugliamare.it\/esperienze\/tour-in-barca-privato-delle-grotte-di-polignano-a-mare-3-ore\/"]}]},{"@type":"ImageObject","inLanguage":"es","@id":"https:\/\/pugliamare.it\/esperienze\/tour-in-barca-privato-delle-grotte-di-polignano-a-mare-3-ore\/#primaryimage","url":"https:\/\/pugliamare.it\/wp-content\/uploads\/2024\/03\/Pugliamare_Boat-Tour_12-scaled.jpg","contentUrl":"https:\/\/pugliamare.it\/wp-content\/uploads\/2024\/03\/Pugliamare_Boat-Tour_12-scaled.jpg","width":2048,"height":2560,"caption":"Grotta all'interno durante il Tour in barca"},{"@type":"BreadcrumbList","@id":"https:\/\/pugliamare.it\/esperienze\/tour-in-barca-privato-delle-grotte-di-polignano-a-mare-3-ore\/#breadcrumb","itemListElement":[{"@type":"ListItem","position":1,"name":"Home","item":"https:\/\/pugliamare.it\/"},{"@type":"ListItem","position":2,"name":"Tour in Barca Privato delle Grotte di Polignano a Mare &#8211; 3 Ore"}]},{"@type":"WebSite","@id":"https:\/\/pugliamare.it\/en\/#website","url":"https:\/\/pugliamare.it\/en\/","name":"Pugliamare","description":"Esperienze, Soggiorni e Tour personalizzati in Puglia","publisher":{"@id":"https:\/\/pugliamare.it\/en\/#organization"},"potentialAction":[{"@type":"SearchAction","target":{"@type":"EntryPoint","urlTemplate":"https:\/\/pugliamare.it\/en\/?s={search_term_string}"},"query-input":"required name=search_term_string"}],"inLanguage":"es"},{"@type":"Organization","@id":"https:\/\/pugliamare.it\/en\/#organization","name":"Pugliamare srl","url":"https:\/\/pugliamare.it\/en\/","logo":{"@type":"ImageObject","inLanguage":"es","@id":"https:\/\/pugliamare.it\/en\/#\/schema\/logo\/image\/","url":"https:\/\/pugliamare.it\/wp-content\/uploads\/2021\/04\/cropped-cropped-Risorsa-2.png","contentUrl":"https:\/\/pugliamare.it\/wp-content\/uploads\/2021\/04\/cropped-cropped-Risorsa-2.png","width":374,"height":117,"caption":"Pugliamare srl"},"image":{"@id":"https:\/\/pugliamare.it\/en\/#\/schema\/logo\/image\/"},"sameAs":["https:\/\/www.facebook.com\/pugliamarexperience","https:\/\/www.instagram.com\/pugliamare\/"]}]}},"_links":{"self":[{"href":"https:\/\/pugliamare.it\/es\/wp-json\/wp\/v2\/product\/24712"}],"collection":[{"href":"https:\/\/pugliamare.it\/es\/wp-json\/wp\/v2\/product"}],"about":[{"href":"https:\/\/pugliamare.it\/es\/wp-json\/wp\/v2\/types\/product"}],"version-history":[{"count":12,"href":"https:\/\/pugliamare.it\/es\/wp-json\/wp\/v2\/product\/24712\/revisions"}],"predecessor-version":[{"id":25863,"href":"https:\/\/pugliamare.it\/es\/wp-json\/wp\/v2\/product\/24712\/revisions\/25863"}],"wp:featuredmedia":[{"embeddable":true,"href":"https:\/\/pugliamare.it\/es\/wp-json\/wp\/v2\/media\/24280"}],"wp:attachment":[{"href":"https:\/\/pugliamare.it\/es\/wp-json\/wp\/v2\/media?parent=24712"}],"wp:term":[{"taxonomy":"product_cat","embeddable":true,"href":"https:\/\/pugliamare.it\/es\/wp-json\/wp\/v2\/product_cat?post=24712"},{"taxonomy":"product_tag","embeddable":true,"href":"https:\/\/pugliamare.it\/es\/wp-json\/wp\/v2\/product_tag?post=24712"}],"curies":[{"name":"wp","href":"https:\/\/api.w.org\/{rel}","templated":true}]}}