{"id":24716,"date":"2024-07-03T19:36:23","date_gmt":"2024-07-03T17:36:23","guid":{"rendered":"https:\/\/pugliamare.it\/?post_type=product&#038;p=24716"},"modified":"2026-03-30T15:17:03","modified_gmt":"2026-03-30T13:17:03","slug":"tour-privato-delle-grotte-di-polignano-a-mare-in-barca-4-ore-mezzo","status":"publish","type":"product","link":"https:\/\/pugliamare.it\/es\/esperienze\/tour-privato-delle-grotte-di-polignano-a-mare-in-barca-4-ore-mezzo\/","title":{"rendered":"Paseo privado en barco por las cuevas de Polignano a Mare \u2013 4,5 horas"},"content":{"rendered":"<h1 data-start=\"213\" data-end=\"289\"><strong>Paseo en barco: descubre las maravillas ocultas de la costa de Polignano<\/strong><\/h1>\n<p data-start=\"291\" data-end=\"681\" class=\" translation-block\">Vive una experiencia \u00fanica con nuestro <strong data-start=\"330\" data-end=\"379\">tour privado en barco por las cuevas de Polignano a Mare<\/strong> que te llevar\u00e1 a descubrir las espectaculares <strong>cuevas marinas<\/strong> y <strong>calas<\/strong> de la costa de Puglia. Navegar\u00e1s a lo largo de la costa visitando todas las cuevas y calas m\u00e1s famosas de Polignano, entre ellas <strong>Cala Port\u2019Alga<\/strong>, la <strong>Grotta degli Innamorati<\/strong> y el<strong> Scoglio dell\u2019Eremita<\/strong>, sumergi\u00e9ndote en paisajes impresionantes y aguas cristalinas.<\/p>\n<h3 data-start=\"688\" data-end=\"721\"><strong>\ud83d\udd52 Duraci\u00f3n y detalles del tour<\/strong><\/h3>\n<ul data-start=\"723\" data-end=\"1099\">\n<li data-start=\"723\" data-end=\"748\">\n<p data-start=\"725\" data-end=\"748\" class=\" translation-block\"><strong>Duraci\u00f3n:<\/strong> 4 horas y media<\/p>\n<\/li>\n<li data-start=\"749\" data-end=\"818\">\n<p data-start=\"751\" data-end=\"818\" class=\" translation-block\"><strong>Embarcaciones:<\/strong> barcos abiertos de 7 metros, capacidad m\u00e1xima 10 personas<\/p>\n<\/li>\n<li data-start=\"819\" data-end=\"856\">\n<p data-start=\"821\" data-end=\"856\"><em><strong>Tour privado con patr\u00f3n dedicado<\/strong><\/em><\/p>\n<\/li>\n<li data-start=\"857\" data-end=\"906\">\n<p data-start=\"859\" data-end=\"906\"><em><strong>Posibilidad de m\u00faltiples embarcaciones para grupos grandes.<\/strong><\/em><\/p>\n<\/li>\n<li data-start=\"907\" data-end=\"992\">\n<p data-start=\"909\" data-end=\"992\" class=\" translation-block\"><strong>Salida:<\/strong> Puerto de San Vito, Polignano a Mare, a 10 minutos del centro de la ciudad<\/p>\n<\/li>\n<li data-start=\"993\" data-end=\"1043\">\n<p data-start=\"995\" data-end=\"1043\"><em><strong>Servicio de traslado de ida y vuelta disponible a pedido.<\/strong><\/em><\/p>\n<\/li>\n<li data-start=\"1044\" data-end=\"1099\">\n<p data-start=\"1046\" data-end=\"1099\"><em><strong>Por favor llegue 30 minutos antes de la hora de salida.<\/strong><\/em><\/p>\n<\/li>\n<\/ul>\n<h3 data-start=\"1106\" data-end=\"1120\"><strong>\ud83c\udf79 A bordo<\/strong><\/h3>\n<p data-start=\"1122\" data-end=\"1266\" class=\" translation-block\">A bordo se incluye un refinado <strong>aperitivo<\/strong> con <strong>productos locales<\/strong> y la posibilidad de detenerse para un refrescante <strong>chapuz\u00f3n<\/strong> en las aguas m\u00e1s cristalinas.<\/p>\n<h3 data-start=\"1273\" data-end=\"1300\">\ud83c\udf1f<strong> Experiencias relacionadas<\/strong><\/h3>\n<p data-start=\"1302\" data-end=\"1602\" class=\" translation-block\">Para completar tus vacaciones en Puglia, tambi\u00e9n te recomendamos descubrir nuestros <strong><a href=\"https:\/\/pugliamare.it\/tipologia\/vespa-tours\/\" target=\"_self\">tours en Vespa<\/a><\/strong> por los pueblos hist\u00f3ricos, las <a href=\"https:\/\/pugliamare.it\/tipologia\/food-wine\/\" target=\"_self\"><strong>visitas guiadas enogastron\u00f3micas<\/strong><\/a> y las<a href=\"https:\/\/pugliamare.it\/esperienze\/lezione-di-cucina-pugliese-a-polignano-a-mare-cena\/\" target=\"_self\"><strong> clases de cocina tradicionales<\/strong><\/a>. Cada experiencia est\u00e1 pensada para ofrecerte una inmersi\u00f3n aut\u00e9ntica en los sabores, las culturas y los paisajes de Puglia.<\/p>\n<h3 data-start=\"1609\" data-end=\"1688\"><strong>Reserva ahora tu paseo privado en barco por las cuevas de Polignano a Mare.<\/strong><\/h3>\n<p data-start=\"1690\" data-end=\"1984\" class=\" translation-block\">No pierdas la oportunidad de vivir una aventura exclusiva entre mar, naturaleza y relax. <strong data-start=\"1773\" data-end=\"1791\">Reserva ahora<\/strong> tu tour privado en barco y prep\u00e1rate para descubrir Polignano desde una perspectiva \u00fanica e inolvidable.<br data-start=\"1897\" data-end=\"1900\">Para cualquier pregunta o solicitud, el equipo de Pugliamare est\u00e1 a tu completa disposici\u00f3n. <a href=\"https:\/\/api.whatsapp.com\/send?phone=393668959532\" target=\"_self\">\u00a1Cont\u00e1ctanos<\/a>!<\/p>","protected":false},"excerpt":{"rendered":"<p class=\" translation-block\">Descubre las maravillosas cuevas marinas de Polignano a Mare con nuestro exclusivo <strong data-start=\"592\" data-end=\"641\">tour privado en barco por las cuevas de Polignano a Mare<\/strong> de 4 horas y media.<br data-start=\"659\" data-end=\"662\">Sube a bordo para un refinado aperitivo y disfruta de un ba\u00f1o en sus aguas cristalinas. Salidas diarias disponibles tambi\u00e9n al atardecer y <strong>servicio de traslado<\/strong> c\u00f3modo desde y hasta el centro de Polignano.<\/p>","protected":false},"featured_media":24269,"template":"","meta":{"_acf_changed":false,"inline_featured_image":false},"product_cat":[296],"product_tag":[290],"acf":[],"yoast_head":"<!-- This site is optimized with the Yoast SEO Premium plugin v22.8 (Yoast SEO v22.8) - https:\/\/yoast.com\/wordpress\/plugins\/seo\/ -->\n<title>Tour in Barca Privato alle Grotte di Polignano a Mare | Pugliamare<\/title>\n<meta name=\"description\" content=\"Esplora le grotte di Polignano con un tour in barca privato di 4 ore e mezza. Aperitivo e tuffo inclusi. Prenota ora un\u2019esperienza unica!\" \/>\n<meta name=\"robots\" content=\"index, follow, max-snippet:-1, max-image-preview:large, max-video-preview:-1\" \/>\n<link rel=\"canonical\" href=\"https:\/\/pugliamare.it\/es\/esperienze\/tour-privato-delle-grotte-di-polignano-a-mare-in-barca-4-ore-mezzo\/\" \/>\n<meta property=\"og:locale\" content=\"es_ES\" \/>\n<meta property=\"og:type\" content=\"article\" \/>\n<meta property=\"og:title\" content=\"Tour in Barca Privato alle Grotte di Polignano a Mare - 4 Ore e Mezza\" \/>\n<meta property=\"og:description\" content=\"Esplora le grotte di Polignano con un tour in barca privato di 4 ore e mezza. Aperitivo e tuffo inclusi. Prenota ora un\u2019esperienza unica!\" \/>\n<meta property=\"og:url\" content=\"https:\/\/pugliamare.it\/es\/esperienze\/tour-privato-delle-grotte-di-polignano-a-mare-in-barca-4-ore-mezzo\/\" \/>\n<meta property=\"og:site_name\" content=\"Pugliamare\" \/>\n<meta property=\"article:publisher\" content=\"https:\/\/www.facebook.com\/pugliamarexperience\" \/>\n<meta property=\"article:modified_time\" content=\"2026-03-30T13:17:03+00:00\" \/>\n<meta property=\"og:image\" content=\"https:\/\/pugliamare.it\/wp-content\/uploads\/2024\/03\/Pugliamare_Boat-Tour_7-scaled-e1722931701865.jpg\" \/>\n\t<meta property=\"og:image:width\" content=\"2048\" \/>\n\t<meta property=\"og:image:height\" content=\"1024\" \/>\n\t<meta property=\"og:image:type\" content=\"image\/jpeg\" \/>\n<meta name=\"twitter:card\" content=\"summary_large_image\" \/>\n<script type=\"application\/ld+json\" class=\"yoast-schema-graph\">{\"@context\":\"https:\/\/schema.org\",\"@graph\":[{\"@type\":\"WebPage\",\"@id\":\"https:\/\/pugliamare.it\/esperienze\/tour-privato-delle-grotte-di-polignano-a-mare-in-barca-4-ore-mezzo\/\",\"url\":\"https:\/\/pugliamare.it\/esperienze\/tour-privato-delle-grotte-di-polignano-a-mare-in-barca-4-ore-mezzo\/\",\"name\":\"Tour in Barca Privato alle Grotte di Polignano a Mare | Pugliamare\",\"isPartOf\":{\"@id\":\"https:\/\/pugliamare.it\/en\/#website\"},\"primaryImageOfPage\":{\"@id\":\"https:\/\/pugliamare.it\/esperienze\/tour-privato-delle-grotte-di-polignano-a-mare-in-barca-4-ore-mezzo\/#primaryimage\"},\"image\":{\"@id\":\"https:\/\/pugliamare.it\/esperienze\/tour-privato-delle-grotte-di-polignano-a-mare-in-barca-4-ore-mezzo\/#primaryimage\"},\"thumbnailUrl\":\"https:\/\/pugliamare.it\/wp-content\/uploads\/2024\/03\/Pugliamare_Boat-Tour_7-scaled-e1722931701865.jpg\",\"datePublished\":\"2024-07-03T17:36:23+00:00\",\"dateModified\":\"2026-03-30T13:17:03+00:00\",\"description\":\"Esplora le grotte di Polignano con un tour in barca privato di 4 ore e mezza. Aperitivo e tuffo inclusi. Prenota ora un\u2019esperienza unica!\",\"breadcrumb\":{\"@id\":\"https:\/\/pugliamare.it\/esperienze\/tour-privato-delle-grotte-di-polignano-a-mare-in-barca-4-ore-mezzo\/#breadcrumb\"},\"inLanguage\":\"es\",\"potentialAction\":[{\"@type\":\"ReadAction\",\"target\":[\"https:\/\/pugliamare.it\/esperienze\/tour-privato-delle-grotte-di-polignano-a-mare-in-barca-4-ore-mezzo\/\"]}]},{\"@type\":\"ImageObject\",\"inLanguage\":\"es\",\"@id\":\"https:\/\/pugliamare.it\/esperienze\/tour-privato-delle-grotte-di-polignano-a-mare-in-barca-4-ore-mezzo\/#primaryimage\",\"url\":\"https:\/\/pugliamare.it\/wp-content\/uploads\/2024\/03\/Pugliamare_Boat-Tour_7-scaled-e1722931701865.jpg\",\"contentUrl\":\"https:\/\/pugliamare.it\/wp-content\/uploads\/2024\/03\/Pugliamare_Boat-Tour_7-scaled-e1722931701865.jpg\",\"width\":2048,\"height\":1024,\"caption\":\"Vista dalla barca durante il nostro tour privato al tramonto\"},{\"@type\":\"BreadcrumbList\",\"@id\":\"https:\/\/pugliamare.it\/esperienze\/tour-privato-delle-grotte-di-polignano-a-mare-in-barca-4-ore-mezzo\/#breadcrumb\",\"itemListElement\":[{\"@type\":\"ListItem\",\"position\":1,\"name\":\"Home\",\"item\":\"https:\/\/pugliamare.it\/\"},{\"@type\":\"ListItem\",\"position\":2,\"name\":\"Tour in Barca Privato alle Grotte di Polignano a Mare &#8211; 4 Ore e Mezza\"}]},{\"@type\":\"WebSite\",\"@id\":\"https:\/\/pugliamare.it\/en\/#website\",\"url\":\"https:\/\/pugliamare.it\/en\/\",\"name\":\"Pugliamare\",\"description\":\"Esperienze, Soggiorni e Tour personalizzati in Puglia\",\"publisher\":{\"@id\":\"https:\/\/pugliamare.it\/en\/#organization\"},\"potentialAction\":[{\"@type\":\"SearchAction\",\"target\":{\"@type\":\"EntryPoint\",\"urlTemplate\":\"https:\/\/pugliamare.it\/en\/?s={search_term_string}\"},\"query-input\":\"required name=search_term_string\"}],\"inLanguage\":\"es\"},{\"@type\":\"Organization\",\"@id\":\"https:\/\/pugliamare.it\/en\/#organization\",\"name\":\"Pugliamare srl\",\"url\":\"https:\/\/pugliamare.it\/en\/\",\"logo\":{\"@type\":\"ImageObject\",\"inLanguage\":\"es\",\"@id\":\"https:\/\/pugliamare.it\/en\/#\/schema\/logo\/image\/\",\"url\":\"https:\/\/pugliamare.it\/wp-content\/uploads\/2021\/04\/cropped-cropped-Risorsa-2.png\",\"contentUrl\":\"https:\/\/pugliamare.it\/wp-content\/uploads\/2021\/04\/cropped-cropped-Risorsa-2.png\",\"width\":374,\"height\":117,\"caption\":\"Pugliamare srl\"},\"image\":{\"@id\":\"https:\/\/pugliamare.it\/en\/#\/schema\/logo\/image\/\"},\"sameAs\":[\"https:\/\/www.facebook.com\/pugliamarexperience\",\"https:\/\/www.instagram.com\/pugliamare\/\"]}]}<\/script>\n<!-- \/ Yoast SEO Premium plugin. -->","yoast_head_json":{"title":"Tour in Barca Privato alle Grotte di Polignano a Mare | Pugliamare","description":"Esplora le grotte di Polignano con un tour in barca privato di 4 ore e mezza. Aperitivo e tuffo inclusi. Prenota ora un\u2019esperienza unica!","robots":{"index":"index","follow":"follow","max-snippet":"max-snippet:-1","max-image-preview":"max-image-preview:large","max-video-preview":"max-video-preview:-1"},"canonical":"https:\/\/pugliamare.it\/es\/esperienze\/tour-privato-delle-grotte-di-polignano-a-mare-in-barca-4-ore-mezzo\/","og_locale":"es_ES","og_type":"article","og_title":"Tour in Barca Privato alle Grotte di Polignano a Mare - 4 Ore e Mezza","og_description":"Esplora le grotte di Polignano con un tour in barca privato di 4 ore e mezza. Aperitivo e tuffo inclusi. Prenota ora un\u2019esperienza unica!","og_url":"https:\/\/pugliamare.it\/es\/esperienze\/tour-privato-delle-grotte-di-polignano-a-mare-in-barca-4-ore-mezzo\/","og_site_name":"Pugliamare","article_publisher":"https:\/\/www.facebook.com\/pugliamarexperience","article_modified_time":"2026-03-30T13:17:03+00:00","og_image":[{"width":2048,"height":1024,"url":"https:\/\/pugliamare.it\/wp-content\/uploads\/2024\/03\/Pugliamare_Boat-Tour_7-scaled-e1722931701865.jpg","type":"image\/jpeg"}],"twitter_card":"summary_large_image","schema":{"@context":"https:\/\/schema.org","@graph":[{"@type":"WebPage","@id":"https:\/\/pugliamare.it\/esperienze\/tour-privato-delle-grotte-di-polignano-a-mare-in-barca-4-ore-mezzo\/","url":"https:\/\/pugliamare.it\/esperienze\/tour-privato-delle-grotte-di-polignano-a-mare-in-barca-4-ore-mezzo\/","name":"Tour in Barca Privato alle Grotte di Polignano a Mare | Pugliamare","isPartOf":{"@id":"https:\/\/pugliamare.it\/en\/#website"},"primaryImageOfPage":{"@id":"https:\/\/pugliamare.it\/esperienze\/tour-privato-delle-grotte-di-polignano-a-mare-in-barca-4-ore-mezzo\/#primaryimage"},"image":{"@id":"https:\/\/pugliamare.it\/esperienze\/tour-privato-delle-grotte-di-polignano-a-mare-in-barca-4-ore-mezzo\/#primaryimage"},"thumbnailUrl":"https:\/\/pugliamare.it\/wp-content\/uploads\/2024\/03\/Pugliamare_Boat-Tour_7-scaled-e1722931701865.jpg","datePublished":"2024-07-03T17:36:23+00:00","dateModified":"2026-03-30T13:17:03+00:00","description":"Esplora le grotte di Polignano con un tour in barca privato di 4 ore e mezza. Aperitivo e tuffo inclusi. Prenota ora un\u2019esperienza unica!","breadcrumb":{"@id":"https:\/\/pugliamare.it\/esperienze\/tour-privato-delle-grotte-di-polignano-a-mare-in-barca-4-ore-mezzo\/#breadcrumb"},"inLanguage":"es","potentialAction":[{"@type":"ReadAction","target":["https:\/\/pugliamare.it\/esperienze\/tour-privato-delle-grotte-di-polignano-a-mare-in-barca-4-ore-mezzo\/"]}]},{"@type":"ImageObject","inLanguage":"es","@id":"https:\/\/pugliamare.it\/esperienze\/tour-privato-delle-grotte-di-polignano-a-mare-in-barca-4-ore-mezzo\/#primaryimage","url":"https:\/\/pugliamare.it\/wp-content\/uploads\/2024\/03\/Pugliamare_Boat-Tour_7-scaled-e1722931701865.jpg","contentUrl":"https:\/\/pugliamare.it\/wp-content\/uploads\/2024\/03\/Pugliamare_Boat-Tour_7-scaled-e1722931701865.jpg","width":2048,"height":1024,"caption":"Vista dalla barca durante il nostro tour privato al tramonto"},{"@type":"BreadcrumbList","@id":"https:\/\/pugliamare.it\/esperienze\/tour-privato-delle-grotte-di-polignano-a-mare-in-barca-4-ore-mezzo\/#breadcrumb","itemListElement":[{"@type":"ListItem","position":1,"name":"Home","item":"https:\/\/pugliamare.it\/"},{"@type":"ListItem","position":2,"name":"Tour in Barca Privato alle Grotte di Polignano a Mare &#8211; 4 Ore e Mezza"}]},{"@type":"WebSite","@id":"https:\/\/pugliamare.it\/en\/#website","url":"https:\/\/pugliamare.it\/en\/","name":"Pugliamare","description":"Esperienze, Soggiorni e Tour personalizzati in Puglia","publisher":{"@id":"https:\/\/pugliamare.it\/en\/#organization"},"potentialAction":[{"@type":"SearchAction","target":{"@type":"EntryPoint","urlTemplate":"https:\/\/pugliamare.it\/en\/?s={search_term_string}"},"query-input":"required name=search_term_string"}],"inLanguage":"es"},{"@type":"Organization","@id":"https:\/\/pugliamare.it\/en\/#organization","name":"Pugliamare srl","url":"https:\/\/pugliamare.it\/en\/","logo":{"@type":"ImageObject","inLanguage":"es","@id":"https:\/\/pugliamare.it\/en\/#\/schema\/logo\/image\/","url":"https:\/\/pugliamare.it\/wp-content\/uploads\/2021\/04\/cropped-cropped-Risorsa-2.png","contentUrl":"https:\/\/pugliamare.it\/wp-content\/uploads\/2021\/04\/cropped-cropped-Risorsa-2.png","width":374,"height":117,"caption":"Pugliamare srl"},"image":{"@id":"https:\/\/pugliamare.it\/en\/#\/schema\/logo\/image\/"},"sameAs":["https:\/\/www.facebook.com\/pugliamarexperience","https:\/\/www.instagram.com\/pugliamare\/"]}]}},"_links":{"self":[{"href":"https:\/\/pugliamare.it\/es\/wp-json\/wp\/v2\/product\/24716"}],"collection":[{"href":"https:\/\/pugliamare.it\/es\/wp-json\/wp\/v2\/product"}],"about":[{"href":"https:\/\/pugliamare.it\/es\/wp-json\/wp\/v2\/types\/product"}],"version-history":[{"count":10,"href":"https:\/\/pugliamare.it\/es\/wp-json\/wp\/v2\/product\/24716\/revisions"}],"predecessor-version":[{"id":33408,"href":"https:\/\/pugliamare.it\/es\/wp-json\/wp\/v2\/product\/24716\/revisions\/33408"}],"wp:featuredmedia":[{"embeddable":true,"href":"https:\/\/pugliamare.it\/es\/wp-json\/wp\/v2\/media\/24269"}],"wp:attachment":[{"href":"https:\/\/pugliamare.it\/es\/wp-json\/wp\/v2\/media?parent=24716"}],"wp:term":[{"taxonomy":"product_cat","embeddable":true,"href":"https:\/\/pugliamare.it\/es\/wp-json\/wp\/v2\/product_cat?post=24716"},{"taxonomy":"product_tag","embeddable":true,"href":"https:\/\/pugliamare.it\/es\/wp-json\/wp\/v2\/product_tag?post=24716"}],"curies":[{"name":"wp","href":"https:\/\/api.w.org\/{rel}","templated":true}]}}