{"id":24921,"date":"2024-07-16T16:35:57","date_gmt":"2024-07-16T14:35:57","guid":{"rendered":"https:\/\/pugliamare.it\/?post_type=product&#038;p=24921"},"modified":"2025-07-15T11:24:40","modified_gmt":"2025-07-15T09:24:40","slug":"visita-guidata-di-conversano-con-degustazioni-di-prodotti-locali","status":"publish","type":"product","link":"https:\/\/pugliamare.it\/es\/esperienze\/visita-guidata-di-conversano-con-degustazioni-di-prodotti-locali\/","title":{"rendered":"Visita guiada a Conversano \u2013 Degustaci\u00f3n de productos t\u00edpicos"},"content":{"rendered":"<h1 data-start=\"821\" data-end=\"876\"><strong>Visita guiada a Conversano con degustaciones<\/strong><\/h1>\n<p data-start=\"878\" data-end=\"1208\" class=\" translation-block\">Reserva ahora tu <strong data-start=\"900\" data-end=\"965\">visita guiada de Conversano con degustaciones de productos t\u00edpicos<\/strong> y d\u00e9jate llevar por los sabores aut\u00e9nticos y la historia milenaria de esta fascinante ciudad de Puglia. Esta experiencia te conducir\u00e1 al coraz\u00f3n de la ciudad, donde la cultura y la tradici\u00f3n se funden en un recorrido \u00fanico e inolvidable.<\/p>\n<h3 data-start=\"1215\" data-end=\"1239\"><strong>\ud83d\udd52 Detalles del tour<\/strong><\/h3>\n<ul data-start=\"1241\" data-end=\"1474\">\n<li data-start=\"1241\" data-end=\"1262\">\n<p data-start=\"1243\" data-end=\"1262\" class=\" translation-block\"><strong>Duraci\u00f3n:<\/strong> 2 horas<\/p>\n<\/li>\n<li data-start=\"1263\" data-end=\"1328\">\n<p data-start=\"1265\" data-end=\"1328\" class=\" translation-block\"><strong>Gu\u00eda:<\/strong> Gu\u00eda local experta, apasionada de su tierra<\/p>\n<\/li>\n<li data-start=\"1329\" data-end=\"1374\">\n<p data-start=\"1331\" data-end=\"1374\" class=\" translation-block\"><strong data-start=\"1331\" data-end=\"1354\">Idiomas disponibles:<\/strong> Italiano, Ingl\u00e9s<\/p>\n<\/li>\n<li data-start=\"1375\" data-end=\"1474\">\n<p data-start=\"1377\" data-end=\"1474\" class=\" translation-block\"><strong data-start=\"1377\" data-end=\"1399\">Punto de encuentro:<\/strong> IAT Conversano \u2013 Punto de Informaci\u00f3n Tur\u00edstica \u2013 Via San Benedetto, 8, Conversano<\/p>\n<\/li>\n<\/ul>\n<h3 data-start=\"1481\" data-end=\"1529\"><strong>\ud83c\udff0 Itinerario del recorrido a pie por Conversano<\/strong><\/h3>\n<ol data-start=\"1531\" data-end=\"2230\">\n<li data-start=\"1531\" data-end=\"1784\">\n<p data-start=\"1534\" data-end=\"1784\" class=\" translation-block\"><strong data-start=\"1534\" data-end=\"1561\">Castillo de Conversano:<\/strong><br data-start=\"1561\" data-end=\"1564\">Inicio de la visita guiada en el majestuoso Castillo, imponente estructura medieval que domina el panorama de la ciudad. Descubrir\u00e1s la historia de los Condes de Conversano, las batallas y las leyendas, admirando sus muros y torres centenarias.<\/p>\n<\/li>\n<li data-start=\"1786\" data-end=\"1994\">\n<p data-start=\"1789\" data-end=\"1994\" class=\" translation-block\"><strong data-start=\"1789\" data-end=\"1827\">Catedral de Santa Mar\u00eda Asunta:<\/strong><br data-start=\"1827\" data-end=\"1830\">Continuaci\u00f3n hacia la catedral rom\u00e1nica, famosa por sus espl\u00e9ndidas obras de arte y su cripta sugestiva. Una obra maestra de la arquitectura religiosa que no te puedes perder.<\/p>\n<\/li>\n<li data-start=\"1996\" data-end=\"2230\">\n<p data-start=\"1999\" data-end=\"2230\" class=\" translation-block\"><strong data-start=\"1999\" data-end=\"2018\">Centro hist\u00f3rico:<\/strong><br data-start=\"2018\" data-end=\"2021\">Paseo por el coraz\u00f3n palpitante de Conversano entre callejones empedrados, casas de piedra y balcones floridos. La gu\u00eda narrar\u00e1 an\u00e9cdotas e historias locales, brindando una inmersi\u00f3n en la atm\u00f3sfera aut\u00e9ntica del pueblo.<\/p>\n<\/li>\n<\/ol>\n<h3 data-start=\"2237\" data-end=\"2261\"><strong>\ud83c\udf68 Paradas sabrosas<\/strong><\/h3>\n<p data-start=\"2263\" data-end=\"2350\">La visita incluye dos paradas para degustaciones de productos t\u00edpicos locales:<\/p>\n<ul data-start=\"2351\" data-end=\"2510\">\n<li data-start=\"2351\" data-end=\"2410\">\n<p data-start=\"2353\" data-end=\"2410\" class=\" translation-block\">Una <strong>helader\u00eda artesanal<\/strong> con helados frescos y genuinos.<\/p>\n<\/li>\n<li data-start=\"2411\" data-end=\"2510\">\n<p data-start=\"2413\" data-end=\"2510\" class=\" translation-block\">Degustaci\u00f3n de <strong>taralli<\/strong> acompa\u00f1ados de un excelente <strong>vino<\/strong> <strong>local<\/strong>, para una experiencia culinaria aut\u00e9ntica.<\/p>\n<\/li>\n<\/ul>\n<h3 data-start=\"2517\" data-end=\"2540\"><strong>\ud83d\udcdd Consejos pr\u00e1cticos<\/strong><\/h3>\n<ul data-start=\"2542\" data-end=\"2627\">\n<li data-start=\"2542\" data-end=\"2559\">\n<p data-start=\"2544\" data-end=\"2559\">Zapatos c\u00f3modos<\/p>\n<\/li>\n<li data-start=\"2560\" data-end=\"2574\">\n<p data-start=\"2562\" data-end=\"2574\">C\u00e1mara<\/p>\n<\/li>\n<li data-start=\"2575\" data-end=\"2627\">\n<p data-start=\"2577\" data-end=\"2627\">Agua y sombrero, especialmente en d\u00edas calurosos.<\/p>\n<\/li>\n<\/ul>\n<h3 data-start=\"3000\" data-end=\"3031\">\ud83c\udf1f <strong data-start=\"3007\" data-end=\"3031\">Experiencias relacionadas<\/strong><\/h3>\n<p data-start=\"3033\" data-end=\"3303\" class=\" translation-block\">Para enriquecer tu viaje, te recomendamos descubrir otras experiencias de Pugliamare como otros <a href=\"https:\/\/pugliamare.it\/tipologia\/city-tours\/\" target=\"_self\"><strong>tours por los pueblos hist\u00f3ricos<\/strong><\/a> de Puglia o<a href=\"https:\/\/pugliamare.it\/esperienze\/lezione-di-cucina-pugliese-a-polignano-a-mare-cena\/\" target=\"_self\"> <strong>clases de cocina tradicionales<\/strong><\/a> que te permitir\u00e1n sumergirte a\u00fan m\u00e1s en los sabores y tradiciones locales.<\/p>\n<h3 data-start=\"2634\" data-end=\"2728\"><span data-start=\"2641\" data-end=\"2728\">R<\/span><strong data-start=\"2641\" data-end=\"2728\">eserva ahora tu visita guiada a Conversano, con degustaciones de productos t\u00edpicos incluidas.<\/strong><\/h3>\n<p data-start=\"2730\" data-end=\"2993\" class=\" translation-block\">Prep\u00e1rate para vivir una experiencia rica en historia, sabores y cultura que enriquecer\u00e1 tu estancia en Puglia. Para cualquier informaci\u00f3n o solicitud particular, <a href=\"https:\/\/api.whatsapp.com\/send?phone=393668959532\" target=\"_self\">cont\u00e1ctanos<\/a>.<br data-start=\"2903\" data-end=\"2906\">El equipo de Pugliamare estar\u00e1 encantado de acompa\u00f1arte en el descubrimiento de esta joya de Puglia.<\/p>","protected":false},"excerpt":{"rendered":"<p data-start=\"417\" data-end=\"772\" class=\" translation-block\">Explora Conversano con un fascinante <strong data-start=\"456\" data-end=\"538\">tour a pie con visita guiada por Conversano con degustaciones de productos t\u00edpicos<\/strong>. Degusta las especialidades locales y visita el centro hist\u00f3rico, rico en historia milenaria.<br data-start=\"626\" data-end=\"629\">Una experiencia que une sabores aut\u00e9nticos y cultura, perfecta para enriquecer tu viaje a Puglia con una mezcla perfecta de tradici\u00f3n y arte.<\/p>","protected":false},"featured_media":25017,"template":"","meta":{"_acf_changed":false,"inline_featured_image":false},"product_cat":[292],"product_tag":[290],"acf":[],"yoast_head":"<!-- This site is optimized with the Yoast SEO Premium plugin v22.8 (Yoast SEO v22.8) - https:\/\/yoast.com\/wordpress\/plugins\/seo\/ -->\n<title>Visita Guidata di Conversano con Degustazioni Prodotti Tipici | Pugliamare<\/title>\n<meta name=\"description\" content=\"Esplora Conversano con visita guidata e degustazioni di prodotti tipici locali. Tour autentico tra storia, sapori e tradizioni pugliesi. Prenota ora!\" \/>\n<meta name=\"robots\" content=\"index, follow, max-snippet:-1, max-image-preview:large, max-video-preview:-1\" \/>\n<link rel=\"canonical\" href=\"https:\/\/pugliamare.it\/es\/esperienze\/visita-guidata-di-conversano-con-degustazioni-di-prodotti-locali\/\" \/>\n<meta property=\"og:locale\" content=\"es_ES\" \/>\n<meta property=\"og:type\" content=\"article\" \/>\n<meta property=\"og:title\" content=\"Visita Guidata di Conversano - Degustazioni Prodotti Tipici\" \/>\n<meta property=\"og:description\" content=\"Esplora Conversano con visita guidata e degustazioni di prodotti tipici locali. Tour autentico tra storia, sapori e tradizioni pugliesi. Prenota ora!\" \/>\n<meta property=\"og:url\" content=\"https:\/\/pugliamare.it\/es\/esperienze\/visita-guidata-di-conversano-con-degustazioni-di-prodotti-locali\/\" \/>\n<meta property=\"og:site_name\" content=\"Pugliamare\" \/>\n<meta property=\"article:publisher\" content=\"https:\/\/www.facebook.com\/pugliamarexperience\" \/>\n<meta property=\"article:modified_time\" content=\"2025-07-15T09:24:40+00:00\" \/>\n<meta property=\"og:image\" content=\"https:\/\/pugliamare.it\/wp-content\/uploads\/2024\/07\/Schermata-2024-07-18-alle-16.00.png\" \/>\n\t<meta property=\"og:image:width\" content=\"915\" \/>\n\t<meta property=\"og:image:height\" content=\"810\" \/>\n\t<meta property=\"og:image:type\" content=\"image\/png\" \/>\n<meta name=\"twitter:card\" content=\"summary_large_image\" \/>\n<script type=\"application\/ld+json\" class=\"yoast-schema-graph\">{\"@context\":\"https:\/\/schema.org\",\"@graph\":[{\"@type\":\"WebPage\",\"@id\":\"https:\/\/pugliamare.it\/esperienze\/visita-guidata-di-conversano-con-degustazioni-di-prodotti-locali\/\",\"url\":\"https:\/\/pugliamare.it\/esperienze\/visita-guidata-di-conversano-con-degustazioni-di-prodotti-locali\/\",\"name\":\"Visita Guidata di Conversano con Degustazioni Prodotti Tipici | Pugliamare\",\"isPartOf\":{\"@id\":\"https:\/\/pugliamare.it\/en\/#website\"},\"primaryImageOfPage\":{\"@id\":\"https:\/\/pugliamare.it\/esperienze\/visita-guidata-di-conversano-con-degustazioni-di-prodotti-locali\/#primaryimage\"},\"image\":{\"@id\":\"https:\/\/pugliamare.it\/esperienze\/visita-guidata-di-conversano-con-degustazioni-di-prodotti-locali\/#primaryimage\"},\"thumbnailUrl\":\"https:\/\/pugliamare.it\/wp-content\/uploads\/2024\/07\/Schermata-2024-07-18-alle-16.00.png\",\"datePublished\":\"2024-07-16T14:35:57+00:00\",\"dateModified\":\"2025-07-15T09:24:40+00:00\",\"description\":\"Esplora Conversano con visita guidata e degustazioni di prodotti tipici locali. Tour autentico tra storia, sapori e tradizioni pugliesi. Prenota ora!\",\"breadcrumb\":{\"@id\":\"https:\/\/pugliamare.it\/esperienze\/visita-guidata-di-conversano-con-degustazioni-di-prodotti-locali\/#breadcrumb\"},\"inLanguage\":\"es\",\"potentialAction\":[{\"@type\":\"ReadAction\",\"target\":[\"https:\/\/pugliamare.it\/esperienze\/visita-guidata-di-conversano-con-degustazioni-di-prodotti-locali\/\"]}]},{\"@type\":\"ImageObject\",\"inLanguage\":\"es\",\"@id\":\"https:\/\/pugliamare.it\/esperienze\/visita-guidata-di-conversano-con-degustazioni-di-prodotti-locali\/#primaryimage\",\"url\":\"https:\/\/pugliamare.it\/wp-content\/uploads\/2024\/07\/Schermata-2024-07-18-alle-16.00.png\",\"contentUrl\":\"https:\/\/pugliamare.it\/wp-content\/uploads\/2024\/07\/Schermata-2024-07-18-alle-16.00.png\",\"width\":915,\"height\":810,\"caption\":\"Collage Visita guidata di Conversano\"},{\"@type\":\"BreadcrumbList\",\"@id\":\"https:\/\/pugliamare.it\/esperienze\/visita-guidata-di-conversano-con-degustazioni-di-prodotti-locali\/#breadcrumb\",\"itemListElement\":[{\"@type\":\"ListItem\",\"position\":1,\"name\":\"Home\",\"item\":\"https:\/\/pugliamare.it\/\"},{\"@type\":\"ListItem\",\"position\":2,\"name\":\"Visita Guidata di Conversano &#8211; Degustazioni Prodotti Tipici\"}]},{\"@type\":\"WebSite\",\"@id\":\"https:\/\/pugliamare.it\/en\/#website\",\"url\":\"https:\/\/pugliamare.it\/en\/\",\"name\":\"Pugliamare\",\"description\":\"Esperienze, Soggiorni e Tour personalizzati in Puglia\",\"publisher\":{\"@id\":\"https:\/\/pugliamare.it\/en\/#organization\"},\"potentialAction\":[{\"@type\":\"SearchAction\",\"target\":{\"@type\":\"EntryPoint\",\"urlTemplate\":\"https:\/\/pugliamare.it\/en\/?s={search_term_string}\"},\"query-input\":\"required name=search_term_string\"}],\"inLanguage\":\"es\"},{\"@type\":\"Organization\",\"@id\":\"https:\/\/pugliamare.it\/en\/#organization\",\"name\":\"Pugliamare srl\",\"url\":\"https:\/\/pugliamare.it\/en\/\",\"logo\":{\"@type\":\"ImageObject\",\"inLanguage\":\"es\",\"@id\":\"https:\/\/pugliamare.it\/en\/#\/schema\/logo\/image\/\",\"url\":\"https:\/\/pugliamare.it\/wp-content\/uploads\/2021\/04\/cropped-cropped-Risorsa-2.png\",\"contentUrl\":\"https:\/\/pugliamare.it\/wp-content\/uploads\/2021\/04\/cropped-cropped-Risorsa-2.png\",\"width\":374,\"height\":117,\"caption\":\"Pugliamare srl\"},\"image\":{\"@id\":\"https:\/\/pugliamare.it\/en\/#\/schema\/logo\/image\/\"},\"sameAs\":[\"https:\/\/www.facebook.com\/pugliamarexperience\",\"https:\/\/www.instagram.com\/pugliamare\/\"]}]}<\/script>\n<!-- \/ Yoast SEO Premium plugin. -->","yoast_head_json":{"title":"Visita Guidata di Conversano con Degustazioni Prodotti Tipici | Pugliamare","description":"Esplora Conversano con visita guidata e degustazioni di prodotti tipici locali. Tour autentico tra storia, sapori e tradizioni pugliesi. Prenota ora!","robots":{"index":"index","follow":"follow","max-snippet":"max-snippet:-1","max-image-preview":"max-image-preview:large","max-video-preview":"max-video-preview:-1"},"canonical":"https:\/\/pugliamare.it\/es\/esperienze\/visita-guidata-di-conversano-con-degustazioni-di-prodotti-locali\/","og_locale":"es_ES","og_type":"article","og_title":"Visita Guidata di Conversano - Degustazioni Prodotti Tipici","og_description":"Esplora Conversano con visita guidata e degustazioni di prodotti tipici locali. Tour autentico tra storia, sapori e tradizioni pugliesi. Prenota ora!","og_url":"https:\/\/pugliamare.it\/es\/esperienze\/visita-guidata-di-conversano-con-degustazioni-di-prodotti-locali\/","og_site_name":"Pugliamare","article_publisher":"https:\/\/www.facebook.com\/pugliamarexperience","article_modified_time":"2025-07-15T09:24:40+00:00","og_image":[{"width":915,"height":810,"url":"https:\/\/pugliamare.it\/wp-content\/uploads\/2024\/07\/Schermata-2024-07-18-alle-16.00.png","type":"image\/png"}],"twitter_card":"summary_large_image","schema":{"@context":"https:\/\/schema.org","@graph":[{"@type":"WebPage","@id":"https:\/\/pugliamare.it\/esperienze\/visita-guidata-di-conversano-con-degustazioni-di-prodotti-locali\/","url":"https:\/\/pugliamare.it\/esperienze\/visita-guidata-di-conversano-con-degustazioni-di-prodotti-locali\/","name":"Visita Guidata di Conversano con Degustazioni Prodotti Tipici | Pugliamare","isPartOf":{"@id":"https:\/\/pugliamare.it\/en\/#website"},"primaryImageOfPage":{"@id":"https:\/\/pugliamare.it\/esperienze\/visita-guidata-di-conversano-con-degustazioni-di-prodotti-locali\/#primaryimage"},"image":{"@id":"https:\/\/pugliamare.it\/esperienze\/visita-guidata-di-conversano-con-degustazioni-di-prodotti-locali\/#primaryimage"},"thumbnailUrl":"https:\/\/pugliamare.it\/wp-content\/uploads\/2024\/07\/Schermata-2024-07-18-alle-16.00.png","datePublished":"2024-07-16T14:35:57+00:00","dateModified":"2025-07-15T09:24:40+00:00","description":"Esplora Conversano con visita guidata e degustazioni di prodotti tipici locali. Tour autentico tra storia, sapori e tradizioni pugliesi. Prenota ora!","breadcrumb":{"@id":"https:\/\/pugliamare.it\/esperienze\/visita-guidata-di-conversano-con-degustazioni-di-prodotti-locali\/#breadcrumb"},"inLanguage":"es","potentialAction":[{"@type":"ReadAction","target":["https:\/\/pugliamare.it\/esperienze\/visita-guidata-di-conversano-con-degustazioni-di-prodotti-locali\/"]}]},{"@type":"ImageObject","inLanguage":"es","@id":"https:\/\/pugliamare.it\/esperienze\/visita-guidata-di-conversano-con-degustazioni-di-prodotti-locali\/#primaryimage","url":"https:\/\/pugliamare.it\/wp-content\/uploads\/2024\/07\/Schermata-2024-07-18-alle-16.00.png","contentUrl":"https:\/\/pugliamare.it\/wp-content\/uploads\/2024\/07\/Schermata-2024-07-18-alle-16.00.png","width":915,"height":810,"caption":"Collage Visita guidata di Conversano"},{"@type":"BreadcrumbList","@id":"https:\/\/pugliamare.it\/esperienze\/visita-guidata-di-conversano-con-degustazioni-di-prodotti-locali\/#breadcrumb","itemListElement":[{"@type":"ListItem","position":1,"name":"Home","item":"https:\/\/pugliamare.it\/"},{"@type":"ListItem","position":2,"name":"Visita Guidata di Conversano &#8211; Degustazioni Prodotti Tipici"}]},{"@type":"WebSite","@id":"https:\/\/pugliamare.it\/en\/#website","url":"https:\/\/pugliamare.it\/en\/","name":"Pugliamare","description":"Esperienze, Soggiorni e Tour personalizzati in Puglia","publisher":{"@id":"https:\/\/pugliamare.it\/en\/#organization"},"potentialAction":[{"@type":"SearchAction","target":{"@type":"EntryPoint","urlTemplate":"https:\/\/pugliamare.it\/en\/?s={search_term_string}"},"query-input":"required name=search_term_string"}],"inLanguage":"es"},{"@type":"Organization","@id":"https:\/\/pugliamare.it\/en\/#organization","name":"Pugliamare srl","url":"https:\/\/pugliamare.it\/en\/","logo":{"@type":"ImageObject","inLanguage":"es","@id":"https:\/\/pugliamare.it\/en\/#\/schema\/logo\/image\/","url":"https:\/\/pugliamare.it\/wp-content\/uploads\/2021\/04\/cropped-cropped-Risorsa-2.png","contentUrl":"https:\/\/pugliamare.it\/wp-content\/uploads\/2021\/04\/cropped-cropped-Risorsa-2.png","width":374,"height":117,"caption":"Pugliamare srl"},"image":{"@id":"https:\/\/pugliamare.it\/en\/#\/schema\/logo\/image\/"},"sameAs":["https:\/\/www.facebook.com\/pugliamarexperience","https:\/\/www.instagram.com\/pugliamare\/"]}]}},"_links":{"self":[{"href":"https:\/\/pugliamare.it\/es\/wp-json\/wp\/v2\/product\/24921"}],"collection":[{"href":"https:\/\/pugliamare.it\/es\/wp-json\/wp\/v2\/product"}],"about":[{"href":"https:\/\/pugliamare.it\/es\/wp-json\/wp\/v2\/types\/product"}],"version-history":[{"count":11,"href":"https:\/\/pugliamare.it\/es\/wp-json\/wp\/v2\/product\/24921\/revisions"}],"predecessor-version":[{"id":33402,"href":"https:\/\/pugliamare.it\/es\/wp-json\/wp\/v2\/product\/24921\/revisions\/33402"}],"wp:featuredmedia":[{"embeddable":true,"href":"https:\/\/pugliamare.it\/es\/wp-json\/wp\/v2\/media\/25017"}],"wp:attachment":[{"href":"https:\/\/pugliamare.it\/es\/wp-json\/wp\/v2\/media?parent=24921"}],"wp:term":[{"taxonomy":"product_cat","embeddable":true,"href":"https:\/\/pugliamare.it\/es\/wp-json\/wp\/v2\/product_cat?post=24921"},{"taxonomy":"product_tag","embeddable":true,"href":"https:\/\/pugliamare.it\/es\/wp-json\/wp\/v2\/product_tag?post=24921"}],"curies":[{"name":"wp","href":"https:\/\/api.w.org\/{rel}","templated":true}]}}