{"id":26368,"date":"2024-08-07T13:38:06","date_gmt":"2024-08-07T11:38:06","guid":{"rendered":"https:\/\/pugliamare.it\/?post_type=product&#038;p=26368"},"modified":"2026-03-26T10:37:57","modified_gmt":"2026-03-26T09:37:57","slug":"tour-di-bari-in-segway","status":"publish","type":"product","link":"https:\/\/pugliamare.it\/es\/esperienze\/tour-di-bari-in-segway\/","title":{"rendered":"Recorrido en Segway por Bari - Degustaci\u00f3n de productos t\u00edpicos de Apulia"},"content":{"rendered":"<h1 data-start=\"135\" data-end=\"206\"><strong>Recorrido en Segway por Bari con parada para degustaci\u00f3n de productos locales<\/strong><\/h1>\n<p data-start=\"208\" data-end=\"543\" class=\" translation-block\">Sum\u00e9rgete en la sugerente atm\u00f3sfera de Bari mientras exploras la ciudad a bordo de un moderno y ecol\u00f3gico <strong>Segway<\/strong>. Este <strong data-start=\"323\" data-end=\"382\">tour en Segway por Bari con degustaci\u00f3n de productos t\u00edpicos<\/strong> te permite visitar c\u00f3modamente los lugares m\u00e1s aut\u00e9nticos y fascinantes de la ciudad, acompa\u00f1ado por un gu\u00eda experto que te contar\u00e1 an\u00e9cdotas y curiosidades.<\/p>\n<p data-start=\"545\" data-end=\"972\" class=\" translation-block\"><strong data-start=\"545\" data-end=\"585\">Exploraci\u00f3n del Casco Antiguo \ud83c\udff0:<\/strong><br data-start=\"585\" data-end=\"588\">El tour comienza en el coraz\u00f3n hist\u00f3rico de Bari, visitando la majestuosa<strong> Bas\u00edlica de San Nicol\u00e1s<\/strong> con su preciosa <strong>Cripta<\/strong>, la espl\u00e9ndida <strong>Catedral de San Sabino<\/strong> y el exterior del milenario <strong>Castillo Normando-Svevo<\/strong>. Atravesar\u00e1s callejones donde la vida cotidiana a\u00fan se desarrolla seg\u00fan antiguas tradiciones, observando a las se\u00f1oras preparar <strong>pasta<\/strong> casera y a los ni\u00f1os jugar despreocupados.<\/p>\n<p data-start=\"974\" data-end=\"1187\"><strong data-start=\"974\" data-end=\"1010\">Experimenta las tradiciones locales \ud83e\uddd1\u200d\ud83c\udf3e:<\/strong><br data-start=\"1010\" data-end=\"1013\" \/>Mientras paseas por las pintorescas calles, te sumergir\u00e1s en la aut\u00e9ntica cultura de Bari, conociendo a los lugare\u00f1os y absorbiendo la atm\u00f3sfera de tiempos pasados.<\/p>\n<p data-start=\"1189\" data-end=\"1516\" class=\" translation-block\"><strong data-start=\"1189\" data-end=\"1227\">A trav\u00e9s de plazas y modernidad \ud83c\udfd9\ufe0f:<\/strong><br data-start=\"1227\" data-end=\"1230\">Continuar\u00e1s por las plazas animadas que marcan el l\u00edmite entre lo antiguo y lo nuevo, atravesando el \u201c<strong>barrio franc\u00e9s<\/strong>\u201d de Bari con sus teatros, elegantes calles comerciales y el famoso <strong>paseo mar\u00edtimo monumental<\/strong>. Tambi\u00e9n habr\u00e1 una parada en el mercado de pescado, rico en colores y aromas mediterr\u00e1neos.<\/p>\n<p data-start=\"1518\" data-end=\"1727\"><strong data-start=\"1518\" data-end=\"1554\">Degustaci\u00f3n de productos t\u00edpicos \ud83c\udf77:<\/strong><br data-start=\"1554\" data-end=\"1557\" \/>Al final del recorrido habr\u00e1 una parada especial para degustar productos t\u00edpicos de Apulia, un momento de convivencia que enriquecer\u00e1 vuestro recorrido con sabores inolvidables.<\/p>\n<h3 data-start=\"1734\" data-end=\"1776\"><strong>\ud83d\udc65 Requisitos e informaci\u00f3n importante<\/strong><\/h3>\n<ul data-start=\"1778\" data-end=\"1961\">\n<li data-start=\"1778\" data-end=\"1821\">\n<p data-start=\"1780\" data-end=\"1821\" class=\" translation-block\"><strong data-start=\"2566\" data-end=\"2600\">N\u00famero m\u00ednimo de participantes:<\/strong> 2 adultos<\/p>\n<\/li>\n<li data-start=\"1822\" data-end=\"1885\">\n<p data-start=\"1824\" data-end=\"1885\" class=\" translation-block\"><strong>N\u00famero m\u00e1ximo de participantes por franja horaria:<\/strong> 3 personas<\/p>\n<\/li>\n<li data-start=\"1886\" data-end=\"1961\">\n<p data-start=\"1888\" data-end=\"1961\">El tour puede estar sujeto a cambios si no se alcanza el n\u00famero m\u00ednimo.<\/p>\n<\/li>\n<\/ul>\n<h3 data-start=\"1968\" data-end=\"2044\"><strong>\ud83c\udf0a Experiencias relacionadas para enriquecer tu viaje a Bari y Puglia<\/strong><\/h3>\n<p data-start=\"2046\" data-end=\"2513\">Dopo aver vissuto l\u2019emozione di esplorare Bari in Segway, ti consigliamo di continuare il tuo viaggio alla scoperta della Puglia con altre esperienze autentiche firmate Pugliamare.<br data-start=\"2226\" data-end=\"2229\" \/>Se ami il mare, il nostro <a href=\"https:\/\/pugliamare.it\/esperienze\/da-bari-tempo-libero-e-tour-in-barca-alle-grotte-marine-di-polignano-a-mare\/\"><strong data-start=\"2255\" data-end=\"2279\">tour in barca a <\/strong><\/a><b>Polignano <\/b>ti offre la possibilit\u00e0 di ammirare la citt\u00e0 e la costa da una prospettiva unica. Navigherai tra calette nascoste e grotte marine, nuotando in acque cristalline e godendo di panorami mozzafiato che solo il Mediterraneo sa regalare.<\/p>\n<p data-start=\"2811\" data-end=\"3091\" class=\" translation-block\">Si eres un apasionado de la cocina, no te pierdas nuestras<strong> <a href=\"https:\/\/pugliamare.it\/esperienze\/lezione-di-cucina-pugliese-a-polignano-a-mare-cena\/\" target=\"_self\">clases de cocina tradicional<\/a><\/strong>, donde podr\u00e1s aprender a preparar platos t\u00edpicos como orecchiette, focaccia y otros sabores aut\u00e9nticos de la regi\u00f3n, acompa\u00f1ado de chefs expertos en un ambiente familiar y acogedor.<\/p>\n<p data-start=\"3345\" data-end=\"3539\" class=\" translation-block\">Cada experiencia Pugliamare est\u00e1 dise\u00f1ada para ofrecerte una inmersi\u00f3n total en los sabores, colores y la cultura de <strong>Puglia<\/strong>, acompa\u00f1\u00e1ndote en un viaje lleno de emociones y recuerdos imborrables.<\/p>\n<h3 data-start=\"3546\" data-end=\"3632\"><strong data-start=\"3553\" data-end=\"3632\">\u00a0\u00a1Reserva ahora tu tour en Segway por Bari con degustaci\u00f3n de productos locales!<\/strong><\/h3>\n<p data-start=\"3634\" data-end=\"3867\" class=\" translation-block\">No dejes pasar la oportunidad de vivir Bari de forma original, sostenible y aut\u00e9ntica. <strong data-start=\"259\" data-end=\"277\">Reserva ahora<\/strong> tu plaza para este tour \u00fanico y prep\u00e1rate para descubrir rincones ocultos, sabores genuinos y atm\u00f3sferas inolvidables.<\/p>\n<p data-start=\"3869\" data-end=\"4044\" class=\" translation-block\"><a href=\"https:\/\/api.whatsapp.com\/send?phone=393668959532\" target=\"_self\">Contacta<\/a> al equipo de Pugliamare, est\u00e1n a tu entera disposici\u00f3n para responder a todas tus preguntas y ayudarte a organizar una experiencia a medida, perfecta para ti y tus acompa\u00f1antes.<\/p>\n<p data-start=\"4046\" data-end=\"4187\">","protected":false},"excerpt":{"rendered":"<p class=\" translation-block\">Descubre Bari de manera innovadora con un <strong data-start=\"564\" data-end=\"623\">tour en Segway por Bari con degustaci\u00f3n de productos t\u00edpicos<\/strong>.<br data-start=\"624\" data-end=\"627\">Visita el casco hist\u00f3rico con un gu\u00eda experto, admirando la <strong>Bas\u00edlica de San Nicol\u00e1s<\/strong>, la <strong>Catedral de San Sabino<\/strong> y el <strong>Castillo Svevo<\/strong>. Recorre callejuelas aut\u00e9nticas y plazas animadas, concluyendo el recorrido con una parada dedicada a la degustaci\u00f3n de los mejores productos t\u00edpicos de Apulia.<br data-start=\"920\" data-end=\"923\">Una experiencia din\u00e1mica que une tradici\u00f3n, cultura y modernidad, ideal para descubrir <strong>Bari<\/strong> de forma divertida y sostenible.<\/p>","protected":false},"featured_media":26381,"template":"","meta":{"_acf_changed":false,"inline_featured_image":false},"product_cat":[292],"product_tag":[290],"acf":[],"yoast_head":"<!-- This site is optimized with the Yoast SEO Premium plugin v22.8 (Yoast SEO v22.8) - https:\/\/yoast.com\/wordpress\/plugins\/seo\/ -->\n<title>Tour di Bari in Segway con Degustazione Prodotti Tipici | Pugliamare<\/title>\n<meta name=\"description\" content=\"Esplora Bari in Segway con degustazione prodotti tipici pugliesi. Tour originale, sostenibile e autentico. Prenota ora con Pugliamare.\" \/>\n<meta name=\"robots\" content=\"index, follow, max-snippet:-1, max-image-preview:large, max-video-preview:-1\" \/>\n<link rel=\"canonical\" href=\"https:\/\/pugliamare.it\/es\/esperienze\/tour-di-bari-in-segway\/\" \/>\n<meta property=\"og:locale\" content=\"es_ES\" \/>\n<meta property=\"og:type\" content=\"article\" \/>\n<meta property=\"og:title\" content=\"Tour di Bari in SEGWAY - Degustazione Prodotti Tipici Pugliesi\" \/>\n<meta property=\"og:description\" content=\"Esplora Bari in Segway con degustazione prodotti tipici pugliesi. Tour originale, sostenibile e autentico. Prenota ora con Pugliamare.\" \/>\n<meta property=\"og:url\" content=\"https:\/\/pugliamare.it\/es\/esperienze\/tour-di-bari-in-segway\/\" \/>\n<meta property=\"og:site_name\" content=\"Pugliamare\" \/>\n<meta property=\"article:publisher\" content=\"https:\/\/www.facebook.com\/pugliamarexperience\" \/>\n<meta property=\"article:modified_time\" content=\"2026-03-26T09:37:57+00:00\" \/>\n<meta property=\"og:image\" content=\"https:\/\/pugliamare.it\/wp-content\/uploads\/2024\/08\/Segway-Bari.jpeg\" \/>\n\t<meta property=\"og:image:width\" content=\"860\" \/>\n\t<meta property=\"og:image:height\" content=\"580\" \/>\n\t<meta property=\"og:image:type\" content=\"image\/jpeg\" \/>\n<meta name=\"twitter:card\" content=\"summary_large_image\" \/>\n<script type=\"application\/ld+json\" class=\"yoast-schema-graph\">{\"@context\":\"https:\/\/schema.org\",\"@graph\":[{\"@type\":\"WebPage\",\"@id\":\"https:\/\/pugliamare.it\/esperienze\/tour-di-bari-in-segway\/\",\"url\":\"https:\/\/pugliamare.it\/esperienze\/tour-di-bari-in-segway\/\",\"name\":\"Tour di Bari in Segway con Degustazione Prodotti Tipici | Pugliamare\",\"isPartOf\":{\"@id\":\"https:\/\/pugliamare.it\/en\/#website\"},\"primaryImageOfPage\":{\"@id\":\"https:\/\/pugliamare.it\/esperienze\/tour-di-bari-in-segway\/#primaryimage\"},\"image\":{\"@id\":\"https:\/\/pugliamare.it\/esperienze\/tour-di-bari-in-segway\/#primaryimage\"},\"thumbnailUrl\":\"https:\/\/pugliamare.it\/wp-content\/uploads\/2024\/08\/Segway-Bari.jpeg\",\"datePublished\":\"2024-08-07T11:38:06+00:00\",\"dateModified\":\"2026-03-26T09:37:57+00:00\",\"description\":\"Esplora Bari in Segway con degustazione prodotti tipici pugliesi. Tour originale, sostenibile e autentico. Prenota ora con Pugliamare.\",\"breadcrumb\":{\"@id\":\"https:\/\/pugliamare.it\/esperienze\/tour-di-bari-in-segway\/#breadcrumb\"},\"inLanguage\":\"es\",\"potentialAction\":[{\"@type\":\"ReadAction\",\"target\":[\"https:\/\/pugliamare.it\/esperienze\/tour-di-bari-in-segway\/\"]}]},{\"@type\":\"ImageObject\",\"inLanguage\":\"es\",\"@id\":\"https:\/\/pugliamare.it\/esperienze\/tour-di-bari-in-segway\/#primaryimage\",\"url\":\"https:\/\/pugliamare.it\/wp-content\/uploads\/2024\/08\/Segway-Bari.jpeg\",\"contentUrl\":\"https:\/\/pugliamare.it\/wp-content\/uploads\/2024\/08\/Segway-Bari.jpeg\",\"width\":860,\"height\":580,\"caption\":\"Gruppo in tour a Bari in Segway\"},{\"@type\":\"BreadcrumbList\",\"@id\":\"https:\/\/pugliamare.it\/esperienze\/tour-di-bari-in-segway\/#breadcrumb\",\"itemListElement\":[{\"@type\":\"ListItem\",\"position\":1,\"name\":\"Home\",\"item\":\"https:\/\/pugliamare.it\/\"},{\"@type\":\"ListItem\",\"position\":2,\"name\":\"Tour di Bari in SEGWAY &#8211; Degustazione Prodotti Tipici Pugliesi\"}]},{\"@type\":\"WebSite\",\"@id\":\"https:\/\/pugliamare.it\/en\/#website\",\"url\":\"https:\/\/pugliamare.it\/en\/\",\"name\":\"Pugliamare\",\"description\":\"Esperienze, Soggiorni e Tour personalizzati in Puglia\",\"publisher\":{\"@id\":\"https:\/\/pugliamare.it\/en\/#organization\"},\"potentialAction\":[{\"@type\":\"SearchAction\",\"target\":{\"@type\":\"EntryPoint\",\"urlTemplate\":\"https:\/\/pugliamare.it\/en\/?s={search_term_string}\"},\"query-input\":\"required name=search_term_string\"}],\"inLanguage\":\"es\"},{\"@type\":\"Organization\",\"@id\":\"https:\/\/pugliamare.it\/en\/#organization\",\"name\":\"Pugliamare srl\",\"url\":\"https:\/\/pugliamare.it\/en\/\",\"logo\":{\"@type\":\"ImageObject\",\"inLanguage\":\"es\",\"@id\":\"https:\/\/pugliamare.it\/en\/#\/schema\/logo\/image\/\",\"url\":\"https:\/\/pugliamare.it\/wp-content\/uploads\/2021\/04\/cropped-cropped-Risorsa-2.png\",\"contentUrl\":\"https:\/\/pugliamare.it\/wp-content\/uploads\/2021\/04\/cropped-cropped-Risorsa-2.png\",\"width\":374,\"height\":117,\"caption\":\"Pugliamare srl\"},\"image\":{\"@id\":\"https:\/\/pugliamare.it\/en\/#\/schema\/logo\/image\/\"},\"sameAs\":[\"https:\/\/www.facebook.com\/pugliamarexperience\",\"https:\/\/www.instagram.com\/pugliamare\/\"]}]}<\/script>\n<!-- \/ Yoast SEO Premium plugin. -->","yoast_head_json":{"title":"Tour di Bari in Segway con Degustazione Prodotti Tipici | Pugliamare","description":"Esplora Bari in Segway con degustazione prodotti tipici pugliesi. Tour originale, sostenibile e autentico. Prenota ora con Pugliamare.","robots":{"index":"index","follow":"follow","max-snippet":"max-snippet:-1","max-image-preview":"max-image-preview:large","max-video-preview":"max-video-preview:-1"},"canonical":"https:\/\/pugliamare.it\/es\/esperienze\/tour-di-bari-in-segway\/","og_locale":"es_ES","og_type":"article","og_title":"Tour di Bari in SEGWAY - Degustazione Prodotti Tipici Pugliesi","og_description":"Esplora Bari in Segway con degustazione prodotti tipici pugliesi. Tour originale, sostenibile e autentico. Prenota ora con Pugliamare.","og_url":"https:\/\/pugliamare.it\/es\/esperienze\/tour-di-bari-in-segway\/","og_site_name":"Pugliamare","article_publisher":"https:\/\/www.facebook.com\/pugliamarexperience","article_modified_time":"2026-03-26T09:37:57+00:00","og_image":[{"width":860,"height":580,"url":"https:\/\/pugliamare.it\/wp-content\/uploads\/2024\/08\/Segway-Bari.jpeg","type":"image\/jpeg"}],"twitter_card":"summary_large_image","schema":{"@context":"https:\/\/schema.org","@graph":[{"@type":"WebPage","@id":"https:\/\/pugliamare.it\/esperienze\/tour-di-bari-in-segway\/","url":"https:\/\/pugliamare.it\/esperienze\/tour-di-bari-in-segway\/","name":"Tour di Bari in Segway con Degustazione Prodotti Tipici | Pugliamare","isPartOf":{"@id":"https:\/\/pugliamare.it\/en\/#website"},"primaryImageOfPage":{"@id":"https:\/\/pugliamare.it\/esperienze\/tour-di-bari-in-segway\/#primaryimage"},"image":{"@id":"https:\/\/pugliamare.it\/esperienze\/tour-di-bari-in-segway\/#primaryimage"},"thumbnailUrl":"https:\/\/pugliamare.it\/wp-content\/uploads\/2024\/08\/Segway-Bari.jpeg","datePublished":"2024-08-07T11:38:06+00:00","dateModified":"2026-03-26T09:37:57+00:00","description":"Esplora Bari in Segway con degustazione prodotti tipici pugliesi. Tour originale, sostenibile e autentico. Prenota ora con Pugliamare.","breadcrumb":{"@id":"https:\/\/pugliamare.it\/esperienze\/tour-di-bari-in-segway\/#breadcrumb"},"inLanguage":"es","potentialAction":[{"@type":"ReadAction","target":["https:\/\/pugliamare.it\/esperienze\/tour-di-bari-in-segway\/"]}]},{"@type":"ImageObject","inLanguage":"es","@id":"https:\/\/pugliamare.it\/esperienze\/tour-di-bari-in-segway\/#primaryimage","url":"https:\/\/pugliamare.it\/wp-content\/uploads\/2024\/08\/Segway-Bari.jpeg","contentUrl":"https:\/\/pugliamare.it\/wp-content\/uploads\/2024\/08\/Segway-Bari.jpeg","width":860,"height":580,"caption":"Gruppo in tour a Bari in Segway"},{"@type":"BreadcrumbList","@id":"https:\/\/pugliamare.it\/esperienze\/tour-di-bari-in-segway\/#breadcrumb","itemListElement":[{"@type":"ListItem","position":1,"name":"Home","item":"https:\/\/pugliamare.it\/"},{"@type":"ListItem","position":2,"name":"Tour di Bari in SEGWAY &#8211; Degustazione Prodotti Tipici Pugliesi"}]},{"@type":"WebSite","@id":"https:\/\/pugliamare.it\/en\/#website","url":"https:\/\/pugliamare.it\/en\/","name":"Pugliamare","description":"Esperienze, Soggiorni e Tour personalizzati in Puglia","publisher":{"@id":"https:\/\/pugliamare.it\/en\/#organization"},"potentialAction":[{"@type":"SearchAction","target":{"@type":"EntryPoint","urlTemplate":"https:\/\/pugliamare.it\/en\/?s={search_term_string}"},"query-input":"required name=search_term_string"}],"inLanguage":"es"},{"@type":"Organization","@id":"https:\/\/pugliamare.it\/en\/#organization","name":"Pugliamare srl","url":"https:\/\/pugliamare.it\/en\/","logo":{"@type":"ImageObject","inLanguage":"es","@id":"https:\/\/pugliamare.it\/en\/#\/schema\/logo\/image\/","url":"https:\/\/pugliamare.it\/wp-content\/uploads\/2021\/04\/cropped-cropped-Risorsa-2.png","contentUrl":"https:\/\/pugliamare.it\/wp-content\/uploads\/2021\/04\/cropped-cropped-Risorsa-2.png","width":374,"height":117,"caption":"Pugliamare srl"},"image":{"@id":"https:\/\/pugliamare.it\/en\/#\/schema\/logo\/image\/"},"sameAs":["https:\/\/www.facebook.com\/pugliamarexperience","https:\/\/www.instagram.com\/pugliamare\/"]}]}},"_links":{"self":[{"href":"https:\/\/pugliamare.it\/es\/wp-json\/wp\/v2\/product\/26368"}],"collection":[{"href":"https:\/\/pugliamare.it\/es\/wp-json\/wp\/v2\/product"}],"about":[{"href":"https:\/\/pugliamare.it\/es\/wp-json\/wp\/v2\/types\/product"}],"version-history":[{"count":11,"href":"https:\/\/pugliamare.it\/es\/wp-json\/wp\/v2\/product\/26368\/revisions"}],"predecessor-version":[{"id":33711,"href":"https:\/\/pugliamare.it\/es\/wp-json\/wp\/v2\/product\/26368\/revisions\/33711"}],"wp:featuredmedia":[{"embeddable":true,"href":"https:\/\/pugliamare.it\/es\/wp-json\/wp\/v2\/media\/26381"}],"wp:attachment":[{"href":"https:\/\/pugliamare.it\/es\/wp-json\/wp\/v2\/media?parent=26368"}],"wp:term":[{"taxonomy":"product_cat","embeddable":true,"href":"https:\/\/pugliamare.it\/es\/wp-json\/wp\/v2\/product_cat?post=26368"},{"taxonomy":"product_tag","embeddable":true,"href":"https:\/\/pugliamare.it\/es\/wp-json\/wp\/v2\/product_tag?post=26368"}],"curies":[{"name":"wp","href":"https:\/\/api.w.org\/{rel}","templated":true}]}}