{"id":26426,"date":"2024-08-08T11:22:21","date_gmt":"2024-08-08T09:22:21","guid":{"rendered":"https:\/\/pugliamare.it\/?post_type=product&#038;p=26426"},"modified":"2026-03-26T10:46:16","modified_gmt":"2026-03-26T09:46:16","slug":"tour-di-bari-in-riscio-con-sosta-degustazione-di-prodotti-tipici","status":"publish","type":"product","link":"https:\/\/pugliamare.it\/es\/esperienze\/tour-di-bari-in-riscio-con-sosta-degustazione-di-prodotti-tipici\/","title":{"rendered":"Recorrido en rickshaw por Bari: degustaci\u00f3n de productos t\u00edpicos de Apulia"},"content":{"rendered":"<h1 data-start=\"1278\" data-end=\"1349\"><strong>Recorrido en rickshaw por Bari con parada para degustaci\u00f3n de productos locales<\/strong><\/h1>\n<p data-start=\"1351\" data-end=\"1668\" class=\" translation-block\">Sum\u00e9rgete en la atm\u00f3sfera \u00fanica de Bari con un original <strong data-start=\"1407\" data-end=\"1466\">tour en risci\u00f2 por Bari con degustaci\u00f3n de productos t\u00edpicos<\/strong>.<br data-start=\"1467\" data-end=\"1470\">Nuestras <strong data-start=\"1467\" data-end=\"1470\">bici-risci\u00f2<\/strong> son modernas y ecol\u00f3gicas, y te permiten visitar c\u00f3modamente los lugares m\u00e1s aut\u00e9nticos de la ciudad, guiado por un experto que te contar\u00e1 historias y curiosidades sobre Bari.<\/p>\n<p data-start=\"1670\" data-end=\"2104\" class=\" translation-block\">El itinerario parte de la <strong>ciudad vieja<\/strong>, un laberinto de estrechas calles donde el tiempo parece haberse detenido. Admira la majestuosa <strong>Bas\u00edlica de San Nicol\u00e1s<\/strong> con su preciosa <strong>Cripta<\/strong>, visita la antigua <strong>Catedral de San Sabino<\/strong> y el milenario <strong>Castillo Normando-Svevo<\/strong>.<br data-start=\"1923\" data-end=\"1926\">Atravesar\u00e1s pintorescos callejones donde podr\u00e1s ver a las se\u00f1oras preparando <strong>pasta fresca<\/strong> y a los ni\u00f1os jugando al aire libre, sumergi\u00e9ndote en una experiencia aut\u00e9ntica y genuina.<\/p>\n<p data-start=\"2106\" data-end=\"2530\" class=\" translation-block\">La segunda parte del tour se desarrolla en <strong>Bari moderna<\/strong>, con plazas animadas, el barrio franc\u00e9s lleno de teatros, elegantes calles comerciales y el famoso paseo mar\u00edtimo monumental.<br data-start=\"2282\" data-end=\"2285\">Tambi\u00e9n visitar\u00e1s el mercado de pescado, un lugar vibrante que combina los aromas y colores del Mediterr\u00e1neo.<br data-start=\"2384\" data-end=\"2387\">La etapa final incluye una parada para <strong>degustar productos t\u00edpicos de Apulia<\/strong>, un momento de convivencia que har\u00e1 tu viaje a\u00fan m\u00e1s especial.<\/p>\n<h3 data-start=\"2537\" data-end=\"2562\"><strong>\ud83d\udc65 Informaci\u00f3n \u00fatil<\/strong><\/h3>\n<ul data-start=\"2564\" data-end=\"2729\">\n<li data-start=\"2564\" data-end=\"2611\">\n<p data-start=\"2566\" data-end=\"2611\" class=\" translation-block\"><strong data-start=\"2566\" data-end=\"2600\">N\u00famero m\u00ednimo de participantes:<\/strong> 2 adultos<\/p>\n<\/li>\n<li data-start=\"2612\" data-end=\"2645\">\n<p data-start=\"2614\" data-end=\"2645\" class=\" translation-block\"><strong data-start=\"2614\" data-end=\"2633\">N\u00famero m\u00e1ximo:<\/strong> 9 personas<\/p>\n<\/li>\n<li data-start=\"2646\" data-end=\"2729\">\n<p data-start=\"2648\" data-end=\"2729\">El tour puede estar sujeto a cambios si no se alcanza el n\u00famero m\u00ednimo de participantes.<\/p>\n<\/li>\n<\/ul>\n<h3 data-start=\"2736\" data-end=\"2763\"><strong>\ud83c\udf0a Experiencias relacionadas<\/strong><\/h3>\n<p data-start=\"2765\" data-end=\"2936\" class=\" translation-block\">Descubre Bari tambi\u00e9n desde una perspectiva diferente con nuestro <strong data-start=\"2824\" data-end=\"2848\">tour en barco en Bari<\/strong>, para admirar panoramas impresionantes y disfrutar de la belleza aut\u00e9ntica de la costa pugliese.<\/p>\n<p data-start=\"2765\" data-end=\"2936\">Dopo aver vissuto l\u2019emozione di esplorare Bari in risci\u00f2, ti consigliamo di continuare il tuo viaggio alla scoperta della Puglia con altre esperienze autentiche firmate Pugliamare.<br data-start=\"412\" data-end=\"415\" \/>Se ami il mare, il nostro <a href=\"https:\/\/pugliamare.it\/esperienze\/da-bari-tempo-libero-e-tour-in-barca-alle-grotte-marine-di-polignano-a-mare\/\"><strong data-start=\"441\" data-end=\"465\">tour in barca a <\/strong><b>Polignano <\/b><\/a>ti offre la possibilit\u00e0 di ammirare la citt\u00e0 e la costa da una prospettiva unica.<\/p>\n<p data-start=\"2765\" data-end=\"2936\" class=\" translation-block\">Para quienes deseen sumergirse en la historia y la cultura pugliese, nuestros <a href=\"https:\/\/pugliamare.it\/tipologia\/city-tours\/\" target=\"_self\"><strong data-start=\"777\" data-end=\"812\">tours guiados por los pueblos hist\u00f3ricos<\/strong><\/a> representan una ocasi\u00f3n imperdible. Podr\u00e1s visitar Polignano a Mare, Conversano, Monopoli y otros encantadores pueblos llenos de tradiciones, arquitectura y atm\u00f3sferas atemporales.<\/p>\n<h3 data-start=\"2943\" data-end=\"3024\"><strong>Reserva ahora tu recorrido en rickshaw por Bari, incluida una degustaci\u00f3n de productos locales.<\/strong><\/h3>\n<p data-start=\"3026\" data-end=\"3246\" class=\" translation-block\">No dejes pasar la oportunidad de vivir Bari de forma original, sostenible y aut\u00e9ntica. <strong data-start=\"259\" data-end=\"277\">Reserva ahora<\/strong> tu plaza para este tour \u00fanico y prep\u00e1rate para descubrir rincones ocultos, sabores genuinos y atm\u00f3sferas inolvidables.<\/p>\n<p data-start=\"3026\" data-end=\"3246\" class=\" translation-block\"><a href=\"https:\/\/api.whatsapp.com\/send?phone=393668959532\" target=\"_self\">Cont\u00e1ctanos<\/a> para informaci\u00f3n y reservas: el equipo de Pugliamare est\u00e1 listo para recibirte y guiarte en esta experiencia inolvidable.<\/p>","protected":false},"excerpt":{"rendered":"<p data-start=\"563\" data-end=\"1229\" class=\" translation-block\">Explora Bari de manera \u00fanica y sostenible con un <strong data-start=\"611\" data-end=\"670\">tour en risci\u00f2 por Bari con degustaci\u00f3n de productos t\u00edpicos<\/strong>.<br data-start=\"671\" data-end=\"674\">Si\u00e9ntate c\u00f3modamente en modernos <strong>bici-risc\u00f2<\/strong> ecol\u00f3gicos y d\u00e9jate guiar para descubrir los lugares m\u00e1s sugerentes del casco antiguo, incluyendo la <strong>Bas\u00edlica de San Nicol\u00e1s<\/strong>, la <strong>Catedral de San Sabino<\/strong> y el <strong>Castillo Normando-Svevo<\/strong>.<br data-start=\"900\" data-end=\"903\">Recorre las calles caracter\u00edsticas impregnadas de vida cotidiana, visita las animadas plazas, el barrio moderno con teatros y calles comerciales, y disfruta del famoso paseo mar\u00edtimo monumental.<br data-start=\"1089\" data-end=\"1092\">El tour incluye una parada especial para degustar aut\u00e9nticos productos t\u00edpicos de Apulia, enriqueciendo la experiencia con sabores inolvidables.<\/p>","protected":false},"featured_media":26443,"template":"","meta":{"_acf_changed":false,"inline_featured_image":false},"product_cat":[292],"product_tag":[290],"acf":[],"yoast_head":"<!-- This site is optimized with the Yoast SEO Premium plugin v22.8 (Yoast SEO v22.8) - https:\/\/yoast.com\/wordpress\/plugins\/seo\/ -->\n<title>Tour di Bari in RISCI\u00d2 con degustazione di prodotti tipici | Pugliamare<\/title>\n<meta name=\"description\" content=\"Esplora Bari in risci\u00f2 con sosta degustazione prodotti tipici pugliesi. Tour originale, sostenibile e autentico. Prenota ora con Pugliamare.\" \/>\n<meta name=\"robots\" content=\"index, follow, max-snippet:-1, max-image-preview:large, max-video-preview:-1\" \/>\n<link rel=\"canonical\" href=\"https:\/\/pugliamare.it\/es\/esperienze\/tour-di-bari-in-riscio-con-sosta-degustazione-di-prodotti-tipici\/\" \/>\n<meta property=\"og:locale\" content=\"es_ES\" \/>\n<meta property=\"og:type\" content=\"article\" \/>\n<meta property=\"og:title\" content=\"Tour di Bari in Risci\u00f2 - Degustazione Prodotti Tipici Pugliesi\" \/>\n<meta property=\"og:description\" content=\"Esplora Bari in risci\u00f2 con sosta degustazione prodotti tipici pugliesi. Tour originale, sostenibile e autentico. Prenota ora con Pugliamare.\" \/>\n<meta property=\"og:url\" content=\"https:\/\/pugliamare.it\/es\/esperienze\/tour-di-bari-in-riscio-con-sosta-degustazione-di-prodotti-tipici\/\" \/>\n<meta property=\"og:site_name\" content=\"Pugliamare\" \/>\n<meta property=\"article:publisher\" content=\"https:\/\/www.facebook.com\/pugliamarexperience\" \/>\n<meta property=\"article:modified_time\" content=\"2026-03-26T09:46:16+00:00\" \/>\n<meta property=\"og:image\" content=\"https:\/\/pugliamare.it\/wp-content\/uploads\/2024\/08\/Bari-in-Riscio.jpg\" \/>\n\t<meta property=\"og:image:width\" content=\"860\" \/>\n\t<meta property=\"og:image:height\" content=\"580\" \/>\n\t<meta property=\"og:image:type\" content=\"image\/jpeg\" \/>\n<meta name=\"twitter:card\" content=\"summary_large_image\" \/>\n<script type=\"application\/ld+json\" class=\"yoast-schema-graph\">{\"@context\":\"https:\/\/schema.org\",\"@graph\":[{\"@type\":\"WebPage\",\"@id\":\"https:\/\/pugliamare.it\/esperienze\/tour-di-bari-in-riscio-con-sosta-degustazione-di-prodotti-tipici\/\",\"url\":\"https:\/\/pugliamare.it\/esperienze\/tour-di-bari-in-riscio-con-sosta-degustazione-di-prodotti-tipici\/\",\"name\":\"Tour di Bari in RISCI\u00d2 con degustazione di prodotti tipici | Pugliamare\",\"isPartOf\":{\"@id\":\"https:\/\/pugliamare.it\/en\/#website\"},\"primaryImageOfPage\":{\"@id\":\"https:\/\/pugliamare.it\/esperienze\/tour-di-bari-in-riscio-con-sosta-degustazione-di-prodotti-tipici\/#primaryimage\"},\"image\":{\"@id\":\"https:\/\/pugliamare.it\/esperienze\/tour-di-bari-in-riscio-con-sosta-degustazione-di-prodotti-tipici\/#primaryimage\"},\"thumbnailUrl\":\"https:\/\/pugliamare.it\/wp-content\/uploads\/2024\/08\/Bari-in-Riscio.jpg\",\"datePublished\":\"2024-08-08T09:22:21+00:00\",\"dateModified\":\"2026-03-26T09:46:16+00:00\",\"description\":\"Esplora Bari in risci\u00f2 con sosta degustazione prodotti tipici pugliesi. Tour originale, sostenibile e autentico. Prenota ora con Pugliamare.\",\"breadcrumb\":{\"@id\":\"https:\/\/pugliamare.it\/esperienze\/tour-di-bari-in-riscio-con-sosta-degustazione-di-prodotti-tipici\/#breadcrumb\"},\"inLanguage\":\"es\",\"potentialAction\":[{\"@type\":\"ReadAction\",\"target\":[\"https:\/\/pugliamare.it\/esperienze\/tour-di-bari-in-riscio-con-sosta-degustazione-di-prodotti-tipici\/\"]}]},{\"@type\":\"ImageObject\",\"inLanguage\":\"es\",\"@id\":\"https:\/\/pugliamare.it\/esperienze\/tour-di-bari-in-riscio-con-sosta-degustazione-di-prodotti-tipici\/#primaryimage\",\"url\":\"https:\/\/pugliamare.it\/wp-content\/uploads\/2024\/08\/Bari-in-Riscio.jpg\",\"contentUrl\":\"https:\/\/pugliamare.it\/wp-content\/uploads\/2024\/08\/Bari-in-Riscio.jpg\",\"width\":860,\"height\":580,\"caption\":\"Tour in risci\u00f2 di bari\"},{\"@type\":\"BreadcrumbList\",\"@id\":\"https:\/\/pugliamare.it\/esperienze\/tour-di-bari-in-riscio-con-sosta-degustazione-di-prodotti-tipici\/#breadcrumb\",\"itemListElement\":[{\"@type\":\"ListItem\",\"position\":1,\"name\":\"Home\",\"item\":\"https:\/\/pugliamare.it\/\"},{\"@type\":\"ListItem\",\"position\":2,\"name\":\"Tour di Bari in Risci\u00f2 &#8211; Degustazione Prodotti Tipici Pugliesi\"}]},{\"@type\":\"WebSite\",\"@id\":\"https:\/\/pugliamare.it\/en\/#website\",\"url\":\"https:\/\/pugliamare.it\/en\/\",\"name\":\"Pugliamare\",\"description\":\"Esperienze, Soggiorni e Tour personalizzati in Puglia\",\"publisher\":{\"@id\":\"https:\/\/pugliamare.it\/en\/#organization\"},\"potentialAction\":[{\"@type\":\"SearchAction\",\"target\":{\"@type\":\"EntryPoint\",\"urlTemplate\":\"https:\/\/pugliamare.it\/en\/?s={search_term_string}\"},\"query-input\":\"required name=search_term_string\"}],\"inLanguage\":\"es\"},{\"@type\":\"Organization\",\"@id\":\"https:\/\/pugliamare.it\/en\/#organization\",\"name\":\"Pugliamare srl\",\"url\":\"https:\/\/pugliamare.it\/en\/\",\"logo\":{\"@type\":\"ImageObject\",\"inLanguage\":\"es\",\"@id\":\"https:\/\/pugliamare.it\/en\/#\/schema\/logo\/image\/\",\"url\":\"https:\/\/pugliamare.it\/wp-content\/uploads\/2021\/04\/cropped-cropped-Risorsa-2.png\",\"contentUrl\":\"https:\/\/pugliamare.it\/wp-content\/uploads\/2021\/04\/cropped-cropped-Risorsa-2.png\",\"width\":374,\"height\":117,\"caption\":\"Pugliamare srl\"},\"image\":{\"@id\":\"https:\/\/pugliamare.it\/en\/#\/schema\/logo\/image\/\"},\"sameAs\":[\"https:\/\/www.facebook.com\/pugliamarexperience\",\"https:\/\/www.instagram.com\/pugliamare\/\"]}]}<\/script>\n<!-- \/ Yoast SEO Premium plugin. -->","yoast_head_json":{"title":"Tour di Bari in RISCI\u00d2 con degustazione di prodotti tipici | Pugliamare","description":"Esplora Bari in risci\u00f2 con sosta degustazione prodotti tipici pugliesi. Tour originale, sostenibile e autentico. Prenota ora con Pugliamare.","robots":{"index":"index","follow":"follow","max-snippet":"max-snippet:-1","max-image-preview":"max-image-preview:large","max-video-preview":"max-video-preview:-1"},"canonical":"https:\/\/pugliamare.it\/es\/esperienze\/tour-di-bari-in-riscio-con-sosta-degustazione-di-prodotti-tipici\/","og_locale":"es_ES","og_type":"article","og_title":"Tour di Bari in Risci\u00f2 - Degustazione Prodotti Tipici Pugliesi","og_description":"Esplora Bari in risci\u00f2 con sosta degustazione prodotti tipici pugliesi. Tour originale, sostenibile e autentico. Prenota ora con Pugliamare.","og_url":"https:\/\/pugliamare.it\/es\/esperienze\/tour-di-bari-in-riscio-con-sosta-degustazione-di-prodotti-tipici\/","og_site_name":"Pugliamare","article_publisher":"https:\/\/www.facebook.com\/pugliamarexperience","article_modified_time":"2026-03-26T09:46:16+00:00","og_image":[{"width":860,"height":580,"url":"https:\/\/pugliamare.it\/wp-content\/uploads\/2024\/08\/Bari-in-Riscio.jpg","type":"image\/jpeg"}],"twitter_card":"summary_large_image","schema":{"@context":"https:\/\/schema.org","@graph":[{"@type":"WebPage","@id":"https:\/\/pugliamare.it\/esperienze\/tour-di-bari-in-riscio-con-sosta-degustazione-di-prodotti-tipici\/","url":"https:\/\/pugliamare.it\/esperienze\/tour-di-bari-in-riscio-con-sosta-degustazione-di-prodotti-tipici\/","name":"Tour di Bari in RISCI\u00d2 con degustazione di prodotti tipici | Pugliamare","isPartOf":{"@id":"https:\/\/pugliamare.it\/en\/#website"},"primaryImageOfPage":{"@id":"https:\/\/pugliamare.it\/esperienze\/tour-di-bari-in-riscio-con-sosta-degustazione-di-prodotti-tipici\/#primaryimage"},"image":{"@id":"https:\/\/pugliamare.it\/esperienze\/tour-di-bari-in-riscio-con-sosta-degustazione-di-prodotti-tipici\/#primaryimage"},"thumbnailUrl":"https:\/\/pugliamare.it\/wp-content\/uploads\/2024\/08\/Bari-in-Riscio.jpg","datePublished":"2024-08-08T09:22:21+00:00","dateModified":"2026-03-26T09:46:16+00:00","description":"Esplora Bari in risci\u00f2 con sosta degustazione prodotti tipici pugliesi. Tour originale, sostenibile e autentico. Prenota ora con Pugliamare.","breadcrumb":{"@id":"https:\/\/pugliamare.it\/esperienze\/tour-di-bari-in-riscio-con-sosta-degustazione-di-prodotti-tipici\/#breadcrumb"},"inLanguage":"es","potentialAction":[{"@type":"ReadAction","target":["https:\/\/pugliamare.it\/esperienze\/tour-di-bari-in-riscio-con-sosta-degustazione-di-prodotti-tipici\/"]}]},{"@type":"ImageObject","inLanguage":"es","@id":"https:\/\/pugliamare.it\/esperienze\/tour-di-bari-in-riscio-con-sosta-degustazione-di-prodotti-tipici\/#primaryimage","url":"https:\/\/pugliamare.it\/wp-content\/uploads\/2024\/08\/Bari-in-Riscio.jpg","contentUrl":"https:\/\/pugliamare.it\/wp-content\/uploads\/2024\/08\/Bari-in-Riscio.jpg","width":860,"height":580,"caption":"Tour in risci\u00f2 di bari"},{"@type":"BreadcrumbList","@id":"https:\/\/pugliamare.it\/esperienze\/tour-di-bari-in-riscio-con-sosta-degustazione-di-prodotti-tipici\/#breadcrumb","itemListElement":[{"@type":"ListItem","position":1,"name":"Home","item":"https:\/\/pugliamare.it\/"},{"@type":"ListItem","position":2,"name":"Tour di Bari in Risci\u00f2 &#8211; Degustazione Prodotti Tipici Pugliesi"}]},{"@type":"WebSite","@id":"https:\/\/pugliamare.it\/en\/#website","url":"https:\/\/pugliamare.it\/en\/","name":"Pugliamare","description":"Esperienze, Soggiorni e Tour personalizzati in Puglia","publisher":{"@id":"https:\/\/pugliamare.it\/en\/#organization"},"potentialAction":[{"@type":"SearchAction","target":{"@type":"EntryPoint","urlTemplate":"https:\/\/pugliamare.it\/en\/?s={search_term_string}"},"query-input":"required name=search_term_string"}],"inLanguage":"es"},{"@type":"Organization","@id":"https:\/\/pugliamare.it\/en\/#organization","name":"Pugliamare srl","url":"https:\/\/pugliamare.it\/en\/","logo":{"@type":"ImageObject","inLanguage":"es","@id":"https:\/\/pugliamare.it\/en\/#\/schema\/logo\/image\/","url":"https:\/\/pugliamare.it\/wp-content\/uploads\/2021\/04\/cropped-cropped-Risorsa-2.png","contentUrl":"https:\/\/pugliamare.it\/wp-content\/uploads\/2021\/04\/cropped-cropped-Risorsa-2.png","width":374,"height":117,"caption":"Pugliamare srl"},"image":{"@id":"https:\/\/pugliamare.it\/en\/#\/schema\/logo\/image\/"},"sameAs":["https:\/\/www.facebook.com\/pugliamarexperience","https:\/\/www.instagram.com\/pugliamare\/"]}]}},"_links":{"self":[{"href":"https:\/\/pugliamare.it\/es\/wp-json\/wp\/v2\/product\/26426"}],"collection":[{"href":"https:\/\/pugliamare.it\/es\/wp-json\/wp\/v2\/product"}],"about":[{"href":"https:\/\/pugliamare.it\/es\/wp-json\/wp\/v2\/types\/product"}],"version-history":[{"count":8,"href":"https:\/\/pugliamare.it\/es\/wp-json\/wp\/v2\/product\/26426\/revisions"}],"predecessor-version":[{"id":33710,"href":"https:\/\/pugliamare.it\/es\/wp-json\/wp\/v2\/product\/26426\/revisions\/33710"}],"wp:featuredmedia":[{"embeddable":true,"href":"https:\/\/pugliamare.it\/es\/wp-json\/wp\/v2\/media\/26443"}],"wp:attachment":[{"href":"https:\/\/pugliamare.it\/es\/wp-json\/wp\/v2\/media?parent=26426"}],"wp:term":[{"taxonomy":"product_cat","embeddable":true,"href":"https:\/\/pugliamare.it\/es\/wp-json\/wp\/v2\/product_cat?post=26426"},{"taxonomy":"product_tag","embeddable":true,"href":"https:\/\/pugliamare.it\/es\/wp-json\/wp\/v2\/product_tag?post=26426"}],"curies":[{"name":"wp","href":"https:\/\/api.w.org\/{rel}","templated":true}]}}