{"id":27387,"date":"2024-08-23T11:12:22","date_gmt":"2024-08-23T09:12:22","guid":{"rendered":"https:\/\/pugliamare.it\/?post_type=product&#038;p=27387"},"modified":"2025-10-01T11:12:27","modified_gmt":"2025-10-01T09:12:27","slug":"parcheggio-custodito-a-polignano-a-mare-san-vito","status":"publish","type":"product","link":"https:\/\/pugliamare.it\/es\/esperienze\/parcheggio-custodito-a-polignano-a-mare-san-vito\/","title":{"rendered":"Aparcamiento seguro en Polignano a Mare \u2013 San Vito, Porto Cavallo"},"content":{"rendered":"<h1 data-start=\"161\" data-end=\"236\"><strong data-start=\"165\" data-end=\"236\">Aparcamiento Pugliamare: tu plaza de aparcamiento segura en Polignano a Mare<\/strong><\/h1>\n<p class=\" translation-block\">Si est\u00e1s planeando una visita a <a href=\"https:\/\/pugliamare.it\/destinazioni\/polignano-a-mare\/\" target=\"_self\"><strong>Polignano a Mare<\/strong><\/a> y buscas una soluci\u00f3n segura y c\u00f3moda para aparcar tu coche, el <strong data-start=\"243\" data-end=\"293\">aparcamiento custodiado Polignano a Mare San Vito<\/strong> es la elecci\u00f3n perfecta. Situado en una posici\u00f3n estrat\u00e9gica, a un paso de la hermosa playa de <strong>Porto Cavallo<\/strong> y cerca del puerto tur\u00edstico<strong> Cala Ponte Marina<\/strong>, te permite disfrutar del mar y de la ciudad sin preocupaciones.<\/p>\n<p>&nbsp;<\/p>\n<h5 style=\"text-align: center;\">\ud83d\udccd<a href=\"https:\/\/maps.app.goo.gl\/dC81s5xhLQT7bZhh8\">APARCAMIENTO PUGLIAMARE<\/a><\/h5>\n<p>&nbsp;<\/p>\n<h3><\/h3>\n<h3><strong data-start=\"596\" data-end=\"620\">\ud83d\udd12 Seguridad y comodidad<\/strong><\/h3>\n<p data-start=\"622\" data-end=\"796\" class=\" translation-block\">La seguridad de tu coche es nuestra prioridad. Nuestro aparcamiento est\u00e1 <strong data-start=\"695\" data-end=\"724\">vigilado constantemente<\/strong> y te permite relajarte sabiendo que tu veh\u00edculo est\u00e1 en buenas manos.<\/p>\n<p data-start=\"798\" data-end=\"930\">Gracias a su ubicaci\u00f3n estrat\u00e9gica, podr\u00e1s llegar f\u00e1cilmente a las playas y al puerto, haciendo cada viaje r\u00e1pido y sencillo.<\/p>\n<hr data-start=\"932\" data-end=\"935\" \/>\n<h3 data-start=\"937\" data-end=\"963\"><strong data-start=\"941\" data-end=\"963\">\ud83d\udcb0 Tarifas de estacionamiento<\/strong><\/h3>\n<ul data-start=\"965\" data-end=\"1177\">\n<li data-start=\"965\" data-end=\"1034\">\n<p data-start=\"967\" data-end=\"1034\" class=\" translation-block\"><strong data-start=\"967\" data-end=\"985\">Media jornada<\/strong> (m\u00e1x. 5 horas \u2013 salida antes de las 20:00): <strong data-start=\"1023\" data-end=\"1032\">\u20ac6,00<\/strong><br><\/p>\n<\/li>\n<li data-start=\"1035\" data-end=\"1094\">\n<p data-start=\"1037\" data-end=\"1094\" class=\" translation-block\"><strong data-start=\"1037\" data-end=\"1056\">Jornada completa<\/strong> (de 09:00 a 20:00): <strong data-start=\"1082\" data-end=\"1092\">\u20ac10,00<\/strong><br><\/p>\n<\/li>\n<li data-start=\"1095\" data-end=\"1177\">\n<p data-start=\"1097\" data-end=\"1177\" class=\" translation-block\"><strong data-start=\"1097\" data-end=\"1107\">24 horas<\/strong> (acceso permitido en horario de apertura, 09:00\u201320:00): <strong data-start=\"1167\" data-end=\"1177\">\u20ac15,00<\/strong><\/p>\n<\/li>\n<\/ul>\n<hr data-start=\"1179\" data-end=\"1182\" \/>\n<h3 data-start=\"1184\" data-end=\"1230\"><strong data-start=\"1188\" data-end=\"1230\">\ud83d\ude8c <\/strong><strong data-start=\"1188\" data-end=\"1230\">Servicio de transporte al centro hist\u00f3rico<\/strong><\/h3>\n<p data-start=\"1232\" data-end=\"1420\" class=\" translation-block\">Ofrecemos un pr\u00e1ctico <strong data-start=\"1252\" data-end=\"1289\">servicio de lanzadera de ida y vuelta<\/strong> entre el Aparcamiento Pugliamare y el casco hist\u00f3rico de Polignano a Mare, para que te muevas sin estr\u00e9s y disfrutes de cada rinc\u00f3n de la ciudad.<\/p>\n<ul data-start=\"1422\" data-end=\"1600\">\n<li data-start=\"1422\" data-end=\"1460\">\n<p data-start=\"1424\" data-end=\"1460\" class=\" translation-block\"><strong data-start=\"1424\" data-end=\"1433\">Costo<\/strong>: 5,00 \u20ac por coche por trayecto<\/p>\n<\/li>\n<li data-start=\"1461\" data-end=\"1521\">\n<p data-start=\"1463\" data-end=\"1521\" class=\" translation-block\"><strong data-start=\"1463\" data-end=\"1493\">Disponible todos los d\u00edas<\/strong>, solo <strong data-start=\"1500\" data-end=\"1519\">con reserva<\/strong><\/p>\n<\/li>\n<li data-start=\"1522\" data-end=\"1600\">\n<p data-start=\"1524\" data-end=\"1600\" class=\" translation-block\"><strong data-start=\"1524\" data-end=\"1541\">Horarios de la lanzadera<\/strong>:<br data-start=\"1542\" data-end=\"1545\">10:00 \u2013 11:30 \u2013 13:00 \u2013 14:30 \u2013 16:00 \u2013 17:30 \u2013 19:00<\/p>\n<\/li>\n<\/ul>\n<hr data-start=\"1602\" data-end=\"1605\" \/>\n<h3 data-start=\"1607\" data-end=\"1625\"><strong data-start=\"1611\" data-end=\"1625\">Cont\u00e1ctenos<\/strong><\/h3>\n<p data-start=\"1627\" data-end=\"1888\" class=\" translation-block\">Para m\u00e1s informaci\u00f3n o para reservar tu plaza de parking y el servicio de lanzadera, <a href=\"https:\/\/api.whatsapp.com\/send?phone=393668959532\" target=\"_self\">Cont\u00e1ctanos<\/a> para solicitar cualquier tipo de informaci\u00f3n y proceder con la reserva.<br data-start=\"1737\" data-end=\"1740\"><strong data-start=\"1740\" data-end=\"1765\">Aparcamiento Pugliamare<\/strong> es la soluci\u00f3n perfecta para quienes buscan <strong data-start=\"1804\" data-end=\"1839\">comodidad, seguridad y practicidad<\/strong> durante su estancia en Polignano a Mare.<\/p>\n<p data-start=\"1890\" data-end=\"1957\">\u00a1Esperamos hacer que tu d\u00eda sea\u2026 verdaderamente inolvidable!<\/p>\n<p class=\" translation-block\">Adem\u00e1s, no pierdas la oportunidad de vivir experiencias \u00fanicas con nuestras <strong><a href=\"https:\/\/pugliamare.it\/esperienze\/tour-in-barca-delle-grotte-di-polignano-a-mare-con-aperitivo-b\/\" target=\"_self\">excursiones en barco<\/a><\/strong>, con salida desde San Vito. Nuestras excursiones te permitir\u00e1n explorar las maravillosas cuevas marinas y las espl\u00e9ndidas calas de la zona, una opci\u00f3n perfecta para quienes buscan aventuras acu\u00e1ticas. Podr\u00e1s nadar en aguas cristalinas y disfrutar de la belleza del paisaje costero, una experiencia que enriquecer\u00e1 tu visita.<\/p>\n<p>&nbsp;<\/p>","protected":false},"excerpt":{"rendered":"<p data-start=\"238\" data-end=\"585\" class=\" translation-block\">Descubre el <strong data-start=\"248\" data-end=\"283\">Aparcamiento Custodiado Pugliamare<\/strong>, pensado para ofrecerte la m\u00e1xima tranquilidad durante tu visita a Polignano a Mare.<br data-start=\"371\" data-end=\"374\">Situado en <strong data-start=\"384\" data-end=\"396\">San Vito<\/strong>, justo al lado de la hermosa <strong data-start=\"429\" data-end=\"458\">playa de Porto Cavallo<\/strong> y a pocos pasos del puerto tur\u00edstico <strong data-start=\"495\" data-end=\"516\">Cala Ponte Marina<\/strong>, es la opci\u00f3n ideal para quienes desean disfrutar del mar sin preocupaciones.<\/p>\n<p>\ud83d\udccd<a href=\"https:\/\/maps.app.goo.gl\/dC81s5xhLQT7bZhh8\">Aparcamiento de Pugliamare<\/a><\/p>","protected":false},"featured_media":27334,"template":"","meta":{"_acf_changed":false,"inline_featured_image":false},"product_cat":[401,393],"product_tag":[290],"acf":[],"yoast_head":"<!-- This site is optimized with the Yoast SEO Premium plugin v22.8 (Yoast SEO v22.8) - https:\/\/yoast.com\/wordpress\/plugins\/seo\/ -->\n<title>Parcheggio custodito Polignano a Mare San Vito - Porto Cavallo | Pugliamare<\/title>\n<meta name=\"description\" content=\"Parcheggio custodito a San Vito, Polignano a Mare, a partire da \u20ac6. Prenota il tuo posto e, se necessario, richiedi un transfer per il centro!\" \/>\n<meta name=\"robots\" content=\"index, follow, max-snippet:-1, max-image-preview:large, max-video-preview:-1\" \/>\n<link rel=\"canonical\" href=\"https:\/\/pugliamare.it\/es\/esperienze\/parcheggio-custodito-a-polignano-a-mare-san-vito\/\" \/>\n<meta property=\"og:locale\" content=\"es_ES\" \/>\n<meta property=\"og:type\" content=\"article\" \/>\n<meta property=\"og:title\" content=\"Parcheggio custodito Polignano a Mare \u2013 San Vito, Porto Cavallo\" \/>\n<meta property=\"og:description\" content=\"Parcheggio custodito a San Vito, Polignano a Mare, a partire da \u20ac6. Prenota il tuo posto e, se necessario, richiedi un transfer per il centro!\" \/>\n<meta property=\"og:url\" content=\"https:\/\/pugliamare.it\/es\/esperienze\/parcheggio-custodito-a-polignano-a-mare-san-vito\/\" \/>\n<meta property=\"og:site_name\" content=\"Pugliamare\" \/>\n<meta property=\"article:publisher\" content=\"https:\/\/www.facebook.com\/pugliamarexperience\" \/>\n<meta property=\"article:modified_time\" content=\"2025-10-01T09:12:27+00:00\" \/>\n<meta property=\"og:image\" content=\"https:\/\/pugliamare.it\/wp-content\/uploads\/2024\/08\/Parcheggio-Pugliamare.jpg\" \/>\n\t<meta property=\"og:image:width\" content=\"2048\" \/>\n\t<meta property=\"og:image:height\" content=\"1364\" \/>\n\t<meta property=\"og:image:type\" content=\"image\/jpeg\" \/>\n<meta name=\"twitter:card\" content=\"summary_large_image\" \/>\n<script type=\"application\/ld+json\" class=\"yoast-schema-graph\">{\"@context\":\"https:\/\/schema.org\",\"@graph\":[{\"@type\":\"WebPage\",\"@id\":\"https:\/\/pugliamare.it\/esperienze\/parcheggio-custodito-a-polignano-a-mare-san-vito\/\",\"url\":\"https:\/\/pugliamare.it\/esperienze\/parcheggio-custodito-a-polignano-a-mare-san-vito\/\",\"name\":\"Parcheggio custodito Polignano a Mare San Vito - Porto Cavallo | Pugliamare\",\"isPartOf\":{\"@id\":\"https:\/\/pugliamare.it\/en\/#website\"},\"primaryImageOfPage\":{\"@id\":\"https:\/\/pugliamare.it\/esperienze\/parcheggio-custodito-a-polignano-a-mare-san-vito\/#primaryimage\"},\"image\":{\"@id\":\"https:\/\/pugliamare.it\/esperienze\/parcheggio-custodito-a-polignano-a-mare-san-vito\/#primaryimage\"},\"thumbnailUrl\":\"https:\/\/pugliamare.it\/wp-content\/uploads\/2024\/08\/Parcheggio-Pugliamare.jpg\",\"datePublished\":\"2024-08-23T09:12:22+00:00\",\"dateModified\":\"2025-10-01T09:12:27+00:00\",\"description\":\"Parcheggio custodito a San Vito, Polignano a Mare, a partire da \u20ac6. Prenota il tuo posto e, se necessario, richiedi un transfer per il centro!\",\"breadcrumb\":{\"@id\":\"https:\/\/pugliamare.it\/esperienze\/parcheggio-custodito-a-polignano-a-mare-san-vito\/#breadcrumb\"},\"inLanguage\":\"es\",\"potentialAction\":[{\"@type\":\"ReadAction\",\"target\":[\"https:\/\/pugliamare.it\/esperienze\/parcheggio-custodito-a-polignano-a-mare-san-vito\/\"]}]},{\"@type\":\"ImageObject\",\"inLanguage\":\"es\",\"@id\":\"https:\/\/pugliamare.it\/esperienze\/parcheggio-custodito-a-polignano-a-mare-san-vito\/#primaryimage\",\"url\":\"https:\/\/pugliamare.it\/wp-content\/uploads\/2024\/08\/Parcheggio-Pugliamare.jpg\",\"contentUrl\":\"https:\/\/pugliamare.it\/wp-content\/uploads\/2024\/08\/Parcheggio-Pugliamare.jpg\",\"width\":2048,\"height\":1364,\"caption\":\"Panoramica San Vito parcheggio Pugliamare\"},{\"@type\":\"BreadcrumbList\",\"@id\":\"https:\/\/pugliamare.it\/esperienze\/parcheggio-custodito-a-polignano-a-mare-san-vito\/#breadcrumb\",\"itemListElement\":[{\"@type\":\"ListItem\",\"position\":1,\"name\":\"Home\",\"item\":\"https:\/\/pugliamare.it\/\"},{\"@type\":\"ListItem\",\"position\":2,\"name\":\"Parcheggio custodito Polignano a Mare \u2013 San Vito, Porto Cavallo\"}]},{\"@type\":\"WebSite\",\"@id\":\"https:\/\/pugliamare.it\/en\/#website\",\"url\":\"https:\/\/pugliamare.it\/en\/\",\"name\":\"Pugliamare\",\"description\":\"Esperienze, Soggiorni e Tour personalizzati in Puglia\",\"publisher\":{\"@id\":\"https:\/\/pugliamare.it\/en\/#organization\"},\"potentialAction\":[{\"@type\":\"SearchAction\",\"target\":{\"@type\":\"EntryPoint\",\"urlTemplate\":\"https:\/\/pugliamare.it\/en\/?s={search_term_string}\"},\"query-input\":\"required name=search_term_string\"}],\"inLanguage\":\"es\"},{\"@type\":\"Organization\",\"@id\":\"https:\/\/pugliamare.it\/en\/#organization\",\"name\":\"Pugliamare srl\",\"url\":\"https:\/\/pugliamare.it\/en\/\",\"logo\":{\"@type\":\"ImageObject\",\"inLanguage\":\"es\",\"@id\":\"https:\/\/pugliamare.it\/en\/#\/schema\/logo\/image\/\",\"url\":\"https:\/\/pugliamare.it\/wp-content\/uploads\/2021\/04\/cropped-cropped-Risorsa-2.png\",\"contentUrl\":\"https:\/\/pugliamare.it\/wp-content\/uploads\/2021\/04\/cropped-cropped-Risorsa-2.png\",\"width\":374,\"height\":117,\"caption\":\"Pugliamare srl\"},\"image\":{\"@id\":\"https:\/\/pugliamare.it\/en\/#\/schema\/logo\/image\/\"},\"sameAs\":[\"https:\/\/www.facebook.com\/pugliamarexperience\",\"https:\/\/www.instagram.com\/pugliamare\/\"]}]}<\/script>\n<!-- \/ Yoast SEO Premium plugin. -->","yoast_head_json":{"title":"Parcheggio custodito Polignano a Mare San Vito - Porto Cavallo | Pugliamare","description":"Parcheggio custodito a San Vito, Polignano a Mare, a partire da \u20ac6. Prenota il tuo posto e, se necessario, richiedi un transfer per il centro!","robots":{"index":"index","follow":"follow","max-snippet":"max-snippet:-1","max-image-preview":"max-image-preview:large","max-video-preview":"max-video-preview:-1"},"canonical":"https:\/\/pugliamare.it\/es\/esperienze\/parcheggio-custodito-a-polignano-a-mare-san-vito\/","og_locale":"es_ES","og_type":"article","og_title":"Parcheggio custodito Polignano a Mare \u2013 San Vito, Porto Cavallo","og_description":"Parcheggio custodito a San Vito, Polignano a Mare, a partire da \u20ac6. Prenota il tuo posto e, se necessario, richiedi un transfer per il centro!","og_url":"https:\/\/pugliamare.it\/es\/esperienze\/parcheggio-custodito-a-polignano-a-mare-san-vito\/","og_site_name":"Pugliamare","article_publisher":"https:\/\/www.facebook.com\/pugliamarexperience","article_modified_time":"2025-10-01T09:12:27+00:00","og_image":[{"width":2048,"height":1364,"url":"https:\/\/pugliamare.it\/wp-content\/uploads\/2024\/08\/Parcheggio-Pugliamare.jpg","type":"image\/jpeg"}],"twitter_card":"summary_large_image","schema":{"@context":"https:\/\/schema.org","@graph":[{"@type":"WebPage","@id":"https:\/\/pugliamare.it\/esperienze\/parcheggio-custodito-a-polignano-a-mare-san-vito\/","url":"https:\/\/pugliamare.it\/esperienze\/parcheggio-custodito-a-polignano-a-mare-san-vito\/","name":"Parcheggio custodito Polignano a Mare San Vito - Porto Cavallo | Pugliamare","isPartOf":{"@id":"https:\/\/pugliamare.it\/en\/#website"},"primaryImageOfPage":{"@id":"https:\/\/pugliamare.it\/esperienze\/parcheggio-custodito-a-polignano-a-mare-san-vito\/#primaryimage"},"image":{"@id":"https:\/\/pugliamare.it\/esperienze\/parcheggio-custodito-a-polignano-a-mare-san-vito\/#primaryimage"},"thumbnailUrl":"https:\/\/pugliamare.it\/wp-content\/uploads\/2024\/08\/Parcheggio-Pugliamare.jpg","datePublished":"2024-08-23T09:12:22+00:00","dateModified":"2025-10-01T09:12:27+00:00","description":"Parcheggio custodito a San Vito, Polignano a Mare, a partire da \u20ac6. Prenota il tuo posto e, se necessario, richiedi un transfer per il centro!","breadcrumb":{"@id":"https:\/\/pugliamare.it\/esperienze\/parcheggio-custodito-a-polignano-a-mare-san-vito\/#breadcrumb"},"inLanguage":"es","potentialAction":[{"@type":"ReadAction","target":["https:\/\/pugliamare.it\/esperienze\/parcheggio-custodito-a-polignano-a-mare-san-vito\/"]}]},{"@type":"ImageObject","inLanguage":"es","@id":"https:\/\/pugliamare.it\/esperienze\/parcheggio-custodito-a-polignano-a-mare-san-vito\/#primaryimage","url":"https:\/\/pugliamare.it\/wp-content\/uploads\/2024\/08\/Parcheggio-Pugliamare.jpg","contentUrl":"https:\/\/pugliamare.it\/wp-content\/uploads\/2024\/08\/Parcheggio-Pugliamare.jpg","width":2048,"height":1364,"caption":"Panoramica San Vito parcheggio Pugliamare"},{"@type":"BreadcrumbList","@id":"https:\/\/pugliamare.it\/esperienze\/parcheggio-custodito-a-polignano-a-mare-san-vito\/#breadcrumb","itemListElement":[{"@type":"ListItem","position":1,"name":"Home","item":"https:\/\/pugliamare.it\/"},{"@type":"ListItem","position":2,"name":"Parcheggio custodito Polignano a Mare \u2013 San Vito, Porto Cavallo"}]},{"@type":"WebSite","@id":"https:\/\/pugliamare.it\/en\/#website","url":"https:\/\/pugliamare.it\/en\/","name":"Pugliamare","description":"Esperienze, Soggiorni e Tour personalizzati in Puglia","publisher":{"@id":"https:\/\/pugliamare.it\/en\/#organization"},"potentialAction":[{"@type":"SearchAction","target":{"@type":"EntryPoint","urlTemplate":"https:\/\/pugliamare.it\/en\/?s={search_term_string}"},"query-input":"required name=search_term_string"}],"inLanguage":"es"},{"@type":"Organization","@id":"https:\/\/pugliamare.it\/en\/#organization","name":"Pugliamare srl","url":"https:\/\/pugliamare.it\/en\/","logo":{"@type":"ImageObject","inLanguage":"es","@id":"https:\/\/pugliamare.it\/en\/#\/schema\/logo\/image\/","url":"https:\/\/pugliamare.it\/wp-content\/uploads\/2021\/04\/cropped-cropped-Risorsa-2.png","contentUrl":"https:\/\/pugliamare.it\/wp-content\/uploads\/2021\/04\/cropped-cropped-Risorsa-2.png","width":374,"height":117,"caption":"Pugliamare srl"},"image":{"@id":"https:\/\/pugliamare.it\/en\/#\/schema\/logo\/image\/"},"sameAs":["https:\/\/www.facebook.com\/pugliamarexperience","https:\/\/www.instagram.com\/pugliamare\/"]}]}},"_links":{"self":[{"href":"https:\/\/pugliamare.it\/es\/wp-json\/wp\/v2\/product\/27387"}],"collection":[{"href":"https:\/\/pugliamare.it\/es\/wp-json\/wp\/v2\/product"}],"about":[{"href":"https:\/\/pugliamare.it\/es\/wp-json\/wp\/v2\/types\/product"}],"version-history":[{"count":16,"href":"https:\/\/pugliamare.it\/es\/wp-json\/wp\/v2\/product\/27387\/revisions"}],"predecessor-version":[{"id":33355,"href":"https:\/\/pugliamare.it\/es\/wp-json\/wp\/v2\/product\/27387\/revisions\/33355"}],"wp:featuredmedia":[{"embeddable":true,"href":"https:\/\/pugliamare.it\/es\/wp-json\/wp\/v2\/media\/27334"}],"wp:attachment":[{"href":"https:\/\/pugliamare.it\/es\/wp-json\/wp\/v2\/media?parent=27387"}],"wp:term":[{"taxonomy":"product_cat","embeddable":true,"href":"https:\/\/pugliamare.it\/es\/wp-json\/wp\/v2\/product_cat?post=27387"},{"taxonomy":"product_tag","embeddable":true,"href":"https:\/\/pugliamare.it\/es\/wp-json\/wp\/v2\/product_tag?post=27387"}],"curies":[{"name":"wp","href":"https:\/\/api.w.org\/{rel}","templated":true}]}}