{"id":27391,"date":"2024-08-23T10:48:02","date_gmt":"2024-08-23T08:48:02","guid":{"rendered":"https:\/\/pugliamare.it\/?post_type=product&#038;p=27391"},"modified":"2026-04-10T17:39:39","modified_gmt":"2026-04-10T15:39:39","slug":"tour-unesco-matera-e-alberobello-da-bari","status":"publish","type":"product","link":"https:\/\/pugliamare.it\/es\/esperienze\/tour-unesco-matera-e-alberobello-da-bari\/","title":{"rendered":"Visita a Matera y Alberobello (UNESCO): Visita guiada en minib\u00fas desde Bari"},"content":{"rendered":"<h1 data-start=\"1245\" data-end=\"1303\"><strong>Tour UNESCO de Matera y Alberobello desde Bari en Minibus<\/strong><\/h1>\n<p data-start=\"1305\" data-end=\"1580\" class=\" translation-block\">Si deseas explorar dos sitios de <strong>patrimonio UNESCO<\/strong> con salida desde Polignano a Mare, esta es la experiencia ideal.<\/p>\n<p data-start=\"1305\" data-end=\"1580\" class=\" translation-block\"><a href=\"https:\/\/pugliamare.it\/destinazioni\/matera\/\" target=\"_self\"><strong>Matera<\/strong><\/a>, famosa por sus evocadores Sassi y por haber sido la <strong>Capital Europea de la Cultura 2019<\/strong>, ofrece un viaje a trav\u00e9s de la historia y la vida de un pasado milenario.<\/p>\n<p data-start=\"1305\" data-end=\"1580\" class=\" translation-block\"><a href=\"https:\/\/pugliamare.it\/destinazioni\/alberobello\/\" target=\"_self\"><strong>Alberobello<\/strong><\/a>, con sus ic\u00f3nicos trulli, representa la quintaesencia de la tradici\u00f3n pugliese y un paisaje de cuento de hadas que encanta a cada visitante.<\/p>\n<p data-start=\"1305\" data-end=\"1580\" class=\" translation-block\">Este tour guiado te permite sumergirte en la cultura, arquitectura y tradiciones locales, disfrutando del confort de un<strong> minib\u00fas con salida desde Bari<\/strong>. Vive un d\u00eda intenso pero flexible, entre visitas guiadas, tiempo libre y panoramas impresionantes, para una experiencia completa e inolvidable en Puglia y Basilicata.<\/p>\n<h3 data-start=\"1587\" data-end=\"1618\"><strong>\ud83d\udd52 Horario del d\u00eda<\/strong><\/h3>\n<ul data-start=\"1620\" data-end=\"2285\">\n<li data-start=\"1620\" data-end=\"1676\">\n<p data-start=\"1622\" data-end=\"1676\"><strong data-start=\"1622\" data-end=\"1632\">09:00:<\/strong> Encuentro en Largo Eroi del Mare, Bari<\/p>\n<\/li>\n<li data-start=\"1677\" data-end=\"1849\">\n<p data-start=\"1679\" data-end=\"1849\"><strong data-start=\"1679\" data-end=\"1689\">10:00:<\/strong> Arrivo a Matera e visita guidata dei celebri Sassi, patrimonio UNESCO. Passeggia tra le antiche abitazioni rupestri e scopri storie e curiosit\u00e0 affascinanti. Ingresso Casa Grotta di Matera.<\/p>\n<\/li>\n<li data-start=\"1850\" data-end=\"1922\">\n<p data-start=\"1852\" data-end=\"1922\"><strong data-start=\"1852\" data-end=\"1862\">13:00:<\/strong> Tiempo libre para almorzar y disfrutar de la ciudad a su propio ritmo.<\/p>\n<\/li>\n<li data-start=\"1923\" data-end=\"2036\">\n<p data-start=\"1925\" data-end=\"2036\"><strong data-start=\"1925\" data-end=\"1935\">14:00:<\/strong> Salida hacia Alberobello, donde podr\u00e1 relajarse y prepararse para la siguiente parada.<\/p>\n<\/li>\n<li data-start=\"2037\" data-end=\"2212\">\n<p data-start=\"2039\" data-end=\"2212\"><strong data-start=\"2039\" data-end=\"2049\">15:00:<\/strong> Llegada a Alberobello y disfrute de una visita guiada a Aia Piccola y Rione Monti, admirando los trulli, las caracter\u00edsticas viviendas c\u00f3nicas de piedra, un s\u00edmbolo \u00fanico en el mundo.<\/p>\n<\/li>\n<li data-start=\"2213\" data-end=\"2285\">\n<p data-start=\"2215\" data-end=\"2285\"><strong data-start=\"2215\" data-end=\"2225\">17:30:<\/strong> Fine del tour e rientro a Bari previsto intorno alle 18:30\/19:00.<\/p>\n<\/li>\n<\/ul>\n<p data-start=\"2287\" data-end=\"2408\"><strong><em data-start=\"2287\" data-end=\"2408\">Nota: El programa est\u00e1 sujeto a cambios. Cualquier cambio se comunicar\u00e1 oportunamente a los participantes.<\/em><\/strong><\/p>\n<h3 data-start=\"2415\" data-end=\"2442\"><strong>\u26a0\ufe0f T\u00e9rminos y condiciones<\/strong><\/h3>\n<ul data-start=\"2444\" data-end=\"2720\">\n<li data-start=\"2444\" data-end=\"2519\">\n<p data-start=\"2446\" data-end=\"2519\" class=\" translation-block\">La reserva est\u00e1 sujeta a alcanzar un m\u00ednimo de <strong>4 participantes<\/strong>. Pugliamare se reserva el derecho de <strong>cancelar el tour<\/strong> en caso contrario.<\/p>\n<\/li>\n<li data-start=\"2597\" data-end=\"2720\">\n<p data-start=\"2599\" data-end=\"2720\" class=\" translation-block\">Cancelaci\u00f3n posible hasta <strong>14 d\u00edas antes<\/strong> del tour con reembolso completo. Despu\u00e9s de este plazo no se ofrece reembolso.<\/p>\n<\/li>\n<\/ul>\n<h3 data-start=\"2727\" data-end=\"2768\"><strong>\ud83c\udf1fDescubre otras experiencias en Pugliamare<\/strong><\/h3>\n<p data-start=\"2770\" data-end=\"2942\">Para aquellos que quieran enriquecer a\u00fan m\u00e1s su viaje, Pugliamare ofrece diversas experiencias aut\u00e9nticas y cautivadoras.<\/p>\n<p data-start=\"2770\" data-end=\"2942\" class=\" translation-block\">Puedes combinar el tour UNESCO con un relajante <a href=\"https:\/\/pugliamare.it\/esperienze\/tour-in-barca-delle-grotte-di-polignano-a-mare\/\" target=\"_self\"><strong data-start=\"1323\" data-end=\"1375\">tour en barco por las costas de Polignano a Mare<\/strong><\/a>, descubriendo cuevas marinas y calas escondidas en un mar cristalino.<\/p>\n<p data-start=\"2770\" data-end=\"2942\" class=\" translation-block\">Si amas la tierra y la cultura, un <a href=\"https:\/\/pugliamare.it\/esperienze\/vespa-tour-valle-d-itria\/\" target=\"_self\"><strong data-start=\"1479\" data-end=\"1545\">tour en Vespa en Valle d\u2019Itria<\/strong><\/a> te ofrecer\u00e1 una inmersi\u00f3n en la naturaleza, la historia y los sabores aut\u00e9nticos.<\/p>\n<h3 data-start=\"2949\" data-end=\"3016\"><strong>Reserva ahora tu tour UNESCO a Matera y Alberobello desde Bari.<\/strong><\/h3>\n<p data-start=\"3018\" data-end=\"3244\" class=\" translation-block\">No pierdas la oportunidad de vivir una experiencia cultural \u00fanica. <strong>Reserva ahora<\/strong> y organiza al m\u00e1ximo tus vacaciones en la hermosa Apulia.<\/p>\n<p data-start=\"3018\" data-end=\"3244\">Para informaci\u00f3n y asistencia, <a href=\"https:\/\/api.whatsapp.com\/send?phone=393668959532\" target=\"_self\">cont\u00e1ctanos<\/a>: el equipo de Pugliamare est\u00e1 a tu disposici\u00f3n. <a href=\"https:\/\/api.whatsapp.com\/send?phone=393668959532\">contattaci<\/a>: il team Pugliamare \u00e8 a tua disposizione.<\/p>","protected":false},"excerpt":{"rendered":"<p class=\" translation-block\">El <strong>Tour Unesco<\/strong> te lleva a visitar lugares encantadores, fascinantes e invaluables.<\/p>\n<p>Durante el recorrido de la Unesco, un gu\u00eda experto le acompa\u00f1ar\u00e1 a:<\/p>\n<ul>\n<li class=\" translation-block\"><strong>Matera, ciudad de los Sassi<\/strong>, la ciudad eterna, la Jerusal\u00e9n de Occidente y <em>Capital Europea de la Cultura 2019<\/em>.<\/li>\n<li class=\" translation-block\"><strong>Alberobello<\/strong>, la m\u00e1xima expresi\u00f3n de la cultura de Puglia en el mundo, un encanto de cuento que cautiva a los visitantes, parada obligatoria para quienes deciden pasar sus vacaciones en Puglia.<\/li>\n<\/ul>\n<p class=\" translation-block\">Estos son los dos <strong>Sitios UNESCO<\/strong> principales de Apulia y los m\u00e1s visitados y queridos por el p\u00fablico italiano y extranjero; se han convertido en destinos sumamente populares que no pueden faltar en tu tour por Apulia.<\/p>\n<p class=\" translation-block\">El tour incluye traslado privado en <strong>Minibus o Bus con salida desde Bari<\/strong>. Bajo petici\u00f3n, es posible solicitar recogida en hoteles o ciudades cercanas.<\/p>","protected":false},"featured_media":35199,"template":"","meta":{"_acf_changed":false,"inline_featured_image":false},"product_cat":[292,364],"product_tag":[290],"acf":[],"yoast_head":"<!-- This site is optimized with the Yoast SEO Premium plugin v22.8 (Yoast SEO v22.8) - https:\/\/yoast.com\/wordpress\/plugins\/seo\/ -->\n<title>Tour Matera e Alberobello partenza da Bari | Pugliamare<\/title>\n<meta name=\"description\" content=\"Visita guidata a Matera e Alberobello con tour Unesco da Bari. Minibus, cultura, tradizioni e panorami unici in Puglia e Basilicata.\" \/>\n<meta name=\"robots\" content=\"index, follow, max-snippet:-1, max-image-preview:large, max-video-preview:-1\" \/>\n<link rel=\"canonical\" href=\"https:\/\/pugliamare.it\/es\/esperienze\/tour-unesco-matera-e-alberobello-da-bari\/\" \/>\n<meta property=\"og:locale\" content=\"es_ES\" \/>\n<meta property=\"og:type\" content=\"article\" \/>\n<meta property=\"og:title\" content=\"Tour Unesco Matera e Alberobello - Visita Guidata in Minibus da Bari\" \/>\n<meta property=\"og:description\" content=\"Visita guidata a Matera e Alberobello con tour Unesco da Bari. Minibus, cultura, tradizioni e panorami unici in Puglia e Basilicata.\" \/>\n<meta property=\"og:url\" content=\"https:\/\/pugliamare.it\/es\/esperienze\/tour-unesco-matera-e-alberobello-da-bari\/\" \/>\n<meta property=\"og:site_name\" content=\"Pugliamare\" \/>\n<meta property=\"article:publisher\" content=\"https:\/\/www.facebook.com\/pugliamarexperience\" \/>\n<meta property=\"article:modified_time\" content=\"2026-04-10T15:39:39+00:00\" \/>\n<meta property=\"og:image\" content=\"https:\/\/pugliamare.it\/wp-content\/uploads\/2024\/03\/3.png\" \/>\n\t<meta property=\"og:image:width\" content=\"1200\" \/>\n\t<meta property=\"og:image:height\" content=\"800\" \/>\n\t<meta property=\"og:image:type\" content=\"image\/png\" \/>\n<meta name=\"twitter:card\" content=\"summary_large_image\" \/>\n<script type=\"application\/ld+json\" class=\"yoast-schema-graph\">{\"@context\":\"https:\/\/schema.org\",\"@graph\":[{\"@type\":\"WebPage\",\"@id\":\"https:\/\/pugliamare.it\/esperienze\/tour-unesco-matera-e-alberobello-da-bari\/\",\"url\":\"https:\/\/pugliamare.it\/esperienze\/tour-unesco-matera-e-alberobello-da-bari\/\",\"name\":\"Tour Matera e Alberobello partenza da Bari | Pugliamare\",\"isPartOf\":{\"@id\":\"https:\/\/pugliamare.it\/en\/#website\"},\"primaryImageOfPage\":{\"@id\":\"https:\/\/pugliamare.it\/esperienze\/tour-unesco-matera-e-alberobello-da-bari\/#primaryimage\"},\"image\":{\"@id\":\"https:\/\/pugliamare.it\/esperienze\/tour-unesco-matera-e-alberobello-da-bari\/#primaryimage\"},\"thumbnailUrl\":\"https:\/\/pugliamare.it\/wp-content\/uploads\/2024\/03\/3.png\",\"datePublished\":\"2024-08-23T08:48:02+00:00\",\"dateModified\":\"2026-04-10T15:39:39+00:00\",\"description\":\"Visita guidata a Matera e Alberobello con tour Unesco da Bari. Minibus, cultura, tradizioni e panorami unici in Puglia e Basilicata.\",\"breadcrumb\":{\"@id\":\"https:\/\/pugliamare.it\/esperienze\/tour-unesco-matera-e-alberobello-da-bari\/#breadcrumb\"},\"inLanguage\":\"es\",\"potentialAction\":[{\"@type\":\"ReadAction\",\"target\":[\"https:\/\/pugliamare.it\/esperienze\/tour-unesco-matera-e-alberobello-da-bari\/\"]}]},{\"@type\":\"ImageObject\",\"inLanguage\":\"es\",\"@id\":\"https:\/\/pugliamare.it\/esperienze\/tour-unesco-matera-e-alberobello-da-bari\/#primaryimage\",\"url\":\"https:\/\/pugliamare.it\/wp-content\/uploads\/2024\/03\/3.png\",\"contentUrl\":\"https:\/\/pugliamare.it\/wp-content\/uploads\/2024\/03\/3.png\",\"width\":1200,\"height\":800},{\"@type\":\"BreadcrumbList\",\"@id\":\"https:\/\/pugliamare.it\/esperienze\/tour-unesco-matera-e-alberobello-da-bari\/#breadcrumb\",\"itemListElement\":[{\"@type\":\"ListItem\",\"position\":1,\"name\":\"Home\",\"item\":\"https:\/\/pugliamare.it\/\"},{\"@type\":\"ListItem\",\"position\":2,\"name\":\"Tour Unesco Matera e Alberobello &#8211; Visita Guidata in Minibus da Bari\"}]},{\"@type\":\"WebSite\",\"@id\":\"https:\/\/pugliamare.it\/en\/#website\",\"url\":\"https:\/\/pugliamare.it\/en\/\",\"name\":\"Pugliamare\",\"description\":\"Esperienze, Soggiorni e Tour personalizzati in Puglia\",\"publisher\":{\"@id\":\"https:\/\/pugliamare.it\/en\/#organization\"},\"potentialAction\":[{\"@type\":\"SearchAction\",\"target\":{\"@type\":\"EntryPoint\",\"urlTemplate\":\"https:\/\/pugliamare.it\/en\/?s={search_term_string}\"},\"query-input\":\"required name=search_term_string\"}],\"inLanguage\":\"es\"},{\"@type\":\"Organization\",\"@id\":\"https:\/\/pugliamare.it\/en\/#organization\",\"name\":\"Pugliamare srl\",\"url\":\"https:\/\/pugliamare.it\/en\/\",\"logo\":{\"@type\":\"ImageObject\",\"inLanguage\":\"es\",\"@id\":\"https:\/\/pugliamare.it\/en\/#\/schema\/logo\/image\/\",\"url\":\"https:\/\/pugliamare.it\/wp-content\/uploads\/2021\/04\/cropped-cropped-Risorsa-2.png\",\"contentUrl\":\"https:\/\/pugliamare.it\/wp-content\/uploads\/2021\/04\/cropped-cropped-Risorsa-2.png\",\"width\":374,\"height\":117,\"caption\":\"Pugliamare srl\"},\"image\":{\"@id\":\"https:\/\/pugliamare.it\/en\/#\/schema\/logo\/image\/\"},\"sameAs\":[\"https:\/\/www.facebook.com\/pugliamarexperience\",\"https:\/\/www.instagram.com\/pugliamare\/\"]}]}<\/script>\n<!-- \/ Yoast SEO Premium plugin. -->","yoast_head_json":{"title":"Tour Matera e Alberobello partenza da Bari | Pugliamare","description":"Visita guidata a Matera e Alberobello con tour Unesco da Bari. Minibus, cultura, tradizioni e panorami unici in Puglia e Basilicata.","robots":{"index":"index","follow":"follow","max-snippet":"max-snippet:-1","max-image-preview":"max-image-preview:large","max-video-preview":"max-video-preview:-1"},"canonical":"https:\/\/pugliamare.it\/es\/esperienze\/tour-unesco-matera-e-alberobello-da-bari\/","og_locale":"es_ES","og_type":"article","og_title":"Tour Unesco Matera e Alberobello - Visita Guidata in Minibus da Bari","og_description":"Visita guidata a Matera e Alberobello con tour Unesco da Bari. Minibus, cultura, tradizioni e panorami unici in Puglia e Basilicata.","og_url":"https:\/\/pugliamare.it\/es\/esperienze\/tour-unesco-matera-e-alberobello-da-bari\/","og_site_name":"Pugliamare","article_publisher":"https:\/\/www.facebook.com\/pugliamarexperience","article_modified_time":"2026-04-10T15:39:39+00:00","og_image":[{"width":1200,"height":800,"url":"https:\/\/pugliamare.it\/wp-content\/uploads\/2024\/03\/3.png","type":"image\/png"}],"twitter_card":"summary_large_image","schema":{"@context":"https:\/\/schema.org","@graph":[{"@type":"WebPage","@id":"https:\/\/pugliamare.it\/esperienze\/tour-unesco-matera-e-alberobello-da-bari\/","url":"https:\/\/pugliamare.it\/esperienze\/tour-unesco-matera-e-alberobello-da-bari\/","name":"Tour Matera e Alberobello partenza da Bari | Pugliamare","isPartOf":{"@id":"https:\/\/pugliamare.it\/en\/#website"},"primaryImageOfPage":{"@id":"https:\/\/pugliamare.it\/esperienze\/tour-unesco-matera-e-alberobello-da-bari\/#primaryimage"},"image":{"@id":"https:\/\/pugliamare.it\/esperienze\/tour-unesco-matera-e-alberobello-da-bari\/#primaryimage"},"thumbnailUrl":"https:\/\/pugliamare.it\/wp-content\/uploads\/2024\/03\/3.png","datePublished":"2024-08-23T08:48:02+00:00","dateModified":"2026-04-10T15:39:39+00:00","description":"Visita guidata a Matera e Alberobello con tour Unesco da Bari. Minibus, cultura, tradizioni e panorami unici in Puglia e Basilicata.","breadcrumb":{"@id":"https:\/\/pugliamare.it\/esperienze\/tour-unesco-matera-e-alberobello-da-bari\/#breadcrumb"},"inLanguage":"es","potentialAction":[{"@type":"ReadAction","target":["https:\/\/pugliamare.it\/esperienze\/tour-unesco-matera-e-alberobello-da-bari\/"]}]},{"@type":"ImageObject","inLanguage":"es","@id":"https:\/\/pugliamare.it\/esperienze\/tour-unesco-matera-e-alberobello-da-bari\/#primaryimage","url":"https:\/\/pugliamare.it\/wp-content\/uploads\/2024\/03\/3.png","contentUrl":"https:\/\/pugliamare.it\/wp-content\/uploads\/2024\/03\/3.png","width":1200,"height":800},{"@type":"BreadcrumbList","@id":"https:\/\/pugliamare.it\/esperienze\/tour-unesco-matera-e-alberobello-da-bari\/#breadcrumb","itemListElement":[{"@type":"ListItem","position":1,"name":"Home","item":"https:\/\/pugliamare.it\/"},{"@type":"ListItem","position":2,"name":"Tour Unesco Matera e Alberobello &#8211; Visita Guidata in Minibus da Bari"}]},{"@type":"WebSite","@id":"https:\/\/pugliamare.it\/en\/#website","url":"https:\/\/pugliamare.it\/en\/","name":"Pugliamare","description":"Esperienze, Soggiorni e Tour personalizzati in Puglia","publisher":{"@id":"https:\/\/pugliamare.it\/en\/#organization"},"potentialAction":[{"@type":"SearchAction","target":{"@type":"EntryPoint","urlTemplate":"https:\/\/pugliamare.it\/en\/?s={search_term_string}"},"query-input":"required name=search_term_string"}],"inLanguage":"es"},{"@type":"Organization","@id":"https:\/\/pugliamare.it\/en\/#organization","name":"Pugliamare srl","url":"https:\/\/pugliamare.it\/en\/","logo":{"@type":"ImageObject","inLanguage":"es","@id":"https:\/\/pugliamare.it\/en\/#\/schema\/logo\/image\/","url":"https:\/\/pugliamare.it\/wp-content\/uploads\/2021\/04\/cropped-cropped-Risorsa-2.png","contentUrl":"https:\/\/pugliamare.it\/wp-content\/uploads\/2021\/04\/cropped-cropped-Risorsa-2.png","width":374,"height":117,"caption":"Pugliamare srl"},"image":{"@id":"https:\/\/pugliamare.it\/en\/#\/schema\/logo\/image\/"},"sameAs":["https:\/\/www.facebook.com\/pugliamarexperience","https:\/\/www.instagram.com\/pugliamare\/"]}]}},"_links":{"self":[{"href":"https:\/\/pugliamare.it\/es\/wp-json\/wp\/v2\/product\/27391"}],"collection":[{"href":"https:\/\/pugliamare.it\/es\/wp-json\/wp\/v2\/product"}],"about":[{"href":"https:\/\/pugliamare.it\/es\/wp-json\/wp\/v2\/types\/product"}],"version-history":[{"count":13,"href":"https:\/\/pugliamare.it\/es\/wp-json\/wp\/v2\/product\/27391\/revisions"}],"predecessor-version":[{"id":36664,"href":"https:\/\/pugliamare.it\/es\/wp-json\/wp\/v2\/product\/27391\/revisions\/36664"}],"wp:featuredmedia":[{"embeddable":true,"href":"https:\/\/pugliamare.it\/es\/wp-json\/wp\/v2\/media\/35199"}],"wp:attachment":[{"href":"https:\/\/pugliamare.it\/es\/wp-json\/wp\/v2\/media?parent=27391"}],"wp:term":[{"taxonomy":"product_cat","embeddable":true,"href":"https:\/\/pugliamare.it\/es\/wp-json\/wp\/v2\/product_cat?post=27391"},{"taxonomy":"product_tag","embeddable":true,"href":"https:\/\/pugliamare.it\/es\/wp-json\/wp\/v2\/product_tag?post=27391"}],"curies":[{"name":"wp","href":"https:\/\/api.w.org\/{rel}","templated":true}]}}