{"id":27966,"date":"2024-09-10T13:11:45","date_gmt":"2024-09-10T11:11:45","guid":{"rendered":"https:\/\/pugliamare.it\/?post_type=product&#038;p=27966"},"modified":"2025-12-20T14:42:36","modified_gmt":"2025-12-20T13:42:36","slug":"tour-delle-grotte-di-castellana","status":"publish","type":"product","link":"https:\/\/pugliamare.it\/es\/esperienze\/tour-delle-grotte-di-castellana\/","title":{"rendered":"Tour Grotte di Castellana &#8211; Transfer da Polignano a Mare"},"content":{"rendered":"<h1 data-start=\"1146\" data-end=\"1211\"><strong>Visita a las cuevas de Castellana con traslado desde Polignano a Mare<\/strong><\/h1>\n<p data-start=\"1213\" data-end=\"1514\" class=\" translation-block\">La visita a las <strong data-start=\"1228\" data-end=\"1252\">Grutas de Castellana<\/strong> es una experiencia imprescindible para quienes se encuentren cerca de Polignano a Mare.<br data-start=\"1324\" data-end=\"1327\">Situadas a solo 20 km de la ciudad, estas extraordinarias cavidades naturales ofrecen una fascinante exploraci\u00f3n subterr\u00e1nea de aproximadamente 3 km, entre formaciones espectaculares y entornos sugerentes.<\/p>\n<p data-start=\"1516\" data-end=\"1754\" class=\" translation-block\">Una gu\u00eda experta te conducir\u00e1 a lo largo del recorrido, cont\u00e1ndote la historia geol\u00f3gica de la zona y mostr\u00e1ndote las maravillas m\u00e1s extraordinarias, entre ellas la \u201c<strong>Grotta della Grave<\/strong>\u201d y la luminosa \u201c<strong>Grotta Bianca<\/strong>\u201d, que dejar\u00e1n un recuerdo imborrable.<\/p>\n<h3 data-start=\"1761\" data-end=\"1810\"><strong>\ud83d\udd52 Informaci\u00f3n sobre transferencias y consejos \u00fatiles<\/strong><\/h3>\n<p data-start=\"1812\" data-end=\"1993\" class=\" translation-block\">El traslado desde Polignano a Mare hasta las Cuevas de Castellana dura unos <strong>30 minutos<\/strong>, lo que permitir\u00e1 admirar el sugestivo paisaje de la campi\u00f1a de Apulia durante el viaje.<\/p>\n<p data-start=\"1995\" data-end=\"2016\"><strong data-start=\"1995\" data-end=\"2014\">Consejos \u00fatiles:<\/strong><\/p>\n<ul data-start=\"2017\" data-end=\"2204\">\n<li data-start=\"2017\" data-end=\"2099\">\n<p data-start=\"2019\" data-end=\"2099\">Use calzado c\u00f3modo y cerrado, ya que el camino interior puede estar resbaladizo.<\/p>\n<\/li>\n<li data-start=\"2100\" data-end=\"2204\">\n<p data-start=\"2102\" data-end=\"2204\" class=\" translation-block\">Lleva una chaqueta ligera, ya que la temperatura interna de las cuevas es fresca (<strong>aprox. 16\u00b0C<\/strong>), incluso en verano.<\/p>\n<\/li>\n<\/ul>\n<h3 data-start=\"2211\" data-end=\"2243\"><strong>\ud83d\udcc5 Reserva tu experiencia<\/strong><\/h3>\n<p data-start=\"2245\" data-end=\"2553\" class=\" translation-block\">Elige el d\u00eda que prefieras y \u00fanete a nosotros para este incre\u00edble <strong data-start=\"2317\" data-end=\"2379\">tour de las Grutas de Castellana con traslado desde Polignano a Mare<\/strong>.<br data-start=\"2380\" data-end=\"2383\">Al finalizar la visita, podr\u00e1s regresar c\u00f3modamente a Polignano a Mare y descubrir otras experiencias aut\u00e9nticas de Pugliamare, como paseos en barco o aventuras gastron\u00f3micas.<\/p>\n<h3 data-start=\"2560\" data-end=\"2587\"><strong>\u26a0\ufe0f T\u00e9rminos y condiciones<\/strong><\/h3>\n<ul data-start=\"2589\" data-end=\"2831\">\n<li data-start=\"2589\" data-end=\"2711\">\n<p data-start=\"2591\" data-end=\"2711\" class=\" translation-block\">La reserva est\u00e1 sujeta a un m\u00ednimo de <strong>2 participantes<\/strong>. Pugliamare se reserva el derecho de cancelar en caso contrario.<\/p>\n<\/li>\n<li data-start=\"2712\" data-end=\"2779\">\n<p data-start=\"2714\" data-end=\"2779\" class=\" translation-block\"><strong>Cancelaci\u00f3n<\/strong> posible<strong> hasta 24h antes<\/strong> con reembolso completo.<\/p>\n<\/li>\n<li data-start=\"2780\" data-end=\"2831\">\n<p data-start=\"2782\" data-end=\"2831\">Despu\u00e9s de esta fecha l\u00edmite, la tarifa no es reembolsable.<\/p>\n<\/li>\n<\/ul>\n<h3 data-start=\"2838\" data-end=\"2855\"><strong>Cont\u00e1ctenos<\/strong><\/h3>\n<p data-start=\"2857\" data-end=\"3013\" class=\" translation-block\">Si deseas enriquecer tu d\u00eda despu\u00e9s del tour de las Grutas de Castellana, podr\u00edas combinar esta experiencia con un relajante <strong data-start=\"258\" data-end=\"310\"><a href=\"https:\/\/pugliamare.it\/esperienze\/tour-in-barca-delle-grotte-di-polignano-a-mare-con-aperitivo-b\/\" target=\"_self\">tour en barco<\/a> por las costas de Polignano a Mare<\/strong>, para admirar cuevas marinas y calas escondidas en aguas cristalinas.<br data-start=\"379\" data-end=\"382\">O d\u00e9jate llevar por una de nuestras <strong data-start=\"430\" data-end=\"473\"><a href=\"https:\/\/pugliamare.it\/esperienze\/lezione-di-cucina-pugliese-a-polignano-a-mare-cena\/\" target=\"_self\">clases de cocina tradicional pugliese<\/a><\/strong>, donde podr\u00e1s aprender a preparar las t\u00edpicas orecchiette y otros platos regionales.<\/p>\n<p data-start=\"2857\" data-end=\"3013\" class=\" translation-block\">Para cualquier pregunta o solicitud especial, estamos a tu entera disposici\u00f3n. <a href=\"https:\/\/api.whatsapp.com\/send?phone=393668959532\" target=\"_self\">Cont\u00e1ctanos<\/a>, y te ayudaremos a planificar tu visita para una experiencia completa y satisfactoria.<\/p>","protected":false},"excerpt":{"rendered":"<p data-start=\"1253\" data-end=\"1563\" class=\" translation-block\">Descubre las fascinantes <strong data-start=\"559\" data-end=\"583\">Grutas de Castellana<\/strong> con nuestro c\u00f3modo <strong data-start=\"605\" data-end=\"637\">traslado desde Polignano a Mare<\/strong>, para una experiencia \u00fanica entre maravillas subterr\u00e1neas y bellezas naturales.<br data-start=\"710\" data-end=\"713\">Visita uno de los sistemas de cuevas m\u00e1s importantes de Italia, c\u00e9lebre por sus imponentes formaciones de estalactitas y estalagmitas, con el apoyo de un gu\u00eda experto que te acompa\u00f1ar\u00e1 al descubrimiento de maravillas como la \u201c<strong>Grotta della Grave<\/strong>\u201d y la \u201c<strong>Grotta Bianca<\/strong>\u201d.<br data-start=\"980\" data-end=\"983\">Disfruta del viaje panor\u00e1mico por el paisaje pugliese y descubre tambi\u00e9n las otras experiencias \u00fanicas de Pugliamare.<\/p>\n<p data-start=\"1253\" data-end=\"1563\">","protected":false},"featured_media":13710,"template":"","meta":{"_acf_changed":false,"inline_featured_image":false},"product_cat":[292],"product_tag":[290],"acf":[],"yoast_head":"<!-- This site is optimized with the Yoast SEO Premium plugin v22.8 (Yoast SEO v22.8) - https:\/\/yoast.com\/wordpress\/plugins\/seo\/ -->\n<title>Tour Grotte di Castellana con transfer da Polignano a Mare | Pugliamare<\/title>\n<meta name=\"description\" content=\"Scopri le Grotte di Castellana con transfer da Polignano a Mare. Esplora formazioni uniche con guida esperta e goditi il paesaggio pugliese.\" \/>\n<meta name=\"robots\" content=\"index, follow, max-snippet:-1, max-image-preview:large, max-video-preview:-1\" \/>\n<link rel=\"canonical\" href=\"https:\/\/pugliamare.it\/es\/esperienze\/tour-delle-grotte-di-castellana\/\" \/>\n<meta property=\"og:locale\" content=\"es_ES\" \/>\n<meta property=\"og:type\" content=\"article\" \/>\n<meta property=\"og:title\" content=\"Tour Grotte di Castellana - Transfer da Polignano a Mare\" \/>\n<meta property=\"og:description\" content=\"Scopri le Grotte di Castellana con transfer da Polignano a Mare. Esplora formazioni uniche con guida esperta e goditi il paesaggio pugliese.\" \/>\n<meta property=\"og:url\" content=\"https:\/\/pugliamare.it\/es\/esperienze\/tour-delle-grotte-di-castellana\/\" \/>\n<meta property=\"og:site_name\" content=\"Pugliamare\" \/>\n<meta property=\"article:publisher\" content=\"https:\/\/www.facebook.com\/pugliamarexperience\" \/>\n<meta property=\"article:modified_time\" content=\"2025-12-20T13:42:36+00:00\" \/>\n<meta property=\"og:image\" content=\"https:\/\/pugliamare.it\/wp-content\/uploads\/2022\/03\/shutterstock_1319957297-scaled.jpg\" \/>\n\t<meta property=\"og:image:width\" content=\"2560\" \/>\n\t<meta property=\"og:image:height\" content=\"1709\" \/>\n\t<meta property=\"og:image:type\" content=\"image\/jpeg\" \/>\n<meta name=\"twitter:card\" content=\"summary_large_image\" \/>\n<script type=\"application\/ld+json\" class=\"yoast-schema-graph\">{\"@context\":\"https:\/\/schema.org\",\"@graph\":[{\"@type\":\"WebPage\",\"@id\":\"https:\/\/pugliamare.it\/esperienze\/tour-delle-grotte-di-castellana\/\",\"url\":\"https:\/\/pugliamare.it\/esperienze\/tour-delle-grotte-di-castellana\/\",\"name\":\"Tour Grotte di Castellana con transfer da Polignano a Mare | Pugliamare\",\"isPartOf\":{\"@id\":\"https:\/\/pugliamare.it\/en\/#website\"},\"primaryImageOfPage\":{\"@id\":\"https:\/\/pugliamare.it\/esperienze\/tour-delle-grotte-di-castellana\/#primaryimage\"},\"image\":{\"@id\":\"https:\/\/pugliamare.it\/esperienze\/tour-delle-grotte-di-castellana\/#primaryimage\"},\"thumbnailUrl\":\"https:\/\/pugliamare.it\/wp-content\/uploads\/2022\/03\/shutterstock_1319957297-scaled.jpg\",\"datePublished\":\"2024-09-10T11:11:45+00:00\",\"dateModified\":\"2025-12-20T13:42:36+00:00\",\"description\":\"Scopri le Grotte di Castellana con transfer da Polignano a Mare. Esplora formazioni uniche con guida esperta e goditi il paesaggio pugliese.\",\"breadcrumb\":{\"@id\":\"https:\/\/pugliamare.it\/esperienze\/tour-delle-grotte-di-castellana\/#breadcrumb\"},\"inLanguage\":\"es\",\"potentialAction\":[{\"@type\":\"ReadAction\",\"target\":[\"https:\/\/pugliamare.it\/esperienze\/tour-delle-grotte-di-castellana\/\"]}]},{\"@type\":\"ImageObject\",\"inLanguage\":\"es\",\"@id\":\"https:\/\/pugliamare.it\/esperienze\/tour-delle-grotte-di-castellana\/#primaryimage\",\"url\":\"https:\/\/pugliamare.it\/wp-content\/uploads\/2022\/03\/shutterstock_1319957297-scaled.jpg\",\"contentUrl\":\"https:\/\/pugliamare.it\/wp-content\/uploads\/2022\/03\/shutterstock_1319957297-scaled.jpg\",\"width\":2560,\"height\":1709,\"caption\":\"Grotta vista nel nostro tour tra le grotte a Castellana\"},{\"@type\":\"BreadcrumbList\",\"@id\":\"https:\/\/pugliamare.it\/esperienze\/tour-delle-grotte-di-castellana\/#breadcrumb\",\"itemListElement\":[{\"@type\":\"ListItem\",\"position\":1,\"name\":\"Home\",\"item\":\"https:\/\/pugliamare.it\/\"},{\"@type\":\"ListItem\",\"position\":2,\"name\":\"Tour Grotte di Castellana &#8211; Transfer da Polignano a Mare\"}]},{\"@type\":\"WebSite\",\"@id\":\"https:\/\/pugliamare.it\/en\/#website\",\"url\":\"https:\/\/pugliamare.it\/en\/\",\"name\":\"Pugliamare\",\"description\":\"Esperienze, Soggiorni e Tour personalizzati in Puglia\",\"publisher\":{\"@id\":\"https:\/\/pugliamare.it\/en\/#organization\"},\"potentialAction\":[{\"@type\":\"SearchAction\",\"target\":{\"@type\":\"EntryPoint\",\"urlTemplate\":\"https:\/\/pugliamare.it\/en\/?s={search_term_string}\"},\"query-input\":\"required name=search_term_string\"}],\"inLanguage\":\"es\"},{\"@type\":\"Organization\",\"@id\":\"https:\/\/pugliamare.it\/en\/#organization\",\"name\":\"Pugliamare srl\",\"url\":\"https:\/\/pugliamare.it\/en\/\",\"logo\":{\"@type\":\"ImageObject\",\"inLanguage\":\"es\",\"@id\":\"https:\/\/pugliamare.it\/en\/#\/schema\/logo\/image\/\",\"url\":\"https:\/\/pugliamare.it\/wp-content\/uploads\/2021\/04\/cropped-cropped-Risorsa-2.png\",\"contentUrl\":\"https:\/\/pugliamare.it\/wp-content\/uploads\/2021\/04\/cropped-cropped-Risorsa-2.png\",\"width\":374,\"height\":117,\"caption\":\"Pugliamare srl\"},\"image\":{\"@id\":\"https:\/\/pugliamare.it\/en\/#\/schema\/logo\/image\/\"},\"sameAs\":[\"https:\/\/www.facebook.com\/pugliamarexperience\",\"https:\/\/www.instagram.com\/pugliamare\/\"]}]}<\/script>\n<!-- \/ Yoast SEO Premium plugin. -->","yoast_head_json":{"title":"Tour Grotte di Castellana con transfer da Polignano a Mare | Pugliamare","description":"Scopri le Grotte di Castellana con transfer da Polignano a Mare. Esplora formazioni uniche con guida esperta e goditi il paesaggio pugliese.","robots":{"index":"index","follow":"follow","max-snippet":"max-snippet:-1","max-image-preview":"max-image-preview:large","max-video-preview":"max-video-preview:-1"},"canonical":"https:\/\/pugliamare.it\/es\/esperienze\/tour-delle-grotte-di-castellana\/","og_locale":"es_ES","og_type":"article","og_title":"Tour Grotte di Castellana - Transfer da Polignano a Mare","og_description":"Scopri le Grotte di Castellana con transfer da Polignano a Mare. Esplora formazioni uniche con guida esperta e goditi il paesaggio pugliese.","og_url":"https:\/\/pugliamare.it\/es\/esperienze\/tour-delle-grotte-di-castellana\/","og_site_name":"Pugliamare","article_publisher":"https:\/\/www.facebook.com\/pugliamarexperience","article_modified_time":"2025-12-20T13:42:36+00:00","og_image":[{"width":2560,"height":1709,"url":"https:\/\/pugliamare.it\/wp-content\/uploads\/2022\/03\/shutterstock_1319957297-scaled.jpg","type":"image\/jpeg"}],"twitter_card":"summary_large_image","schema":{"@context":"https:\/\/schema.org","@graph":[{"@type":"WebPage","@id":"https:\/\/pugliamare.it\/esperienze\/tour-delle-grotte-di-castellana\/","url":"https:\/\/pugliamare.it\/esperienze\/tour-delle-grotte-di-castellana\/","name":"Tour Grotte di Castellana con transfer da Polignano a Mare | Pugliamare","isPartOf":{"@id":"https:\/\/pugliamare.it\/en\/#website"},"primaryImageOfPage":{"@id":"https:\/\/pugliamare.it\/esperienze\/tour-delle-grotte-di-castellana\/#primaryimage"},"image":{"@id":"https:\/\/pugliamare.it\/esperienze\/tour-delle-grotte-di-castellana\/#primaryimage"},"thumbnailUrl":"https:\/\/pugliamare.it\/wp-content\/uploads\/2022\/03\/shutterstock_1319957297-scaled.jpg","datePublished":"2024-09-10T11:11:45+00:00","dateModified":"2025-12-20T13:42:36+00:00","description":"Scopri le Grotte di Castellana con transfer da Polignano a Mare. Esplora formazioni uniche con guida esperta e goditi il paesaggio pugliese.","breadcrumb":{"@id":"https:\/\/pugliamare.it\/esperienze\/tour-delle-grotte-di-castellana\/#breadcrumb"},"inLanguage":"es","potentialAction":[{"@type":"ReadAction","target":["https:\/\/pugliamare.it\/esperienze\/tour-delle-grotte-di-castellana\/"]}]},{"@type":"ImageObject","inLanguage":"es","@id":"https:\/\/pugliamare.it\/esperienze\/tour-delle-grotte-di-castellana\/#primaryimage","url":"https:\/\/pugliamare.it\/wp-content\/uploads\/2022\/03\/shutterstock_1319957297-scaled.jpg","contentUrl":"https:\/\/pugliamare.it\/wp-content\/uploads\/2022\/03\/shutterstock_1319957297-scaled.jpg","width":2560,"height":1709,"caption":"Grotta vista nel nostro tour tra le grotte a Castellana"},{"@type":"BreadcrumbList","@id":"https:\/\/pugliamare.it\/esperienze\/tour-delle-grotte-di-castellana\/#breadcrumb","itemListElement":[{"@type":"ListItem","position":1,"name":"Home","item":"https:\/\/pugliamare.it\/"},{"@type":"ListItem","position":2,"name":"Tour Grotte di Castellana &#8211; Transfer da Polignano a Mare"}]},{"@type":"WebSite","@id":"https:\/\/pugliamare.it\/en\/#website","url":"https:\/\/pugliamare.it\/en\/","name":"Pugliamare","description":"Esperienze, Soggiorni e Tour personalizzati in Puglia","publisher":{"@id":"https:\/\/pugliamare.it\/en\/#organization"},"potentialAction":[{"@type":"SearchAction","target":{"@type":"EntryPoint","urlTemplate":"https:\/\/pugliamare.it\/en\/?s={search_term_string}"},"query-input":"required name=search_term_string"}],"inLanguage":"es"},{"@type":"Organization","@id":"https:\/\/pugliamare.it\/en\/#organization","name":"Pugliamare srl","url":"https:\/\/pugliamare.it\/en\/","logo":{"@type":"ImageObject","inLanguage":"es","@id":"https:\/\/pugliamare.it\/en\/#\/schema\/logo\/image\/","url":"https:\/\/pugliamare.it\/wp-content\/uploads\/2021\/04\/cropped-cropped-Risorsa-2.png","contentUrl":"https:\/\/pugliamare.it\/wp-content\/uploads\/2021\/04\/cropped-cropped-Risorsa-2.png","width":374,"height":117,"caption":"Pugliamare srl"},"image":{"@id":"https:\/\/pugliamare.it\/en\/#\/schema\/logo\/image\/"},"sameAs":["https:\/\/www.facebook.com\/pugliamarexperience","https:\/\/www.instagram.com\/pugliamare\/"]}]}},"_links":{"self":[{"href":"https:\/\/pugliamare.it\/es\/wp-json\/wp\/v2\/product\/27966"}],"collection":[{"href":"https:\/\/pugliamare.it\/es\/wp-json\/wp\/v2\/product"}],"about":[{"href":"https:\/\/pugliamare.it\/es\/wp-json\/wp\/v2\/types\/product"}],"version-history":[{"count":18,"href":"https:\/\/pugliamare.it\/es\/wp-json\/wp\/v2\/product\/27966\/revisions"}],"predecessor-version":[{"id":33395,"href":"https:\/\/pugliamare.it\/es\/wp-json\/wp\/v2\/product\/27966\/revisions\/33395"}],"wp:featuredmedia":[{"embeddable":true,"href":"https:\/\/pugliamare.it\/es\/wp-json\/wp\/v2\/media\/13710"}],"wp:attachment":[{"href":"https:\/\/pugliamare.it\/es\/wp-json\/wp\/v2\/media?parent=27966"}],"wp:term":[{"taxonomy":"product_cat","embeddable":true,"href":"https:\/\/pugliamare.it\/es\/wp-json\/wp\/v2\/product_cat?post=27966"},{"taxonomy":"product_tag","embeddable":true,"href":"https:\/\/pugliamare.it\/es\/wp-json\/wp\/v2\/product_tag?post=27966"}],"curies":[{"name":"wp","href":"https:\/\/api.w.org\/{rel}","templated":true}]}}