{"id":27979,"date":"2024-09-10T14:26:57","date_gmt":"2024-09-10T12:26:57","guid":{"rendered":"https:\/\/pugliamare.it\/?post_type=product&#038;p=27979"},"modified":"2025-12-22T15:15:14","modified_gmt":"2025-12-22T14:15:14","slug":"street-food-tour-di-polignano-a-mare-cooking-class-partenza-da-bari","status":"publish","type":"product","link":"https:\/\/pugliamare.it\/es\/esperienze\/street-food-tour-di-polignano-a-mare-cooking-class-partenza-da-bari\/","title":{"rendered":"Recorrido gastron\u00f3mico callejero por Polignano a Mare con clase de cocina (salida desde Bari)"},"content":{"rendered":"<h1 data-start=\"1386\" data-end=\"1462\"><strong>Recorrido gastron\u00f3mico callejero y clase de cocina en Polignano a Mare (salida desde Bari)<\/strong><\/h1>\n<p data-start=\"301\" data-end=\"476\">Vivi un autentico <em data-start=\"319\" data-end=\"337\">street food tour<\/em> a Polignano a Mare con <em data-start=\"361\" data-end=\"376\">cooking class<\/em>, un\u2019esperienza che ti far\u00e0 scoprire i sapori pi\u00f9 autentici e le tradizioni culinarie della citt\u00e0.<\/p>\n<p data-start=\"478\" data-end=\"651\">Per due ore, una guida esperta ti accompagner\u00e0 tra i suggestivi vicoli di Polignano a Mare, offrendoti scorci mozzafiato e un\u2019immersione nella cultura gastronomica locale.<\/p>\n<p data-start=\"653\" data-end=\"865\">Il percorso prevede <strong data-start=\"673\" data-end=\"706\">quattro tappe di degustazione<\/strong>, tra cui il celebre <em data-start=\"727\" data-end=\"743\">caff\u00e8 speciale<\/em> di Mario Campanella e un calice di vino locale, per un viaggio sensoriale che unisce gusto, storia e panorami sul mare.<\/p>\n<h3 data-start=\"2174\" data-end=\"2209\"><strong>\ud83d\udc69\u200d\ud83c\udf73 Clase de cocina y aperitivo<\/strong><\/h3>\n<p data-start=\"2211\" data-end=\"2428\">\u00danete a una clase de cocina impartida por un chef local y aprende a preparar las t\u00edpicas orecchiette de Apulia. Despu\u00e9s, disfruta del fruto de tu trabajo junto con otros platos tradicionales, acompa\u00f1ados de bebidas y vino.<\/p>\n<h3 data-start=\"2435\" data-end=\"2465\"><strong>\ud83d\udd52 Horario del d\u00eda<\/strong><\/h3>\n<ul data-start=\"2467\" data-end=\"2811\">\n<li data-start=\"2467\" data-end=\"2537\">\n<p data-start=\"2469\" data-end=\"2537\"><strong>9:00<\/strong> Salida de Bari (punto de encuentro: Largo Eroi del Mare, Bari)<\/p>\n<\/li>\n<li data-start=\"2538\" data-end=\"2580\">\n<p data-start=\"2540\" data-end=\"2580\"><strong>9:30<\/strong> Llegada a Polignano y tiempo libre.<\/p>\n<\/li>\n<li data-start=\"2581\" data-end=\"2675\">\n<p data-start=\"2583\" data-end=\"2675\"><strong>10:30<\/strong> Tour de comida callejera en Polignano a Mare (punto de encuentro: Piazza Caduti, Via Fani, 26)<\/p>\n<\/li>\n<li data-start=\"2676\" data-end=\"2712\">\n<p data-start=\"2678\" data-end=\"2712\"><strong>14:00<\/strong> Clase de cocina de Apulia<\/p>\n<\/li>\n<li data-start=\"2713\" data-end=\"2748\">\n<p data-start=\"2715\" data-end=\"2748\"><strong>16:00<\/strong> Tiempo libre para compras<\/p>\n<\/li>\n<li data-start=\"2749\" data-end=\"2811\">\n<p data-start=\"2751\" data-end=\"2811\"><strong>17:30<\/strong> Punto de encuentro con el conductor para el regreso a Bari.<\/p>\n<\/li>\n<\/ul>\n<p data-start=\"2813\" data-end=\"2915\" class=\" translation-block\">Durante tu tiempo libre, puedes solicitar un <strong>tour en Tuk-Tuk<\/strong>: 40 \u20ac por 30 minutos o 60 \u20ac por 1 hora.<\/p>\n<h3 data-start=\"2922\" data-end=\"2998\"><strong>Reserva ahora tu recorrido gastron\u00f3mico callejero de Polignano a Mare con clase de cocina.<\/strong><\/h3>\n<p data-start=\"3000\" data-end=\"3205\" class=\" translation-block\">Si quieres profundizar tu descubrimiento de Apulia, puedes combinar este <strong data-start=\"179\" data-end=\"215\">tour de street food y clase de cocina<\/strong> con una sugerente <strong data-start=\"233\" data-end=\"291\"><a href=\"https:\/\/pugliamare.it\/esperienze\/da-bari-tempo-libero-e-tour-in-barca-alle-grotte-marine-di-polignano-a-mare\/\" target=\"_self\">excursi\u00f3n en barco<\/a> por las costas de Polignano a Mare<\/strong>, o explorar los pueblos hist\u00f3ricos con un <strong data-start=\"334\" data-end=\"388\"><a href=\"https:\/\/pugliamare.it\/esperienze\/vespa-tour-borghi-e-grotte-polignano-monopoli-alberobello-castellana-grotte\/\" target=\"_self\">tour en Vespa<\/a> entre Polignano, Conversano y Monopoli<\/strong>.<br>\nNo te pierdas esta experiencia \u00fanica que une sabor, cultura y tradici\u00f3n pugliese. <strong>Tour privado<\/strong> disponible bajo petici\u00f3n.<br data-start=\"3125\" data-end=\"3128\">Para preguntas o solicitudes, <a href=\"https:\/\/api.whatsapp.com\/send?phone=393668959532\" target=\"_self\">cont\u00e1ctanos<\/a>: \u00a1el equipo de Pugliamare est\u00e1 a tu disposici\u00f3n!<\/p>","protected":false},"excerpt":{"rendered":"<p class=\" translation-block\">Descubre los sabores aut\u00e9nticos de Puglia con un <strong data-start=\"146\" data-end=\"201\">street food tour en<\/strong> Polignano a Mare con <strong data-start=\"146\" data-end=\"201\">clase de cocina<\/strong>, una experiencia \u00fanica que combina <strong data-start=\"234\" data-end=\"271\">degustaciones de especialidades locales<\/strong> con una <strong data-start=\"278\" data-end=\"334\">clase pr\u00e1ctica de preparaci\u00f3n de orecchiette<\/strong>.<br data-start=\"335\" data-end=\"338\">Pasea por los <strong data-start=\"354\" data-end=\"398\">callejones caracter\u00edsticos del casco hist\u00f3rico<\/strong>, admira las <strong data-start=\"410\" data-end=\"443\">terrazas panor\u00e1micas<\/strong> con vistas al mar y captura los rincones m\u00e1s sugerentes de la ciudad.<\/p>\n<p>Assapora prodotti tipici attraverso <em><strong>quattro tappe di degustazione<\/strong><\/em>.<\/p>\n<p class=\" translation-block\">Termina el d\u00eda aprendiendo a cocinar <strong data-start=\"729\" data-end=\"747\">pasta pugliese<\/strong> con un <strong data-start=\"756\" data-end=\"772\">chef experto<\/strong> y disfrutando de un <strong data-start=\"789\" data-end=\"815\">aperitivo tradicional<\/strong>. Una inmersi\u00f3n total en la <strong data-start=\"844\" data-end=\"874\">cultura culinaria pugliese<\/strong>, ideal para quienes aman la buena comida y la tradici\u00f3n.<\/p>","protected":false},"featured_media":28065,"template":"","meta":{"_acf_changed":false,"inline_featured_image":false},"product_cat":[364,293],"product_tag":[290],"acf":[],"yoast_head":"<!-- This site is optimized with the Yoast SEO Premium plugin v22.8 (Yoast SEO v22.8) - https:\/\/yoast.com\/wordpress\/plugins\/seo\/ -->\n<title>Street Food tour Polignano a Mare con Cooking Class | Pugliamare<\/title>\n<meta name=\"description\" content=\"Scopri i sapori di Polignano a Mare con un tour di street food e una cooking class sulle orecchiette. Degustazioni, panorama e tradizione pugliese.\" \/>\n<meta name=\"robots\" content=\"index, follow, max-snippet:-1, max-image-preview:large, max-video-preview:-1\" \/>\n<link rel=\"canonical\" href=\"https:\/\/pugliamare.it\/es\/esperienze\/street-food-tour-di-polignano-a-mare-cooking-class-partenza-da-bari\/\" \/>\n<meta property=\"og:locale\" content=\"es_ES\" \/>\n<meta property=\"og:type\" content=\"article\" \/>\n<meta property=\"og:title\" content=\"Street Food tour Polignano a Mare con Cooking Class \u2013 Partenza da Bari\" \/>\n<meta property=\"og:description\" content=\"Scopri i sapori di Polignano a Mare con un tour di street food e una cooking class sulle orecchiette. Degustazioni, panorama e tradizione pugliese.\" \/>\n<meta property=\"og:url\" content=\"https:\/\/pugliamare.it\/es\/esperienze\/street-food-tour-di-polignano-a-mare-cooking-class-partenza-da-bari\/\" \/>\n<meta property=\"og:site_name\" content=\"Pugliamare\" \/>\n<meta property=\"article:publisher\" content=\"https:\/\/www.facebook.com\/pugliamarexperience\" \/>\n<meta property=\"article:modified_time\" content=\"2025-12-22T14:15:14+00:00\" \/>\n<meta property=\"og:image\" content=\"https:\/\/pugliamare.it\/wp-content\/uploads\/2024\/09\/Street-Food-Tour-e-Cooking-Class.jpg\" \/>\n\t<meta property=\"og:image:width\" content=\"1200\" \/>\n\t<meta property=\"og:image:height\" content=\"800\" \/>\n\t<meta property=\"og:image:type\" content=\"image\/jpeg\" \/>\n<meta name=\"twitter:card\" content=\"summary_large_image\" \/>\n<script type=\"application\/ld+json\" class=\"yoast-schema-graph\">{\"@context\":\"https:\/\/schema.org\",\"@graph\":[{\"@type\":\"WebPage\",\"@id\":\"https:\/\/pugliamare.it\/esperienze\/street-food-tour-di-polignano-a-mare-cooking-class-partenza-da-bari\/\",\"url\":\"https:\/\/pugliamare.it\/esperienze\/street-food-tour-di-polignano-a-mare-cooking-class-partenza-da-bari\/\",\"name\":\"Street Food tour Polignano a Mare con Cooking Class | Pugliamare\",\"isPartOf\":{\"@id\":\"https:\/\/pugliamare.it\/en\/#website\"},\"primaryImageOfPage\":{\"@id\":\"https:\/\/pugliamare.it\/esperienze\/street-food-tour-di-polignano-a-mare-cooking-class-partenza-da-bari\/#primaryimage\"},\"image\":{\"@id\":\"https:\/\/pugliamare.it\/esperienze\/street-food-tour-di-polignano-a-mare-cooking-class-partenza-da-bari\/#primaryimage\"},\"thumbnailUrl\":\"https:\/\/pugliamare.it\/wp-content\/uploads\/2024\/09\/Street-Food-Tour-e-Cooking-Class.jpg\",\"datePublished\":\"2024-09-10T12:26:57+00:00\",\"dateModified\":\"2025-12-22T14:15:14+00:00\",\"description\":\"Scopri i sapori di Polignano a Mare con un tour di street food e una cooking class sulle orecchiette. Degustazioni, panorama e tradizione pugliese.\",\"breadcrumb\":{\"@id\":\"https:\/\/pugliamare.it\/esperienze\/street-food-tour-di-polignano-a-mare-cooking-class-partenza-da-bari\/#breadcrumb\"},\"inLanguage\":\"es\",\"potentialAction\":[{\"@type\":\"ReadAction\",\"target\":[\"https:\/\/pugliamare.it\/esperienze\/street-food-tour-di-polignano-a-mare-cooking-class-partenza-da-bari\/\"]}]},{\"@type\":\"ImageObject\",\"inLanguage\":\"es\",\"@id\":\"https:\/\/pugliamare.it\/esperienze\/street-food-tour-di-polignano-a-mare-cooking-class-partenza-da-bari\/#primaryimage\",\"url\":\"https:\/\/pugliamare.it\/wp-content\/uploads\/2024\/09\/Street-Food-Tour-e-Cooking-Class.jpg\",\"contentUrl\":\"https:\/\/pugliamare.it\/wp-content\/uploads\/2024\/09\/Street-Food-Tour-e-Cooking-Class.jpg\",\"width\":1200,\"height\":800,\"caption\":\"Collage Tour Combinato\"},{\"@type\":\"BreadcrumbList\",\"@id\":\"https:\/\/pugliamare.it\/esperienze\/street-food-tour-di-polignano-a-mare-cooking-class-partenza-da-bari\/#breadcrumb\",\"itemListElement\":[{\"@type\":\"ListItem\",\"position\":1,\"name\":\"Home\",\"item\":\"https:\/\/pugliamare.it\/\"},{\"@type\":\"ListItem\",\"position\":2,\"name\":\"Street Food tour Polignano a Mare con Cooking Class \u2013 Partenza da Bari\"}]},{\"@type\":\"WebSite\",\"@id\":\"https:\/\/pugliamare.it\/en\/#website\",\"url\":\"https:\/\/pugliamare.it\/en\/\",\"name\":\"Pugliamare\",\"description\":\"Esperienze, Soggiorni e Tour personalizzati in Puglia\",\"publisher\":{\"@id\":\"https:\/\/pugliamare.it\/en\/#organization\"},\"potentialAction\":[{\"@type\":\"SearchAction\",\"target\":{\"@type\":\"EntryPoint\",\"urlTemplate\":\"https:\/\/pugliamare.it\/en\/?s={search_term_string}\"},\"query-input\":\"required name=search_term_string\"}],\"inLanguage\":\"es\"},{\"@type\":\"Organization\",\"@id\":\"https:\/\/pugliamare.it\/en\/#organization\",\"name\":\"Pugliamare srl\",\"url\":\"https:\/\/pugliamare.it\/en\/\",\"logo\":{\"@type\":\"ImageObject\",\"inLanguage\":\"es\",\"@id\":\"https:\/\/pugliamare.it\/en\/#\/schema\/logo\/image\/\",\"url\":\"https:\/\/pugliamare.it\/wp-content\/uploads\/2021\/04\/cropped-cropped-Risorsa-2.png\",\"contentUrl\":\"https:\/\/pugliamare.it\/wp-content\/uploads\/2021\/04\/cropped-cropped-Risorsa-2.png\",\"width\":374,\"height\":117,\"caption\":\"Pugliamare srl\"},\"image\":{\"@id\":\"https:\/\/pugliamare.it\/en\/#\/schema\/logo\/image\/\"},\"sameAs\":[\"https:\/\/www.facebook.com\/pugliamarexperience\",\"https:\/\/www.instagram.com\/pugliamare\/\"]}]}<\/script>\n<!-- \/ Yoast SEO Premium plugin. -->","yoast_head_json":{"title":"Street Food tour Polignano a Mare con Cooking Class | Pugliamare","description":"Scopri i sapori di Polignano a Mare con un tour di street food e una cooking class sulle orecchiette. Degustazioni, panorama e tradizione pugliese.","robots":{"index":"index","follow":"follow","max-snippet":"max-snippet:-1","max-image-preview":"max-image-preview:large","max-video-preview":"max-video-preview:-1"},"canonical":"https:\/\/pugliamare.it\/es\/esperienze\/street-food-tour-di-polignano-a-mare-cooking-class-partenza-da-bari\/","og_locale":"es_ES","og_type":"article","og_title":"Street Food tour Polignano a Mare con Cooking Class \u2013 Partenza da Bari","og_description":"Scopri i sapori di Polignano a Mare con un tour di street food e una cooking class sulle orecchiette. Degustazioni, panorama e tradizione pugliese.","og_url":"https:\/\/pugliamare.it\/es\/esperienze\/street-food-tour-di-polignano-a-mare-cooking-class-partenza-da-bari\/","og_site_name":"Pugliamare","article_publisher":"https:\/\/www.facebook.com\/pugliamarexperience","article_modified_time":"2025-12-22T14:15:14+00:00","og_image":[{"width":1200,"height":800,"url":"https:\/\/pugliamare.it\/wp-content\/uploads\/2024\/09\/Street-Food-Tour-e-Cooking-Class.jpg","type":"image\/jpeg"}],"twitter_card":"summary_large_image","schema":{"@context":"https:\/\/schema.org","@graph":[{"@type":"WebPage","@id":"https:\/\/pugliamare.it\/esperienze\/street-food-tour-di-polignano-a-mare-cooking-class-partenza-da-bari\/","url":"https:\/\/pugliamare.it\/esperienze\/street-food-tour-di-polignano-a-mare-cooking-class-partenza-da-bari\/","name":"Street Food tour Polignano a Mare con Cooking Class | Pugliamare","isPartOf":{"@id":"https:\/\/pugliamare.it\/en\/#website"},"primaryImageOfPage":{"@id":"https:\/\/pugliamare.it\/esperienze\/street-food-tour-di-polignano-a-mare-cooking-class-partenza-da-bari\/#primaryimage"},"image":{"@id":"https:\/\/pugliamare.it\/esperienze\/street-food-tour-di-polignano-a-mare-cooking-class-partenza-da-bari\/#primaryimage"},"thumbnailUrl":"https:\/\/pugliamare.it\/wp-content\/uploads\/2024\/09\/Street-Food-Tour-e-Cooking-Class.jpg","datePublished":"2024-09-10T12:26:57+00:00","dateModified":"2025-12-22T14:15:14+00:00","description":"Scopri i sapori di Polignano a Mare con un tour di street food e una cooking class sulle orecchiette. Degustazioni, panorama e tradizione pugliese.","breadcrumb":{"@id":"https:\/\/pugliamare.it\/esperienze\/street-food-tour-di-polignano-a-mare-cooking-class-partenza-da-bari\/#breadcrumb"},"inLanguage":"es","potentialAction":[{"@type":"ReadAction","target":["https:\/\/pugliamare.it\/esperienze\/street-food-tour-di-polignano-a-mare-cooking-class-partenza-da-bari\/"]}]},{"@type":"ImageObject","inLanguage":"es","@id":"https:\/\/pugliamare.it\/esperienze\/street-food-tour-di-polignano-a-mare-cooking-class-partenza-da-bari\/#primaryimage","url":"https:\/\/pugliamare.it\/wp-content\/uploads\/2024\/09\/Street-Food-Tour-e-Cooking-Class.jpg","contentUrl":"https:\/\/pugliamare.it\/wp-content\/uploads\/2024\/09\/Street-Food-Tour-e-Cooking-Class.jpg","width":1200,"height":800,"caption":"Collage Tour Combinato"},{"@type":"BreadcrumbList","@id":"https:\/\/pugliamare.it\/esperienze\/street-food-tour-di-polignano-a-mare-cooking-class-partenza-da-bari\/#breadcrumb","itemListElement":[{"@type":"ListItem","position":1,"name":"Home","item":"https:\/\/pugliamare.it\/"},{"@type":"ListItem","position":2,"name":"Street Food tour Polignano a Mare con Cooking Class \u2013 Partenza da Bari"}]},{"@type":"WebSite","@id":"https:\/\/pugliamare.it\/en\/#website","url":"https:\/\/pugliamare.it\/en\/","name":"Pugliamare","description":"Esperienze, Soggiorni e Tour personalizzati in Puglia","publisher":{"@id":"https:\/\/pugliamare.it\/en\/#organization"},"potentialAction":[{"@type":"SearchAction","target":{"@type":"EntryPoint","urlTemplate":"https:\/\/pugliamare.it\/en\/?s={search_term_string}"},"query-input":"required name=search_term_string"}],"inLanguage":"es"},{"@type":"Organization","@id":"https:\/\/pugliamare.it\/en\/#organization","name":"Pugliamare srl","url":"https:\/\/pugliamare.it\/en\/","logo":{"@type":"ImageObject","inLanguage":"es","@id":"https:\/\/pugliamare.it\/en\/#\/schema\/logo\/image\/","url":"https:\/\/pugliamare.it\/wp-content\/uploads\/2021\/04\/cropped-cropped-Risorsa-2.png","contentUrl":"https:\/\/pugliamare.it\/wp-content\/uploads\/2021\/04\/cropped-cropped-Risorsa-2.png","width":374,"height":117,"caption":"Pugliamare srl"},"image":{"@id":"https:\/\/pugliamare.it\/en\/#\/schema\/logo\/image\/"},"sameAs":["https:\/\/www.facebook.com\/pugliamarexperience","https:\/\/www.instagram.com\/pugliamare\/"]}]}},"_links":{"self":[{"href":"https:\/\/pugliamare.it\/es\/wp-json\/wp\/v2\/product\/27979"}],"collection":[{"href":"https:\/\/pugliamare.it\/es\/wp-json\/wp\/v2\/product"}],"about":[{"href":"https:\/\/pugliamare.it\/es\/wp-json\/wp\/v2\/types\/product"}],"version-history":[{"count":18,"href":"https:\/\/pugliamare.it\/es\/wp-json\/wp\/v2\/product\/27979\/revisions"}],"predecessor-version":[{"id":36668,"href":"https:\/\/pugliamare.it\/es\/wp-json\/wp\/v2\/product\/27979\/revisions\/36668"}],"wp:featuredmedia":[{"embeddable":true,"href":"https:\/\/pugliamare.it\/es\/wp-json\/wp\/v2\/media\/28065"}],"wp:attachment":[{"href":"https:\/\/pugliamare.it\/es\/wp-json\/wp\/v2\/media?parent=27979"}],"wp:term":[{"taxonomy":"product_cat","embeddable":true,"href":"https:\/\/pugliamare.it\/es\/wp-json\/wp\/v2\/product_cat?post=27979"},{"taxonomy":"product_tag","embeddable":true,"href":"https:\/\/pugliamare.it\/es\/wp-json\/wp\/v2\/product_tag?post=27979"}],"curies":[{"name":"wp","href":"https:\/\/api.w.org\/{rel}","templated":true}]}}