{"id":28011,"date":"2024-09-11T09:38:17","date_gmt":"2024-09-11T07:38:17","guid":{"rendered":"https:\/\/pugliamare.it\/?post_type=product&#038;p=28011"},"modified":"2026-03-09T16:20:45","modified_gmt":"2026-03-09T15:20:45","slug":"alberobello-e-matera-in-autonomia-trasporto-da-polignano-a-mare-bari","status":"publish","type":"product","link":"https:\/\/pugliamare.it\/es\/esperienze\/alberobello-e-matera-in-autonomia-trasporto-da-polignano-a-mare-bari\/","title":{"rendered":"Alberobello y Matera por tu cuenta: traslados desde Polignano a Mare y Bari"},"content":{"rendered":"<h1><strong>Traslado con visita autoguiada a Alberobello y Matera: libertad y comodidad en un solo servicio<\/strong><\/h1>\n<p data-start=\"267\" data-end=\"616\" class=\" translation-block\">Disfruta de un c\u00f3modo traslado con visita aut\u00f3noma a <a href=\"https:\/\/pugliamare.it\/destinazioni\/alberobello\/\" target=\"_self\"><strong>Alberobello<\/strong><\/a> y <a href=\"https:\/\/pugliamare.it\/destinazioni\/matera\/\" target=\"_self\"><strong>Matera<\/strong><\/a> desde Polignano a Mare o Bari para descubrir dos lugares \u00fanicos: los famosos trulli de Alberobello y los sugestivos Sassi de Matera.<br data-start=\"453\" data-end=\"456\">La visita a ambos destinos es completamente aut\u00f3noma, para que puedas organizar tus tiempos y rutas a tu gusto, sin restricciones de grupo ni horarios fijos.<\/p>\n<p data-start=\"267\" data-end=\"616\" class=\" translation-block\">Este servicio te permite llegar c\u00f3modamente <strong>desde <a href=\"https:\/\/pugliamare.it\/destinazioni\/polignano-a-mare\/\" target=\"_self\">Polignano a Mare<\/a> o <a href=\"https:\/\/pugliamare.it\/destinazioni\/bari\/\" target=\"_self\">Bari<\/a><\/strong> a dos Patrimonios de la Humanidad de la UNESCO: Matera, conocida como la Ciudad de los Sassi y Capital Europea de la Cultura 2019, y Alberobello, c\u00e9lebre por sus trulli \u00fanicos en el mundo, s\u00edmbolo aut\u00e9ntico de la tradici\u00f3n pugliese.<\/p>\n<h3 data-start=\"623\" data-end=\"664\"><strong>\ud83d\uddfa\ufe0f Itinerario y detalles del servicio<\/strong><\/h3>\n<p data-start=\"666\" data-end=\"1011\">Encuentra a tu conductor en Polignano a Mare o Bari y rel\u00e1jate en el viaje a Alberobello y Matera.<br data-start=\"774\" data-end=\"777\" \/>Disfrute de la libertad de explorar Matera y Alberobello de forma independiente, experimentando la historia, la cultura y los impresionantes paisajes a su propio ritmo.<br data-start=\"925\" data-end=\"928\" \/>Al final del d\u00eda, el traslado le llevar\u00e1 c\u00f3modamente de regreso a Polignano o Bari.<\/p>\n<ul data-start=\"1013\" data-end=\"1221\">\n<li data-start=\"1013\" data-end=\"1082\">\n<p data-start=\"1015\" data-end=\"1082\" class=\" translation-block\"><strong>Salidas<\/strong>:<br data-start=\"1024\" data-end=\"1027\">\u2003\u2022 Desde Polignano a Mare a las 7:45<br data-start=\"1058\" data-end=\"1061\">\u2003\u2022 Desde Bari a las 8:45<\/p>\n<\/li>\n<li data-start=\"1084\" data-end=\"1221\">\n<p data-start=\"1086\" data-end=\"1221\" class=\" translation-block\"><strong>Regresos<\/strong>:<br data-start=\"1094\" data-end=\"1097\">\u2003\u2022 Fin del tour a las 17:30<br data-start=\"1119\" data-end=\"1122\">\u2003\u2022 Llegada estimada a Polignano a Mare alrededor de las 18:30<br data-start=\"1175\" data-end=\"1178\">\u2003\u2022 Llegada estimada a Bari alrededor de las 19:00<\/p>\n<\/li>\n<\/ul>\n<p data-start=\"1223\" data-end=\"1310\"><strong><em data-start=\"1223\" data-end=\"1310\">Nota: gli orari potrebbero subire variazioni, che saranno comunicate tempestivamente.<\/em><\/strong><\/p>\n<h3 data-start=\"1317\" data-end=\"1349\"><strong>\u26a0\ufe0f Cancelaci\u00f3n y condiciones<\/strong><\/h3>\n<p data-start=\"1351\" data-end=\"1559\">Puedes cancelar hasta 14 d\u00edas antes del tour y obtener un reembolso completo. Despu\u00e9s de esta fecha l\u00edmite, no se realizan reembolsos.<br data-start=\"1475\" data-end=\"1478\" \/>Las reservas est\u00e1n sujetas a un n\u00famero m\u00ednimo de participantes.<\/p>\n<h3 data-start=\"1566\" data-end=\"1606\"><strong>\ud83c\udf1fDescubre otras experiencias en Pugliamare<\/strong><\/h3>\n<p data-start=\"1608\" data-end=\"1876\" class=\" translation-block\">Para enriquecer tu viaje, descubre tambi\u00e9n otros tours y actividades de Pugliamare, como un <a href=\"https:\/\/pugliamare.it\/tipologia\/cruises\/\" target=\"_self\"><strong>tour en barco<\/strong><\/a>, <a href=\"https:\/\/pugliamare.it\/destinazioni\/bari\/\" target=\"_self\"><strong>visitas guiadas a los pueblos<\/strong><\/a> de Puglia y aut\u00e9nticas experiencias gastron\u00f3micas.<br data-start=\"1787\" data-end=\"1790\">Cada experiencia est\u00e1 pensada para ofrecerte lo mejor de Puglia con estilo y autenticidad.<\/p>\n<h3 data-start=\"1883\" data-end=\"1958\"><strong>Reserva ahora tu traslado con visita autoguiada a Alberobello y Matera.<\/strong><\/h3>\n<p data-start=\"1960\" data-end=\"2147\">Planifique sus vacaciones con nuestro c\u00f3modo y flexible servicio de traslado y una visita autoguiada a Alberobello y Matera. Reserve su plaza ahora y disfrute de un d\u00eda inolvidable lleno de historia, cultura y belleza natural.<\/p>\n<p data-start=\"2149\" data-end=\"2250\" class=\" translation-block\">Para informaci\u00f3n y asistencia, <a href=\"https:\/\/api.whatsapp.com\/send?phone=393668959532\" target=\"_self\">cont\u00e1ctanos<\/a>: el equipo de Pugliamare est\u00e1 a tu disposici\u00f3n para cualquier necesidad.<\/p>","protected":false},"excerpt":{"rendered":"<p>Con nuestro servicio de transfer podr\u00e1s visitar de forma independiente:<\/p>\n<ul>\n<li class=\" translation-block\"><strong>Matera, ciudad de los Sassi<\/strong>, la ciudad eterna, la Jerusal\u00e9n de Occidente y <em>Capital Europea de la Cultura 2019<\/em>.<\/li>\n<li class=\" translation-block\"><strong>Alberobello<\/strong>, la m\u00e1xima expresi\u00f3n de la cultura de Puglia en el mundo, un encanto de cuento que cautiva a los visitantes, parada obligatoria para quienes deciden pasar sus vacaciones en Puglia.<\/li>\n<\/ul>\n<p>Estos son los dos sitios declarados Patrimonio de la Humanidad por la UNESCO m\u00e1s importantes y visitados de Apulia, apreciados tanto por italianos como por extranjeros. Actualmente, son destinos muy populares que no se pueden perder en su recorrido por Apulia.<\/p>\n<p class=\" translation-block\">El <strong>traslado<\/strong> en minib\u00fas o autob\u00fas sale desde <strong>Polignano a Mare<\/strong> o desde <strong>Bari<\/strong>.<\/p>","protected":false},"featured_media":28093,"template":"","meta":{"_acf_changed":false,"inline_featured_image":false},"product_cat":[292,364],"product_tag":[290],"acf":[],"yoast_head":"<!-- This site is optimized with the Yoast SEO Premium plugin v22.8 (Yoast SEO v22.8) - https:\/\/yoast.com\/wordpress\/plugins\/seo\/ -->\n<title>Transfer con visita autonoma ad Alberobello e Matera | Pugliamare<\/title>\n<meta name=\"description\" content=\"Servizio transfer da Polignano e Bari con visita autonoma ad Alberobello e Matera, due mete UNESCO da esplorare liberamente in giornata.\" \/>\n<meta name=\"robots\" content=\"index, follow, max-snippet:-1, max-image-preview:large, max-video-preview:-1\" \/>\n<link rel=\"canonical\" href=\"https:\/\/pugliamare.it\/es\/esperienze\/alberobello-e-matera-in-autonomia-trasporto-da-polignano-a-mare-bari\/\" \/>\n<meta property=\"og:locale\" content=\"es_ES\" \/>\n<meta property=\"og:type\" content=\"article\" \/>\n<meta property=\"og:title\" content=\"Alberobello e Matera in autonomia - Transfer da Polignano a Mare e Bari\" \/>\n<meta property=\"og:description\" content=\"Servizio transfer da Polignano e Bari con visita autonoma ad Alberobello e Matera, due mete UNESCO da esplorare liberamente in giornata.\" \/>\n<meta property=\"og:url\" content=\"https:\/\/pugliamare.it\/es\/esperienze\/alberobello-e-matera-in-autonomia-trasporto-da-polignano-a-mare-bari\/\" \/>\n<meta property=\"og:site_name\" content=\"Pugliamare\" \/>\n<meta property=\"article:publisher\" content=\"https:\/\/www.facebook.com\/pugliamarexperience\" \/>\n<meta property=\"article:modified_time\" content=\"2026-03-09T15:20:45+00:00\" \/>\n<meta property=\"og:image\" content=\"https:\/\/pugliamare.it\/wp-content\/uploads\/2024\/09\/Transfer-per-Alberobello-e-Matera-2.jpg\" \/>\n\t<meta property=\"og:image:width\" content=\"1200\" \/>\n\t<meta property=\"og:image:height\" content=\"800\" \/>\n\t<meta property=\"og:image:type\" content=\"image\/jpeg\" \/>\n<meta name=\"twitter:card\" content=\"summary_large_image\" \/>\n<script type=\"application\/ld+json\" class=\"yoast-schema-graph\">{\"@context\":\"https:\/\/schema.org\",\"@graph\":[{\"@type\":\"WebPage\",\"@id\":\"https:\/\/pugliamare.it\/esperienze\/alberobello-e-matera-in-autonomia-trasporto-da-polignano-a-mare-bari\/\",\"url\":\"https:\/\/pugliamare.it\/esperienze\/alberobello-e-matera-in-autonomia-trasporto-da-polignano-a-mare-bari\/\",\"name\":\"Transfer con visita autonoma ad Alberobello e Matera | Pugliamare\",\"isPartOf\":{\"@id\":\"https:\/\/pugliamare.it\/en\/#website\"},\"primaryImageOfPage\":{\"@id\":\"https:\/\/pugliamare.it\/esperienze\/alberobello-e-matera-in-autonomia-trasporto-da-polignano-a-mare-bari\/#primaryimage\"},\"image\":{\"@id\":\"https:\/\/pugliamare.it\/esperienze\/alberobello-e-matera-in-autonomia-trasporto-da-polignano-a-mare-bari\/#primaryimage\"},\"thumbnailUrl\":\"https:\/\/pugliamare.it\/wp-content\/uploads\/2024\/09\/Transfer-per-Alberobello-e-Matera-2.jpg\",\"datePublished\":\"2024-09-11T07:38:17+00:00\",\"dateModified\":\"2026-03-09T15:20:45+00:00\",\"description\":\"Servizio transfer da Polignano e Bari con visita autonoma ad Alberobello e Matera, due mete UNESCO da esplorare liberamente in giornata.\",\"breadcrumb\":{\"@id\":\"https:\/\/pugliamare.it\/esperienze\/alberobello-e-matera-in-autonomia-trasporto-da-polignano-a-mare-bari\/#breadcrumb\"},\"inLanguage\":\"es\",\"potentialAction\":[{\"@type\":\"ReadAction\",\"target\":[\"https:\/\/pugliamare.it\/esperienze\/alberobello-e-matera-in-autonomia-trasporto-da-polignano-a-mare-bari\/\"]}]},{\"@type\":\"ImageObject\",\"inLanguage\":\"es\",\"@id\":\"https:\/\/pugliamare.it\/esperienze\/alberobello-e-matera-in-autonomia-trasporto-da-polignano-a-mare-bari\/#primaryimage\",\"url\":\"https:\/\/pugliamare.it\/wp-content\/uploads\/2024\/09\/Transfer-per-Alberobello-e-Matera-2.jpg\",\"contentUrl\":\"https:\/\/pugliamare.it\/wp-content\/uploads\/2024\/09\/Transfer-per-Alberobello-e-Matera-2.jpg\",\"width\":1200,\"height\":800,\"caption\":\"Transfer Alberobello e Matera\"},{\"@type\":\"BreadcrumbList\",\"@id\":\"https:\/\/pugliamare.it\/esperienze\/alberobello-e-matera-in-autonomia-trasporto-da-polignano-a-mare-bari\/#breadcrumb\",\"itemListElement\":[{\"@type\":\"ListItem\",\"position\":1,\"name\":\"Home\",\"item\":\"https:\/\/pugliamare.it\/\"},{\"@type\":\"ListItem\",\"position\":2,\"name\":\"Alberobello e Matera in autonomia &#8211; Transfer da Polignano a Mare e Bari\"}]},{\"@type\":\"WebSite\",\"@id\":\"https:\/\/pugliamare.it\/en\/#website\",\"url\":\"https:\/\/pugliamare.it\/en\/\",\"name\":\"Pugliamare\",\"description\":\"Esperienze, Soggiorni e Tour personalizzati in Puglia\",\"publisher\":{\"@id\":\"https:\/\/pugliamare.it\/en\/#organization\"},\"potentialAction\":[{\"@type\":\"SearchAction\",\"target\":{\"@type\":\"EntryPoint\",\"urlTemplate\":\"https:\/\/pugliamare.it\/en\/?s={search_term_string}\"},\"query-input\":\"required name=search_term_string\"}],\"inLanguage\":\"es\"},{\"@type\":\"Organization\",\"@id\":\"https:\/\/pugliamare.it\/en\/#organization\",\"name\":\"Pugliamare srl\",\"url\":\"https:\/\/pugliamare.it\/en\/\",\"logo\":{\"@type\":\"ImageObject\",\"inLanguage\":\"es\",\"@id\":\"https:\/\/pugliamare.it\/en\/#\/schema\/logo\/image\/\",\"url\":\"https:\/\/pugliamare.it\/wp-content\/uploads\/2021\/04\/cropped-cropped-Risorsa-2.png\",\"contentUrl\":\"https:\/\/pugliamare.it\/wp-content\/uploads\/2021\/04\/cropped-cropped-Risorsa-2.png\",\"width\":374,\"height\":117,\"caption\":\"Pugliamare srl\"},\"image\":{\"@id\":\"https:\/\/pugliamare.it\/en\/#\/schema\/logo\/image\/\"},\"sameAs\":[\"https:\/\/www.facebook.com\/pugliamarexperience\",\"https:\/\/www.instagram.com\/pugliamare\/\"]}]}<\/script>\n<!-- \/ Yoast SEO Premium plugin. -->","yoast_head_json":{"title":"Transfer con visita autonoma ad Alberobello e Matera | Pugliamare","description":"Servizio transfer da Polignano e Bari con visita autonoma ad Alberobello e Matera, due mete UNESCO da esplorare liberamente in giornata.","robots":{"index":"index","follow":"follow","max-snippet":"max-snippet:-1","max-image-preview":"max-image-preview:large","max-video-preview":"max-video-preview:-1"},"canonical":"https:\/\/pugliamare.it\/es\/esperienze\/alberobello-e-matera-in-autonomia-trasporto-da-polignano-a-mare-bari\/","og_locale":"es_ES","og_type":"article","og_title":"Alberobello e Matera in autonomia - Transfer da Polignano a Mare e Bari","og_description":"Servizio transfer da Polignano e Bari con visita autonoma ad Alberobello e Matera, due mete UNESCO da esplorare liberamente in giornata.","og_url":"https:\/\/pugliamare.it\/es\/esperienze\/alberobello-e-matera-in-autonomia-trasporto-da-polignano-a-mare-bari\/","og_site_name":"Pugliamare","article_publisher":"https:\/\/www.facebook.com\/pugliamarexperience","article_modified_time":"2026-03-09T15:20:45+00:00","og_image":[{"width":1200,"height":800,"url":"https:\/\/pugliamare.it\/wp-content\/uploads\/2024\/09\/Transfer-per-Alberobello-e-Matera-2.jpg","type":"image\/jpeg"}],"twitter_card":"summary_large_image","schema":{"@context":"https:\/\/schema.org","@graph":[{"@type":"WebPage","@id":"https:\/\/pugliamare.it\/esperienze\/alberobello-e-matera-in-autonomia-trasporto-da-polignano-a-mare-bari\/","url":"https:\/\/pugliamare.it\/esperienze\/alberobello-e-matera-in-autonomia-trasporto-da-polignano-a-mare-bari\/","name":"Transfer con visita autonoma ad Alberobello e Matera | Pugliamare","isPartOf":{"@id":"https:\/\/pugliamare.it\/en\/#website"},"primaryImageOfPage":{"@id":"https:\/\/pugliamare.it\/esperienze\/alberobello-e-matera-in-autonomia-trasporto-da-polignano-a-mare-bari\/#primaryimage"},"image":{"@id":"https:\/\/pugliamare.it\/esperienze\/alberobello-e-matera-in-autonomia-trasporto-da-polignano-a-mare-bari\/#primaryimage"},"thumbnailUrl":"https:\/\/pugliamare.it\/wp-content\/uploads\/2024\/09\/Transfer-per-Alberobello-e-Matera-2.jpg","datePublished":"2024-09-11T07:38:17+00:00","dateModified":"2026-03-09T15:20:45+00:00","description":"Servizio transfer da Polignano e Bari con visita autonoma ad Alberobello e Matera, due mete UNESCO da esplorare liberamente in giornata.","breadcrumb":{"@id":"https:\/\/pugliamare.it\/esperienze\/alberobello-e-matera-in-autonomia-trasporto-da-polignano-a-mare-bari\/#breadcrumb"},"inLanguage":"es","potentialAction":[{"@type":"ReadAction","target":["https:\/\/pugliamare.it\/esperienze\/alberobello-e-matera-in-autonomia-trasporto-da-polignano-a-mare-bari\/"]}]},{"@type":"ImageObject","inLanguage":"es","@id":"https:\/\/pugliamare.it\/esperienze\/alberobello-e-matera-in-autonomia-trasporto-da-polignano-a-mare-bari\/#primaryimage","url":"https:\/\/pugliamare.it\/wp-content\/uploads\/2024\/09\/Transfer-per-Alberobello-e-Matera-2.jpg","contentUrl":"https:\/\/pugliamare.it\/wp-content\/uploads\/2024\/09\/Transfer-per-Alberobello-e-Matera-2.jpg","width":1200,"height":800,"caption":"Transfer Alberobello e Matera"},{"@type":"BreadcrumbList","@id":"https:\/\/pugliamare.it\/esperienze\/alberobello-e-matera-in-autonomia-trasporto-da-polignano-a-mare-bari\/#breadcrumb","itemListElement":[{"@type":"ListItem","position":1,"name":"Home","item":"https:\/\/pugliamare.it\/"},{"@type":"ListItem","position":2,"name":"Alberobello e Matera in autonomia &#8211; Transfer da Polignano a Mare e Bari"}]},{"@type":"WebSite","@id":"https:\/\/pugliamare.it\/en\/#website","url":"https:\/\/pugliamare.it\/en\/","name":"Pugliamare","description":"Esperienze, Soggiorni e Tour personalizzati in Puglia","publisher":{"@id":"https:\/\/pugliamare.it\/en\/#organization"},"potentialAction":[{"@type":"SearchAction","target":{"@type":"EntryPoint","urlTemplate":"https:\/\/pugliamare.it\/en\/?s={search_term_string}"},"query-input":"required name=search_term_string"}],"inLanguage":"es"},{"@type":"Organization","@id":"https:\/\/pugliamare.it\/en\/#organization","name":"Pugliamare srl","url":"https:\/\/pugliamare.it\/en\/","logo":{"@type":"ImageObject","inLanguage":"es","@id":"https:\/\/pugliamare.it\/en\/#\/schema\/logo\/image\/","url":"https:\/\/pugliamare.it\/wp-content\/uploads\/2021\/04\/cropped-cropped-Risorsa-2.png","contentUrl":"https:\/\/pugliamare.it\/wp-content\/uploads\/2021\/04\/cropped-cropped-Risorsa-2.png","width":374,"height":117,"caption":"Pugliamare srl"},"image":{"@id":"https:\/\/pugliamare.it\/en\/#\/schema\/logo\/image\/"},"sameAs":["https:\/\/www.facebook.com\/pugliamarexperience","https:\/\/www.instagram.com\/pugliamare\/"]}]}},"_links":{"self":[{"href":"https:\/\/pugliamare.it\/es\/wp-json\/wp\/v2\/product\/28011"}],"collection":[{"href":"https:\/\/pugliamare.it\/es\/wp-json\/wp\/v2\/product"}],"about":[{"href":"https:\/\/pugliamare.it\/es\/wp-json\/wp\/v2\/types\/product"}],"version-history":[{"count":12,"href":"https:\/\/pugliamare.it\/es\/wp-json\/wp\/v2\/product\/28011\/revisions"}],"predecessor-version":[{"id":33359,"href":"https:\/\/pugliamare.it\/es\/wp-json\/wp\/v2\/product\/28011\/revisions\/33359"}],"wp:featuredmedia":[{"embeddable":true,"href":"https:\/\/pugliamare.it\/es\/wp-json\/wp\/v2\/media\/28093"}],"wp:attachment":[{"href":"https:\/\/pugliamare.it\/es\/wp-json\/wp\/v2\/media?parent=28011"}],"wp:term":[{"taxonomy":"product_cat","embeddable":true,"href":"https:\/\/pugliamare.it\/es\/wp-json\/wp\/v2\/product_cat?post=28011"},{"taxonomy":"product_tag","embeddable":true,"href":"https:\/\/pugliamare.it\/es\/wp-json\/wp\/v2\/product_tag?post=28011"}],"curies":[{"name":"wp","href":"https:\/\/api.w.org\/{rel}","templated":true}]}}