{"id":28950,"date":"2024-10-08T17:32:17","date_gmt":"2024-10-08T15:32:17","guid":{"rendered":"https:\/\/pugliamare.it\/?post_type=product&#038;p=28950"},"modified":"2025-09-05T11:29:59","modified_gmt":"2025-09-05T09:29:59","slug":"picnic-tra-le-campagne-di-conversano","status":"publish","type":"product","link":"https:\/\/pugliamare.it\/es\/esperienze\/picnic-tra-le-campagne-di-conversano\/","title":{"rendered":"Picnic nelle campagne di Conversano &#8211; Degustazione prodotti tipici e vino locale"},"content":{"rendered":"<h1 data-start=\"137\" data-end=\"225\"><strong>Picnic en la campi\u00f1a de Conversano: degustaci\u00f3n de productos t\u00edpicos y vino local<\/strong><\/h1>\n<p data-start=\"227\" data-end=\"623\" class=\" translation-block\">Vive una experiencia aut\u00e9ntica con un <strong data-start=\"263\" data-end=\"302\">picnic en el campo de Conversano<\/strong>, rodeado de olivares centenarios y sugestivos trulli.<br data-start=\"353\" data-end=\"356\">Degusta una selecci\u00f3n de <strong data-start=\"382\" data-end=\"410\">productos t\u00edpicos de Puglia<\/strong>, acompa\u00f1ados de vino local y refrescos, en una atm\u00f3sfera m\u00e1gica de naturaleza y relax.<br data-start=\"503\" data-end=\"506\">Perfecto para parejas, familias o grupos que deseen unir sabor, cultura y naturaleza en una experiencia inolvidable.<\/p>\n<h3 data-start=\"630\" data-end=\"681\"><strong>\ud83e\uded2 Un viaje a trav\u00e9s de los aut\u00e9nticos sabores de Puglia<\/strong><\/h3>\n<p data-start=\"683\" data-end=\"1039\" class=\" translation-block\">Disfruta de <strong>pan casero<\/strong>, <strong>quesos locales<\/strong>, <strong>embutidos artesanales<\/strong>, <strong>conservas<\/strong>, <strong>fruta de temporada<\/strong> y <strong>dulces tradicionales<\/strong>, todo acompa\u00f1ado de vinos locales seleccionados y bebidas refrescantes.<br data-start=\"872\" data-end=\"875\">Esta degustaci\u00f3n narrada te har\u00e1 descubrir la tradici\u00f3n culinaria de Puglia de una manera relajante y envolvente, rodeado de los aromas y sonidos de la naturaleza.<\/p>\n<h3 data-start=\"1046\" data-end=\"1096\"><strong>\ud83c\udf3f Rel\u00e1jate y disfruta de un ambiente m\u00e1gico entre olivos y trulli.<\/strong><\/h3>\n<p data-start=\"1098\" data-end=\"1425\" class=\" translation-block\">El <strong data-start=\"1101\" data-end=\"1140\">picnic en el campo de Conversano<\/strong> est\u00e1 dise\u00f1ado para regalarte momentos de pura tranquilidad y descubrimiento, lejos del bullicio, inmerso en un paisaje \u00fanico y aut\u00e9ntico.<br data-start=\"1266\" data-end=\"1269\">Apto para parejas, familias y grupos, es la ocasi\u00f3n perfecta para redescubrir el placer de la simplicidad y la convivencia en un entorno rural encantador.<\/p>\n<h3 data-start=\"1432\" data-end=\"1478\"><strong>\ud83d\udcdd Notas importantes e informaci\u00f3n pr\u00e1ctica<\/strong><\/h3>\n<ul data-start=\"1480\" data-end=\"1930\">\n<li data-start=\"1480\" data-end=\"1622\">\n<p data-start=\"1482\" data-end=\"1622\">Por favor, informe cualquier alergia o intolerancia alimentaria al hacer la reserva para garantizar una experiencia personalizada y segura.<\/p>\n<\/li>\n<li data-start=\"1623\" data-end=\"1792\">\n<p data-start=\"1625\" data-end=\"1792\">Las reservas est\u00e1n sujetas a un m\u00ednimo de 4 participantes. Pugliamare se reserva el derecho de cancelar la reserva si no se alcanza este n\u00famero.<\/p>\n<\/li>\n<\/ul>\n<h3 data-start=\"1937\" data-end=\"2002\"><strong>Prenota subito il tuo picnic nelle campagne di Conversano<\/strong><\/h3>\n<p data-start=\"2004\" data-end=\"2221\" class=\" translation-block\">No pierdas la oportunidad de vivir una experiencia aut\u00e9ntica entre los sabores, la naturaleza y la cultura de Puglia. Si deseas enriquecer a\u00fan m\u00e1s tu viaje, puedes combinar este picnic inmerso en la naturaleza con una <strong><a href=\"https:\/\/pugliamare.it\/esperienze\/vespa-tour-borghi-e-grotte-polignano-monopoli-alberobello-castellana-grotte\/\" target=\"_self\">experiencia en Vespa<\/a><\/strong> por los pueblos hist\u00f3ricos, o d\u00e9jate seducir por una atractiva <strong><a href=\"https:\/\/pugliamare.it\/esperienze\/lezione-di-cucina-pugliese-a-polignano-a-mare-cena\/\" target=\"_self\">clase de cocina tradicional pugliese<\/a><\/strong>.<\/p>\n<p data-start=\"2004\" data-end=\"2221\" class=\" translation-block\">Reserva ahora tu <strong data-start=\"2122\" data-end=\"2161\">picnic en el campo de Conversano<\/strong> y ll\u00e9vate a casa recuerdos inolvidables de sabor y belleza.<\/p>\n<p class=\" translation-block\">Para informaci\u00f3n o solicitudes, visita nuestro <a href=\"https:\/\/pugliamare.it\/\" target=\"_self\">sitio web<\/a> o <a href=\"https:\/\/api.whatsapp.com\/send?phone=393668959532\" target=\"_self\">cont\u00e1ctanos<\/a> \ud83d\udcde. Estamos disponibles para ayudarte a planificar tu experiencia.<\/p>","protected":false},"excerpt":{"rendered":"<p class=\" translation-block\">Vive una experiencia aut\u00e9ntica con un <strong data-start=\"498\" data-end=\"537\">picnic en el campo de Conversano<\/strong>, inmerso entre olivares y sugestivos trulli. Degusta una selecci\u00f3n de <strong data-start=\"608\" data-end=\"636\">productos t\u00edpicos de Puglia<\/strong>, acompa\u00f1ados de vino local y refrescos, en una atm\u00f3sfera m\u00e1gica de naturaleza y relax.<br data-start=\"721\" data-end=\"724\">Perfecto para parejas, familias o grupos que deseen unir sabor, cultura y naturaleza en una experiencia inolvidable.<\/p>","protected":false},"featured_media":31204,"template":"","meta":{"_acf_changed":false,"inline_featured_image":false},"product_cat":[293],"product_tag":[290],"acf":[],"yoast_head":"<!-- This site is optimized with the Yoast SEO Premium plugin v22.8 (Yoast SEO v22.8) - https:\/\/yoast.com\/wordpress\/plugins\/seo\/ -->\n<title>Picnic nelle campagne di Conversano: degustazione prodotti tipici | Pugliamare<\/title>\n<meta name=\"description\" content=\"Vivi un picnic autentico tra gli uliveti di Conversano con degustazione di prodotti tipici pugliesi e vino locale, immerso nella natura e tradizione.\" \/>\n<meta name=\"robots\" content=\"index, follow, max-snippet:-1, max-image-preview:large, max-video-preview:-1\" \/>\n<link rel=\"canonical\" href=\"https:\/\/pugliamare.it\/es\/esperienze\/picnic-tra-le-campagne-di-conversano\/\" \/>\n<meta property=\"og:locale\" content=\"es_ES\" \/>\n<meta property=\"og:type\" content=\"article\" \/>\n<meta property=\"og:title\" content=\"Picnic nelle campagne di Conversano - Degustazione prodotti tipici e vino locale\" \/>\n<meta property=\"og:description\" content=\"Vivi un picnic autentico tra gli uliveti di Conversano con degustazione di prodotti tipici pugliesi e vino locale, immerso nella natura e tradizione.\" \/>\n<meta property=\"og:url\" content=\"https:\/\/pugliamare.it\/es\/esperienze\/picnic-tra-le-campagne-di-conversano\/\" \/>\n<meta property=\"og:site_name\" content=\"Pugliamare\" \/>\n<meta property=\"article:publisher\" content=\"https:\/\/www.facebook.com\/pugliamarexperience\" \/>\n<meta property=\"article:modified_time\" content=\"2025-09-05T09:29:59+00:00\" \/>\n<meta property=\"og:image\" content=\"https:\/\/pugliamare.it\/wp-content\/uploads\/2024\/10\/1746011513727-1-1-1.jpg\" \/>\n\t<meta property=\"og:image:width\" content=\"431\" \/>\n\t<meta property=\"og:image:height\" content=\"765\" \/>\n\t<meta property=\"og:image:type\" content=\"image\/jpeg\" \/>\n<meta name=\"twitter:card\" content=\"summary_large_image\" \/>\n<script type=\"application\/ld+json\" class=\"yoast-schema-graph\">{\"@context\":\"https:\/\/schema.org\",\"@graph\":[{\"@type\":\"WebPage\",\"@id\":\"https:\/\/pugliamare.it\/esperienze\/picnic-tra-le-campagne-di-conversano\/\",\"url\":\"https:\/\/pugliamare.it\/esperienze\/picnic-tra-le-campagne-di-conversano\/\",\"name\":\"Picnic nelle campagne di Conversano: degustazione prodotti tipici | Pugliamare\",\"isPartOf\":{\"@id\":\"https:\/\/pugliamare.it\/en\/#website\"},\"primaryImageOfPage\":{\"@id\":\"https:\/\/pugliamare.it\/esperienze\/picnic-tra-le-campagne-di-conversano\/#primaryimage\"},\"image\":{\"@id\":\"https:\/\/pugliamare.it\/esperienze\/picnic-tra-le-campagne-di-conversano\/#primaryimage\"},\"thumbnailUrl\":\"https:\/\/pugliamare.it\/wp-content\/uploads\/2024\/10\/1746011513727-1-1-1.jpg\",\"datePublished\":\"2024-10-08T15:32:17+00:00\",\"dateModified\":\"2025-09-05T09:29:59+00:00\",\"description\":\"Vivi un picnic autentico tra gli uliveti di Conversano con degustazione di prodotti tipici pugliesi e vino locale, immerso nella natura e tradizione.\",\"breadcrumb\":{\"@id\":\"https:\/\/pugliamare.it\/esperienze\/picnic-tra-le-campagne-di-conversano\/#breadcrumb\"},\"inLanguage\":\"es\",\"potentialAction\":[{\"@type\":\"ReadAction\",\"target\":[\"https:\/\/pugliamare.it\/esperienze\/picnic-tra-le-campagne-di-conversano\/\"]}]},{\"@type\":\"ImageObject\",\"inLanguage\":\"es\",\"@id\":\"https:\/\/pugliamare.it\/esperienze\/picnic-tra-le-campagne-di-conversano\/#primaryimage\",\"url\":\"https:\/\/pugliamare.it\/wp-content\/uploads\/2024\/10\/1746011513727-1-1-1.jpg\",\"contentUrl\":\"https:\/\/pugliamare.it\/wp-content\/uploads\/2024\/10\/1746011513727-1-1-1.jpg\",\"width\":431,\"height\":765,\"caption\":\"Allestimento picnic in un uliveto: lungo tavolo basso su teli e cuscini, decorato con vasetti di terracotta, bottiglie di vetro verde e centrotavola di piante, su prato erboso sotto gli ulivi\"},{\"@type\":\"BreadcrumbList\",\"@id\":\"https:\/\/pugliamare.it\/esperienze\/picnic-tra-le-campagne-di-conversano\/#breadcrumb\",\"itemListElement\":[{\"@type\":\"ListItem\",\"position\":1,\"name\":\"Home\",\"item\":\"https:\/\/pugliamare.it\/\"},{\"@type\":\"ListItem\",\"position\":2,\"name\":\"Picnic nelle campagne di Conversano &#8211; Degustazione prodotti tipici e vino locale\"}]},{\"@type\":\"WebSite\",\"@id\":\"https:\/\/pugliamare.it\/en\/#website\",\"url\":\"https:\/\/pugliamare.it\/en\/\",\"name\":\"Pugliamare\",\"description\":\"Esperienze, Soggiorni e Tour personalizzati in Puglia\",\"publisher\":{\"@id\":\"https:\/\/pugliamare.it\/en\/#organization\"},\"potentialAction\":[{\"@type\":\"SearchAction\",\"target\":{\"@type\":\"EntryPoint\",\"urlTemplate\":\"https:\/\/pugliamare.it\/en\/?s={search_term_string}\"},\"query-input\":\"required name=search_term_string\"}],\"inLanguage\":\"es\"},{\"@type\":\"Organization\",\"@id\":\"https:\/\/pugliamare.it\/en\/#organization\",\"name\":\"Pugliamare srl\",\"url\":\"https:\/\/pugliamare.it\/en\/\",\"logo\":{\"@type\":\"ImageObject\",\"inLanguage\":\"es\",\"@id\":\"https:\/\/pugliamare.it\/en\/#\/schema\/logo\/image\/\",\"url\":\"https:\/\/pugliamare.it\/wp-content\/uploads\/2021\/04\/cropped-cropped-Risorsa-2.png\",\"contentUrl\":\"https:\/\/pugliamare.it\/wp-content\/uploads\/2021\/04\/cropped-cropped-Risorsa-2.png\",\"width\":374,\"height\":117,\"caption\":\"Pugliamare srl\"},\"image\":{\"@id\":\"https:\/\/pugliamare.it\/en\/#\/schema\/logo\/image\/\"},\"sameAs\":[\"https:\/\/www.facebook.com\/pugliamarexperience\",\"https:\/\/www.instagram.com\/pugliamare\/\"]}]}<\/script>\n<!-- \/ Yoast SEO Premium plugin. -->","yoast_head_json":{"title":"Picnic nelle campagne di Conversano: degustazione prodotti tipici | Pugliamare","description":"Vivi un picnic autentico tra gli uliveti di Conversano con degustazione di prodotti tipici pugliesi e vino locale, immerso nella natura e tradizione.","robots":{"index":"index","follow":"follow","max-snippet":"max-snippet:-1","max-image-preview":"max-image-preview:large","max-video-preview":"max-video-preview:-1"},"canonical":"https:\/\/pugliamare.it\/es\/esperienze\/picnic-tra-le-campagne-di-conversano\/","og_locale":"es_ES","og_type":"article","og_title":"Picnic nelle campagne di Conversano - Degustazione prodotti tipici e vino locale","og_description":"Vivi un picnic autentico tra gli uliveti di Conversano con degustazione di prodotti tipici pugliesi e vino locale, immerso nella natura e tradizione.","og_url":"https:\/\/pugliamare.it\/es\/esperienze\/picnic-tra-le-campagne-di-conversano\/","og_site_name":"Pugliamare","article_publisher":"https:\/\/www.facebook.com\/pugliamarexperience","article_modified_time":"2025-09-05T09:29:59+00:00","og_image":[{"width":431,"height":765,"url":"https:\/\/pugliamare.it\/wp-content\/uploads\/2024\/10\/1746011513727-1-1-1.jpg","type":"image\/jpeg"}],"twitter_card":"summary_large_image","schema":{"@context":"https:\/\/schema.org","@graph":[{"@type":"WebPage","@id":"https:\/\/pugliamare.it\/esperienze\/picnic-tra-le-campagne-di-conversano\/","url":"https:\/\/pugliamare.it\/esperienze\/picnic-tra-le-campagne-di-conversano\/","name":"Picnic nelle campagne di Conversano: degustazione prodotti tipici | Pugliamare","isPartOf":{"@id":"https:\/\/pugliamare.it\/en\/#website"},"primaryImageOfPage":{"@id":"https:\/\/pugliamare.it\/esperienze\/picnic-tra-le-campagne-di-conversano\/#primaryimage"},"image":{"@id":"https:\/\/pugliamare.it\/esperienze\/picnic-tra-le-campagne-di-conversano\/#primaryimage"},"thumbnailUrl":"https:\/\/pugliamare.it\/wp-content\/uploads\/2024\/10\/1746011513727-1-1-1.jpg","datePublished":"2024-10-08T15:32:17+00:00","dateModified":"2025-09-05T09:29:59+00:00","description":"Vivi un picnic autentico tra gli uliveti di Conversano con degustazione di prodotti tipici pugliesi e vino locale, immerso nella natura e tradizione.","breadcrumb":{"@id":"https:\/\/pugliamare.it\/esperienze\/picnic-tra-le-campagne-di-conversano\/#breadcrumb"},"inLanguage":"es","potentialAction":[{"@type":"ReadAction","target":["https:\/\/pugliamare.it\/esperienze\/picnic-tra-le-campagne-di-conversano\/"]}]},{"@type":"ImageObject","inLanguage":"es","@id":"https:\/\/pugliamare.it\/esperienze\/picnic-tra-le-campagne-di-conversano\/#primaryimage","url":"https:\/\/pugliamare.it\/wp-content\/uploads\/2024\/10\/1746011513727-1-1-1.jpg","contentUrl":"https:\/\/pugliamare.it\/wp-content\/uploads\/2024\/10\/1746011513727-1-1-1.jpg","width":431,"height":765,"caption":"Allestimento picnic in un uliveto: lungo tavolo basso su teli e cuscini, decorato con vasetti di terracotta, bottiglie di vetro verde e centrotavola di piante, su prato erboso sotto gli ulivi"},{"@type":"BreadcrumbList","@id":"https:\/\/pugliamare.it\/esperienze\/picnic-tra-le-campagne-di-conversano\/#breadcrumb","itemListElement":[{"@type":"ListItem","position":1,"name":"Home","item":"https:\/\/pugliamare.it\/"},{"@type":"ListItem","position":2,"name":"Picnic nelle campagne di Conversano &#8211; Degustazione prodotti tipici e vino locale"}]},{"@type":"WebSite","@id":"https:\/\/pugliamare.it\/en\/#website","url":"https:\/\/pugliamare.it\/en\/","name":"Pugliamare","description":"Esperienze, Soggiorni e Tour personalizzati in Puglia","publisher":{"@id":"https:\/\/pugliamare.it\/en\/#organization"},"potentialAction":[{"@type":"SearchAction","target":{"@type":"EntryPoint","urlTemplate":"https:\/\/pugliamare.it\/en\/?s={search_term_string}"},"query-input":"required name=search_term_string"}],"inLanguage":"es"},{"@type":"Organization","@id":"https:\/\/pugliamare.it\/en\/#organization","name":"Pugliamare srl","url":"https:\/\/pugliamare.it\/en\/","logo":{"@type":"ImageObject","inLanguage":"es","@id":"https:\/\/pugliamare.it\/en\/#\/schema\/logo\/image\/","url":"https:\/\/pugliamare.it\/wp-content\/uploads\/2021\/04\/cropped-cropped-Risorsa-2.png","contentUrl":"https:\/\/pugliamare.it\/wp-content\/uploads\/2021\/04\/cropped-cropped-Risorsa-2.png","width":374,"height":117,"caption":"Pugliamare srl"},"image":{"@id":"https:\/\/pugliamare.it\/en\/#\/schema\/logo\/image\/"},"sameAs":["https:\/\/www.facebook.com\/pugliamarexperience","https:\/\/www.instagram.com\/pugliamare\/"]}]}},"_links":{"self":[{"href":"https:\/\/pugliamare.it\/es\/wp-json\/wp\/v2\/product\/28950"}],"collection":[{"href":"https:\/\/pugliamare.it\/es\/wp-json\/wp\/v2\/product"}],"about":[{"href":"https:\/\/pugliamare.it\/es\/wp-json\/wp\/v2\/types\/product"}],"version-history":[{"count":16,"href":"https:\/\/pugliamare.it\/es\/wp-json\/wp\/v2\/product\/28950\/revisions"}],"predecessor-version":[{"id":33396,"href":"https:\/\/pugliamare.it\/es\/wp-json\/wp\/v2\/product\/28950\/revisions\/33396"}],"wp:featuredmedia":[{"embeddable":true,"href":"https:\/\/pugliamare.it\/es\/wp-json\/wp\/v2\/media\/31204"}],"wp:attachment":[{"href":"https:\/\/pugliamare.it\/es\/wp-json\/wp\/v2\/media?parent=28950"}],"wp:term":[{"taxonomy":"product_cat","embeddable":true,"href":"https:\/\/pugliamare.it\/es\/wp-json\/wp\/v2\/product_cat?post=28950"},{"taxonomy":"product_tag","embeddable":true,"href":"https:\/\/pugliamare.it\/es\/wp-json\/wp\/v2\/product_tag?post=28950"}],"curies":[{"name":"wp","href":"https:\/\/api.w.org\/{rel}","templated":true}]}}