{"id":29021,"date":"2024-10-12T19:34:39","date_gmt":"2024-10-12T17:34:39","guid":{"rendered":"https:\/\/pugliamare.it\/?post_type=product&#038;p=29021"},"modified":"2025-07-14T10:14:26","modified_gmt":"2025-07-14T08:14:26","slug":"degustazione-tra-i-trulli-a-conversano","status":"publish","type":"product","link":"https:\/\/pugliamare.it\/es\/esperienze\/degustazione-tra-i-trulli-a-conversano\/","title":{"rendered":"Degustaci\u00f3n entre los Trulli en Conversano: aceite de oliva virgen extra y sabores aut\u00e9nticos"},"content":{"rendered":"<h1 data-start=\"137\" data-end=\"222\"><strong>Degustaci\u00f3n entre los Trulli: una aventura sensorial en la campi\u00f1a de Conversano<\/strong><\/h1>\n<p data-start=\"224\" data-end=\"571\" class=\" translation-block\">Ven a vivir una <strong data-start=\"243\" data-end=\"288\">degustaci\u00f3n de aceite de oliva virgen extra<\/strong> \u00fanica, entre los caracter\u00edsticos trulli puglieses inmersos en el verde campi\u00f1a de <strong data-start=\"243\" data-end=\"288\"><a href=\"https:\/\/pugliamare.it\/destinazioni\/conversano\/\" target=\"_self\">Conversano<\/a><\/strong>.<br data-start=\"383\" data-end=\"386\">Esta experiencia te har\u00e1 descubrir los sabores aut\u00e9nticos de Puglia, uniendo la tradici\u00f3n olivarera con platos locales t\u00edpicos, en un entorno natural y cultural de belleza extraordinaria.<\/p>\n<h3 data-start=\"578\" data-end=\"627\"><strong>\ud83e\uded2 Una inmersi\u00f3n en el sabor y la tradici\u00f3n<\/strong><\/h3>\n<p data-start=\"629\" data-end=\"1074\" class=\" translation-block\">Participa en nuestra cata narrada de aceite en la sombra de los trulli, rodeado de olivares centenarios.<br data-start=\"717\" data-end=\"720\">Degusta una selecci\u00f3n de <strong data-start=\"746\" data-end=\"787\">tres aceites de oliva virgen extra puglieses cuidadosamente seleccionados<\/strong>, acompa\u00f1ados de productos t\u00edpicos de la cocina de Puglia que realzan las caracter\u00edsticas organol\u00e9pticas de cada aceite.<br data-start=\"922\" data-end=\"925\">Durante la experiencia, profundizar\u00e1s en el arte de maridar el aceite con sabores locales y aprender\u00e1s a reconocer las peculiaridades de cada variedad.<\/p>\n<h3 data-start=\"1081\" data-end=\"1113\"><strong>\ud83c\udfdb\ufe0f Cultura, historia y naturaleza<\/strong><\/h3>\n<p data-start=\"1115\" data-end=\"1561\" class=\" translation-block\">Descubre el proceso de cultivo y recolecci\u00f3n del <strong>aceite de oliva virgen extra<\/strong> de la mano de expertos del sector, que te guiar\u00e1n a trav\u00e9s de la milenaria historia de la producci\u00f3n olivarera de Puglia.<br data-start=\"1300\" data-end=\"1303\">Visitar\u00e1s los <strong>trulli<\/strong>, antiguas construcciones de piedra seca, patrimonio cultural de la regi\u00f3n, y conocer\u00e1s su significado hist\u00f3rico y arquitect\u00f3nico.<br data-start=\"1454\" data-end=\"1457\">La degustaci\u00f3n se realiza en <strong>italiano<\/strong>, <strong>ingl\u00e9s<\/strong> o <strong>franc\u00e9s<\/strong>, para una experiencia accesible y envolvente.<\/p>\n<h3 data-start=\"1568\" data-end=\"1596\"><strong>\ud83d\udcc5 Informaci\u00f3n pr\u00e1ctica<\/strong><\/h3>\n<ul data-start=\"1598\" data-end=\"1873\">\n<li data-start=\"1598\" data-end=\"1631\">\n<p data-start=\"1600\" data-end=\"1631\" class=\" translation-block\"><strong>Duraci\u00f3n<\/strong>: 1 hora y 30 minutos<\/p>\n<\/li>\n<li data-start=\"1632\" data-end=\"1712\">\n<p data-start=\"1634\" data-end=\"1712\" class=\" translation-block\"><strong data-start=\"1634\" data-end=\"1654\">Periodo y horarios:<\/strong> flexibles, a acordar al realizar la reserva<\/p>\n<\/li>\n<li data-start=\"1713\" data-end=\"1768\">\n<p data-start=\"1715\" data-end=\"1768\" class=\" translation-block\"><strong data-start=\"1715\" data-end=\"1738\">Idiomas disponibles:<\/strong> italiano, ingl\u00e9s, franc\u00e9s<\/p>\n<\/li>\n<li data-start=\"1769\" data-end=\"1853\">\n<p data-start=\"1771\" data-end=\"1853\" class=\" translation-block\"><strong data-start=\"1771\" data-end=\"1784\">Actividad:<\/strong> cata narrada con visita a los trulli y terrenos circundantes<\/p>\n<\/li>\n<li data-start=\"1854\" data-end=\"1873\">\n<p data-start=\"1856\" data-end=\"1873\"><strong data-start=\"1856\" data-end=\"1867\"><strong>Precio:<\/strong><\/strong> 40\u20ac<\/p>\n<\/li>\n<\/ul>\n<h3 data-start=\"1880\" data-end=\"1917\"><strong>\ud83e\uddfaQu\u00e9 incluye la degustaci\u00f3n?<\/strong><\/h3>\n<ul data-start=\"1919\" data-end=\"2136\">\n<li data-start=\"1919\" data-end=\"1993\">\n<p data-start=\"1921\" data-end=\"1993\" class=\" translation-block\">Selecci\u00f3n de <strong data-start=\"1934\" data-end=\"1966\">tres aceites de oliva virgen extra puglieses de alta calidad<\/strong><\/p>\n<\/li>\n<li data-start=\"1994\" data-end=\"2060\">\n<p data-start=\"1996\" data-end=\"2060\" class=\" translation-block\"><strong>Productos t\u00edpicos<\/strong> locales en combinaci\u00f3n para realzar cada sabor<\/p>\n<\/li>\n<li data-start=\"2061\" data-end=\"2136\">\n<p data-start=\"2063\" data-end=\"2136\" class=\" translation-block\"><strong>Gu\u00eda<\/strong> experta y relatos sobre la producci\u00f3n de aceite de oliva y las tradiciones locales<\/p>\n<\/li>\n<\/ul>\n<p data-start=\"2138\" data-end=\"2296\"><em data-start=\"2138\" data-end=\"2296\">Le recomendamos que informe de cualquier alergia o intolerancia alimentaria en el momento de la reserva para garantizar una experiencia m\u00e1s personalizada.<\/em><\/p>\n<h3 data-start=\"2303\" data-end=\"2368\"><strong>Reserva ahora tu degustaci\u00f3n entre los Trulli de Conversano.<\/strong><\/h3>\n<p data-start=\"2370\" data-end=\"2558\">Disfrute de una experiencia aut\u00e9ntica e inolvidable en el coraz\u00f3n de Apulia, rodeado de sabores, historia y naturaleza. Descubra los secretos del aceite de oliva virgen extra y d\u00e9jese cautivar por la magia de los trulli con nuestra cata entre los trulli de Conversano.<\/p>\n<p data-start=\"2560\" data-end=\"2759\" class=\" translation-block\">Para informaci\u00f3n, disponibilidad o solicitudes personalizadas, visita nuestro <a href=\"https:\/\/pugliamare.it\/\" target=\"_self\">sitio web<\/a> o <a href=\"https:\/\/api.whatsapp.com\/send?phone=393668959532\" target=\"_self\">cont\u00e1ctanos<\/a> directamente. El equipo de Pugliamare siempre est\u00e1 listo para ayudarte a planificar tu experiencia perfecta.<\/p>","protected":false},"excerpt":{"rendered":"<p class=\" translation-block\">\u00danete a nosotros para una <strong data-start=\"464\" data-end=\"532\">degustaci\u00f3n aut\u00e9ntica entre los trulli del campo de Conversano<\/strong>, inmerso en un paisaje de olivares centenarios y tradiciones milenarias.<br class=\"yoast-text-mark\" data-start=\"600\">Descubre el mundo del <strong data-start=\"624\" data-end=\"662\">aceite de oliva virgen extra de Puglia<\/strong>, degusta platos t\u00edpicos preparados con ingredientes frescos y de temporada, y vive una experiencia \u00fanica entre naturaleza, cultura y gastronom\u00eda local.<br data-start=\"803\" data-end=\"806\">Perfecto para los amantes del sabor, la historia y las atm\u00f3sferas genuinas de Puglia.<\/p>","protected":false},"featured_media":29024,"template":"","meta":{"_acf_changed":false,"inline_featured_image":false},"product_cat":[293],"product_tag":[321],"acf":[],"yoast_head":"<!-- This site is optimized with the Yoast SEO Premium plugin v22.8 (Yoast SEO v22.8) - https:\/\/yoast.com\/wordpress\/plugins\/seo\/ -->\n<title>Degustazione olio extravergine a Conversano tra i Trulli | Pugliamare<\/title>\n<meta name=\"description\" content=\"Partecipa a una degustazione autentica di olio extravergine tra i trulli di Conversano. Vivi sapori, tradizioni e natura pugliese in un\u2019esperienza unica.\" \/>\n<meta name=\"robots\" content=\"index, follow, max-snippet:-1, max-image-preview:large, max-video-preview:-1\" \/>\n<link rel=\"canonical\" href=\"https:\/\/pugliamare.it\/es\/esperienze\/degustazione-tra-i-trulli-a-conversano\/\" \/>\n<meta property=\"og:locale\" content=\"es_ES\" \/>\n<meta property=\"og:type\" content=\"article\" \/>\n<meta property=\"og:title\" content=\"Degustazione tra i Trulli a Conversano: olio extravergine e sapori autentici\" \/>\n<meta property=\"og:description\" content=\"Partecipa a una degustazione autentica di olio extravergine tra i trulli di Conversano. Vivi sapori, tradizioni e natura pugliese in un\u2019esperienza unica.\" \/>\n<meta property=\"og:url\" content=\"https:\/\/pugliamare.it\/es\/esperienze\/degustazione-tra-i-trulli-a-conversano\/\" \/>\n<meta property=\"og:site_name\" content=\"Pugliamare\" \/>\n<meta property=\"article:publisher\" content=\"https:\/\/www.facebook.com\/pugliamarexperience\" \/>\n<meta property=\"article:modified_time\" content=\"2025-07-14T08:14:26+00:00\" \/>\n<meta property=\"og:image\" content=\"https:\/\/pugliamare.it\/wp-content\/uploads\/2024\/10\/WhatsApp-Image-2024-10-07-at-11.40.25-4.jpeg\" \/>\n\t<meta property=\"og:image:width\" content=\"1600\" \/>\n\t<meta property=\"og:image:height\" content=\"781\" \/>\n\t<meta property=\"og:image:type\" content=\"image\/jpeg\" \/>\n<meta name=\"twitter:card\" content=\"summary_large_image\" \/>\n<script type=\"application\/ld+json\" class=\"yoast-schema-graph\">{\"@context\":\"https:\/\/schema.org\",\"@graph\":[{\"@type\":\"WebPage\",\"@id\":\"https:\/\/pugliamare.it\/esperienze\/degustazione-tra-i-trulli-a-conversano\/\",\"url\":\"https:\/\/pugliamare.it\/esperienze\/degustazione-tra-i-trulli-a-conversano\/\",\"name\":\"Degustazione olio extravergine a Conversano tra i Trulli | Pugliamare\",\"isPartOf\":{\"@id\":\"https:\/\/pugliamare.it\/en\/#website\"},\"primaryImageOfPage\":{\"@id\":\"https:\/\/pugliamare.it\/esperienze\/degustazione-tra-i-trulli-a-conversano\/#primaryimage\"},\"image\":{\"@id\":\"https:\/\/pugliamare.it\/esperienze\/degustazione-tra-i-trulli-a-conversano\/#primaryimage\"},\"thumbnailUrl\":\"https:\/\/pugliamare.it\/wp-content\/uploads\/2024\/10\/WhatsApp-Image-2024-10-07-at-11.40.25-4.jpeg\",\"datePublished\":\"2024-10-12T17:34:39+00:00\",\"dateModified\":\"2025-07-14T08:14:26+00:00\",\"description\":\"Partecipa a una degustazione autentica di olio extravergine tra i trulli di Conversano. Vivi sapori, tradizioni e natura pugliese in un\u2019esperienza unica.\",\"breadcrumb\":{\"@id\":\"https:\/\/pugliamare.it\/esperienze\/degustazione-tra-i-trulli-a-conversano\/#breadcrumb\"},\"inLanguage\":\"es\",\"potentialAction\":[{\"@type\":\"ReadAction\",\"target\":[\"https:\/\/pugliamare.it\/esperienze\/degustazione-tra-i-trulli-a-conversano\/\"]}]},{\"@type\":\"ImageObject\",\"inLanguage\":\"es\",\"@id\":\"https:\/\/pugliamare.it\/esperienze\/degustazione-tra-i-trulli-a-conversano\/#primaryimage\",\"url\":\"https:\/\/pugliamare.it\/wp-content\/uploads\/2024\/10\/WhatsApp-Image-2024-10-07-at-11.40.25-4.jpeg\",\"contentUrl\":\"https:\/\/pugliamare.it\/wp-content\/uploads\/2024\/10\/WhatsApp-Image-2024-10-07-at-11.40.25-4.jpeg\",\"width\":1600,\"height\":781,\"caption\":\"Degustazione di olio tra i Trulli\"},{\"@type\":\"BreadcrumbList\",\"@id\":\"https:\/\/pugliamare.it\/esperienze\/degustazione-tra-i-trulli-a-conversano\/#breadcrumb\",\"itemListElement\":[{\"@type\":\"ListItem\",\"position\":1,\"name\":\"Home\",\"item\":\"https:\/\/pugliamare.it\/\"},{\"@type\":\"ListItem\",\"position\":2,\"name\":\"Degustazione tra i Trulli a Conversano: olio extravergine e sapori autentici\"}]},{\"@type\":\"WebSite\",\"@id\":\"https:\/\/pugliamare.it\/en\/#website\",\"url\":\"https:\/\/pugliamare.it\/en\/\",\"name\":\"Pugliamare\",\"description\":\"Esperienze, Soggiorni e Tour personalizzati in Puglia\",\"publisher\":{\"@id\":\"https:\/\/pugliamare.it\/en\/#organization\"},\"potentialAction\":[{\"@type\":\"SearchAction\",\"target\":{\"@type\":\"EntryPoint\",\"urlTemplate\":\"https:\/\/pugliamare.it\/en\/?s={search_term_string}\"},\"query-input\":\"required name=search_term_string\"}],\"inLanguage\":\"es\"},{\"@type\":\"Organization\",\"@id\":\"https:\/\/pugliamare.it\/en\/#organization\",\"name\":\"Pugliamare srl\",\"url\":\"https:\/\/pugliamare.it\/en\/\",\"logo\":{\"@type\":\"ImageObject\",\"inLanguage\":\"es\",\"@id\":\"https:\/\/pugliamare.it\/en\/#\/schema\/logo\/image\/\",\"url\":\"https:\/\/pugliamare.it\/wp-content\/uploads\/2021\/04\/cropped-cropped-Risorsa-2.png\",\"contentUrl\":\"https:\/\/pugliamare.it\/wp-content\/uploads\/2021\/04\/cropped-cropped-Risorsa-2.png\",\"width\":374,\"height\":117,\"caption\":\"Pugliamare srl\"},\"image\":{\"@id\":\"https:\/\/pugliamare.it\/en\/#\/schema\/logo\/image\/\"},\"sameAs\":[\"https:\/\/www.facebook.com\/pugliamarexperience\",\"https:\/\/www.instagram.com\/pugliamare\/\"]}]}<\/script>\n<!-- \/ Yoast SEO Premium plugin. -->","yoast_head_json":{"title":"Degustazione olio extravergine a Conversano tra i Trulli | Pugliamare","description":"Partecipa a una degustazione autentica di olio extravergine tra i trulli di Conversano. Vivi sapori, tradizioni e natura pugliese in un\u2019esperienza unica.","robots":{"index":"index","follow":"follow","max-snippet":"max-snippet:-1","max-image-preview":"max-image-preview:large","max-video-preview":"max-video-preview:-1"},"canonical":"https:\/\/pugliamare.it\/es\/esperienze\/degustazione-tra-i-trulli-a-conversano\/","og_locale":"es_ES","og_type":"article","og_title":"Degustazione tra i Trulli a Conversano: olio extravergine e sapori autentici","og_description":"Partecipa a una degustazione autentica di olio extravergine tra i trulli di Conversano. Vivi sapori, tradizioni e natura pugliese in un\u2019esperienza unica.","og_url":"https:\/\/pugliamare.it\/es\/esperienze\/degustazione-tra-i-trulli-a-conversano\/","og_site_name":"Pugliamare","article_publisher":"https:\/\/www.facebook.com\/pugliamarexperience","article_modified_time":"2025-07-14T08:14:26+00:00","og_image":[{"width":1600,"height":781,"url":"https:\/\/pugliamare.it\/wp-content\/uploads\/2024\/10\/WhatsApp-Image-2024-10-07-at-11.40.25-4.jpeg","type":"image\/jpeg"}],"twitter_card":"summary_large_image","schema":{"@context":"https:\/\/schema.org","@graph":[{"@type":"WebPage","@id":"https:\/\/pugliamare.it\/esperienze\/degustazione-tra-i-trulli-a-conversano\/","url":"https:\/\/pugliamare.it\/esperienze\/degustazione-tra-i-trulli-a-conversano\/","name":"Degustazione olio extravergine a Conversano tra i Trulli | Pugliamare","isPartOf":{"@id":"https:\/\/pugliamare.it\/en\/#website"},"primaryImageOfPage":{"@id":"https:\/\/pugliamare.it\/esperienze\/degustazione-tra-i-trulli-a-conversano\/#primaryimage"},"image":{"@id":"https:\/\/pugliamare.it\/esperienze\/degustazione-tra-i-trulli-a-conversano\/#primaryimage"},"thumbnailUrl":"https:\/\/pugliamare.it\/wp-content\/uploads\/2024\/10\/WhatsApp-Image-2024-10-07-at-11.40.25-4.jpeg","datePublished":"2024-10-12T17:34:39+00:00","dateModified":"2025-07-14T08:14:26+00:00","description":"Partecipa a una degustazione autentica di olio extravergine tra i trulli di Conversano. Vivi sapori, tradizioni e natura pugliese in un\u2019esperienza unica.","breadcrumb":{"@id":"https:\/\/pugliamare.it\/esperienze\/degustazione-tra-i-trulli-a-conversano\/#breadcrumb"},"inLanguage":"es","potentialAction":[{"@type":"ReadAction","target":["https:\/\/pugliamare.it\/esperienze\/degustazione-tra-i-trulli-a-conversano\/"]}]},{"@type":"ImageObject","inLanguage":"es","@id":"https:\/\/pugliamare.it\/esperienze\/degustazione-tra-i-trulli-a-conversano\/#primaryimage","url":"https:\/\/pugliamare.it\/wp-content\/uploads\/2024\/10\/WhatsApp-Image-2024-10-07-at-11.40.25-4.jpeg","contentUrl":"https:\/\/pugliamare.it\/wp-content\/uploads\/2024\/10\/WhatsApp-Image-2024-10-07-at-11.40.25-4.jpeg","width":1600,"height":781,"caption":"Degustazione di olio tra i Trulli"},{"@type":"BreadcrumbList","@id":"https:\/\/pugliamare.it\/esperienze\/degustazione-tra-i-trulli-a-conversano\/#breadcrumb","itemListElement":[{"@type":"ListItem","position":1,"name":"Home","item":"https:\/\/pugliamare.it\/"},{"@type":"ListItem","position":2,"name":"Degustazione tra i Trulli a Conversano: olio extravergine e sapori autentici"}]},{"@type":"WebSite","@id":"https:\/\/pugliamare.it\/en\/#website","url":"https:\/\/pugliamare.it\/en\/","name":"Pugliamare","description":"Esperienze, Soggiorni e Tour personalizzati in Puglia","publisher":{"@id":"https:\/\/pugliamare.it\/en\/#organization"},"potentialAction":[{"@type":"SearchAction","target":{"@type":"EntryPoint","urlTemplate":"https:\/\/pugliamare.it\/en\/?s={search_term_string}"},"query-input":"required name=search_term_string"}],"inLanguage":"es"},{"@type":"Organization","@id":"https:\/\/pugliamare.it\/en\/#organization","name":"Pugliamare srl","url":"https:\/\/pugliamare.it\/en\/","logo":{"@type":"ImageObject","inLanguage":"es","@id":"https:\/\/pugliamare.it\/en\/#\/schema\/logo\/image\/","url":"https:\/\/pugliamare.it\/wp-content\/uploads\/2021\/04\/cropped-cropped-Risorsa-2.png","contentUrl":"https:\/\/pugliamare.it\/wp-content\/uploads\/2021\/04\/cropped-cropped-Risorsa-2.png","width":374,"height":117,"caption":"Pugliamare srl"},"image":{"@id":"https:\/\/pugliamare.it\/en\/#\/schema\/logo\/image\/"},"sameAs":["https:\/\/www.facebook.com\/pugliamarexperience","https:\/\/www.instagram.com\/pugliamare\/"]}]}},"_links":{"self":[{"href":"https:\/\/pugliamare.it\/es\/wp-json\/wp\/v2\/product\/29021"}],"collection":[{"href":"https:\/\/pugliamare.it\/es\/wp-json\/wp\/v2\/product"}],"about":[{"href":"https:\/\/pugliamare.it\/es\/wp-json\/wp\/v2\/types\/product"}],"version-history":[{"count":8,"href":"https:\/\/pugliamare.it\/es\/wp-json\/wp\/v2\/product\/29021\/revisions"}],"predecessor-version":[{"id":33337,"href":"https:\/\/pugliamare.it\/es\/wp-json\/wp\/v2\/product\/29021\/revisions\/33337"}],"wp:featuredmedia":[{"embeddable":true,"href":"https:\/\/pugliamare.it\/es\/wp-json\/wp\/v2\/media\/29024"}],"wp:attachment":[{"href":"https:\/\/pugliamare.it\/es\/wp-json\/wp\/v2\/media?parent=29021"}],"wp:term":[{"taxonomy":"product_cat","embeddable":true,"href":"https:\/\/pugliamare.it\/es\/wp-json\/wp\/v2\/product_cat?post=29021"},{"taxonomy":"product_tag","embeddable":true,"href":"https:\/\/pugliamare.it\/es\/wp-json\/wp\/v2\/product_tag?post=29021"}],"curies":[{"name":"wp","href":"https:\/\/api.w.org\/{rel}","templated":true}]}}