{"id":29268,"date":"2024-10-24T14:45:17","date_gmt":"2024-10-24T12:45:17","guid":{"rendered":"https:\/\/pugliamare.it\/?post_type=product&#038;p=29268"},"modified":"2025-10-28T12:22:32","modified_gmt":"2025-10-28T11:22:32","slug":"vespa-tour-valle-d-itria","status":"publish","type":"product","link":"https:\/\/pugliamare.it\/es\/esperienze\/vespa-tour-valle-d-itria\/","title":{"rendered":"Tour en Vespa por el Valle de Itria: Alberobello, Locorotondo y degustaciones"},"content":{"rendered":"<h1 data-start=\"147\" data-end=\"228\"><strong data-start=\"153\" data-end=\"228\">Recorrido en Vespa por el Valle de Itria: entre Trulli, pueblos blancos y sabores aut\u00e9nticos<\/strong><\/h1>\n<p data-start=\"230\" data-end=\"725\" class=\" translation-block\">Descubre la magia de Puglia en una Vespa, explorando <strong data-start=\"292\" data-end=\"315\">paisajes impresionantes<\/strong>, <strong data-start=\"317\" data-end=\"335\">pueblos hist\u00f3ricos<\/strong> y aut\u00e9nticas experiencias gastron\u00f3micas.<br data-start=\"374\" data-end=\"377\">Un viaje \u00fanico por la hermosa <strong data-start=\"410\" data-end=\"427\">Valle d\u2019Itria<\/strong>, que te llevar\u00e1 a descubrir <strong data-start=\"461\" data-end=\"476\">Alberobello<\/strong>, Patrimonio de la Humanidad de la UNESCO con sus famosos trulli, <strong data-start=\"522\" data-end=\"537\">Locorotondo<\/strong>, el pueblo blanco de postal, y la sugestiva <strong data-start=\"582\" data-end=\"601\">Selva di Fasano<\/strong>, con paradas panor\u00e1micas y degustaciones t\u00edpicas. Vive la libertad de la carretera, la cultura y los sabores de una Puglia aut\u00e9ntica.<\/p>\n<hr data-start=\"727\" data-end=\"730\" \/>\n<h3 data-start=\"732\" data-end=\"782\">\ud83d\udccd <strong data-start=\"739\" data-end=\"782\">Itinerario del tour en Vespa por el Valle de Itria<\/strong><\/h3>\n<h4 data-start=\"784\" data-end=\"1059\"><strong data-start=\"784\" data-end=\"829\">\ud83c\udf0a Polignano a Mare \u2013 Salida Panor\u00e1mica<\/strong><\/h4>\n<p data-start=\"784\" data-end=\"1059\" class=\" translation-block\">S\u00fabete a tu Vespa y comienza el tour con un recorrido por la costa de <a href=\"https:\/\/pugliamare.it\/destinazioni\/polignano-a-mare\/\" target=\"_self\">Polignano a Mare<\/a>, admirando los espectaculares <strong data-start=\"957\" data-end=\"987\">acantilados que caen al mar<\/strong> y disfrutando de una vista impresionante antes de adentrarte en el interior.<\/p>\n<h4 data-start=\"1061\" data-end=\"1393\"><strong data-start=\"1061\" data-end=\"1124\">\ud83c\udfe0 Alberobello \u2013 El coraz\u00f3n de los Trulli y el S\u00e1ndwich de Pascua<\/strong><\/h4>\n<p data-start=\"1061\" data-end=\"1393\" class=\" translation-block\">Al llegar a <a href=\"https:\/\/pugliamare.it\/destinazioni\/alberobello\/\" target=\"_self\">Alberobello<\/a>, un gu\u00eda local te acompa\u00f1ar\u00e1 por los callejones de cuento de los trulli, cont\u00e1ndote la historia y las tradiciones de este lugar \u00fanico. Durante la visita, podr\u00e1s probar el t\u00edpico <strong data-start=\"1327\" data-end=\"1348\">Panino Pasqualino<\/strong>, una especialidad local con sabor aut\u00e9ntico.<\/p>\n<h4 data-start=\"1395\" data-end=\"1727\"><strong data-start=\"1395\" data-end=\"1445\">\ud83c\udfd8\ufe0f Locorotondo \u2013 Un pueblo blanco de postal<\/strong><\/h4>\n<p data-start=\"1395\" data-end=\"1727\" class=\" translation-block\">El tour contin\u00faa hacia Locorotondo, famoso por su centro hist\u00f3rico caracterizado por <strong data-start=\"1535\" data-end=\"1551\">casas blancas<\/strong> y callejones pintorescos. Aqu\u00ed tendr\u00e1s la oportunidad de degustar una selecci\u00f3n de <strong data-start=\"1630\" data-end=\"1658\">productos t\u00edpicos de Puglia<\/strong>, sumergi\u00e9ndote en las tradiciones culinarias y culturales de la regi\u00f3n.<\/p>\n<h4 data-start=\"1729\" data-end=\"2019\"><strong data-start=\"1729\" data-end=\"1781\">\ud83c\udf33 Selva di Fasano \u2013 Impresionante escapada panor\u00e1mica<\/strong><\/h4>\n<p data-start=\"1729\" data-end=\"2019\">Tras una pausa para comer, el recorrido llega a la Selva di Fasano, una zona verde inmersa en la belleza natural del Valle de Itria. Aqu\u00ed podr\u00e1 tomar fotograf\u00edas espectaculares y disfrutar de un momento de relajaci\u00f3n en un ambiente m\u00e1gico y virgen.<\/p>\n<h4 data-start=\"2021\" data-end=\"2276\"><strong data-start=\"2021\" data-end=\"2090\">\ud83c\udf05 Regreso a Polignano a Mare: un viaje al coraz\u00f3n de Apulia<\/strong><\/h4>\n<p data-start=\"2021\" data-end=\"2276\">Despu\u00e9s de un d\u00eda lleno de emociones, paisajes encantadores y sabores \u00fanicos, regresar\u00e1 a Polignano a Mare con el recuerdo de una experiencia aut\u00e9ntica entre los pueblos y la campi\u00f1a de Puglia.<\/p>\n<h3 data-start=\"2283\" data-end=\"2336\">\u2b50 <strong data-start=\"2289\" data-end=\"2336\">Lo m\u00e1s destacado del tour en Vespa por el Valle de Itria<\/strong><\/h3>\n<ul data-start=\"2338\" data-end=\"2741\">\n<li data-start=\"2338\" data-end=\"2405\">\n<p data-start=\"2340\" data-end=\"2405\"><strong data-start=\"2340\" data-end=\"2403\">Recorridos en Vespa por pueblos hist\u00f3ricos y paisajes rurales de Apulia.<\/strong><\/p>\n<\/li>\n<li data-start=\"2406\" data-end=\"2462\">\n<p data-start=\"2408\" data-end=\"2462\"><strong data-start=\"2408\" data-end=\"2460\">Visita guiada a Alberobello, Patrimonio de la Humanidad por la UNESCO<\/strong><\/p>\n<\/li>\n<li data-start=\"2463\" data-end=\"2527\">\n<p data-start=\"2465\" data-end=\"2527\"><strong data-start=\"2465\" data-end=\"2525\">Degustaci\u00f3n del t\u00edpico S\u00e1ndwich de Pascua en Alberobello<\/strong><\/p>\n<\/li>\n<li data-start=\"2528\" data-end=\"2617\">\n<p data-start=\"2530\" data-end=\"2617\"><strong data-start=\"2530\" data-end=\"2615\">Pasea por las calles blancas de Locorotondo con degustaciones de productos locales.<\/strong><\/p>\n<\/li>\n<li data-start=\"2618\" data-end=\"2680\">\n<p data-start=\"2620\" data-end=\"2680\"><strong data-start=\"2620\" data-end=\"2678\">Parada panor\u00e1mica en Selva di Fasano para fotograf\u00edas y relax.<\/strong><\/p>\n<\/li>\n<li data-start=\"2681\" data-end=\"2741\">\n<p data-start=\"2683\" data-end=\"2741\"><strong data-start=\"2683\" data-end=\"2741\">Aut\u00e9ntica experiencia entre cultura, gastronom\u00eda y naturaleza.<\/strong><\/p>\n<\/li>\n<\/ul>\n<h3 data-start=\"2748\" data-end=\"2793\">\u2728 <strong data-start=\"2754\" data-end=\"2793\">Completa tu aventura en Puglia<\/strong><\/h3>\n<p data-start=\"2795\" data-end=\"3136\" class=\" translation-block\">Si te encanta explorar con libertad pero no quieres renunciar al relax, puedes combinar el Vespa Tour con una experiencia en el mar en nuestro <a href=\"https:\/\/pugliamare.it\/tipologia\/cruises\/\" target=\"_self\"><strong data-start=\"2742\" data-end=\"2778\">tour en barco por Polignano a Mare<\/strong><\/a>, o con una clase de cocina en nuestra <a href=\"https:\/\/pugliamare.it\/esperienze\/lezione-di-cucina-pugliese-a-polignano-a-mare-cena\/\" target=\"_self\"><strong data-start=\"2866\" data-end=\"2904\">Cooking Class<\/strong><\/a>. Cada propuesta de <strong data-start=\"3040\" data-end=\"3054\">Pugliamare<\/strong> est\u00e1 pensada para ofrecerte lo mejor de la regi\u00f3n, de forma aut\u00e9ntica y envolvente.<\/p>\n<h3 data-start=\"3143\" data-end=\"3207\">\ud83d\udcde <strong data-start=\"3150\" data-end=\"3207\">Cont\u00e1ctenos para personalizaciones o solicitudes especiales.<\/strong><\/h3>\n<p data-start=\"3209\" data-end=\"3374\" class=\" translation-block\">D\u00e9jate llevar por el esp\u00edritu de Puglia en una aventura inolvidable entre pueblos, naturaleza y tradiciones locales. Reserva ahora tu <strong data-start=\"3395\" data-end=\"3423\">tour en Vespa por el Valle d\u2019Itria<\/strong> y d\u00e9jate conquistar por el alma m\u00e1s aut\u00e9ntica de Puglia, entre piedra, mar y sabores.<\/p>\n<p data-start=\"3509\" data-end=\"3674\" class=\" translation-block\"><a href=\"https:\/\/api.whatsapp.com\/send?phone=393668959532\" target=\"_self\">Cont\u00e1ctanos<\/a> si tienes necesidades particulares o quieres combinar el tour con otras actividades. Nuestro equipo est\u00e1 a tu disposici\u00f3n para crear una experiencia a medida para ti.<\/p>\n<hr data-start=\"3244\" data-end=\"3247\" \/>\n<p><em><strong>Atenci\u00f3n:<\/strong><\/em><\/p>\n<p class=\" translation-block\"><strong><em>Para participar en el tour o alquilar una Vespa, se requiere experiencia previa conduciendo un scooter\/Vespa con cambio autom\u00e1tico.<\/em><\/strong><br>\n<strong><em>Si no se cuenta con esta experiencia, la reserva no podr\u00e1 confirmarse.<\/em><\/strong> <strong><em>El d\u00eda del tour se evaluar\u00e1n las habilidades de conducci\u00f3n: si el participante no demuestra un dominio suficiente del veh\u00edculo, no ser\u00e1 posible continuar el tour por razones de seguridad.<\/em><\/strong><\/p>\n<p><em><strong>Antes de comenzar el tour, cada conductor deber\u00e1 presentar un permiso de conducci\u00f3n v\u00e1lido de categor\u00eda A o B reconocido en la Uni\u00f3n Europea, o un permiso de conducci\u00f3n internacional en vigor.\nTambi\u00e9n ser\u00e1 necesario firmar un contrato de alquiler a corto plazo y completar un formulario de autorizaci\u00f3n de cargo en tarjeta de cr\u00e9dito, como dep\u00f3sito de garant\u00eda por un importe de 250,00 \u20ac por Vespa.\nEl tour se realizar\u00e1 exclusivamente previa verificaci\u00f3n y aprobaci\u00f3n de la documentaci\u00f3n requerida, as\u00ed como del cumplimiento de las condiciones de entrega del veh\u00edculo.\nSe recuerda que el servicio de conducci\u00f3n est\u00e1 reservado a personas mayores de 18 a\u00f1os.<\/strong><\/em><\/p>","protected":false},"excerpt":{"rendered":"<p data-start=\"508\" data-end=\"972\" class=\" translation-block\">Descubre la verdadera esencia de Puglia con un emocionante <strong data-start=\"563\" data-end=\"591\">tour en Vespa por el Valle d\u2019Itria<\/strong>, atravesando paisajes impresionantes, pueblos hist\u00f3ricos y aut\u00e9nticas experiencias gastron\u00f3micas.<br data-start=\"681\" data-end=\"684\">Un viaje \u00fanico por las maravillas del Valle d\u2019Itria, que te llevar\u00e1 a descubrir <strong data-start=\"772\" data-end=\"787\">Alberobello<\/strong> con sus trulli declarados Patrimonio de la UNESCO, <strong data-start=\"826\" data-end=\"841\">Locorotondo<\/strong>, el pueblo blanco de postal, y la sugestiva <strong data-start=\"889\" data-end=\"908\">Selva di Fasano<\/strong>, con paradas para degustaciones t\u00edpicas y vistas inolvidables.<\/p>","protected":false},"featured_media":29305,"template":"","meta":{"_acf_changed":false,"inline_featured_image":false},"product_cat":[288,293,405],"product_tag":[290],"acf":[],"yoast_head":"<!-- This site is optimized with the Yoast SEO Premium plugin v22.8 (Yoast SEO v22.8) - https:\/\/yoast.com\/wordpress\/plugins\/seo\/ -->\n<title>Vespa tour Valle d\u2019Itria: Alberobello, Locorotondo con degustazioni | Pugliamare<\/title>\n<meta name=\"description\" content=\"Scopri la Valle d\u2019Itria in Vespa tra trulli, borghi bianchi e sapori autentici. Visita guidata ad Alberobello, degustazioni e panorami mozzafiato.\" \/>\n<meta name=\"robots\" content=\"index, follow, max-snippet:-1, max-image-preview:large, max-video-preview:-1\" \/>\n<link rel=\"canonical\" href=\"https:\/\/pugliamare.it\/es\/esperienze\/vespa-tour-valle-d-itria\/\" \/>\n<meta property=\"og:locale\" content=\"es_ES\" \/>\n<meta property=\"og:type\" content=\"article\" \/>\n<meta property=\"og:title\" content=\"Vespa tour Valle d\u2019Itria: Alberobello, Locorotondo e degustazioni\" \/>\n<meta property=\"og:description\" content=\"Scopri la Valle d\u2019Itria in Vespa tra trulli, borghi bianchi e sapori autentici. Visita guidata ad Alberobello, degustazioni e panorami mozzafiato.\" \/>\n<meta property=\"og:url\" content=\"https:\/\/pugliamare.it\/es\/esperienze\/vespa-tour-valle-d-itria\/\" \/>\n<meta property=\"og:site_name\" content=\"Pugliamare\" \/>\n<meta property=\"article:publisher\" content=\"https:\/\/www.facebook.com\/pugliamarexperience\" \/>\n<meta property=\"article:modified_time\" content=\"2025-10-28T11:22:32+00:00\" \/>\n<meta property=\"og:image\" content=\"https:\/\/pugliamare.it\/wp-content\/uploads\/2024\/10\/Pugliamare_Vespa_2.jpg\" \/>\n\t<meta property=\"og:image:width\" content=\"1168\" \/>\n\t<meta property=\"og:image:height\" content=\"1460\" \/>\n\t<meta property=\"og:image:type\" content=\"image\/jpeg\" \/>\n<meta name=\"twitter:card\" content=\"summary_large_image\" \/>\n<script type=\"application\/ld+json\" class=\"yoast-schema-graph\">{\"@context\":\"https:\/\/schema.org\",\"@graph\":[{\"@type\":\"WebPage\",\"@id\":\"https:\/\/pugliamare.it\/esperienze\/vespa-tour-valle-d-itria\/\",\"url\":\"https:\/\/pugliamare.it\/esperienze\/vespa-tour-valle-d-itria\/\",\"name\":\"Vespa tour Valle d\u2019Itria: Alberobello, Locorotondo con degustazioni | Pugliamare\",\"isPartOf\":{\"@id\":\"https:\/\/pugliamare.it\/en\/#website\"},\"primaryImageOfPage\":{\"@id\":\"https:\/\/pugliamare.it\/esperienze\/vespa-tour-valle-d-itria\/#primaryimage\"},\"image\":{\"@id\":\"https:\/\/pugliamare.it\/esperienze\/vespa-tour-valle-d-itria\/#primaryimage\"},\"thumbnailUrl\":\"https:\/\/pugliamare.it\/wp-content\/uploads\/2024\/10\/Pugliamare_Vespa_2.jpg\",\"datePublished\":\"2024-10-24T12:45:17+00:00\",\"dateModified\":\"2025-10-28T11:22:32+00:00\",\"description\":\"Scopri la Valle d\u2019Itria in Vespa tra trulli, borghi bianchi e sapori autentici. Visita guidata ad Alberobello, degustazioni e panorami mozzafiato.\",\"breadcrumb\":{\"@id\":\"https:\/\/pugliamare.it\/esperienze\/vespa-tour-valle-d-itria\/#breadcrumb\"},\"inLanguage\":\"es\",\"potentialAction\":[{\"@type\":\"ReadAction\",\"target\":[\"https:\/\/pugliamare.it\/esperienze\/vespa-tour-valle-d-itria\/\"]}]},{\"@type\":\"ImageObject\",\"inLanguage\":\"es\",\"@id\":\"https:\/\/pugliamare.it\/esperienze\/vespa-tour-valle-d-itria\/#primaryimage\",\"url\":\"https:\/\/pugliamare.it\/wp-content\/uploads\/2024\/10\/Pugliamare_Vespa_2.jpg\",\"contentUrl\":\"https:\/\/pugliamare.it\/wp-content\/uploads\/2024\/10\/Pugliamare_Vespa_2.jpg\",\"width\":1168,\"height\":1460,\"caption\":\"Coppia in Vespa tra le campagne della Puglia\"},{\"@type\":\"BreadcrumbList\",\"@id\":\"https:\/\/pugliamare.it\/esperienze\/vespa-tour-valle-d-itria\/#breadcrumb\",\"itemListElement\":[{\"@type\":\"ListItem\",\"position\":1,\"name\":\"Home\",\"item\":\"https:\/\/pugliamare.it\/\"},{\"@type\":\"ListItem\",\"position\":2,\"name\":\"Vespa tour Valle d\u2019Itria: Alberobello, Locorotondo e degustazioni\"}]},{\"@type\":\"WebSite\",\"@id\":\"https:\/\/pugliamare.it\/en\/#website\",\"url\":\"https:\/\/pugliamare.it\/en\/\",\"name\":\"Pugliamare\",\"description\":\"Esperienze, Soggiorni e Tour personalizzati in Puglia\",\"publisher\":{\"@id\":\"https:\/\/pugliamare.it\/en\/#organization\"},\"potentialAction\":[{\"@type\":\"SearchAction\",\"target\":{\"@type\":\"EntryPoint\",\"urlTemplate\":\"https:\/\/pugliamare.it\/en\/?s={search_term_string}\"},\"query-input\":\"required name=search_term_string\"}],\"inLanguage\":\"es\"},{\"@type\":\"Organization\",\"@id\":\"https:\/\/pugliamare.it\/en\/#organization\",\"name\":\"Pugliamare srl\",\"url\":\"https:\/\/pugliamare.it\/en\/\",\"logo\":{\"@type\":\"ImageObject\",\"inLanguage\":\"es\",\"@id\":\"https:\/\/pugliamare.it\/en\/#\/schema\/logo\/image\/\",\"url\":\"https:\/\/pugliamare.it\/wp-content\/uploads\/2021\/04\/cropped-cropped-Risorsa-2.png\",\"contentUrl\":\"https:\/\/pugliamare.it\/wp-content\/uploads\/2021\/04\/cropped-cropped-Risorsa-2.png\",\"width\":374,\"height\":117,\"caption\":\"Pugliamare srl\"},\"image\":{\"@id\":\"https:\/\/pugliamare.it\/en\/#\/schema\/logo\/image\/\"},\"sameAs\":[\"https:\/\/www.facebook.com\/pugliamarexperience\",\"https:\/\/www.instagram.com\/pugliamare\/\"]}]}<\/script>\n<!-- \/ Yoast SEO Premium plugin. -->","yoast_head_json":{"title":"Vespa tour Valle d\u2019Itria: Alberobello, Locorotondo con degustazioni | Pugliamare","description":"Scopri la Valle d\u2019Itria in Vespa tra trulli, borghi bianchi e sapori autentici. Visita guidata ad Alberobello, degustazioni e panorami mozzafiato.","robots":{"index":"index","follow":"follow","max-snippet":"max-snippet:-1","max-image-preview":"max-image-preview:large","max-video-preview":"max-video-preview:-1"},"canonical":"https:\/\/pugliamare.it\/es\/esperienze\/vespa-tour-valle-d-itria\/","og_locale":"es_ES","og_type":"article","og_title":"Vespa tour Valle d\u2019Itria: Alberobello, Locorotondo e degustazioni","og_description":"Scopri la Valle d\u2019Itria in Vespa tra trulli, borghi bianchi e sapori autentici. Visita guidata ad Alberobello, degustazioni e panorami mozzafiato.","og_url":"https:\/\/pugliamare.it\/es\/esperienze\/vespa-tour-valle-d-itria\/","og_site_name":"Pugliamare","article_publisher":"https:\/\/www.facebook.com\/pugliamarexperience","article_modified_time":"2025-10-28T11:22:32+00:00","og_image":[{"width":1168,"height":1460,"url":"https:\/\/pugliamare.it\/wp-content\/uploads\/2024\/10\/Pugliamare_Vespa_2.jpg","type":"image\/jpeg"}],"twitter_card":"summary_large_image","schema":{"@context":"https:\/\/schema.org","@graph":[{"@type":"WebPage","@id":"https:\/\/pugliamare.it\/esperienze\/vespa-tour-valle-d-itria\/","url":"https:\/\/pugliamare.it\/esperienze\/vespa-tour-valle-d-itria\/","name":"Vespa tour Valle d\u2019Itria: Alberobello, Locorotondo con degustazioni | Pugliamare","isPartOf":{"@id":"https:\/\/pugliamare.it\/en\/#website"},"primaryImageOfPage":{"@id":"https:\/\/pugliamare.it\/esperienze\/vespa-tour-valle-d-itria\/#primaryimage"},"image":{"@id":"https:\/\/pugliamare.it\/esperienze\/vespa-tour-valle-d-itria\/#primaryimage"},"thumbnailUrl":"https:\/\/pugliamare.it\/wp-content\/uploads\/2024\/10\/Pugliamare_Vespa_2.jpg","datePublished":"2024-10-24T12:45:17+00:00","dateModified":"2025-10-28T11:22:32+00:00","description":"Scopri la Valle d\u2019Itria in Vespa tra trulli, borghi bianchi e sapori autentici. Visita guidata ad Alberobello, degustazioni e panorami mozzafiato.","breadcrumb":{"@id":"https:\/\/pugliamare.it\/esperienze\/vespa-tour-valle-d-itria\/#breadcrumb"},"inLanguage":"es","potentialAction":[{"@type":"ReadAction","target":["https:\/\/pugliamare.it\/esperienze\/vespa-tour-valle-d-itria\/"]}]},{"@type":"ImageObject","inLanguage":"es","@id":"https:\/\/pugliamare.it\/esperienze\/vespa-tour-valle-d-itria\/#primaryimage","url":"https:\/\/pugliamare.it\/wp-content\/uploads\/2024\/10\/Pugliamare_Vespa_2.jpg","contentUrl":"https:\/\/pugliamare.it\/wp-content\/uploads\/2024\/10\/Pugliamare_Vespa_2.jpg","width":1168,"height":1460,"caption":"Coppia in Vespa tra le campagne della Puglia"},{"@type":"BreadcrumbList","@id":"https:\/\/pugliamare.it\/esperienze\/vespa-tour-valle-d-itria\/#breadcrumb","itemListElement":[{"@type":"ListItem","position":1,"name":"Home","item":"https:\/\/pugliamare.it\/"},{"@type":"ListItem","position":2,"name":"Vespa tour Valle d\u2019Itria: Alberobello, Locorotondo e degustazioni"}]},{"@type":"WebSite","@id":"https:\/\/pugliamare.it\/en\/#website","url":"https:\/\/pugliamare.it\/en\/","name":"Pugliamare","description":"Esperienze, Soggiorni e Tour personalizzati in Puglia","publisher":{"@id":"https:\/\/pugliamare.it\/en\/#organization"},"potentialAction":[{"@type":"SearchAction","target":{"@type":"EntryPoint","urlTemplate":"https:\/\/pugliamare.it\/en\/?s={search_term_string}"},"query-input":"required name=search_term_string"}],"inLanguage":"es"},{"@type":"Organization","@id":"https:\/\/pugliamare.it\/en\/#organization","name":"Pugliamare srl","url":"https:\/\/pugliamare.it\/en\/","logo":{"@type":"ImageObject","inLanguage":"es","@id":"https:\/\/pugliamare.it\/en\/#\/schema\/logo\/image\/","url":"https:\/\/pugliamare.it\/wp-content\/uploads\/2021\/04\/cropped-cropped-Risorsa-2.png","contentUrl":"https:\/\/pugliamare.it\/wp-content\/uploads\/2021\/04\/cropped-cropped-Risorsa-2.png","width":374,"height":117,"caption":"Pugliamare srl"},"image":{"@id":"https:\/\/pugliamare.it\/en\/#\/schema\/logo\/image\/"},"sameAs":["https:\/\/www.facebook.com\/pugliamarexperience","https:\/\/www.instagram.com\/pugliamare\/"]}]}},"_links":{"self":[{"href":"https:\/\/pugliamare.it\/es\/wp-json\/wp\/v2\/product\/29268"}],"collection":[{"href":"https:\/\/pugliamare.it\/es\/wp-json\/wp\/v2\/product"}],"about":[{"href":"https:\/\/pugliamare.it\/es\/wp-json\/wp\/v2\/types\/product"}],"version-history":[{"count":28,"href":"https:\/\/pugliamare.it\/es\/wp-json\/wp\/v2\/product\/29268\/revisions"}],"predecessor-version":[{"id":36642,"href":"https:\/\/pugliamare.it\/es\/wp-json\/wp\/v2\/product\/29268\/revisions\/36642"}],"wp:featuredmedia":[{"embeddable":true,"href":"https:\/\/pugliamare.it\/es\/wp-json\/wp\/v2\/media\/29305"}],"wp:attachment":[{"href":"https:\/\/pugliamare.it\/es\/wp-json\/wp\/v2\/media?parent=29268"}],"wp:term":[{"taxonomy":"product_cat","embeddable":true,"href":"https:\/\/pugliamare.it\/es\/wp-json\/wp\/v2\/product_cat?post=29268"},{"taxonomy":"product_tag","embeddable":true,"href":"https:\/\/pugliamare.it\/es\/wp-json\/wp\/v2\/product_tag?post=29268"}],"curies":[{"name":"wp","href":"https:\/\/api.w.org\/{rel}","templated":true}]}}