{"id":29271,"date":"2024-10-24T14:45:19","date_gmt":"2024-10-24T12:45:19","guid":{"rendered":"https:\/\/pugliamare.it\/?post_type=product&#038;p=29271"},"modified":"2025-10-28T12:45:19","modified_gmt":"2025-10-28T11:45:19","slug":"vespa-tour-borghi-e-grotte-polignano-monopoli-alberobello-castellana-grotte","status":"publish","type":"product","link":"https:\/\/pugliamare.it\/es\/esperienze\/vespa-tour-borghi-e-grotte-polignano-monopoli-alberobello-castellana-grotte\/","title":{"rendered":"Tour en Vespa por Puglia: Polignano, Conversano y Monopoli"},"content":{"rendered":"<h1 data-start=\"939\" data-end=\"1017\"><strong>Tour en Vespa entre pueblos, acantilados y sabores: vive la Puglia m\u00e1s aut\u00e9ntica.<\/strong><\/h1>\n<p data-start=\"1019\" data-end=\"1388\" class=\" translation-block\">S\u00fabete y d\u00e9jate guiar por las carreteras m\u00e1s evocadoras del sureste de Bari, entre trulli, olivares y pueblos blancos que huelen a mar y a focaccia reci\u00e9n horneada. Nuestro <strong data-start=\"1199\" data-end=\"1233\">Vespa Tour desde Polignano a Mare<\/strong> te lleva a descubrir tres joyas de Puglia: <strong data-start=\"1284\" data-end=\"1320\">Polignano, Conversano y Monopoli<\/strong>, en un itinerario de d\u00eda completo que combina naturaleza, historia y sabor.<\/p>\n<p data-start=\"1019\" data-end=\"1388\" class=\" translation-block\">Nuestro <strong data-start=\"825\" data-end=\"869\">Vespa tour Polignano Conversano Monopoli<\/strong> te regalar\u00e1 un d\u00eda de libertad y belleza, entre paisajes inolvidables e historias por vivir.<\/p>\n<h3 data-start=\"1395\" data-end=\"1412\"><strong>\ud83d\udccd Itinerario<\/strong><\/h3>\n<h4 data-start=\"1414\" data-end=\"1720\"><strong data-start=\"1414\" data-end=\"1434\">\ud83c\udfde\ufe0fPolignano a Mare<\/strong><\/h4>\n<p data-start=\"1414\" data-end=\"1720\" class=\" translation-block\">El viaje comienza en <a href=\"https:\/\/pugliamare.it\/destinazioni\/polignano-a-mare\/\" target=\"_self\">Polignano<\/a>, famosa por sus acantilados espectaculares y sus aguas cristalinas. Tras una breve parada frente a la Abad\u00eda de San Vito, recorrer\u00e1s la esc\u00e9nica <strong data-start=\"1620\" data-end=\"1639\">Costa Ripagnola<\/strong>, un tramo de costa salpicado de trulli solitarios y paisajes rurales v\u00edrgenes.<\/p>\n<h4 data-start=\"1722\" data-end=\"2034\"><strong data-start=\"1722\" data-end=\"1736\">\ud83d\udd4dConversano<\/strong><\/h4>\n<p data-start=\"1722\" data-end=\"2034\" class=\" translation-block\">La segunda etapa del tour es <a href=\"https:\/\/pugliamare.it\/destinazioni\/conversano\/\" target=\"_self\">Conversano<\/a>, un pueblo medieval con un fuerte car\u00e1cter cultural. Visitar\u00e1s el majestuoso <strong data-start=\"1843\" data-end=\"1865\">Castillo Aragon\u00e9s<\/strong> y la <strong data-start=\"1871\" data-end=\"1908\">Catedral de Santa Mar\u00eda Asunta<\/strong>, para despu\u00e9s detenerte en una panader\u00eda hist\u00f3rica donde podr\u00e1s degustar la <strong data-start=\"1976\" data-end=\"2003\">focaccia pugliese caliente<\/strong> elaborada seg\u00fan la tradici\u00f3n.<\/p>\n<h4 data-start=\"2036\" data-end=\"2286\"><strong data-start=\"2036\" data-end=\"2048\">\u2693Monopoli<\/strong><\/h4>\n<p data-start=\"2036\" data-end=\"2286\" class=\" translation-block\">Finalmente llegar\u00e1s a <a href=\"https:\/\/pugliamare.it\/destinazioni\/monopoli\/\" target=\"_self\">Monopoli<\/a>, donde el tiempo parece haberse detenido. Disfruta de un paseo por el pintoresco <strong data-start=\"2162\" data-end=\"2180\">centro hist\u00f3rico<\/strong>, entre callejuelas de piedra viva, iglesias barrocas y el encantador <strong data-start=\"2241\" data-end=\"2257\">puerto antiguo<\/strong>, coraz\u00f3n marinero de la ciudad.<\/p>\n<h3 data-start=\"2293\" data-end=\"2313\"><strong>\u2b50 Aspectos destacados<\/strong><\/h3>\n<ul data-start=\"2315\" data-end=\"2565\">\n<li data-start=\"2315\" data-end=\"2338\">\n<p data-start=\"2317\" data-end=\"2338\" class=\" translation-block\"><strong>Duraci\u00f3n:<\/strong> 3 horas<\/p>\n<\/li>\n<li data-start=\"2339\" data-end=\"2385\">\n<p data-start=\"2341\" data-end=\"2385\" class=\" translation-block\"><strong data-start=\"2341\" data-end=\"2364\">Idiomas disponibles:<\/strong> Italiano e ingl\u00e9s<\/p>\n<\/li>\n<li data-start=\"2386\" data-end=\"2463\">\n<p data-start=\"2388\" data-end=\"2463\"><strong data-start=\"2388\" data-end=\"2400\">Incluso:<\/strong> Vespa, casco, degustazione di un drink rinfrescante e di gelato artigianale<\/p>\n<\/li>\n<li data-start=\"2386\" data-end=\"2463\">\n<p data-start=\"2388\" data-end=\"2463\" class=\" translation-block\"><strong>Gu\u00eda experta<\/strong> durante todo el <strong data-start=\"1067\" data-end=\"1111\">tour en Vespa por Polignano, Conversano y Monopoli<\/strong>, con paradas en los lugares m\u00e1s ic\u00f3nicos y aut\u00e9nticos de la regi\u00f3n.<\/p>\n<\/li>\n<li data-start=\"2464\" data-end=\"2565\">\n<p data-start=\"2466\" data-end=\"2565\" class=\" translation-block\"><strong data-start=\"2466\" data-end=\"2494\">Experiencia gastron\u00f3mica:<\/strong> Visita a una masser\u00eda con degustaci\u00f3n de quesos frescos (a petici\u00f3n)<\/p>\n<\/li>\n<\/ul>\n<h3 data-start=\"2572\" data-end=\"2613\"><strong>\u2728 Completa tu aventura en Puglia<\/strong><\/h3>\n<p data-start=\"2615\" data-end=\"3014\" class=\" translation-block\">Si te encanta explorar con libertad pero no quieres renunciar al relax, puedes combinar el Vespa Tour con una experiencia en el mar en nuestro<a href=\"https:\/\/pugliamare.it\/tipologia\/cruises\/\" target=\"_self\"> <strong data-start=\"2742\" data-end=\"2778\">tour en barco por Polignano a Mare<\/strong><\/a>, o con una clase de cocina en nuestra<a href=\"https:\/\/pugliamare.it\/esperienze\/lezione-di-cucina-pugliese-a-polignano-a-mare-cena\/\" target=\"_self\"> <strong data-start=\"2866\" data-end=\"2904\">Cooking Class<\/strong><\/a>.<br data-start=\"2905\" data-end=\"2908\">Cada propuesta de Pugliamare est\u00e1 pensada para ofrecerte lo mejor de la regi\u00f3n, de forma aut\u00e9ntica y envolvente.<\/p>\n<h3 data-start=\"3021\" data-end=\"3081\"><strong>\ud83d\udcde Contattaci per personalizzazioni o richieste speciali<\/strong><\/h3>\n<p class=\" translation-block\">D\u00e9jate llevar por el esp\u00edritu de Puglia en una aventura inolvidable entre pueblos, naturaleza y tradiciones locales. <strong data-start=\"3439\" data-end=\"3482\">La Vespa te espera. Y Puglia tambi\u00e9n.<\/strong><\/p>\n<p data-start=\"1180\" data-end=\"1371\" class=\" translation-block\">Reserva ahora tu <strong data-start=\"1243\" data-end=\"1287\">Vespa tour Polignano Conversano Monopoli<\/strong> y d\u00e9jate conquistar por el alma m\u00e1s aut\u00e9ntica de Puglia, entre piedra, mar y sabores.<\/p>\n<p data-start=\"3083\" data-end=\"3242\" class=\" translation-block\"><a href=\"https:\/\/api.whatsapp.com\/send?phone=393668959532\" target=\"_self\">Cont\u00e1ctanos<\/a> si tienes necesidades particulares o quieres combinar el tour con otras actividades. Nuestro equipo est\u00e1 a tu disposici\u00f3n para crear una experiencia a medida para ti.<\/p>\n<hr data-start=\"3244\" data-end=\"3247\" \/>\n<p><em><strong>Atenci\u00f3n:<\/strong><\/em><\/p>\n<p class=\" translation-block\"><strong><em>Para participar en el tour o alquilar una Vespa, se requiere experiencia previa conduciendo un scooter\/Vespa con cambio autom\u00e1tico.<\/em><\/strong><br>\n<strong><em>Si no se cuenta con esta experiencia, la reserva no podr\u00e1 confirmarse.<\/em><\/strong> <strong><em>El d\u00eda del tour se evaluar\u00e1n las habilidades de conducci\u00f3n: si el participante no demuestra un dominio suficiente del veh\u00edculo, no ser\u00e1 posible continuar el tour por razones de seguridad.<\/em><\/strong><\/p>\n<p><em><strong>Antes de comenzar el tour, cada conductor deber\u00e1 presentar un permiso de conducci\u00f3n v\u00e1lido de categor\u00eda A o B reconocido en la Uni\u00f3n Europea, o un permiso de conducci\u00f3n internacional en vigor.\nTambi\u00e9n ser\u00e1 necesario firmar un contrato de alquiler a corto plazo y completar un formulario de autorizaci\u00f3n de cargo en tarjeta de cr\u00e9dito, como dep\u00f3sito de garant\u00eda por un importe de 250,00 \u20ac por Vespa.\nEl tour se realizar\u00e1 exclusivamente previa verificaci\u00f3n y aprobaci\u00f3n de la documentaci\u00f3n requerida, as\u00ed como del cumplimiento de las condiciones de entrega del veh\u00edculo.\nSe recuerda que el servicio de conducci\u00f3n est\u00e1 reservado a personas mayores de 18 a\u00f1os.<\/strong><\/em><\/p>","protected":false},"excerpt":{"rendered":"<p class=\" translation-block\">Descubre la verdadera esencia de Puglia con un emocionante <strong data-start=\"128\" data-end=\"186\">Vespa Tour por Polignano a Mare, Conversano y Monopoli<\/strong>. Un itinerario panor\u00e1mico entre <strong data-start=\"217\" data-end=\"235\">pueblos hist\u00f3ricos<\/strong>, <strong data-start=\"237\" data-end=\"261\">acantilados impresionantes<\/strong> y <strong data-start=\"264\" data-end=\"284\">sabores aut\u00e9nticos<\/strong>, a lomos de uno de los s\u00edmbolos m\u00e1s queridos del estilo de vida italiano.<br data-start=\"346\" data-end=\"349\">Vive un d\u00eda de <strong data-start=\"385\" data-end=\"433\">libertad, descubrimiento y convivencia<\/strong>, recorriendo carreteras panor\u00e1micas y saboreando tradiciones locales, todo ello acompa\u00f1ado de <strong data-start=\"526\" data-end=\"543\">gu\u00edas expertos<\/strong> y una narraci\u00f3n envolvente que te llevar\u00e1 al coraz\u00f3n m\u00e1s aut\u00e9ntico de Puglia.<\/p>","protected":false},"featured_media":36645,"template":"","meta":{"_acf_changed":false,"inline_featured_image":false},"product_cat":[288,293,405],"product_tag":[290],"acf":[],"yoast_head":"<!-- This site is optimized with the Yoast SEO Premium plugin v22.8 (Yoast SEO v22.8) - https:\/\/yoast.com\/wordpress\/plugins\/seo\/ -->\n<title>Vespa Tour in Puglia: Polignano, Conversano e Monopoli | Pugliamare<\/title>\n<meta name=\"description\" content=\"Vivi un&#039;avventura in Vespa tra Polignano, Conversano e Monopoli. Borghi storici, panorami e sapori pugliesi in un tour guidato indimenticabile. Prenota ora!\" \/>\n<meta name=\"robots\" content=\"index, follow, max-snippet:-1, max-image-preview:large, max-video-preview:-1\" \/>\n<link rel=\"canonical\" href=\"https:\/\/pugliamare.it\/es\/esperienze\/vespa-tour-borghi-e-grotte-polignano-monopoli-alberobello-castellana-grotte\/\" \/>\n<meta property=\"og:locale\" content=\"es_ES\" \/>\n<meta property=\"og:type\" content=\"article\" \/>\n<meta property=\"og:title\" content=\"Vespa Tour in Puglia: Polignano, Conversano e Monopoli\" \/>\n<meta property=\"og:description\" content=\"Vivi un&#039;avventura in Vespa tra Polignano, Conversano e Monopoli. Borghi storici, panorami e sapori pugliesi in un tour guidato indimenticabile. Prenota ora!\" \/>\n<meta property=\"og:url\" content=\"https:\/\/pugliamare.it\/es\/esperienze\/vespa-tour-borghi-e-grotte-polignano-monopoli-alberobello-castellana-grotte\/\" \/>\n<meta property=\"og:site_name\" content=\"Pugliamare\" \/>\n<meta property=\"article:publisher\" content=\"https:\/\/www.facebook.com\/pugliamarexperience\" \/>\n<meta property=\"article:modified_time\" content=\"2025-10-28T11:45:19+00:00\" \/>\n<meta property=\"og:image\" content=\"https:\/\/pugliamare.it\/wp-content\/uploads\/2024\/10\/IMG_4043-1-scaled.jpg\" \/>\n\t<meta property=\"og:image:width\" content=\"1440\" \/>\n\t<meta property=\"og:image:height\" content=\"2560\" \/>\n\t<meta property=\"og:image:type\" content=\"image\/jpeg\" \/>\n<meta name=\"twitter:card\" content=\"summary_large_image\" \/>\n<script type=\"application\/ld+json\" class=\"yoast-schema-graph\">{\"@context\":\"https:\/\/schema.org\",\"@graph\":[{\"@type\":\"WebPage\",\"@id\":\"https:\/\/pugliamare.it\/esperienze\/vespa-tour-borghi-e-grotte-polignano-monopoli-alberobello-castellana-grotte\/\",\"url\":\"https:\/\/pugliamare.it\/esperienze\/vespa-tour-borghi-e-grotte-polignano-monopoli-alberobello-castellana-grotte\/\",\"name\":\"Vespa Tour in Puglia: Polignano, Conversano e Monopoli | Pugliamare\",\"isPartOf\":{\"@id\":\"https:\/\/pugliamare.it\/en\/#website\"},\"primaryImageOfPage\":{\"@id\":\"https:\/\/pugliamare.it\/esperienze\/vespa-tour-borghi-e-grotte-polignano-monopoli-alberobello-castellana-grotte\/#primaryimage\"},\"image\":{\"@id\":\"https:\/\/pugliamare.it\/esperienze\/vespa-tour-borghi-e-grotte-polignano-monopoli-alberobello-castellana-grotte\/#primaryimage\"},\"thumbnailUrl\":\"https:\/\/pugliamare.it\/wp-content\/uploads\/2024\/10\/IMG_4043-1-scaled.jpg\",\"datePublished\":\"2024-10-24T12:45:19+00:00\",\"dateModified\":\"2025-10-28T11:45:19+00:00\",\"description\":\"Vivi un'avventura in Vespa tra Polignano, Conversano e Monopoli. Borghi storici, panorami e sapori pugliesi in un tour guidato indimenticabile. Prenota ora!\",\"breadcrumb\":{\"@id\":\"https:\/\/pugliamare.it\/esperienze\/vespa-tour-borghi-e-grotte-polignano-monopoli-alberobello-castellana-grotte\/#breadcrumb\"},\"inLanguage\":\"es\",\"potentialAction\":[{\"@type\":\"ReadAction\",\"target\":[\"https:\/\/pugliamare.it\/esperienze\/vespa-tour-borghi-e-grotte-polignano-monopoli-alberobello-castellana-grotte\/\"]}]},{\"@type\":\"ImageObject\",\"inLanguage\":\"es\",\"@id\":\"https:\/\/pugliamare.it\/esperienze\/vespa-tour-borghi-e-grotte-polignano-monopoli-alberobello-castellana-grotte\/#primaryimage\",\"url\":\"https:\/\/pugliamare.it\/wp-content\/uploads\/2024\/10\/IMG_4043-1-scaled.jpg\",\"contentUrl\":\"https:\/\/pugliamare.it\/wp-content\/uploads\/2024\/10\/IMG_4043-1-scaled.jpg\",\"width\":1440,\"height\":2560},{\"@type\":\"BreadcrumbList\",\"@id\":\"https:\/\/pugliamare.it\/esperienze\/vespa-tour-borghi-e-grotte-polignano-monopoli-alberobello-castellana-grotte\/#breadcrumb\",\"itemListElement\":[{\"@type\":\"ListItem\",\"position\":1,\"name\":\"Home\",\"item\":\"https:\/\/pugliamare.it\/\"},{\"@type\":\"ListItem\",\"position\":2,\"name\":\"Vespa Tour in Puglia: Polignano, Conversano e Monopoli\"}]},{\"@type\":\"WebSite\",\"@id\":\"https:\/\/pugliamare.it\/en\/#website\",\"url\":\"https:\/\/pugliamare.it\/en\/\",\"name\":\"Pugliamare\",\"description\":\"Esperienze, Soggiorni e Tour personalizzati in Puglia\",\"publisher\":{\"@id\":\"https:\/\/pugliamare.it\/en\/#organization\"},\"potentialAction\":[{\"@type\":\"SearchAction\",\"target\":{\"@type\":\"EntryPoint\",\"urlTemplate\":\"https:\/\/pugliamare.it\/en\/?s={search_term_string}\"},\"query-input\":\"required name=search_term_string\"}],\"inLanguage\":\"es\"},{\"@type\":\"Organization\",\"@id\":\"https:\/\/pugliamare.it\/en\/#organization\",\"name\":\"Pugliamare srl\",\"url\":\"https:\/\/pugliamare.it\/en\/\",\"logo\":{\"@type\":\"ImageObject\",\"inLanguage\":\"es\",\"@id\":\"https:\/\/pugliamare.it\/en\/#\/schema\/logo\/image\/\",\"url\":\"https:\/\/pugliamare.it\/wp-content\/uploads\/2021\/04\/cropped-cropped-Risorsa-2.png\",\"contentUrl\":\"https:\/\/pugliamare.it\/wp-content\/uploads\/2021\/04\/cropped-cropped-Risorsa-2.png\",\"width\":374,\"height\":117,\"caption\":\"Pugliamare srl\"},\"image\":{\"@id\":\"https:\/\/pugliamare.it\/en\/#\/schema\/logo\/image\/\"},\"sameAs\":[\"https:\/\/www.facebook.com\/pugliamarexperience\",\"https:\/\/www.instagram.com\/pugliamare\/\"]}]}<\/script>\n<!-- \/ Yoast SEO Premium plugin. -->","yoast_head_json":{"title":"Vespa Tour in Puglia: Polignano, Conversano e Monopoli | Pugliamare","description":"Vivi un'avventura in Vespa tra Polignano, Conversano e Monopoli. Borghi storici, panorami e sapori pugliesi in un tour guidato indimenticabile. Prenota ora!","robots":{"index":"index","follow":"follow","max-snippet":"max-snippet:-1","max-image-preview":"max-image-preview:large","max-video-preview":"max-video-preview:-1"},"canonical":"https:\/\/pugliamare.it\/es\/esperienze\/vespa-tour-borghi-e-grotte-polignano-monopoli-alberobello-castellana-grotte\/","og_locale":"es_ES","og_type":"article","og_title":"Vespa Tour in Puglia: Polignano, Conversano e Monopoli","og_description":"Vivi un'avventura in Vespa tra Polignano, Conversano e Monopoli. Borghi storici, panorami e sapori pugliesi in un tour guidato indimenticabile. Prenota ora!","og_url":"https:\/\/pugliamare.it\/es\/esperienze\/vespa-tour-borghi-e-grotte-polignano-monopoli-alberobello-castellana-grotte\/","og_site_name":"Pugliamare","article_publisher":"https:\/\/www.facebook.com\/pugliamarexperience","article_modified_time":"2025-10-28T11:45:19+00:00","og_image":[{"width":1440,"height":2560,"url":"https:\/\/pugliamare.it\/wp-content\/uploads\/2024\/10\/IMG_4043-1-scaled.jpg","type":"image\/jpeg"}],"twitter_card":"summary_large_image","schema":{"@context":"https:\/\/schema.org","@graph":[{"@type":"WebPage","@id":"https:\/\/pugliamare.it\/esperienze\/vespa-tour-borghi-e-grotte-polignano-monopoli-alberobello-castellana-grotte\/","url":"https:\/\/pugliamare.it\/esperienze\/vespa-tour-borghi-e-grotte-polignano-monopoli-alberobello-castellana-grotte\/","name":"Vespa Tour in Puglia: Polignano, Conversano e Monopoli | Pugliamare","isPartOf":{"@id":"https:\/\/pugliamare.it\/en\/#website"},"primaryImageOfPage":{"@id":"https:\/\/pugliamare.it\/esperienze\/vespa-tour-borghi-e-grotte-polignano-monopoli-alberobello-castellana-grotte\/#primaryimage"},"image":{"@id":"https:\/\/pugliamare.it\/esperienze\/vespa-tour-borghi-e-grotte-polignano-monopoli-alberobello-castellana-grotte\/#primaryimage"},"thumbnailUrl":"https:\/\/pugliamare.it\/wp-content\/uploads\/2024\/10\/IMG_4043-1-scaled.jpg","datePublished":"2024-10-24T12:45:19+00:00","dateModified":"2025-10-28T11:45:19+00:00","description":"Vivi un'avventura in Vespa tra Polignano, Conversano e Monopoli. Borghi storici, panorami e sapori pugliesi in un tour guidato indimenticabile. Prenota ora!","breadcrumb":{"@id":"https:\/\/pugliamare.it\/esperienze\/vespa-tour-borghi-e-grotte-polignano-monopoli-alberobello-castellana-grotte\/#breadcrumb"},"inLanguage":"es","potentialAction":[{"@type":"ReadAction","target":["https:\/\/pugliamare.it\/esperienze\/vespa-tour-borghi-e-grotte-polignano-monopoli-alberobello-castellana-grotte\/"]}]},{"@type":"ImageObject","inLanguage":"es","@id":"https:\/\/pugliamare.it\/esperienze\/vespa-tour-borghi-e-grotte-polignano-monopoli-alberobello-castellana-grotte\/#primaryimage","url":"https:\/\/pugliamare.it\/wp-content\/uploads\/2024\/10\/IMG_4043-1-scaled.jpg","contentUrl":"https:\/\/pugliamare.it\/wp-content\/uploads\/2024\/10\/IMG_4043-1-scaled.jpg","width":1440,"height":2560},{"@type":"BreadcrumbList","@id":"https:\/\/pugliamare.it\/esperienze\/vespa-tour-borghi-e-grotte-polignano-monopoli-alberobello-castellana-grotte\/#breadcrumb","itemListElement":[{"@type":"ListItem","position":1,"name":"Home","item":"https:\/\/pugliamare.it\/"},{"@type":"ListItem","position":2,"name":"Vespa Tour in Puglia: Polignano, Conversano e Monopoli"}]},{"@type":"WebSite","@id":"https:\/\/pugliamare.it\/en\/#website","url":"https:\/\/pugliamare.it\/en\/","name":"Pugliamare","description":"Esperienze, Soggiorni e Tour personalizzati in Puglia","publisher":{"@id":"https:\/\/pugliamare.it\/en\/#organization"},"potentialAction":[{"@type":"SearchAction","target":{"@type":"EntryPoint","urlTemplate":"https:\/\/pugliamare.it\/en\/?s={search_term_string}"},"query-input":"required name=search_term_string"}],"inLanguage":"es"},{"@type":"Organization","@id":"https:\/\/pugliamare.it\/en\/#organization","name":"Pugliamare srl","url":"https:\/\/pugliamare.it\/en\/","logo":{"@type":"ImageObject","inLanguage":"es","@id":"https:\/\/pugliamare.it\/en\/#\/schema\/logo\/image\/","url":"https:\/\/pugliamare.it\/wp-content\/uploads\/2021\/04\/cropped-cropped-Risorsa-2.png","contentUrl":"https:\/\/pugliamare.it\/wp-content\/uploads\/2021\/04\/cropped-cropped-Risorsa-2.png","width":374,"height":117,"caption":"Pugliamare srl"},"image":{"@id":"https:\/\/pugliamare.it\/en\/#\/schema\/logo\/image\/"},"sameAs":["https:\/\/www.facebook.com\/pugliamarexperience","https:\/\/www.instagram.com\/pugliamare\/"]}]}},"_links":{"self":[{"href":"https:\/\/pugliamare.it\/es\/wp-json\/wp\/v2\/product\/29271"}],"collection":[{"href":"https:\/\/pugliamare.it\/es\/wp-json\/wp\/v2\/product"}],"about":[{"href":"https:\/\/pugliamare.it\/es\/wp-json\/wp\/v2\/types\/product"}],"version-history":[{"count":25,"href":"https:\/\/pugliamare.it\/es\/wp-json\/wp\/v2\/product\/29271\/revisions"}],"predecessor-version":[{"id":36643,"href":"https:\/\/pugliamare.it\/es\/wp-json\/wp\/v2\/product\/29271\/revisions\/36643"}],"wp:featuredmedia":[{"embeddable":true,"href":"https:\/\/pugliamare.it\/es\/wp-json\/wp\/v2\/media\/36645"}],"wp:attachment":[{"href":"https:\/\/pugliamare.it\/es\/wp-json\/wp\/v2\/media?parent=29271"}],"wp:term":[{"taxonomy":"product_cat","embeddable":true,"href":"https:\/\/pugliamare.it\/es\/wp-json\/wp\/v2\/product_cat?post=29271"},{"taxonomy":"product_tag","embeddable":true,"href":"https:\/\/pugliamare.it\/es\/wp-json\/wp\/v2\/product_tag?post=29271"}],"curies":[{"name":"wp","href":"https:\/\/api.w.org\/{rel}","templated":true}]}}