{"id":29596,"date":"2024-11-18T19:46:42","date_gmt":"2024-11-18T18:46:42","guid":{"rendered":"https:\/\/pugliamare.it\/?post_type=product&#038;p=29596"},"modified":"2025-08-29T14:27:26","modified_gmt":"2025-08-29T12:27:26","slug":"vista-mare-polignano","status":"publish","type":"product","link":"https:\/\/pugliamare.it\/es\/esperienze\/vista-mare-polignano\/","title":{"rendered":"Vista Mare: Apartamento a pocos pasos del mar en Polignano a Mare"},"content":{"rendered":"<div class=\"flex max-w-full flex-col flex-grow\">\n<div class=\"min-h-[20px] text-message flex w-full flex-col items-end gap-2 whitespace-normal break-words [.text-message+&amp;]:mt-5\" dir=\"auto\" data-message-author-role=\"assistant\" data-message-id=\"eab73850-2f42-4e99-b26f-ecae8c0699c7\">\n<div class=\"flex w-full flex-col gap-1 empty:hidden first:pt-[3px]\">\n<div class=\"markdown prose w-full break-words dark:prose-invert dark\">\n<h3><strong>Ubicaci\u00f3n<\/strong><\/h3>\n<p class=\" translation-block\">El apartamento <strong>Vista Mare<\/strong> se encuentra en una posici\u00f3n privilegiada, a pocos pasos del centro hist\u00f3rico y del mar cristalino que hace famosa a <a href=\"https:\/\/pugliamare.it\/destinazioni\/polignano-a-mare\/\" target=\"_self\"><strong>Polignano a Mare<\/strong><\/a>. Ubicado en una tranquila zona residencial, permite disfrutar de un ambiente relajante estando al mismo tiempo cerca de las principales atracciones del pueblo. Ideal para quienes desean explorar la ciudad y vivir momentos \u00fanicos admirando la impresionante vista desde la <strong>terraza<\/strong>.<\/p>\n<p>\ud83d\udccdVia Parco del Lauro 62, 70044 Polignano a Mare, Italia<\/p>\n<h3><strong>Interiores<\/strong><\/h3>\n<p class=\" translation-block\">El apartamento, moderno y acogedor, dispone de una fant\u00e1stica <strong>terraza<\/strong>, <strong>dos dormitorios<\/strong>, un <strong>sal\u00f3n con sof\u00e1 cama<\/strong> y una <strong>cocina totalmente equipada<\/strong>, perfecta para alojar a familias o grupos de amigos <strong>de hasta seis personas<\/strong>. <strong>Aire acondicionado<\/strong> y <strong>conexi\u00f3n Wi-Fi<\/strong> est\u00e1n incluidos, garantizando una estancia llena de comodidad. Los espacios luminosos y cuidados en cada detalle crean una atm\u00f3sfera acogedora para unas vacaciones de total relax.<\/p>\n<h3><strong>Servicios<\/strong><\/h3>\n<p class=\" translation-block\">La propiedad est\u00e1 gestionada por <strong>Pugliamare<\/strong>, sin\u00f3nimo de profesionalidad y atenci\u00f3n a los hu\u00e9spedes, para ofrecer una experiencia aut\u00e9ntica e inolvidable. El <strong>aparcamiento privado<\/strong> est\u00e1 disponible en el lugar con reserva previa por un coste de <strong>25 \u20ac<\/strong> al d\u00eda.<\/p>\n<div class=\"mr-3 mt-4\">\n<div class=\"checkInOutBadge badge badge-pill badge-light px-4 py-3\"><strong>\u00a0Check-in:<\/strong> 15:00 &#8211; 18:30<\/div>\n<\/div>\n<div class=\"mt-4\">\n<div class=\"checkInOutBadge badge badge-pill badge-light px-4 py-3\"><strong>\u00a0Check-out:<\/strong> 10:00<\/div>\n<div><\/div>\n<div class=\" translation-block\">El <strong>Vista Mare<\/strong> en Polignano es la elecci\u00f3n perfecta para quienes buscan una estancia relajante y aut\u00e9ntica en <a href=\"https:\/\/pugliamare.it\/destinazioni\/\" target=\"_self\">Puglia<\/a>. Gestionado por <strong>Pugliamare<\/strong>, garantiza profesionalidad y atenci\u00f3n a cada detalle. Solo queda reservar y descubrir el encanto de Polignano a Mare, donde cada momento se convierte en un recuerdo especial. Para asistencia y disponibilidad, <a href=\"https:\/\/api.whatsapp.com\/send?phone=390802223620\" target=\"_self\">cont\u00e1ctanos<\/a>; \u00a1estamos a tu disposici\u00f3n para ayudarte a organizar tu estancia!<\/div>\n<\/div>\n<\/div>\n<\/div>\n<\/div>\n<\/div>","protected":false},"excerpt":{"rendered":"<p><strong>Vista Mare<\/strong>\u00a0\u00e8 un elegante appartamento con una spettacolare vista sul mare, perfetto per un soggiorno rilassante a pochi passi dal centro storico e dalle acque cristalline di <strong>Polignano a Mare<\/strong>. Gestito da <strong>Pugliamare<\/strong>, garantisce un\u2019esperienza autentica e curata per scoprire il meglio della Puglia.<\/p>","protected":false},"featured_media":29597,"template":"","meta":{"_acf_changed":false,"inline_featured_image":false},"product_cat":[404],"product_tag":[407],"acf":[],"yoast_head":"<!-- This site is optimized with the Yoast SEO Premium plugin v22.8 (Yoast SEO v22.8) - https:\/\/yoast.com\/wordpress\/plugins\/seo\/ -->\n<title>Vista Mare Appartamento: Vista sul Mare nel Cuore di Polignano | Pugliamare<\/title>\n<meta name=\"description\" content=\"Vista mare: appartamento con vista mozzafiato sul mare di Polignano, ideale per famiglie o amici per un soggiorno autentico e rilassante.\" \/>\n<meta name=\"robots\" content=\"index, follow, max-snippet:-1, max-image-preview:large, max-video-preview:-1\" \/>\n<link rel=\"canonical\" href=\"https:\/\/pugliamare.it\/es\/esperienze\/vista-mare-polignano\/\" \/>\n<meta property=\"og:locale\" content=\"es_ES\" \/>\n<meta property=\"og:type\" content=\"article\" \/>\n<meta property=\"og:title\" content=\"Vista Mare: Appartamento a 2 passi dal mare a Polignano a Mare\" \/>\n<meta property=\"og:description\" content=\"Vista mare: appartamento con vista mozzafiato sul mare di Polignano, ideale per famiglie o amici per un soggiorno autentico e rilassante.\" \/>\n<meta property=\"og:url\" content=\"https:\/\/pugliamare.it\/es\/esperienze\/vista-mare-polignano\/\" \/>\n<meta property=\"og:site_name\" content=\"Pugliamare\" \/>\n<meta property=\"article:publisher\" content=\"https:\/\/www.facebook.com\/pugliamarexperience\" \/>\n<meta property=\"article:modified_time\" content=\"2025-08-29T12:27:26+00:00\" \/>\n<meta property=\"og:image\" content=\"https:\/\/pugliamare.it\/wp-content\/uploads\/2024\/11\/Vista-Mare.webp\" \/>\n\t<meta property=\"og:image:width\" content=\"1920\" \/>\n\t<meta property=\"og:image:height\" content=\"1207\" \/>\n\t<meta property=\"og:image:type\" content=\"image\/webp\" \/>\n<meta name=\"twitter:card\" content=\"summary_large_image\" \/>\n<script type=\"application\/ld+json\" class=\"yoast-schema-graph\">{\"@context\":\"https:\/\/schema.org\",\"@graph\":[{\"@type\":\"WebPage\",\"@id\":\"https:\/\/pugliamare.it\/esperienze\/vista-mare-polignano\/\",\"url\":\"https:\/\/pugliamare.it\/esperienze\/vista-mare-polignano\/\",\"name\":\"Vista Mare Appartamento: Vista sul Mare nel Cuore di Polignano | Pugliamare\",\"isPartOf\":{\"@id\":\"https:\/\/pugliamare.it\/en\/#website\"},\"primaryImageOfPage\":{\"@id\":\"https:\/\/pugliamare.it\/esperienze\/vista-mare-polignano\/#primaryimage\"},\"image\":{\"@id\":\"https:\/\/pugliamare.it\/esperienze\/vista-mare-polignano\/#primaryimage\"},\"thumbnailUrl\":\"https:\/\/pugliamare.it\/wp-content\/uploads\/2024\/11\/Vista-Mare.webp\",\"datePublished\":\"2024-11-18T18:46:42+00:00\",\"dateModified\":\"2025-08-29T12:27:26+00:00\",\"description\":\"Vista mare: appartamento con vista mozzafiato sul mare di Polignano, ideale per famiglie o amici per un soggiorno autentico e rilassante.\",\"breadcrumb\":{\"@id\":\"https:\/\/pugliamare.it\/esperienze\/vista-mare-polignano\/#breadcrumb\"},\"inLanguage\":\"es\",\"potentialAction\":[{\"@type\":\"ReadAction\",\"target\":[\"https:\/\/pugliamare.it\/esperienze\/vista-mare-polignano\/\"]}]},{\"@type\":\"ImageObject\",\"inLanguage\":\"es\",\"@id\":\"https:\/\/pugliamare.it\/esperienze\/vista-mare-polignano\/#primaryimage\",\"url\":\"https:\/\/pugliamare.it\/wp-content\/uploads\/2024\/11\/Vista-Mare.webp\",\"contentUrl\":\"https:\/\/pugliamare.it\/wp-content\/uploads\/2024\/11\/Vista-Mare.webp\",\"width\":1920,\"height\":1207},{\"@type\":\"BreadcrumbList\",\"@id\":\"https:\/\/pugliamare.it\/esperienze\/vista-mare-polignano\/#breadcrumb\",\"itemListElement\":[{\"@type\":\"ListItem\",\"position\":1,\"name\":\"Home\",\"item\":\"https:\/\/pugliamare.it\/\"},{\"@type\":\"ListItem\",\"position\":2,\"name\":\"Vista Mare: Appartamento a 2 passi dal mare a Polignano a Mare\"}]},{\"@type\":\"WebSite\",\"@id\":\"https:\/\/pugliamare.it\/en\/#website\",\"url\":\"https:\/\/pugliamare.it\/en\/\",\"name\":\"Pugliamare\",\"description\":\"Esperienze, Soggiorni e Tour personalizzati in Puglia\",\"publisher\":{\"@id\":\"https:\/\/pugliamare.it\/en\/#organization\"},\"potentialAction\":[{\"@type\":\"SearchAction\",\"target\":{\"@type\":\"EntryPoint\",\"urlTemplate\":\"https:\/\/pugliamare.it\/en\/?s={search_term_string}\"},\"query-input\":\"required name=search_term_string\"}],\"inLanguage\":\"es\"},{\"@type\":\"Organization\",\"@id\":\"https:\/\/pugliamare.it\/en\/#organization\",\"name\":\"Pugliamare srl\",\"url\":\"https:\/\/pugliamare.it\/en\/\",\"logo\":{\"@type\":\"ImageObject\",\"inLanguage\":\"es\",\"@id\":\"https:\/\/pugliamare.it\/en\/#\/schema\/logo\/image\/\",\"url\":\"https:\/\/pugliamare.it\/wp-content\/uploads\/2021\/04\/cropped-cropped-Risorsa-2.png\",\"contentUrl\":\"https:\/\/pugliamare.it\/wp-content\/uploads\/2021\/04\/cropped-cropped-Risorsa-2.png\",\"width\":374,\"height\":117,\"caption\":\"Pugliamare srl\"},\"image\":{\"@id\":\"https:\/\/pugliamare.it\/en\/#\/schema\/logo\/image\/\"},\"sameAs\":[\"https:\/\/www.facebook.com\/pugliamarexperience\",\"https:\/\/www.instagram.com\/pugliamare\/\"]}]}<\/script>\n<!-- \/ Yoast SEO Premium plugin. -->","yoast_head_json":{"title":"Vista Mare Appartamento: Vista sul Mare nel Cuore di Polignano | Pugliamare","description":"Vista mare: appartamento con vista mozzafiato sul mare di Polignano, ideale per famiglie o amici per un soggiorno autentico e rilassante.","robots":{"index":"index","follow":"follow","max-snippet":"max-snippet:-1","max-image-preview":"max-image-preview:large","max-video-preview":"max-video-preview:-1"},"canonical":"https:\/\/pugliamare.it\/es\/esperienze\/vista-mare-polignano\/","og_locale":"es_ES","og_type":"article","og_title":"Vista Mare: Appartamento a 2 passi dal mare a Polignano a Mare","og_description":"Vista mare: appartamento con vista mozzafiato sul mare di Polignano, ideale per famiglie o amici per un soggiorno autentico e rilassante.","og_url":"https:\/\/pugliamare.it\/es\/esperienze\/vista-mare-polignano\/","og_site_name":"Pugliamare","article_publisher":"https:\/\/www.facebook.com\/pugliamarexperience","article_modified_time":"2025-08-29T12:27:26+00:00","og_image":[{"width":1920,"height":1207,"url":"https:\/\/pugliamare.it\/wp-content\/uploads\/2024\/11\/Vista-Mare.webp","type":"image\/webp"}],"twitter_card":"summary_large_image","schema":{"@context":"https:\/\/schema.org","@graph":[{"@type":"WebPage","@id":"https:\/\/pugliamare.it\/esperienze\/vista-mare-polignano\/","url":"https:\/\/pugliamare.it\/esperienze\/vista-mare-polignano\/","name":"Vista Mare Appartamento: Vista sul Mare nel Cuore di Polignano | Pugliamare","isPartOf":{"@id":"https:\/\/pugliamare.it\/en\/#website"},"primaryImageOfPage":{"@id":"https:\/\/pugliamare.it\/esperienze\/vista-mare-polignano\/#primaryimage"},"image":{"@id":"https:\/\/pugliamare.it\/esperienze\/vista-mare-polignano\/#primaryimage"},"thumbnailUrl":"https:\/\/pugliamare.it\/wp-content\/uploads\/2024\/11\/Vista-Mare.webp","datePublished":"2024-11-18T18:46:42+00:00","dateModified":"2025-08-29T12:27:26+00:00","description":"Vista mare: appartamento con vista mozzafiato sul mare di Polignano, ideale per famiglie o amici per un soggiorno autentico e rilassante.","breadcrumb":{"@id":"https:\/\/pugliamare.it\/esperienze\/vista-mare-polignano\/#breadcrumb"},"inLanguage":"es","potentialAction":[{"@type":"ReadAction","target":["https:\/\/pugliamare.it\/esperienze\/vista-mare-polignano\/"]}]},{"@type":"ImageObject","inLanguage":"es","@id":"https:\/\/pugliamare.it\/esperienze\/vista-mare-polignano\/#primaryimage","url":"https:\/\/pugliamare.it\/wp-content\/uploads\/2024\/11\/Vista-Mare.webp","contentUrl":"https:\/\/pugliamare.it\/wp-content\/uploads\/2024\/11\/Vista-Mare.webp","width":1920,"height":1207},{"@type":"BreadcrumbList","@id":"https:\/\/pugliamare.it\/esperienze\/vista-mare-polignano\/#breadcrumb","itemListElement":[{"@type":"ListItem","position":1,"name":"Home","item":"https:\/\/pugliamare.it\/"},{"@type":"ListItem","position":2,"name":"Vista Mare: Appartamento a 2 passi dal mare a Polignano a Mare"}]},{"@type":"WebSite","@id":"https:\/\/pugliamare.it\/en\/#website","url":"https:\/\/pugliamare.it\/en\/","name":"Pugliamare","description":"Esperienze, Soggiorni e Tour personalizzati in Puglia","publisher":{"@id":"https:\/\/pugliamare.it\/en\/#organization"},"potentialAction":[{"@type":"SearchAction","target":{"@type":"EntryPoint","urlTemplate":"https:\/\/pugliamare.it\/en\/?s={search_term_string}"},"query-input":"required name=search_term_string"}],"inLanguage":"es"},{"@type":"Organization","@id":"https:\/\/pugliamare.it\/en\/#organization","name":"Pugliamare srl","url":"https:\/\/pugliamare.it\/en\/","logo":{"@type":"ImageObject","inLanguage":"es","@id":"https:\/\/pugliamare.it\/en\/#\/schema\/logo\/image\/","url":"https:\/\/pugliamare.it\/wp-content\/uploads\/2021\/04\/cropped-cropped-Risorsa-2.png","contentUrl":"https:\/\/pugliamare.it\/wp-content\/uploads\/2021\/04\/cropped-cropped-Risorsa-2.png","width":374,"height":117,"caption":"Pugliamare srl"},"image":{"@id":"https:\/\/pugliamare.it\/en\/#\/schema\/logo\/image\/"},"sameAs":["https:\/\/www.facebook.com\/pugliamarexperience","https:\/\/www.instagram.com\/pugliamare\/"]}]}},"_links":{"self":[{"href":"https:\/\/pugliamare.it\/es\/wp-json\/wp\/v2\/product\/29596"}],"collection":[{"href":"https:\/\/pugliamare.it\/es\/wp-json\/wp\/v2\/product"}],"about":[{"href":"https:\/\/pugliamare.it\/es\/wp-json\/wp\/v2\/types\/product"}],"version-history":[{"count":7,"href":"https:\/\/pugliamare.it\/es\/wp-json\/wp\/v2\/product\/29596\/revisions"}],"predecessor-version":[{"id":35303,"href":"https:\/\/pugliamare.it\/es\/wp-json\/wp\/v2\/product\/29596\/revisions\/35303"}],"wp:featuredmedia":[{"embeddable":true,"href":"https:\/\/pugliamare.it\/es\/wp-json\/wp\/v2\/media\/29597"}],"wp:attachment":[{"href":"https:\/\/pugliamare.it\/es\/wp-json\/wp\/v2\/media?parent=29596"}],"wp:term":[{"taxonomy":"product_cat","embeddable":true,"href":"https:\/\/pugliamare.it\/es\/wp-json\/wp\/v2\/product_cat?post=29596"},{"taxonomy":"product_tag","embeddable":true,"href":"https:\/\/pugliamare.it\/es\/wp-json\/wp\/v2\/product_tag?post=29596"}],"curies":[{"name":"wp","href":"https:\/\/api.w.org\/{rel}","templated":true}]}}