{"id":29613,"date":"2024-11-22T18:08:04","date_gmt":"2024-11-22T17:08:04","guid":{"rendered":"https:\/\/pugliamare.it\/?post_type=product&#038;p=29613"},"modified":"2025-08-29T14:49:48","modified_gmt":"2025-08-29T12:49:48","slug":"casa-gino-polignano","status":"publish","type":"product","link":"https:\/\/pugliamare.it\/es\/esperienze\/casa-gino-polignano\/","title":{"rendered":"Casa Gino: Elegancia y Confort en el Coraz\u00f3n de Polignano"},"content":{"rendered":"<div class=\"flex max-w-full flex-col flex-grow\">\n<div class=\"min-h-[20px] text-message flex w-full flex-col items-end gap-2 whitespace-normal break-words [.text-message+&amp;]:mt-5\" dir=\"auto\" data-message-author-role=\"assistant\" data-message-id=\"eab73850-2f42-4e99-b26f-ecae8c0699c7\">\n<div class=\"flex w-full flex-col gap-1 empty:hidden first:pt-[3px]\">\n<div class=\"markdown prose w-full break-words dark:prose-invert dark\">\n<h3><strong>Ubicaci\u00f3n<\/strong><\/h3>\n<p class=\" translation-block\">Situada en <strong>Vico Rosa 23<\/strong>, en el coraz\u00f3n de <a href=\"https:\/\/pugliamare.it\/destinazioni\/polignano-a-mare\/\" target=\"_self\"><strong>Polignano a Mare<\/strong><\/a> y cerca de la animada Piazza Aldo Moro, <strong>Casa Gino<\/strong> ofrece una estancia \u00fanica, inmersa en la aut\u00e9ntica atm\u00f3sfera del pueblo de Apulia. Su ubicaci\u00f3n estrat\u00e9gica permite acceder f\u00e1cilmente a las principales atracciones tur\u00edsticas y gastron\u00f3micas, brindando una experiencia aut\u00e9ntica y vibrante.<\/p>\n<p>\ud83d\udccdVia Vico Rosa 23, 70044 Polignano a Mare, Italia<\/p>\n<h3><strong>Interiores<\/strong><\/h3>\n<p class=\" translation-block\">La vivienda, distribuida en <strong>dos niveles<\/strong>, ofrece <strong>2 dormitorios<\/strong>, una cocina equipada y <strong>2 ba\u00f1os completos<\/strong>, perfectos para garantizar privacidad y comodidad para un m\u00e1ximo de <strong>4 hu\u00e9spedes<\/strong>. <strong>Aire acondicionado<\/strong> y <strong>conexi\u00f3n Wi-Fi<\/strong> est\u00e1n incluidos. Adem\u00e1s, espacios como el <strong>balc\u00f3n con vistas a la plaza<\/strong> y un <strong>terraza \u00edntima<\/strong> invitan a momentos de relax al aire libre, bajo el sol o las estrellas de Apulia.<\/p>\n<h3><strong>Servicios<\/strong><\/h3>\n<p class=\" translation-block\">La propiedad est\u00e1 gestionada por <strong>Pugliamare<\/strong>, sin\u00f3nimo de profesionalidad y atenci\u00f3n a los hu\u00e9spedes, para ofrecer una experiencia aut\u00e9ntica e inolvidable. Completamente <strong>reformada<\/strong>, combina el encanto tradicional con <strong>comodidades modernas<\/strong>. Los espacios acogedores y funcionales la hacen ideal para familias y peque\u00f1os grupos que buscan unas vacaciones de relax y descubrimiento.<\/p>\n<div class=\"mr-3 mt-4\">\n<div class=\"checkInOutBadge badge badge-pill badge-light px-4 py-3\"><strong>\u00a0Check-in:<\/strong> 15:00 &#8211; 00:00<\/div>\n<\/div>\n<div class=\"mt-4\">\n<div class=\"checkInOutBadge badge badge-pill badge-light px-4 py-3\"><strong>\u00a0Check-out:<\/strong> 10:00<\/div>\n<\/div>\n<\/div>\n<\/div>\n<\/div>\n<\/div>\n<div><\/div>\n<div class=\" translation-block\"><strong>Casa Gino<\/strong> es la elecci\u00f3n perfecta para quienes desean vivir una experiencia aut\u00e9ntica en Polignano a Mare. Gestionada por <strong>Pugliamare<\/strong>, cuenta con una ubicaci\u00f3n c\u00e9ntrica, comodidades modernas y el encanto de la tradici\u00f3n de Apulia. <strong>\u00a1Reserva ahora<\/strong> para descubrir lo mejor de <a href=\"https:\/\/pugliamare.it\/destinazioni\/\" target=\"_self\">Puglia<\/a>! Para asistencia y disponibilidad, <a href=\"https:\/\/api.whatsapp.com\/send?phone=390802223620\" target=\"_self\">cont\u00e1ctanos<\/a>; \u00a1estamos a tu disposici\u00f3n para ayudarte a organizar tu estancia!<\/div>","protected":false},"excerpt":{"rendered":"<p><strong>Casa Gino<\/strong>, una residenza ristrutturata su due livelli nel cuore di Polignano a Mare. Con <strong>2 camere da letto<\/strong>, <strong>2 bagni<\/strong>, balcone e terrazzino, offre il mix perfetto di comfort moderno e fascino pugliese per un soggiorno indimenticabile.<\/p>","protected":false},"featured_media":29622,"template":"","meta":{"_acf_changed":false,"inline_featured_image":false},"product_cat":[404],"product_tag":[407],"acf":[],"yoast_head":"<!-- This site is optimized with the Yoast SEO Premium plugin v22.8 (Yoast SEO v22.8) - https:\/\/yoast.com\/wordpress\/plugins\/seo\/ -->\n<title>Casa Gino: Eleganza e Comfort nel Cuore di Polignano | Pugliamare<\/title>\n<meta name=\"description\" content=\"Casa Gino a Polignano a Mare: appartamento ristrutturato su due livelli con 2 camere, 2 bagni, balcone e terrazzino. Comfort e fascino pugliese nel centro.\" \/>\n<meta name=\"robots\" content=\"index, follow, max-snippet:-1, max-image-preview:large, max-video-preview:-1\" \/>\n<link rel=\"canonical\" href=\"https:\/\/pugliamare.it\/es\/esperienze\/casa-gino-polignano\/\" \/>\n<meta property=\"og:locale\" content=\"es_ES\" \/>\n<meta property=\"og:type\" content=\"article\" \/>\n<meta property=\"og:title\" content=\"Casa Gino: Eleganza e Comfort nel Cuore di Polignano\" \/>\n<meta property=\"og:description\" content=\"Casa Gino a Polignano a Mare: appartamento ristrutturato su due livelli con 2 camere, 2 bagni, balcone e terrazzino. Comfort e fascino pugliese nel centro.\" \/>\n<meta property=\"og:url\" content=\"https:\/\/pugliamare.it\/es\/esperienze\/casa-gino-polignano\/\" \/>\n<meta property=\"og:site_name\" content=\"Pugliamare\" \/>\n<meta property=\"article:publisher\" content=\"https:\/\/www.facebook.com\/pugliamarexperience\" \/>\n<meta property=\"article:modified_time\" content=\"2025-08-29T12:49:48+00:00\" \/>\n<meta property=\"og:image\" content=\"https:\/\/pugliamare.it\/wp-content\/uploads\/2024\/11\/casa-gino.webp\" \/>\n\t<meta property=\"og:image:width\" content=\"600\" \/>\n\t<meta property=\"og:image:height\" content=\"600\" \/>\n\t<meta property=\"og:image:type\" content=\"image\/webp\" \/>\n<meta name=\"twitter:card\" content=\"summary_large_image\" \/>\n<script type=\"application\/ld+json\" class=\"yoast-schema-graph\">{\"@context\":\"https:\/\/schema.org\",\"@graph\":[{\"@type\":\"WebPage\",\"@id\":\"https:\/\/pugliamare.it\/esperienze\/casa-gino-polignano\/\",\"url\":\"https:\/\/pugliamare.it\/esperienze\/casa-gino-polignano\/\",\"name\":\"Casa Gino: Eleganza e Comfort nel Cuore di Polignano | Pugliamare\",\"isPartOf\":{\"@id\":\"https:\/\/pugliamare.it\/en\/#website\"},\"primaryImageOfPage\":{\"@id\":\"https:\/\/pugliamare.it\/esperienze\/casa-gino-polignano\/#primaryimage\"},\"image\":{\"@id\":\"https:\/\/pugliamare.it\/esperienze\/casa-gino-polignano\/#primaryimage\"},\"thumbnailUrl\":\"https:\/\/pugliamare.it\/wp-content\/uploads\/2024\/11\/casa-gino.webp\",\"datePublished\":\"2024-11-22T17:08:04+00:00\",\"dateModified\":\"2025-08-29T12:49:48+00:00\",\"description\":\"Casa Gino a Polignano a Mare: appartamento ristrutturato su due livelli con 2 camere, 2 bagni, balcone e terrazzino. Comfort e fascino pugliese nel centro.\",\"breadcrumb\":{\"@id\":\"https:\/\/pugliamare.it\/esperienze\/casa-gino-polignano\/#breadcrumb\"},\"inLanguage\":\"es\",\"potentialAction\":[{\"@type\":\"ReadAction\",\"target\":[\"https:\/\/pugliamare.it\/esperienze\/casa-gino-polignano\/\"]}]},{\"@type\":\"ImageObject\",\"inLanguage\":\"es\",\"@id\":\"https:\/\/pugliamare.it\/esperienze\/casa-gino-polignano\/#primaryimage\",\"url\":\"https:\/\/pugliamare.it\/wp-content\/uploads\/2024\/11\/casa-gino.webp\",\"contentUrl\":\"https:\/\/pugliamare.it\/wp-content\/uploads\/2024\/11\/casa-gino.webp\",\"width\":600,\"height\":600},{\"@type\":\"BreadcrumbList\",\"@id\":\"https:\/\/pugliamare.it\/esperienze\/casa-gino-polignano\/#breadcrumb\",\"itemListElement\":[{\"@type\":\"ListItem\",\"position\":1,\"name\":\"Home\",\"item\":\"https:\/\/pugliamare.it\/\"},{\"@type\":\"ListItem\",\"position\":2,\"name\":\"Casa Gino: Eleganza e Comfort nel Cuore di Polignano\"}]},{\"@type\":\"WebSite\",\"@id\":\"https:\/\/pugliamare.it\/en\/#website\",\"url\":\"https:\/\/pugliamare.it\/en\/\",\"name\":\"Pugliamare\",\"description\":\"Esperienze, Soggiorni e Tour personalizzati in Puglia\",\"publisher\":{\"@id\":\"https:\/\/pugliamare.it\/en\/#organization\"},\"potentialAction\":[{\"@type\":\"SearchAction\",\"target\":{\"@type\":\"EntryPoint\",\"urlTemplate\":\"https:\/\/pugliamare.it\/en\/?s={search_term_string}\"},\"query-input\":\"required name=search_term_string\"}],\"inLanguage\":\"es\"},{\"@type\":\"Organization\",\"@id\":\"https:\/\/pugliamare.it\/en\/#organization\",\"name\":\"Pugliamare srl\",\"url\":\"https:\/\/pugliamare.it\/en\/\",\"logo\":{\"@type\":\"ImageObject\",\"inLanguage\":\"es\",\"@id\":\"https:\/\/pugliamare.it\/en\/#\/schema\/logo\/image\/\",\"url\":\"https:\/\/pugliamare.it\/wp-content\/uploads\/2021\/04\/cropped-cropped-Risorsa-2.png\",\"contentUrl\":\"https:\/\/pugliamare.it\/wp-content\/uploads\/2021\/04\/cropped-cropped-Risorsa-2.png\",\"width\":374,\"height\":117,\"caption\":\"Pugliamare srl\"},\"image\":{\"@id\":\"https:\/\/pugliamare.it\/en\/#\/schema\/logo\/image\/\"},\"sameAs\":[\"https:\/\/www.facebook.com\/pugliamarexperience\",\"https:\/\/www.instagram.com\/pugliamare\/\"]}]}<\/script>\n<!-- \/ Yoast SEO Premium plugin. -->","yoast_head_json":{"title":"Casa Gino: Eleganza e Comfort nel Cuore di Polignano | Pugliamare","description":"Casa Gino a Polignano a Mare: appartamento ristrutturato su due livelli con 2 camere, 2 bagni, balcone e terrazzino. Comfort e fascino pugliese nel centro.","robots":{"index":"index","follow":"follow","max-snippet":"max-snippet:-1","max-image-preview":"max-image-preview:large","max-video-preview":"max-video-preview:-1"},"canonical":"https:\/\/pugliamare.it\/es\/esperienze\/casa-gino-polignano\/","og_locale":"es_ES","og_type":"article","og_title":"Casa Gino: Eleganza e Comfort nel Cuore di Polignano","og_description":"Casa Gino a Polignano a Mare: appartamento ristrutturato su due livelli con 2 camere, 2 bagni, balcone e terrazzino. Comfort e fascino pugliese nel centro.","og_url":"https:\/\/pugliamare.it\/es\/esperienze\/casa-gino-polignano\/","og_site_name":"Pugliamare","article_publisher":"https:\/\/www.facebook.com\/pugliamarexperience","article_modified_time":"2025-08-29T12:49:48+00:00","og_image":[{"width":600,"height":600,"url":"https:\/\/pugliamare.it\/wp-content\/uploads\/2024\/11\/casa-gino.webp","type":"image\/webp"}],"twitter_card":"summary_large_image","schema":{"@context":"https:\/\/schema.org","@graph":[{"@type":"WebPage","@id":"https:\/\/pugliamare.it\/esperienze\/casa-gino-polignano\/","url":"https:\/\/pugliamare.it\/esperienze\/casa-gino-polignano\/","name":"Casa Gino: Eleganza e Comfort nel Cuore di Polignano | Pugliamare","isPartOf":{"@id":"https:\/\/pugliamare.it\/en\/#website"},"primaryImageOfPage":{"@id":"https:\/\/pugliamare.it\/esperienze\/casa-gino-polignano\/#primaryimage"},"image":{"@id":"https:\/\/pugliamare.it\/esperienze\/casa-gino-polignano\/#primaryimage"},"thumbnailUrl":"https:\/\/pugliamare.it\/wp-content\/uploads\/2024\/11\/casa-gino.webp","datePublished":"2024-11-22T17:08:04+00:00","dateModified":"2025-08-29T12:49:48+00:00","description":"Casa Gino a Polignano a Mare: appartamento ristrutturato su due livelli con 2 camere, 2 bagni, balcone e terrazzino. Comfort e fascino pugliese nel centro.","breadcrumb":{"@id":"https:\/\/pugliamare.it\/esperienze\/casa-gino-polignano\/#breadcrumb"},"inLanguage":"es","potentialAction":[{"@type":"ReadAction","target":["https:\/\/pugliamare.it\/esperienze\/casa-gino-polignano\/"]}]},{"@type":"ImageObject","inLanguage":"es","@id":"https:\/\/pugliamare.it\/esperienze\/casa-gino-polignano\/#primaryimage","url":"https:\/\/pugliamare.it\/wp-content\/uploads\/2024\/11\/casa-gino.webp","contentUrl":"https:\/\/pugliamare.it\/wp-content\/uploads\/2024\/11\/casa-gino.webp","width":600,"height":600},{"@type":"BreadcrumbList","@id":"https:\/\/pugliamare.it\/esperienze\/casa-gino-polignano\/#breadcrumb","itemListElement":[{"@type":"ListItem","position":1,"name":"Home","item":"https:\/\/pugliamare.it\/"},{"@type":"ListItem","position":2,"name":"Casa Gino: Eleganza e Comfort nel Cuore di Polignano"}]},{"@type":"WebSite","@id":"https:\/\/pugliamare.it\/en\/#website","url":"https:\/\/pugliamare.it\/en\/","name":"Pugliamare","description":"Esperienze, Soggiorni e Tour personalizzati in Puglia","publisher":{"@id":"https:\/\/pugliamare.it\/en\/#organization"},"potentialAction":[{"@type":"SearchAction","target":{"@type":"EntryPoint","urlTemplate":"https:\/\/pugliamare.it\/en\/?s={search_term_string}"},"query-input":"required name=search_term_string"}],"inLanguage":"es"},{"@type":"Organization","@id":"https:\/\/pugliamare.it\/en\/#organization","name":"Pugliamare srl","url":"https:\/\/pugliamare.it\/en\/","logo":{"@type":"ImageObject","inLanguage":"es","@id":"https:\/\/pugliamare.it\/en\/#\/schema\/logo\/image\/","url":"https:\/\/pugliamare.it\/wp-content\/uploads\/2021\/04\/cropped-cropped-Risorsa-2.png","contentUrl":"https:\/\/pugliamare.it\/wp-content\/uploads\/2021\/04\/cropped-cropped-Risorsa-2.png","width":374,"height":117,"caption":"Pugliamare srl"},"image":{"@id":"https:\/\/pugliamare.it\/en\/#\/schema\/logo\/image\/"},"sameAs":["https:\/\/www.facebook.com\/pugliamarexperience","https:\/\/www.instagram.com\/pugliamare\/"]}]}},"_links":{"self":[{"href":"https:\/\/pugliamare.it\/es\/wp-json\/wp\/v2\/product\/29613"}],"collection":[{"href":"https:\/\/pugliamare.it\/es\/wp-json\/wp\/v2\/product"}],"about":[{"href":"https:\/\/pugliamare.it\/es\/wp-json\/wp\/v2\/types\/product"}],"version-history":[{"count":3,"href":"https:\/\/pugliamare.it\/es\/wp-json\/wp\/v2\/product\/29613\/revisions"}],"predecessor-version":[{"id":35308,"href":"https:\/\/pugliamare.it\/es\/wp-json\/wp\/v2\/product\/29613\/revisions\/35308"}],"wp:featuredmedia":[{"embeddable":true,"href":"https:\/\/pugliamare.it\/es\/wp-json\/wp\/v2\/media\/29622"}],"wp:attachment":[{"href":"https:\/\/pugliamare.it\/es\/wp-json\/wp\/v2\/media?parent=29613"}],"wp:term":[{"taxonomy":"product_cat","embeddable":true,"href":"https:\/\/pugliamare.it\/es\/wp-json\/wp\/v2\/product_cat?post=29613"},{"taxonomy":"product_tag","embeddable":true,"href":"https:\/\/pugliamare.it\/es\/wp-json\/wp\/v2\/product_tag?post=29613"}],"curies":[{"name":"wp","href":"https:\/\/api.w.org\/{rel}","templated":true}]}}