{"id":29625,"date":"2024-11-22T18:33:33","date_gmt":"2024-11-22T17:33:33","guid":{"rendered":"https:\/\/pugliamare.it\/?post_type=product&#038;p=29625"},"modified":"2025-08-29T14:49:52","modified_gmt":"2025-08-29T12:49:52","slug":"l-ippocampo-polignano","status":"publish","type":"product","link":"https:\/\/pugliamare.it\/es\/esperienze\/l-ippocampo-polignano\/","title":{"rendered":"L\u2019Ippocampo: Confort y Encanto en Polignano a Mare"},"content":{"rendered":"<div class=\"flex max-w-full flex-col flex-grow\">\n<div class=\"min-h-[20px] text-message flex w-full flex-col items-end gap-2 whitespace-normal break-words [.text-message+&amp;]:mt-5\" dir=\"auto\" data-message-author-role=\"assistant\" data-message-id=\"eab73850-2f42-4e99-b26f-ecae8c0699c7\">\n<div class=\"flex w-full flex-col gap-1 empty:hidden first:pt-[3px]\">\n<div class=\"markdown prose w-full break-words dark:prose-invert dark\">\n<h3><strong>Ubicaci\u00f3n<\/strong><\/h3>\n<p class=\" translation-block\">El apartamento <strong>L\u2019IPPOCAMPO<\/strong> est\u00e1 idealmente ubicado en <a href=\"https:\/\/pugliamare.it\/destinazioni\/polignano-a-mare\/\" target=\"_self\"><strong>Polignano a Mare<\/strong><\/a>, a pocos pasos de la playa de <a href=\"https:\/\/pugliamare.it\/lama-monachile-cala-porto\/\" target=\"_self\"><strong>Lama Monachile<\/strong><\/a> y a corta distancia de Lido Cala Paura y la Playa de Ponte dei Lapilli. Rodeado de importantes atracciones locales y bellezas naturales, es la base perfecta para explorar tanto el mar como el coraz\u00f3n cultural de Apulia.<\/p>\n<p>\ud83d\udccd<em class=\"apt-address\">Via Notar Enrico 8<\/em>, 70044 Polignano a Mare, Italia<\/p>\n<h3><strong>Interiores<\/strong><\/h3>\n<p class=\" translation-block\">Con una superficie de <strong>54 m\u00b2<\/strong>, acoge hasta <strong>4 hu\u00e9spedes<\/strong>. El apartamento <strong>con aire acondicionado<\/strong> dispone de un <strong>dormitorio<\/strong>, un <strong>sal\u00f3n<\/strong>, una <strong>cocina totalmente equipada<\/strong> y un ba\u00f1o moderno. El espacio, cuidado y acogedor, ofrece <strong>conexi\u00f3n Wi-Fi<\/strong> y combina comodidad con un estilo que evoca el encanto mitol\u00f3gico de su nombre.<\/p>\n<h3><strong>Servicios<\/strong><\/h3>\n<p>Ofrece tranquilidad y una gesti\u00f3n profesional para una estancia sin preocupaciones. Su ubicaci\u00f3n estrat\u00e9gica lo hace ideal para quienes desean explorar Polignano y sus alrededores.<\/p>\n<div class=\"mr-3 mt-4\">\n<div class=\"checkInOutBadge badge badge-pill badge-light px-4 py-3\"><strong>\u00a0Check-in:<\/strong> 15:00 &#8211; 00:00<\/div>\n<div><strong>\u00a0Llegada tard\u00eda:<\/strong> 00:00 &#8211; 00:00<\/div>\n<\/div>\n<div class=\"mt-4\">\n<div class=\"checkInOutBadge badge badge-pill badge-light px-4 py-3\"><strong>\u00a0Check-out:<\/strong> 10:00<\/div>\n<\/div>\n<\/div>\n<\/div>\n<\/div>\n<\/div>\n<div><\/div>\n<div class=\" translation-block\">El apartamento <strong>\u201cL\u2019Ippocampo\u201d<\/strong>, gestionado por <strong>Pugliamare<\/strong>, es una excelente opci\u00f3n para quienes buscan una estancia c\u00f3moda cerca del mar y de las principales atracciones de <a href=\"https:\/\/pugliamare.it\/destinazioni\/\" target=\"_self\">Apulia<\/a>. \u00a1Reserva ahora y d\u00e9jate cautivar por la combinaci\u00f3n perfecta de relax y descubrimiento! Para asistencia y disponibilidad, <a href=\"https:\/\/api.whatsapp.com\/send?phone=390802223620\" target=\"_self\">cont\u00e1ctanos<\/a>; \u00a1estamos a tu disposici\u00f3n para ayudarte a organizar tu estancia!<\/div>","protected":false},"excerpt":{"rendered":"<p><strong>L&#8217;Ippocampo<\/strong>\u00a0\u00e8 un appartamento accogliente a Polignano a Mare, a pochi passi dalla spiaggia di Lama Monachile. Con una camera da letto, soggiorno e cucina attrezzata, offre comfort moderni per un soggiorno rilassante. Perfetto per 4 ospiti, \u00e8 la base ideale per esplorare il cuore della Puglia.<\/p>","protected":false},"featured_media":29645,"template":"","meta":{"_acf_changed":false,"inline_featured_image":false},"product_cat":[404],"product_tag":[407],"acf":[],"yoast_head":"<!-- This site is optimized with the Yoast SEO Premium plugin v22.8 (Yoast SEO v22.8) - https:\/\/yoast.com\/wordpress\/plugins\/seo\/ -->\n<title>L&#039;Ippocampo Appartamento: Comfort e Fascino a Polignano a Mare | Pugliamare<\/title>\n<meta name=\"description\" content=\"L&#039;Ippocampo: Elegante appartamento a Polignano a Mare, a pochi passi dalla spiaggia. Comfort moderni e un&#039;atmosfera unica per un soggiorno indimenticabile.\" \/>\n<meta name=\"robots\" content=\"index, follow, max-snippet:-1, max-image-preview:large, max-video-preview:-1\" \/>\n<link rel=\"canonical\" href=\"https:\/\/pugliamare.it\/es\/esperienze\/l-ippocampo-polignano\/\" \/>\n<meta property=\"og:locale\" content=\"es_ES\" \/>\n<meta property=\"og:type\" content=\"article\" \/>\n<meta property=\"og:title\" content=\"L&#039;Ippocampo: Comfort e Fascino a Polignano a Mare\" \/>\n<meta property=\"og:description\" content=\"L&#039;Ippocampo: Elegante appartamento a Polignano a Mare, a pochi passi dalla spiaggia. Comfort moderni e un&#039;atmosfera unica per un soggiorno indimenticabile.\" \/>\n<meta property=\"og:url\" content=\"https:\/\/pugliamare.it\/es\/esperienze\/l-ippocampo-polignano\/\" \/>\n<meta property=\"og:site_name\" content=\"Pugliamare\" \/>\n<meta property=\"article:publisher\" content=\"https:\/\/www.facebook.com\/pugliamarexperience\" \/>\n<meta property=\"article:modified_time\" content=\"2025-08-29T12:49:52+00:00\" \/>\n<meta property=\"og:image\" content=\"https:\/\/pugliamare.it\/wp-content\/uploads\/2024\/11\/LIppocampo.jpg\" \/>\n\t<meta property=\"og:image:width\" content=\"1024\" \/>\n\t<meta property=\"og:image:height\" content=\"644\" \/>\n\t<meta property=\"og:image:type\" content=\"image\/jpeg\" \/>\n<meta name=\"twitter:card\" content=\"summary_large_image\" \/>\n<script type=\"application\/ld+json\" class=\"yoast-schema-graph\">{\"@context\":\"https:\/\/schema.org\",\"@graph\":[{\"@type\":\"WebPage\",\"@id\":\"https:\/\/pugliamare.it\/esperienze\/l-ippocampo-polignano\/\",\"url\":\"https:\/\/pugliamare.it\/esperienze\/l-ippocampo-polignano\/\",\"name\":\"L'Ippocampo Appartamento: Comfort e Fascino a Polignano a Mare | Pugliamare\",\"isPartOf\":{\"@id\":\"https:\/\/pugliamare.it\/en\/#website\"},\"primaryImageOfPage\":{\"@id\":\"https:\/\/pugliamare.it\/esperienze\/l-ippocampo-polignano\/#primaryimage\"},\"image\":{\"@id\":\"https:\/\/pugliamare.it\/esperienze\/l-ippocampo-polignano\/#primaryimage\"},\"thumbnailUrl\":\"https:\/\/pugliamare.it\/wp-content\/uploads\/2024\/11\/LIppocampo.jpg\",\"datePublished\":\"2024-11-22T17:33:33+00:00\",\"dateModified\":\"2025-08-29T12:49:52+00:00\",\"description\":\"L'Ippocampo: Elegante appartamento a Polignano a Mare, a pochi passi dalla spiaggia. Comfort moderni e un'atmosfera unica per un soggiorno indimenticabile.\",\"breadcrumb\":{\"@id\":\"https:\/\/pugliamare.it\/esperienze\/l-ippocampo-polignano\/#breadcrumb\"},\"inLanguage\":\"es\",\"potentialAction\":[{\"@type\":\"ReadAction\",\"target\":[\"https:\/\/pugliamare.it\/esperienze\/l-ippocampo-polignano\/\"]}]},{\"@type\":\"ImageObject\",\"inLanguage\":\"es\",\"@id\":\"https:\/\/pugliamare.it\/esperienze\/l-ippocampo-polignano\/#primaryimage\",\"url\":\"https:\/\/pugliamare.it\/wp-content\/uploads\/2024\/11\/LIppocampo.jpg\",\"contentUrl\":\"https:\/\/pugliamare.it\/wp-content\/uploads\/2024\/11\/LIppocampo.jpg\",\"width\":1024,\"height\":644},{\"@type\":\"BreadcrumbList\",\"@id\":\"https:\/\/pugliamare.it\/esperienze\/l-ippocampo-polignano\/#breadcrumb\",\"itemListElement\":[{\"@type\":\"ListItem\",\"position\":1,\"name\":\"Home\",\"item\":\"https:\/\/pugliamare.it\/\"},{\"@type\":\"ListItem\",\"position\":2,\"name\":\"L&#8217;Ippocampo: Comfort e Fascino a Polignano a Mare\"}]},{\"@type\":\"WebSite\",\"@id\":\"https:\/\/pugliamare.it\/en\/#website\",\"url\":\"https:\/\/pugliamare.it\/en\/\",\"name\":\"Pugliamare\",\"description\":\"Esperienze, Soggiorni e Tour personalizzati in Puglia\",\"publisher\":{\"@id\":\"https:\/\/pugliamare.it\/en\/#organization\"},\"potentialAction\":[{\"@type\":\"SearchAction\",\"target\":{\"@type\":\"EntryPoint\",\"urlTemplate\":\"https:\/\/pugliamare.it\/en\/?s={search_term_string}\"},\"query-input\":\"required name=search_term_string\"}],\"inLanguage\":\"es\"},{\"@type\":\"Organization\",\"@id\":\"https:\/\/pugliamare.it\/en\/#organization\",\"name\":\"Pugliamare srl\",\"url\":\"https:\/\/pugliamare.it\/en\/\",\"logo\":{\"@type\":\"ImageObject\",\"inLanguage\":\"es\",\"@id\":\"https:\/\/pugliamare.it\/en\/#\/schema\/logo\/image\/\",\"url\":\"https:\/\/pugliamare.it\/wp-content\/uploads\/2021\/04\/cropped-cropped-Risorsa-2.png\",\"contentUrl\":\"https:\/\/pugliamare.it\/wp-content\/uploads\/2021\/04\/cropped-cropped-Risorsa-2.png\",\"width\":374,\"height\":117,\"caption\":\"Pugliamare srl\"},\"image\":{\"@id\":\"https:\/\/pugliamare.it\/en\/#\/schema\/logo\/image\/\"},\"sameAs\":[\"https:\/\/www.facebook.com\/pugliamarexperience\",\"https:\/\/www.instagram.com\/pugliamare\/\"]}]}<\/script>\n<!-- \/ Yoast SEO Premium plugin. -->","yoast_head_json":{"title":"L'Ippocampo Appartamento: Comfort e Fascino a Polignano a Mare | Pugliamare","description":"L'Ippocampo: Elegante appartamento a Polignano a Mare, a pochi passi dalla spiaggia. Comfort moderni e un'atmosfera unica per un soggiorno indimenticabile.","robots":{"index":"index","follow":"follow","max-snippet":"max-snippet:-1","max-image-preview":"max-image-preview:large","max-video-preview":"max-video-preview:-1"},"canonical":"https:\/\/pugliamare.it\/es\/esperienze\/l-ippocampo-polignano\/","og_locale":"es_ES","og_type":"article","og_title":"L'Ippocampo: Comfort e Fascino a Polignano a Mare","og_description":"L'Ippocampo: Elegante appartamento a Polignano a Mare, a pochi passi dalla spiaggia. Comfort moderni e un'atmosfera unica per un soggiorno indimenticabile.","og_url":"https:\/\/pugliamare.it\/es\/esperienze\/l-ippocampo-polignano\/","og_site_name":"Pugliamare","article_publisher":"https:\/\/www.facebook.com\/pugliamarexperience","article_modified_time":"2025-08-29T12:49:52+00:00","og_image":[{"width":1024,"height":644,"url":"https:\/\/pugliamare.it\/wp-content\/uploads\/2024\/11\/LIppocampo.jpg","type":"image\/jpeg"}],"twitter_card":"summary_large_image","schema":{"@context":"https:\/\/schema.org","@graph":[{"@type":"WebPage","@id":"https:\/\/pugliamare.it\/esperienze\/l-ippocampo-polignano\/","url":"https:\/\/pugliamare.it\/esperienze\/l-ippocampo-polignano\/","name":"L'Ippocampo Appartamento: Comfort e Fascino a Polignano a Mare | Pugliamare","isPartOf":{"@id":"https:\/\/pugliamare.it\/en\/#website"},"primaryImageOfPage":{"@id":"https:\/\/pugliamare.it\/esperienze\/l-ippocampo-polignano\/#primaryimage"},"image":{"@id":"https:\/\/pugliamare.it\/esperienze\/l-ippocampo-polignano\/#primaryimage"},"thumbnailUrl":"https:\/\/pugliamare.it\/wp-content\/uploads\/2024\/11\/LIppocampo.jpg","datePublished":"2024-11-22T17:33:33+00:00","dateModified":"2025-08-29T12:49:52+00:00","description":"L'Ippocampo: Elegante appartamento a Polignano a Mare, a pochi passi dalla spiaggia. Comfort moderni e un'atmosfera unica per un soggiorno indimenticabile.","breadcrumb":{"@id":"https:\/\/pugliamare.it\/esperienze\/l-ippocampo-polignano\/#breadcrumb"},"inLanguage":"es","potentialAction":[{"@type":"ReadAction","target":["https:\/\/pugliamare.it\/esperienze\/l-ippocampo-polignano\/"]}]},{"@type":"ImageObject","inLanguage":"es","@id":"https:\/\/pugliamare.it\/esperienze\/l-ippocampo-polignano\/#primaryimage","url":"https:\/\/pugliamare.it\/wp-content\/uploads\/2024\/11\/LIppocampo.jpg","contentUrl":"https:\/\/pugliamare.it\/wp-content\/uploads\/2024\/11\/LIppocampo.jpg","width":1024,"height":644},{"@type":"BreadcrumbList","@id":"https:\/\/pugliamare.it\/esperienze\/l-ippocampo-polignano\/#breadcrumb","itemListElement":[{"@type":"ListItem","position":1,"name":"Home","item":"https:\/\/pugliamare.it\/"},{"@type":"ListItem","position":2,"name":"L&#8217;Ippocampo: Comfort e Fascino a Polignano a Mare"}]},{"@type":"WebSite","@id":"https:\/\/pugliamare.it\/en\/#website","url":"https:\/\/pugliamare.it\/en\/","name":"Pugliamare","description":"Esperienze, Soggiorni e Tour personalizzati in Puglia","publisher":{"@id":"https:\/\/pugliamare.it\/en\/#organization"},"potentialAction":[{"@type":"SearchAction","target":{"@type":"EntryPoint","urlTemplate":"https:\/\/pugliamare.it\/en\/?s={search_term_string}"},"query-input":"required name=search_term_string"}],"inLanguage":"es"},{"@type":"Organization","@id":"https:\/\/pugliamare.it\/en\/#organization","name":"Pugliamare srl","url":"https:\/\/pugliamare.it\/en\/","logo":{"@type":"ImageObject","inLanguage":"es","@id":"https:\/\/pugliamare.it\/en\/#\/schema\/logo\/image\/","url":"https:\/\/pugliamare.it\/wp-content\/uploads\/2021\/04\/cropped-cropped-Risorsa-2.png","contentUrl":"https:\/\/pugliamare.it\/wp-content\/uploads\/2021\/04\/cropped-cropped-Risorsa-2.png","width":374,"height":117,"caption":"Pugliamare srl"},"image":{"@id":"https:\/\/pugliamare.it\/en\/#\/schema\/logo\/image\/"},"sameAs":["https:\/\/www.facebook.com\/pugliamarexperience","https:\/\/www.instagram.com\/pugliamare\/"]}]}},"_links":{"self":[{"href":"https:\/\/pugliamare.it\/es\/wp-json\/wp\/v2\/product\/29625"}],"collection":[{"href":"https:\/\/pugliamare.it\/es\/wp-json\/wp\/v2\/product"}],"about":[{"href":"https:\/\/pugliamare.it\/es\/wp-json\/wp\/v2\/types\/product"}],"version-history":[{"count":3,"href":"https:\/\/pugliamare.it\/es\/wp-json\/wp\/v2\/product\/29625\/revisions"}],"predecessor-version":[{"id":35310,"href":"https:\/\/pugliamare.it\/es\/wp-json\/wp\/v2\/product\/29625\/revisions\/35310"}],"wp:featuredmedia":[{"embeddable":true,"href":"https:\/\/pugliamare.it\/es\/wp-json\/wp\/v2\/media\/29645"}],"wp:attachment":[{"href":"https:\/\/pugliamare.it\/es\/wp-json\/wp\/v2\/media?parent=29625"}],"wp:term":[{"taxonomy":"product_cat","embeddable":true,"href":"https:\/\/pugliamare.it\/es\/wp-json\/wp\/v2\/product_cat?post=29625"},{"taxonomy":"product_tag","embeddable":true,"href":"https:\/\/pugliamare.it\/es\/wp-json\/wp\/v2\/product_tag?post=29625"}],"curies":[{"name":"wp","href":"https:\/\/api.w.org\/{rel}","templated":true}]}}