{"id":29657,"date":"2024-11-24T15:56:35","date_gmt":"2024-11-24T14:56:35","guid":{"rendered":"https:\/\/pugliamare.it\/?post_type=product&#038;p=29657"},"modified":"2025-08-29T14:38:56","modified_gmt":"2025-08-29T12:38:56","slug":"acquaterra-polignano","status":"publish","type":"product","link":"https:\/\/pugliamare.it\/es\/esperienze\/acquaterra-polignano\/","title":{"rendered":"Acquaterra: Confort y Estilo en el Coraz\u00f3n de Polignano a Mare"},"content":{"rendered":"<div class=\"flex max-w-full flex-col flex-grow\">\n<div class=\"min-h-[20px] text-message flex w-full flex-col items-end gap-2 whitespace-normal break-words [.text-message+&amp;]:mt-5\" dir=\"auto\" data-message-author-role=\"assistant\" data-message-id=\"eab73850-2f42-4e99-b26f-ecae8c0699c7\">\n<div class=\"flex w-full flex-col gap-1 empty:hidden first:pt-[3px]\">\n<div class=\"markdown prose w-full break-words dark:prose-invert dark\">\n<h3><strong>Ubicaci\u00f3n<\/strong><\/h3>\n<p class=\" translation-block\">El apartamento <strong>Acquaterra<\/strong> se encuentra en <strong>via Mazzini 103<\/strong>, en el coraz\u00f3n de <a href=\"https:\/\/pugliamare.it\/destinazioni\/polignano-a-mare\/\" target=\"_self\"><strong>Polignano a Mare<\/strong><\/a>, a menos de <strong>1 km de la playa de Lama Monachile<\/strong>. Su ubicaci\u00f3n c\u00e9ntrica permite a los hu\u00e9spedes sumergirse en la aut\u00e9ntica atm\u00f3sfera de Apulia, con <strong>restaurantes, tiendas y atracciones<\/strong> del centro hist\u00f3rico al alcance de la mano. Ideal para quienes desean disfrutar del encanto de la ciudad sin renunciar a la tranquilidad.<\/p>\n<p>\ud83d\udccd<em class=\"apt-address\">Via Mazzini 103<\/em>, 70044 Polignano a Mare, Italia<\/p>\n<h3><strong>Interiores<\/strong><\/h3>\n<p class=\" translation-block\">El apartamento se distingue por sus bien organizados <strong>100 m\u00b2<\/strong>, perfectos para <strong>6 hu\u00e9spedes<\/strong>. Dispone de <strong>2 dormitorios<\/strong>, dos ba\u00f1os privados con ducha y una luminosa zona de estar con <strong>TV de pantalla plana<\/strong>. La <strong>cocina completamente equipada<\/strong> incluye frigor\u00edfico y placa de cocina, garantizando comodidad y practicidad durante la estancia. El <strong>balc\u00f3n con vistas al jard\u00edn<\/strong> ofrece un espacio adicional ideal para relajarse.<\/p>\n<h3><strong>Servicios<\/strong><\/h3>\n<p class=\" translation-block\">Gestionado con esmero por <strong>Pugliamare<\/strong>, Acquaterra ofrece <strong>aire acondicionado<\/strong> y <strong>conexi\u00f3n Wi-Fi gratuita<\/strong>, asegurando una estancia relajante y sin preocupaciones. La atenci\u00f3n al detalle y la profesionalidad hacen de este alojamiento una excelente opci\u00f3n para unas vacaciones aut\u00e9nticas y c\u00f3modas.<\/p>\n<div class=\"mr-3 mt-4\">\n<div class=\"checkInOutBadge badge badge-pill badge-light px-4 py-3\"><strong>\u00a0Check-in:<\/strong> 15:00 &#8211; 00:00<\/div>\n<\/div>\n<div class=\"mt-4\">\n<div class=\"checkInOutBadge badge badge-pill badge-light px-4 py-3\"><strong>\u00a0Check-out:<\/strong> 10:00<\/div>\n<\/div>\n<\/div>\n<\/div>\n<\/div>\n<\/div>\n<div><\/div>\n<div class=\" translation-block\"><strong>Acquaterra<\/strong> es perfecto para <strong>familias o grupos de amigos<\/strong> que desean vivir una experiencia \u00fanica en el coraz\u00f3n de <a href=\"https:\/\/pugliamare.it\/destinazioni\/polignano-a-mare\/\" target=\"_self\">Polignano a Mare<\/a>. Los amplios espacios, la ubicaci\u00f3n estrat\u00e9gica y los servicios cuidadosamente dise\u00f1ados lo hacen ideal para unas vacaciones de relax y descubrimiento. <strong>Reserva ahora<\/strong> y prep\u00e1rate para vivir la magia de Polignano, donde cada momento se convierte en un recuerdo especial. Para asistencia y m\u00e1s informaci\u00f3n, <a href=\"https:\/\/api.whatsapp.com\/send?phone=390802223620\" target=\"_self\">cont\u00e1ctanos<\/a>; \u00a1estamos a tu disposici\u00f3n!<\/div>","protected":false},"excerpt":{"rendered":"<p>Spazioso appartamento per<strong> 6 persone<\/strong> con <strong>balcone<\/strong> e <strong>vista giardino<\/strong>, a pochi passi dalla spiaggia di <strong>Lama Monachile<\/strong>. Gestito da Pugliamare per un soggiorno autentico.<\/p>","protected":false},"featured_media":29664,"template":"","meta":{"_acf_changed":false,"inline_featured_image":false},"product_cat":[404],"product_tag":[407],"acf":[],"yoast_head":"<!-- This site is optimized with the Yoast SEO Premium plugin v22.8 (Yoast SEO v22.8) - https:\/\/yoast.com\/wordpress\/plugins\/seo\/ -->\n<title>Acquaterra: Ampio Appartamento nel Cuore di Polignano a Mare | Pugliamare<\/title>\n<meta name=\"description\" content=\"Appartamento Acquaterra a Polignano a Mare: spazioso, vicino alla spiaggia di Lama Monachile, perfetto per 6 ospiti. Prenota il tuo soggiorno!\" \/>\n<meta name=\"robots\" content=\"index, follow, max-snippet:-1, max-image-preview:large, max-video-preview:-1\" \/>\n<link rel=\"canonical\" href=\"https:\/\/pugliamare.it\/es\/esperienze\/acquaterra-polignano\/\" \/>\n<meta property=\"og:locale\" content=\"es_ES\" \/>\n<meta property=\"og:type\" content=\"article\" \/>\n<meta property=\"og:title\" content=\"Acquaterra: Comfort e Stile nel Cuore di Polignano a Mare\" \/>\n<meta property=\"og:description\" content=\"Appartamento Acquaterra a Polignano a Mare: spazioso, vicino alla spiaggia di Lama Monachile, perfetto per 6 ospiti. Prenota il tuo soggiorno!\" \/>\n<meta property=\"og:url\" content=\"https:\/\/pugliamare.it\/es\/esperienze\/acquaterra-polignano\/\" \/>\n<meta property=\"og:site_name\" content=\"Pugliamare\" \/>\n<meta property=\"article:publisher\" content=\"https:\/\/www.facebook.com\/pugliamarexperience\" \/>\n<meta property=\"article:modified_time\" content=\"2025-08-29T12:38:56+00:00\" \/>\n<meta property=\"og:image\" content=\"https:\/\/pugliamare.it\/wp-content\/uploads\/2024\/11\/Acquaterra-camera-da-letto-2.webp\" \/>\n\t<meta property=\"og:image:width\" content=\"1024\" \/>\n\t<meta property=\"og:image:height\" content=\"683\" \/>\n\t<meta property=\"og:image:type\" content=\"image\/webp\" \/>\n<meta name=\"twitter:card\" content=\"summary_large_image\" \/>\n<script type=\"application\/ld+json\" class=\"yoast-schema-graph\">{\"@context\":\"https:\/\/schema.org\",\"@graph\":[{\"@type\":\"WebPage\",\"@id\":\"https:\/\/pugliamare.it\/esperienze\/acquaterra-polignano\/\",\"url\":\"https:\/\/pugliamare.it\/esperienze\/acquaterra-polignano\/\",\"name\":\"Acquaterra: Ampio Appartamento nel Cuore di Polignano a Mare | Pugliamare\",\"isPartOf\":{\"@id\":\"https:\/\/pugliamare.it\/en\/#website\"},\"primaryImageOfPage\":{\"@id\":\"https:\/\/pugliamare.it\/esperienze\/acquaterra-polignano\/#primaryimage\"},\"image\":{\"@id\":\"https:\/\/pugliamare.it\/esperienze\/acquaterra-polignano\/#primaryimage\"},\"thumbnailUrl\":\"https:\/\/pugliamare.it\/wp-content\/uploads\/2024\/11\/Acquaterra-camera-da-letto-2.webp\",\"datePublished\":\"2024-11-24T14:56:35+00:00\",\"dateModified\":\"2025-08-29T12:38:56+00:00\",\"description\":\"Appartamento Acquaterra a Polignano a Mare: spazioso, vicino alla spiaggia di Lama Monachile, perfetto per 6 ospiti. Prenota il tuo soggiorno!\",\"breadcrumb\":{\"@id\":\"https:\/\/pugliamare.it\/esperienze\/acquaterra-polignano\/#breadcrumb\"},\"inLanguage\":\"es\",\"potentialAction\":[{\"@type\":\"ReadAction\",\"target\":[\"https:\/\/pugliamare.it\/esperienze\/acquaterra-polignano\/\"]}]},{\"@type\":\"ImageObject\",\"inLanguage\":\"es\",\"@id\":\"https:\/\/pugliamare.it\/esperienze\/acquaterra-polignano\/#primaryimage\",\"url\":\"https:\/\/pugliamare.it\/wp-content\/uploads\/2024\/11\/Acquaterra-camera-da-letto-2.webp\",\"contentUrl\":\"https:\/\/pugliamare.it\/wp-content\/uploads\/2024\/11\/Acquaterra-camera-da-letto-2.webp\",\"width\":1024,\"height\":683},{\"@type\":\"BreadcrumbList\",\"@id\":\"https:\/\/pugliamare.it\/esperienze\/acquaterra-polignano\/#breadcrumb\",\"itemListElement\":[{\"@type\":\"ListItem\",\"position\":1,\"name\":\"Home\",\"item\":\"https:\/\/pugliamare.it\/\"},{\"@type\":\"ListItem\",\"position\":2,\"name\":\"Acquaterra: Comfort e Stile nel Cuore di Polignano a Mare\"}]},{\"@type\":\"WebSite\",\"@id\":\"https:\/\/pugliamare.it\/en\/#website\",\"url\":\"https:\/\/pugliamare.it\/en\/\",\"name\":\"Pugliamare\",\"description\":\"Esperienze, Soggiorni e Tour personalizzati in Puglia\",\"publisher\":{\"@id\":\"https:\/\/pugliamare.it\/en\/#organization\"},\"potentialAction\":[{\"@type\":\"SearchAction\",\"target\":{\"@type\":\"EntryPoint\",\"urlTemplate\":\"https:\/\/pugliamare.it\/en\/?s={search_term_string}\"},\"query-input\":\"required name=search_term_string\"}],\"inLanguage\":\"es\"},{\"@type\":\"Organization\",\"@id\":\"https:\/\/pugliamare.it\/en\/#organization\",\"name\":\"Pugliamare srl\",\"url\":\"https:\/\/pugliamare.it\/en\/\",\"logo\":{\"@type\":\"ImageObject\",\"inLanguage\":\"es\",\"@id\":\"https:\/\/pugliamare.it\/en\/#\/schema\/logo\/image\/\",\"url\":\"https:\/\/pugliamare.it\/wp-content\/uploads\/2021\/04\/cropped-cropped-Risorsa-2.png\",\"contentUrl\":\"https:\/\/pugliamare.it\/wp-content\/uploads\/2021\/04\/cropped-cropped-Risorsa-2.png\",\"width\":374,\"height\":117,\"caption\":\"Pugliamare srl\"},\"image\":{\"@id\":\"https:\/\/pugliamare.it\/en\/#\/schema\/logo\/image\/\"},\"sameAs\":[\"https:\/\/www.facebook.com\/pugliamarexperience\",\"https:\/\/www.instagram.com\/pugliamare\/\"]}]}<\/script>\n<!-- \/ Yoast SEO Premium plugin. -->","yoast_head_json":{"title":"Acquaterra: Ampio Appartamento nel Cuore di Polignano a Mare | Pugliamare","description":"Appartamento Acquaterra a Polignano a Mare: spazioso, vicino alla spiaggia di Lama Monachile, perfetto per 6 ospiti. Prenota il tuo soggiorno!","robots":{"index":"index","follow":"follow","max-snippet":"max-snippet:-1","max-image-preview":"max-image-preview:large","max-video-preview":"max-video-preview:-1"},"canonical":"https:\/\/pugliamare.it\/es\/esperienze\/acquaterra-polignano\/","og_locale":"es_ES","og_type":"article","og_title":"Acquaterra: Comfort e Stile nel Cuore di Polignano a Mare","og_description":"Appartamento Acquaterra a Polignano a Mare: spazioso, vicino alla spiaggia di Lama Monachile, perfetto per 6 ospiti. Prenota il tuo soggiorno!","og_url":"https:\/\/pugliamare.it\/es\/esperienze\/acquaterra-polignano\/","og_site_name":"Pugliamare","article_publisher":"https:\/\/www.facebook.com\/pugliamarexperience","article_modified_time":"2025-08-29T12:38:56+00:00","og_image":[{"width":1024,"height":683,"url":"https:\/\/pugliamare.it\/wp-content\/uploads\/2024\/11\/Acquaterra-camera-da-letto-2.webp","type":"image\/webp"}],"twitter_card":"summary_large_image","schema":{"@context":"https:\/\/schema.org","@graph":[{"@type":"WebPage","@id":"https:\/\/pugliamare.it\/esperienze\/acquaterra-polignano\/","url":"https:\/\/pugliamare.it\/esperienze\/acquaterra-polignano\/","name":"Acquaterra: Ampio Appartamento nel Cuore di Polignano a Mare | Pugliamare","isPartOf":{"@id":"https:\/\/pugliamare.it\/en\/#website"},"primaryImageOfPage":{"@id":"https:\/\/pugliamare.it\/esperienze\/acquaterra-polignano\/#primaryimage"},"image":{"@id":"https:\/\/pugliamare.it\/esperienze\/acquaterra-polignano\/#primaryimage"},"thumbnailUrl":"https:\/\/pugliamare.it\/wp-content\/uploads\/2024\/11\/Acquaterra-camera-da-letto-2.webp","datePublished":"2024-11-24T14:56:35+00:00","dateModified":"2025-08-29T12:38:56+00:00","description":"Appartamento Acquaterra a Polignano a Mare: spazioso, vicino alla spiaggia di Lama Monachile, perfetto per 6 ospiti. Prenota il tuo soggiorno!","breadcrumb":{"@id":"https:\/\/pugliamare.it\/esperienze\/acquaterra-polignano\/#breadcrumb"},"inLanguage":"es","potentialAction":[{"@type":"ReadAction","target":["https:\/\/pugliamare.it\/esperienze\/acquaterra-polignano\/"]}]},{"@type":"ImageObject","inLanguage":"es","@id":"https:\/\/pugliamare.it\/esperienze\/acquaterra-polignano\/#primaryimage","url":"https:\/\/pugliamare.it\/wp-content\/uploads\/2024\/11\/Acquaterra-camera-da-letto-2.webp","contentUrl":"https:\/\/pugliamare.it\/wp-content\/uploads\/2024\/11\/Acquaterra-camera-da-letto-2.webp","width":1024,"height":683},{"@type":"BreadcrumbList","@id":"https:\/\/pugliamare.it\/esperienze\/acquaterra-polignano\/#breadcrumb","itemListElement":[{"@type":"ListItem","position":1,"name":"Home","item":"https:\/\/pugliamare.it\/"},{"@type":"ListItem","position":2,"name":"Acquaterra: Comfort e Stile nel Cuore di Polignano a Mare"}]},{"@type":"WebSite","@id":"https:\/\/pugliamare.it\/en\/#website","url":"https:\/\/pugliamare.it\/en\/","name":"Pugliamare","description":"Esperienze, Soggiorni e Tour personalizzati in Puglia","publisher":{"@id":"https:\/\/pugliamare.it\/en\/#organization"},"potentialAction":[{"@type":"SearchAction","target":{"@type":"EntryPoint","urlTemplate":"https:\/\/pugliamare.it\/en\/?s={search_term_string}"},"query-input":"required name=search_term_string"}],"inLanguage":"es"},{"@type":"Organization","@id":"https:\/\/pugliamare.it\/en\/#organization","name":"Pugliamare srl","url":"https:\/\/pugliamare.it\/en\/","logo":{"@type":"ImageObject","inLanguage":"es","@id":"https:\/\/pugliamare.it\/en\/#\/schema\/logo\/image\/","url":"https:\/\/pugliamare.it\/wp-content\/uploads\/2021\/04\/cropped-cropped-Risorsa-2.png","contentUrl":"https:\/\/pugliamare.it\/wp-content\/uploads\/2021\/04\/cropped-cropped-Risorsa-2.png","width":374,"height":117,"caption":"Pugliamare srl"},"image":{"@id":"https:\/\/pugliamare.it\/en\/#\/schema\/logo\/image\/"},"sameAs":["https:\/\/www.facebook.com\/pugliamarexperience","https:\/\/www.instagram.com\/pugliamare\/"]}]}},"_links":{"self":[{"href":"https:\/\/pugliamare.it\/es\/wp-json\/wp\/v2\/product\/29657"}],"collection":[{"href":"https:\/\/pugliamare.it\/es\/wp-json\/wp\/v2\/product"}],"about":[{"href":"https:\/\/pugliamare.it\/es\/wp-json\/wp\/v2\/types\/product"}],"version-history":[{"count":3,"href":"https:\/\/pugliamare.it\/es\/wp-json\/wp\/v2\/product\/29657\/revisions"}],"predecessor-version":[{"id":35305,"href":"https:\/\/pugliamare.it\/es\/wp-json\/wp\/v2\/product\/29657\/revisions\/35305"}],"wp:featuredmedia":[{"embeddable":true,"href":"https:\/\/pugliamare.it\/es\/wp-json\/wp\/v2\/media\/29664"}],"wp:attachment":[{"href":"https:\/\/pugliamare.it\/es\/wp-json\/wp\/v2\/media?parent=29657"}],"wp:term":[{"taxonomy":"product_cat","embeddable":true,"href":"https:\/\/pugliamare.it\/es\/wp-json\/wp\/v2\/product_cat?post=29657"},{"taxonomy":"product_tag","embeddable":true,"href":"https:\/\/pugliamare.it\/es\/wp-json\/wp\/v2\/product_tag?post=29657"}],"curies":[{"name":"wp","href":"https:\/\/api.w.org\/{rel}","templated":true}]}}