{"id":29714,"date":"2024-12-05T13:13:20","date_gmt":"2024-12-05T12:13:20","guid":{"rendered":"https:\/\/pugliamare.it\/?post_type=product&#038;p=29714"},"modified":"2025-03-15T12:03:22","modified_gmt":"2025-03-15T11:03:22","slug":"gift-card-pugliamare","status":"publish","type":"product","link":"https:\/\/pugliamare.it\/es\/esperienze\/gift-card-pugliamare\/","title":{"rendered":"Tarjeta de regalo de Pugliamare"},"content":{"rendered":"<p><strong>\u00a1Regala el verano!<\/strong><\/p>\n<p>No importa la \u00e9poca del a\u00f1o, con las gift cards de Pugliamare puedes regalar el verano a tus seres queridos o a ti mismo cuando quieras.<\/p>\n<p>El destinatario podr\u00e1 elegir entre decenas de experiencias diferentes, como paseos en barco, clases de cocina t\u00edpica, visitas guiadas a sitios hist\u00f3ricos, degustaciones de productos de Apulia y todas las dem\u00e1s experiencias de nuestro cat\u00e1logo.<\/p>\n<p>Las tarjetas tienen una validez de un a\u00f1o desde la fecha de compra y puedes elegir el importe a regalar.<\/p>\n<p>&nbsp;<\/p>","protected":false},"excerpt":{"rendered":"<p>\u00a1Regala el verano!<\/p>\n<p>No importa la \u00e9poca del a\u00f1o, con las gift cards de Pugliamare puedes regalar el verano a tus seres queridos o a ti mismo cuando quieras.<\/p>\n<p>El destinatario podr\u00e1 elegir entre decenas de experiencias diferentes, como paseos en barco, clases de cocina t\u00edpica, visitas guiadas a sitios hist\u00f3ricos, degustaciones de productos de Apulia y todas las dem\u00e1s experiencias de nuestro cat\u00e1logo.<\/p>\n<p>Las tarjetas tienen una validez de un a\u00f1o desde la fecha de compra y puedes elegir el importe a regalar.<\/p>","protected":false},"featured_media":9816,"template":"","meta":{"_acf_changed":false,"inline_featured_image":false},"product_cat":[288],"product_tag":[395],"acf":[],"yoast_head":"<!-- This site is optimized with the Yoast SEO Premium plugin v22.8 (Yoast SEO v22.8) - https:\/\/yoast.com\/wordpress\/plugins\/seo\/ -->\n<title>Gift Card Pugliamare | Pugliamare<\/title>\n<meta name=\"robots\" content=\"index, follow, max-snippet:-1, max-image-preview:large, max-video-preview:-1\" \/>\n<link rel=\"canonical\" href=\"https:\/\/pugliamare.it\/es\/esperienze\/gift-card-pugliamare\/\" \/>\n<meta property=\"og:locale\" content=\"es_ES\" \/>\n<meta property=\"og:type\" content=\"article\" \/>\n<meta property=\"og:title\" content=\"Gift Card Pugliamare\" \/>\n<meta property=\"og:description\" content=\"Regala l&#039;estate!  Non importa quale sia il momento dell&#039;anno, con le gift card di Pugliamare puoi regalare l&#039;estate ai tuoi cari o a te stesso quando vuoi.  Il destinatario potr\u00e0 scegliere tra decine di esperienze diverse come gite in barca, lezioni di cucina tipica, visite guidate in siti storici, degustazioni di prodotti pugliesi e tutte le altre esperienze del nostro catalogo.  Le card hanno una validit\u00e0 di un anno dal momento dell&#039;acquisto e puoi scegliere tu l&#039;importo da regalare.\" \/>\n<meta property=\"og:url\" content=\"https:\/\/pugliamare.it\/es\/esperienze\/gift-card-pugliamare\/\" \/>\n<meta property=\"og:site_name\" content=\"Pugliamare\" \/>\n<meta property=\"article:publisher\" content=\"https:\/\/www.facebook.com\/pugliamarexperience\" \/>\n<meta property=\"article:modified_time\" content=\"2025-03-15T11:03:22+00:00\" \/>\n<meta property=\"og:image\" content=\"https:\/\/pugliamare.it\/wp-content\/uploads\/2021\/11\/gift-card-720x379-1.jpg\" \/>\n\t<meta property=\"og:image:width\" content=\"720\" \/>\n\t<meta property=\"og:image:height\" content=\"379\" \/>\n\t<meta property=\"og:image:type\" content=\"image\/jpeg\" \/>\n<meta name=\"twitter:card\" content=\"summary_large_image\" \/>\n<script type=\"application\/ld+json\" class=\"yoast-schema-graph\">{\"@context\":\"https:\/\/schema.org\",\"@graph\":[{\"@type\":\"WebPage\",\"@id\":\"https:\/\/pugliamare.it\/esperienze\/gift-card-pugliamare\/\",\"url\":\"https:\/\/pugliamare.it\/esperienze\/gift-card-pugliamare\/\",\"name\":\"Gift Card Pugliamare | Pugliamare\",\"isPartOf\":{\"@id\":\"https:\/\/pugliamare.it\/en\/#website\"},\"primaryImageOfPage\":{\"@id\":\"https:\/\/pugliamare.it\/esperienze\/gift-card-pugliamare\/#primaryimage\"},\"image\":{\"@id\":\"https:\/\/pugliamare.it\/esperienze\/gift-card-pugliamare\/#primaryimage\"},\"thumbnailUrl\":\"https:\/\/pugliamare.it\/wp-content\/uploads\/2021\/11\/gift-card-720x379-1.jpg\",\"datePublished\":\"2024-12-05T12:13:20+00:00\",\"dateModified\":\"2025-03-15T11:03:22+00:00\",\"breadcrumb\":{\"@id\":\"https:\/\/pugliamare.it\/esperienze\/gift-card-pugliamare\/#breadcrumb\"},\"inLanguage\":\"es\",\"potentialAction\":[{\"@type\":\"ReadAction\",\"target\":[\"https:\/\/pugliamare.it\/esperienze\/gift-card-pugliamare\/\"]}]},{\"@type\":\"ImageObject\",\"inLanguage\":\"es\",\"@id\":\"https:\/\/pugliamare.it\/esperienze\/gift-card-pugliamare\/#primaryimage\",\"url\":\"https:\/\/pugliamare.it\/wp-content\/uploads\/2021\/11\/gift-card-720x379-1.jpg\",\"contentUrl\":\"https:\/\/pugliamare.it\/wp-content\/uploads\/2021\/11\/gift-card-720x379-1.jpg\",\"width\":720,\"height\":379},{\"@type\":\"BreadcrumbList\",\"@id\":\"https:\/\/pugliamare.it\/esperienze\/gift-card-pugliamare\/#breadcrumb\",\"itemListElement\":[{\"@type\":\"ListItem\",\"position\":1,\"name\":\"Home\",\"item\":\"https:\/\/pugliamare.it\/\"},{\"@type\":\"ListItem\",\"position\":2,\"name\":\"Gift Card Pugliamare\"}]},{\"@type\":\"WebSite\",\"@id\":\"https:\/\/pugliamare.it\/en\/#website\",\"url\":\"https:\/\/pugliamare.it\/en\/\",\"name\":\"Pugliamare\",\"description\":\"Esperienze, Soggiorni e Tour personalizzati in Puglia\",\"publisher\":{\"@id\":\"https:\/\/pugliamare.it\/en\/#organization\"},\"potentialAction\":[{\"@type\":\"SearchAction\",\"target\":{\"@type\":\"EntryPoint\",\"urlTemplate\":\"https:\/\/pugliamare.it\/en\/?s={search_term_string}\"},\"query-input\":\"required name=search_term_string\"}],\"inLanguage\":\"es\"},{\"@type\":\"Organization\",\"@id\":\"https:\/\/pugliamare.it\/en\/#organization\",\"name\":\"Pugliamare srl\",\"url\":\"https:\/\/pugliamare.it\/en\/\",\"logo\":{\"@type\":\"ImageObject\",\"inLanguage\":\"es\",\"@id\":\"https:\/\/pugliamare.it\/en\/#\/schema\/logo\/image\/\",\"url\":\"https:\/\/pugliamare.it\/wp-content\/uploads\/2021\/04\/cropped-cropped-Risorsa-2.png\",\"contentUrl\":\"https:\/\/pugliamare.it\/wp-content\/uploads\/2021\/04\/cropped-cropped-Risorsa-2.png\",\"width\":374,\"height\":117,\"caption\":\"Pugliamare srl\"},\"image\":{\"@id\":\"https:\/\/pugliamare.it\/en\/#\/schema\/logo\/image\/\"},\"sameAs\":[\"https:\/\/www.facebook.com\/pugliamarexperience\",\"https:\/\/www.instagram.com\/pugliamare\/\"]}]}<\/script>\n<!-- \/ Yoast SEO Premium plugin. -->","yoast_head_json":{"title":"Gift Card Pugliamare | Pugliamare","robots":{"index":"index","follow":"follow","max-snippet":"max-snippet:-1","max-image-preview":"max-image-preview:large","max-video-preview":"max-video-preview:-1"},"canonical":"https:\/\/pugliamare.it\/es\/esperienze\/gift-card-pugliamare\/","og_locale":"es_ES","og_type":"article","og_title":"Gift Card Pugliamare","og_description":"Regala l'estate!  Non importa quale sia il momento dell'anno, con le gift card di Pugliamare puoi regalare l'estate ai tuoi cari o a te stesso quando vuoi.  Il destinatario potr\u00e0 scegliere tra decine di esperienze diverse come gite in barca, lezioni di cucina tipica, visite guidate in siti storici, degustazioni di prodotti pugliesi e tutte le altre esperienze del nostro catalogo.  Le card hanno una validit\u00e0 di un anno dal momento dell'acquisto e puoi scegliere tu l'importo da regalare.","og_url":"https:\/\/pugliamare.it\/es\/esperienze\/gift-card-pugliamare\/","og_site_name":"Pugliamare","article_publisher":"https:\/\/www.facebook.com\/pugliamarexperience","article_modified_time":"2025-03-15T11:03:22+00:00","og_image":[{"width":720,"height":379,"url":"https:\/\/pugliamare.it\/wp-content\/uploads\/2021\/11\/gift-card-720x379-1.jpg","type":"image\/jpeg"}],"twitter_card":"summary_large_image","schema":{"@context":"https:\/\/schema.org","@graph":[{"@type":"WebPage","@id":"https:\/\/pugliamare.it\/esperienze\/gift-card-pugliamare\/","url":"https:\/\/pugliamare.it\/esperienze\/gift-card-pugliamare\/","name":"Gift Card Pugliamare | Pugliamare","isPartOf":{"@id":"https:\/\/pugliamare.it\/en\/#website"},"primaryImageOfPage":{"@id":"https:\/\/pugliamare.it\/esperienze\/gift-card-pugliamare\/#primaryimage"},"image":{"@id":"https:\/\/pugliamare.it\/esperienze\/gift-card-pugliamare\/#primaryimage"},"thumbnailUrl":"https:\/\/pugliamare.it\/wp-content\/uploads\/2021\/11\/gift-card-720x379-1.jpg","datePublished":"2024-12-05T12:13:20+00:00","dateModified":"2025-03-15T11:03:22+00:00","breadcrumb":{"@id":"https:\/\/pugliamare.it\/esperienze\/gift-card-pugliamare\/#breadcrumb"},"inLanguage":"es","potentialAction":[{"@type":"ReadAction","target":["https:\/\/pugliamare.it\/esperienze\/gift-card-pugliamare\/"]}]},{"@type":"ImageObject","inLanguage":"es","@id":"https:\/\/pugliamare.it\/esperienze\/gift-card-pugliamare\/#primaryimage","url":"https:\/\/pugliamare.it\/wp-content\/uploads\/2021\/11\/gift-card-720x379-1.jpg","contentUrl":"https:\/\/pugliamare.it\/wp-content\/uploads\/2021\/11\/gift-card-720x379-1.jpg","width":720,"height":379},{"@type":"BreadcrumbList","@id":"https:\/\/pugliamare.it\/esperienze\/gift-card-pugliamare\/#breadcrumb","itemListElement":[{"@type":"ListItem","position":1,"name":"Home","item":"https:\/\/pugliamare.it\/"},{"@type":"ListItem","position":2,"name":"Gift Card Pugliamare"}]},{"@type":"WebSite","@id":"https:\/\/pugliamare.it\/en\/#website","url":"https:\/\/pugliamare.it\/en\/","name":"Pugliamare","description":"Esperienze, Soggiorni e Tour personalizzati in Puglia","publisher":{"@id":"https:\/\/pugliamare.it\/en\/#organization"},"potentialAction":[{"@type":"SearchAction","target":{"@type":"EntryPoint","urlTemplate":"https:\/\/pugliamare.it\/en\/?s={search_term_string}"},"query-input":"required name=search_term_string"}],"inLanguage":"es"},{"@type":"Organization","@id":"https:\/\/pugliamare.it\/en\/#organization","name":"Pugliamare srl","url":"https:\/\/pugliamare.it\/en\/","logo":{"@type":"ImageObject","inLanguage":"es","@id":"https:\/\/pugliamare.it\/en\/#\/schema\/logo\/image\/","url":"https:\/\/pugliamare.it\/wp-content\/uploads\/2021\/04\/cropped-cropped-Risorsa-2.png","contentUrl":"https:\/\/pugliamare.it\/wp-content\/uploads\/2021\/04\/cropped-cropped-Risorsa-2.png","width":374,"height":117,"caption":"Pugliamare srl"},"image":{"@id":"https:\/\/pugliamare.it\/en\/#\/schema\/logo\/image\/"},"sameAs":["https:\/\/www.facebook.com\/pugliamarexperience","https:\/\/www.instagram.com\/pugliamare\/"]}]}},"_links":{"self":[{"href":"https:\/\/pugliamare.it\/es\/wp-json\/wp\/v2\/product\/29714"}],"collection":[{"href":"https:\/\/pugliamare.it\/es\/wp-json\/wp\/v2\/product"}],"about":[{"href":"https:\/\/pugliamare.it\/es\/wp-json\/wp\/v2\/types\/product"}],"version-history":[{"count":10,"href":"https:\/\/pugliamare.it\/es\/wp-json\/wp\/v2\/product\/29714\/revisions"}],"predecessor-version":[{"id":29748,"href":"https:\/\/pugliamare.it\/es\/wp-json\/wp\/v2\/product\/29714\/revisions\/29748"}],"wp:featuredmedia":[{"embeddable":true,"href":"https:\/\/pugliamare.it\/es\/wp-json\/wp\/v2\/media\/9816"}],"wp:attachment":[{"href":"https:\/\/pugliamare.it\/es\/wp-json\/wp\/v2\/media?parent=29714"}],"wp:term":[{"taxonomy":"product_cat","embeddable":true,"href":"https:\/\/pugliamare.it\/es\/wp-json\/wp\/v2\/product_cat?post=29714"},{"taxonomy":"product_tag","embeddable":true,"href":"https:\/\/pugliamare.it\/es\/wp-json\/wp\/v2\/product_tag?post=29714"}],"curies":[{"name":"wp","href":"https:\/\/api.w.org\/{rel}","templated":true}]}}