{"id":29938,"date":"2025-02-13T12:53:29","date_gmt":"2025-02-13T11:53:29","guid":{"rendered":"https:\/\/pugliamare.it\/?post_type=product&#038;p=29938"},"modified":"2025-02-13T13:02:47","modified_gmt":"2025-02-13T12:02:47","slug":"masseria-ramasian","status":"publish","type":"product","link":"https:\/\/pugliamare.it\/es\/esperienze\/masseria-ramasian\/","title":{"rendered":"Masseria Ramasian"},"content":{"rendered":"<p>Masseria Ramasian se encuentra en una ubicaci\u00f3n perfecta para explorar Puglia, cerca de muchas ciudades de inter\u00e9s como Monopoli, Polignano a Mare, Locorotondo, Cisternino, Alberobello y Ostuni.<br \/>\nTambi\u00e9n cerca de la playa, pero completamente rodeada por el campo de Apulia, Masseria Ramasian garantiza unas vacaciones tranquilas, inmersas en el silencio de la naturaleza y en los infinitos olivares.<br \/>\nMasseria Ramasian es un refugio atemporal situado en el coraz\u00f3n del campo de Apulia. Completamente renovada en 2024 con profundo respeto por sus ra\u00edces hist\u00f3ricas, la masseria combina la aut\u00e9ntica tradici\u00f3n apuliana con la comodidad moderna.<\/p>\n<p>Antiguamente una mas\u00eda en funcionamiento, hoy acoge a los hu\u00e9spedes con una atm\u00f3sfera \u00fanica donde el pasado revive gracias a los muebles restaurados, los ic\u00f3nicos azulejos de cemento, los arcos de piedra y la estructura original de la masseria. Cada detalle refleja la rica herencia de Apulia, creando un equilibrio armonioso entre el encanto r\u00fastico y la hospitalidad refinada.<br \/>\nLas habitaciones son de varios tipos, desde habitaciones est\u00e1ndar hasta suites de lujo.<br \/>\nHay piscinas interiores o exteriores disponibles para el ocio o el ejercicio. El personal ofrece masajes, tratamientos faciales y otros servicios.<\/p>","protected":false},"excerpt":{"rendered":"<p><strong data-start=\"0\" data-end=\"21\">Masseria Ramasian<\/strong> \u00e8 un&#8217;oasi di tranquillit\u00e0 immersa nella campagna pugliese, vicino a citt\u00e0 iconiche e al mare. Ristrutturata nel 2024, combina tradizione e comfort moderno. Offre camere eleganti, piscine interne ed esterne e servizi benessere per un soggiorno esclusivo.<\/p>","protected":false},"featured_media":29939,"template":"","meta":{"_acf_changed":false,"inline_featured_image":false},"product_cat":[403],"product_tag":[374],"acf":[],"yoast_head":"<!-- This site is optimized with the Yoast SEO Premium plugin v22.8 (Yoast SEO v22.8) - https:\/\/yoast.com\/wordpress\/plugins\/seo\/ -->\n<title>Masseria Ramasian : Charme e Relax nel Cuore della Puglia | Pugliamare<\/title>\n<meta name=\"description\" content=\"Masseria Ramasian \u00e8 un&#039;oasi di pace nella campagna pugliese, vicino al mare e alle citt\u00e0 pi\u00f9 affascinanti. Camere eleganti, piscine e servizi benessere per un soggiorno esclusivo.\" \/>\n<meta name=\"robots\" content=\"index, follow, max-snippet:-1, max-image-preview:large, max-video-preview:-1\" \/>\n<link rel=\"canonical\" href=\"https:\/\/pugliamare.it\/es\/esperienze\/masseria-ramasian\/\" \/>\n<meta property=\"og:locale\" content=\"es_ES\" \/>\n<meta property=\"og:type\" content=\"article\" \/>\n<meta property=\"og:title\" content=\"Masseria Ramasian\" \/>\n<meta property=\"og:description\" content=\"Masseria Ramasian \u00e8 un&#039;oasi di pace nella campagna pugliese, vicino al mare e alle citt\u00e0 pi\u00f9 affascinanti. Camere eleganti, piscine e servizi benessere per un soggiorno esclusivo.\" \/>\n<meta property=\"og:url\" content=\"https:\/\/pugliamare.it\/es\/esperienze\/masseria-ramasian\/\" \/>\n<meta property=\"og:site_name\" content=\"Pugliamare\" \/>\n<meta property=\"article:publisher\" content=\"https:\/\/www.facebook.com\/pugliamarexperience\" \/>\n<meta property=\"article:modified_time\" content=\"2025-02-13T12:02:47+00:00\" \/>\n<meta property=\"og:image\" content=\"https:\/\/pugliamare.it\/wp-content\/uploads\/2025\/02\/masseria-ramasian-1.jpg\" \/>\n\t<meta property=\"og:image:width\" content=\"1200\" \/>\n\t<meta property=\"og:image:height\" content=\"1600\" \/>\n\t<meta property=\"og:image:type\" content=\"image\/jpeg\" \/>\n<meta name=\"twitter:card\" content=\"summary_large_image\" \/>\n<script type=\"application\/ld+json\" class=\"yoast-schema-graph\">{\"@context\":\"https:\/\/schema.org\",\"@graph\":[{\"@type\":\"WebPage\",\"@id\":\"https:\/\/pugliamare.it\/esperienze\/masseria-ramasian\/\",\"url\":\"https:\/\/pugliamare.it\/esperienze\/masseria-ramasian\/\",\"name\":\"Masseria Ramasian : Charme e Relax nel Cuore della Puglia | Pugliamare\",\"isPartOf\":{\"@id\":\"https:\/\/pugliamare.it\/en\/#website\"},\"primaryImageOfPage\":{\"@id\":\"https:\/\/pugliamare.it\/esperienze\/masseria-ramasian\/#primaryimage\"},\"image\":{\"@id\":\"https:\/\/pugliamare.it\/esperienze\/masseria-ramasian\/#primaryimage\"},\"thumbnailUrl\":\"https:\/\/pugliamare.it\/wp-content\/uploads\/2025\/02\/masseria-ramasian-1.jpg\",\"datePublished\":\"2025-02-13T11:53:29+00:00\",\"dateModified\":\"2025-02-13T12:02:47+00:00\",\"description\":\"Masseria Ramasian \u00e8 un'oasi di pace nella campagna pugliese, vicino al mare e alle citt\u00e0 pi\u00f9 affascinanti. Camere eleganti, piscine e servizi benessere per un soggiorno esclusivo.\",\"breadcrumb\":{\"@id\":\"https:\/\/pugliamare.it\/esperienze\/masseria-ramasian\/#breadcrumb\"},\"inLanguage\":\"es\",\"potentialAction\":[{\"@type\":\"ReadAction\",\"target\":[\"https:\/\/pugliamare.it\/esperienze\/masseria-ramasian\/\"]}]},{\"@type\":\"ImageObject\",\"inLanguage\":\"es\",\"@id\":\"https:\/\/pugliamare.it\/esperienze\/masseria-ramasian\/#primaryimage\",\"url\":\"https:\/\/pugliamare.it\/wp-content\/uploads\/2025\/02\/masseria-ramasian-1.jpg\",\"contentUrl\":\"https:\/\/pugliamare.it\/wp-content\/uploads\/2025\/02\/masseria-ramasian-1.jpg\",\"width\":1200,\"height\":1600},{\"@type\":\"BreadcrumbList\",\"@id\":\"https:\/\/pugliamare.it\/esperienze\/masseria-ramasian\/#breadcrumb\",\"itemListElement\":[{\"@type\":\"ListItem\",\"position\":1,\"name\":\"Home\",\"item\":\"https:\/\/pugliamare.it\/\"},{\"@type\":\"ListItem\",\"position\":2,\"name\":\"Masseria Ramasian\"}]},{\"@type\":\"WebSite\",\"@id\":\"https:\/\/pugliamare.it\/en\/#website\",\"url\":\"https:\/\/pugliamare.it\/en\/\",\"name\":\"Pugliamare\",\"description\":\"Esperienze, Soggiorni e Tour personalizzati in Puglia\",\"publisher\":{\"@id\":\"https:\/\/pugliamare.it\/en\/#organization\"},\"potentialAction\":[{\"@type\":\"SearchAction\",\"target\":{\"@type\":\"EntryPoint\",\"urlTemplate\":\"https:\/\/pugliamare.it\/en\/?s={search_term_string}\"},\"query-input\":\"required name=search_term_string\"}],\"inLanguage\":\"es\"},{\"@type\":\"Organization\",\"@id\":\"https:\/\/pugliamare.it\/en\/#organization\",\"name\":\"Pugliamare srl\",\"url\":\"https:\/\/pugliamare.it\/en\/\",\"logo\":{\"@type\":\"ImageObject\",\"inLanguage\":\"es\",\"@id\":\"https:\/\/pugliamare.it\/en\/#\/schema\/logo\/image\/\",\"url\":\"https:\/\/pugliamare.it\/wp-content\/uploads\/2021\/04\/cropped-cropped-Risorsa-2.png\",\"contentUrl\":\"https:\/\/pugliamare.it\/wp-content\/uploads\/2021\/04\/cropped-cropped-Risorsa-2.png\",\"width\":374,\"height\":117,\"caption\":\"Pugliamare srl\"},\"image\":{\"@id\":\"https:\/\/pugliamare.it\/en\/#\/schema\/logo\/image\/\"},\"sameAs\":[\"https:\/\/www.facebook.com\/pugliamarexperience\",\"https:\/\/www.instagram.com\/pugliamare\/\"]}]}<\/script>\n<!-- \/ Yoast SEO Premium plugin. -->","yoast_head_json":{"title":"Masseria Ramasian : Charme e Relax nel Cuore della Puglia | Pugliamare","description":"Masseria Ramasian \u00e8 un'oasi di pace nella campagna pugliese, vicino al mare e alle citt\u00e0 pi\u00f9 affascinanti. Camere eleganti, piscine e servizi benessere per un soggiorno esclusivo.","robots":{"index":"index","follow":"follow","max-snippet":"max-snippet:-1","max-image-preview":"max-image-preview:large","max-video-preview":"max-video-preview:-1"},"canonical":"https:\/\/pugliamare.it\/es\/esperienze\/masseria-ramasian\/","og_locale":"es_ES","og_type":"article","og_title":"Masseria Ramasian","og_description":"Masseria Ramasian \u00e8 un'oasi di pace nella campagna pugliese, vicino al mare e alle citt\u00e0 pi\u00f9 affascinanti. Camere eleganti, piscine e servizi benessere per un soggiorno esclusivo.","og_url":"https:\/\/pugliamare.it\/es\/esperienze\/masseria-ramasian\/","og_site_name":"Pugliamare","article_publisher":"https:\/\/www.facebook.com\/pugliamarexperience","article_modified_time":"2025-02-13T12:02:47+00:00","og_image":[{"width":1200,"height":1600,"url":"https:\/\/pugliamare.it\/wp-content\/uploads\/2025\/02\/masseria-ramasian-1.jpg","type":"image\/jpeg"}],"twitter_card":"summary_large_image","schema":{"@context":"https:\/\/schema.org","@graph":[{"@type":"WebPage","@id":"https:\/\/pugliamare.it\/esperienze\/masseria-ramasian\/","url":"https:\/\/pugliamare.it\/esperienze\/masseria-ramasian\/","name":"Masseria Ramasian : Charme e Relax nel Cuore della Puglia | Pugliamare","isPartOf":{"@id":"https:\/\/pugliamare.it\/en\/#website"},"primaryImageOfPage":{"@id":"https:\/\/pugliamare.it\/esperienze\/masseria-ramasian\/#primaryimage"},"image":{"@id":"https:\/\/pugliamare.it\/esperienze\/masseria-ramasian\/#primaryimage"},"thumbnailUrl":"https:\/\/pugliamare.it\/wp-content\/uploads\/2025\/02\/masseria-ramasian-1.jpg","datePublished":"2025-02-13T11:53:29+00:00","dateModified":"2025-02-13T12:02:47+00:00","description":"Masseria Ramasian \u00e8 un'oasi di pace nella campagna pugliese, vicino al mare e alle citt\u00e0 pi\u00f9 affascinanti. Camere eleganti, piscine e servizi benessere per un soggiorno esclusivo.","breadcrumb":{"@id":"https:\/\/pugliamare.it\/esperienze\/masseria-ramasian\/#breadcrumb"},"inLanguage":"es","potentialAction":[{"@type":"ReadAction","target":["https:\/\/pugliamare.it\/esperienze\/masseria-ramasian\/"]}]},{"@type":"ImageObject","inLanguage":"es","@id":"https:\/\/pugliamare.it\/esperienze\/masseria-ramasian\/#primaryimage","url":"https:\/\/pugliamare.it\/wp-content\/uploads\/2025\/02\/masseria-ramasian-1.jpg","contentUrl":"https:\/\/pugliamare.it\/wp-content\/uploads\/2025\/02\/masseria-ramasian-1.jpg","width":1200,"height":1600},{"@type":"BreadcrumbList","@id":"https:\/\/pugliamare.it\/esperienze\/masseria-ramasian\/#breadcrumb","itemListElement":[{"@type":"ListItem","position":1,"name":"Home","item":"https:\/\/pugliamare.it\/"},{"@type":"ListItem","position":2,"name":"Masseria Ramasian"}]},{"@type":"WebSite","@id":"https:\/\/pugliamare.it\/en\/#website","url":"https:\/\/pugliamare.it\/en\/","name":"Pugliamare","description":"Esperienze, Soggiorni e Tour personalizzati in Puglia","publisher":{"@id":"https:\/\/pugliamare.it\/en\/#organization"},"potentialAction":[{"@type":"SearchAction","target":{"@type":"EntryPoint","urlTemplate":"https:\/\/pugliamare.it\/en\/?s={search_term_string}"},"query-input":"required name=search_term_string"}],"inLanguage":"es"},{"@type":"Organization","@id":"https:\/\/pugliamare.it\/en\/#organization","name":"Pugliamare srl","url":"https:\/\/pugliamare.it\/en\/","logo":{"@type":"ImageObject","inLanguage":"es","@id":"https:\/\/pugliamare.it\/en\/#\/schema\/logo\/image\/","url":"https:\/\/pugliamare.it\/wp-content\/uploads\/2021\/04\/cropped-cropped-Risorsa-2.png","contentUrl":"https:\/\/pugliamare.it\/wp-content\/uploads\/2021\/04\/cropped-cropped-Risorsa-2.png","width":374,"height":117,"caption":"Pugliamare srl"},"image":{"@id":"https:\/\/pugliamare.it\/en\/#\/schema\/logo\/image\/"},"sameAs":["https:\/\/www.facebook.com\/pugliamarexperience","https:\/\/www.instagram.com\/pugliamare\/"]}]}},"_links":{"self":[{"href":"https:\/\/pugliamare.it\/es\/wp-json\/wp\/v2\/product\/29938"}],"collection":[{"href":"https:\/\/pugliamare.it\/es\/wp-json\/wp\/v2\/product"}],"about":[{"href":"https:\/\/pugliamare.it\/es\/wp-json\/wp\/v2\/types\/product"}],"version-history":[{"count":3,"href":"https:\/\/pugliamare.it\/es\/wp-json\/wp\/v2\/product\/29938\/revisions"}],"predecessor-version":[{"id":29948,"href":"https:\/\/pugliamare.it\/es\/wp-json\/wp\/v2\/product\/29938\/revisions\/29948"}],"wp:featuredmedia":[{"embeddable":true,"href":"https:\/\/pugliamare.it\/es\/wp-json\/wp\/v2\/media\/29939"}],"wp:attachment":[{"href":"https:\/\/pugliamare.it\/es\/wp-json\/wp\/v2\/media?parent=29938"}],"wp:term":[{"taxonomy":"product_cat","embeddable":true,"href":"https:\/\/pugliamare.it\/es\/wp-json\/wp\/v2\/product_cat?post=29938"},{"taxonomy":"product_tag","embeddable":true,"href":"https:\/\/pugliamare.it\/es\/wp-json\/wp\/v2\/product_tag?post=29938"}],"curies":[{"name":"wp","href":"https:\/\/api.w.org\/{rel}","templated":true}]}}