{"id":29956,"date":"2025-02-13T17:06:06","date_gmt":"2025-02-13T16:06:06","guid":{"rendered":"https:\/\/pugliamare.it\/?post_type=product&#038;p=29956"},"modified":"2025-02-14T11:36:28","modified_gmt":"2025-02-14T10:36:28","slug":"borgo-dei-trulli-fanelli","status":"publish","type":"product","link":"https:\/\/pugliamare.it\/es\/esperienze\/borgo-dei-trulli-fanelli\/","title":{"rendered":"Borgo dei Trulli Fanelli"},"content":{"rendered":"<p>Situado en el encantador Valle de Itria, en la confluencia de los territorios de Castellana Grotte, Monopoli y Alberobello, el establecimiento tur\u00edstico \u201cBorgo dei Trulli Fanelli\u201d cuenta con un envidiable complejo org\u00e1nico de trulli, dividido en dos soluciones de alojamiento distintas y compuesto por seis conos y tres alcobas.<\/p>\n<p>Recientemente renovada en pleno respeto de las antiguas tradiciones de los maestros constructores de trulli de anta\u00f1o, la estructura prioriza ante todo la comodidad y la relajaci\u00f3n de los hu\u00e9spedes. A la encantadora sala de comedor central se suman la zona de noche, la cocina y el ba\u00f1o, un trullo con chimenea y, por \u00faltimo, una acogedora sala de estar adyacente en una peque\u00f1a alcoba con b\u00f3veda de ca\u00f1\u00f3n.<\/p>\n<p>La propiedad dispone, por lo tanto, de 4 plazas para dormir.<\/p>\n<p>El \u201cBorgo dei Trulli\u201d se completa con dos conos adicionales (dormitorio y ba\u00f1o), que constituyen una estructura separada e independiente, aunque arquitect\u00f3nicamente conectada con el grupo principal de trulli. El \u201cBorgo dei Trulli Fanelli\u201d tambi\u00e9n cuenta con un \u00e1rea exterior bien equipada, con una piscina de efecto infinito de 40 m\u00b2 y dos verandas elegantemente amuebladas, as\u00ed como un rinc\u00f3n de aseo con diversos servicios, ducha y vestuario. La finca de 4 hect\u00e1reas se caracteriza por olivos centenarios, cerezos y almendros, nogales y casta\u00f1os, as\u00ed como \u00e1rboles y arbustos de la macchia mediterr\u00e1nea, ofreciendo un escenario de ensue\u00f1o.<\/p>","protected":false},"excerpt":{"rendered":"<p>Nella suggestiva <strong data-start=\"48\" data-end=\"65\">Valle d&#8217;Itria<\/strong>, un autentico complesso di <strong data-start=\"93\" data-end=\"117\">trulli ristrutturati<\/strong> con piscina, verande eleganti e una tenuta di 4 ettari tra ulivi secolari. Relax e tradizione tra <strong data-start=\"216\" data-end=\"261\">Castellana Grotte, Monopoli e Alberobello<\/strong>.<\/p>","protected":false},"featured_media":29949,"template":"","meta":{"_acf_changed":false,"inline_featured_image":false},"product_cat":[403],"product_tag":[374],"acf":[],"yoast_head":"<!-- This site is optimized with the Yoast SEO Premium plugin v22.8 (Yoast SEO v22.8) - https:\/\/yoast.com\/wordpress\/plugins\/seo\/ -->\n<title>Borgo dei Trulli Fanelli : Relax e Tradizione nella Valle d&#039;Itria| Pugliamare<\/title>\n<meta name=\"description\" content=\"Borgo dei Trulli Fanelli \u00e8 un autentico complesso di trulli ristrutturati nella Valle d&#039;Itria, con piscina, verande eleganti e una tenuta di 4 ettari. Relax e tradizione tra Castellana Grotte, Monopoli e Alberobello\" \/>\n<meta name=\"robots\" content=\"index, follow, max-snippet:-1, max-image-preview:large, max-video-preview:-1\" \/>\n<link rel=\"canonical\" href=\"https:\/\/pugliamare.it\/es\/esperienze\/borgo-dei-trulli-fanelli\/\" \/>\n<meta property=\"og:locale\" content=\"es_ES\" \/>\n<meta property=\"og:type\" content=\"article\" \/>\n<meta property=\"og:title\" content=\"Borgo dei Trulli Fanelli\" \/>\n<meta property=\"og:description\" content=\"Borgo dei Trulli Fanelli \u00e8 un autentico complesso di trulli ristrutturati nella Valle d&#039;Itria, con piscina, verande eleganti e una tenuta di 4 ettari. Relax e tradizione tra Castellana Grotte, Monopoli e Alberobello\" \/>\n<meta property=\"og:url\" content=\"https:\/\/pugliamare.it\/es\/esperienze\/borgo-dei-trulli-fanelli\/\" \/>\n<meta property=\"og:site_name\" content=\"Pugliamare\" \/>\n<meta property=\"article:publisher\" content=\"https:\/\/www.facebook.com\/pugliamarexperience\" \/>\n<meta property=\"article:modified_time\" content=\"2025-02-14T10:36:28+00:00\" \/>\n<meta property=\"og:image\" content=\"https:\/\/pugliamare.it\/wp-content\/uploads\/2025\/02\/photo_5868226482839602487_w.jpg\" \/>\n\t<meta property=\"og:image:width\" content=\"2560\" \/>\n\t<meta property=\"og:image:height\" content=\"1437\" \/>\n\t<meta property=\"og:image:type\" content=\"image\/jpeg\" \/>\n<meta name=\"twitter:card\" content=\"summary_large_image\" \/>\n<script type=\"application\/ld+json\" class=\"yoast-schema-graph\">{\"@context\":\"https:\/\/schema.org\",\"@graph\":[{\"@type\":\"WebPage\",\"@id\":\"https:\/\/pugliamare.it\/esperienze\/borgo-dei-trulli-fanelli\/\",\"url\":\"https:\/\/pugliamare.it\/esperienze\/borgo-dei-trulli-fanelli\/\",\"name\":\"Borgo dei Trulli Fanelli : Relax e Tradizione nella Valle d'Itria| Pugliamare\",\"isPartOf\":{\"@id\":\"https:\/\/pugliamare.it\/en\/#website\"},\"primaryImageOfPage\":{\"@id\":\"https:\/\/pugliamare.it\/esperienze\/borgo-dei-trulli-fanelli\/#primaryimage\"},\"image\":{\"@id\":\"https:\/\/pugliamare.it\/esperienze\/borgo-dei-trulli-fanelli\/#primaryimage\"},\"thumbnailUrl\":\"https:\/\/pugliamare.it\/wp-content\/uploads\/2025\/02\/photo_5868226482839602487_w.jpg\",\"datePublished\":\"2025-02-13T16:06:06+00:00\",\"dateModified\":\"2025-02-14T10:36:28+00:00\",\"description\":\"Borgo dei Trulli Fanelli \u00e8 un autentico complesso di trulli ristrutturati nella Valle d'Itria, con piscina, verande eleganti e una tenuta di 4 ettari. Relax e tradizione tra Castellana Grotte, Monopoli e Alberobello\",\"breadcrumb\":{\"@id\":\"https:\/\/pugliamare.it\/esperienze\/borgo-dei-trulli-fanelli\/#breadcrumb\"},\"inLanguage\":\"es\",\"potentialAction\":[{\"@type\":\"ReadAction\",\"target\":[\"https:\/\/pugliamare.it\/esperienze\/borgo-dei-trulli-fanelli\/\"]}]},{\"@type\":\"ImageObject\",\"inLanguage\":\"es\",\"@id\":\"https:\/\/pugliamare.it\/esperienze\/borgo-dei-trulli-fanelli\/#primaryimage\",\"url\":\"https:\/\/pugliamare.it\/wp-content\/uploads\/2025\/02\/photo_5868226482839602487_w.jpg\",\"contentUrl\":\"https:\/\/pugliamare.it\/wp-content\/uploads\/2025\/02\/photo_5868226482839602487_w.jpg\",\"width\":2560,\"height\":1437},{\"@type\":\"BreadcrumbList\",\"@id\":\"https:\/\/pugliamare.it\/esperienze\/borgo-dei-trulli-fanelli\/#breadcrumb\",\"itemListElement\":[{\"@type\":\"ListItem\",\"position\":1,\"name\":\"Home\",\"item\":\"https:\/\/pugliamare.it\/\"},{\"@type\":\"ListItem\",\"position\":2,\"name\":\"Borgo dei Trulli Fanelli\"}]},{\"@type\":\"WebSite\",\"@id\":\"https:\/\/pugliamare.it\/en\/#website\",\"url\":\"https:\/\/pugliamare.it\/en\/\",\"name\":\"Pugliamare\",\"description\":\"Esperienze, Soggiorni e Tour personalizzati in Puglia\",\"publisher\":{\"@id\":\"https:\/\/pugliamare.it\/en\/#organization\"},\"potentialAction\":[{\"@type\":\"SearchAction\",\"target\":{\"@type\":\"EntryPoint\",\"urlTemplate\":\"https:\/\/pugliamare.it\/en\/?s={search_term_string}\"},\"query-input\":\"required name=search_term_string\"}],\"inLanguage\":\"es\"},{\"@type\":\"Organization\",\"@id\":\"https:\/\/pugliamare.it\/en\/#organization\",\"name\":\"Pugliamare srl\",\"url\":\"https:\/\/pugliamare.it\/en\/\",\"logo\":{\"@type\":\"ImageObject\",\"inLanguage\":\"es\",\"@id\":\"https:\/\/pugliamare.it\/en\/#\/schema\/logo\/image\/\",\"url\":\"https:\/\/pugliamare.it\/wp-content\/uploads\/2021\/04\/cropped-cropped-Risorsa-2.png\",\"contentUrl\":\"https:\/\/pugliamare.it\/wp-content\/uploads\/2021\/04\/cropped-cropped-Risorsa-2.png\",\"width\":374,\"height\":117,\"caption\":\"Pugliamare srl\"},\"image\":{\"@id\":\"https:\/\/pugliamare.it\/en\/#\/schema\/logo\/image\/\"},\"sameAs\":[\"https:\/\/www.facebook.com\/pugliamarexperience\",\"https:\/\/www.instagram.com\/pugliamare\/\"]}]}<\/script>\n<!-- \/ Yoast SEO Premium plugin. -->","yoast_head_json":{"title":"Borgo dei Trulli Fanelli : Relax e Tradizione nella Valle d'Itria| Pugliamare","description":"Borgo dei Trulli Fanelli \u00e8 un autentico complesso di trulli ristrutturati nella Valle d'Itria, con piscina, verande eleganti e una tenuta di 4 ettari. Relax e tradizione tra Castellana Grotte, Monopoli e Alberobello","robots":{"index":"index","follow":"follow","max-snippet":"max-snippet:-1","max-image-preview":"max-image-preview:large","max-video-preview":"max-video-preview:-1"},"canonical":"https:\/\/pugliamare.it\/es\/esperienze\/borgo-dei-trulli-fanelli\/","og_locale":"es_ES","og_type":"article","og_title":"Borgo dei Trulli Fanelli","og_description":"Borgo dei Trulli Fanelli \u00e8 un autentico complesso di trulli ristrutturati nella Valle d'Itria, con piscina, verande eleganti e una tenuta di 4 ettari. Relax e tradizione tra Castellana Grotte, Monopoli e Alberobello","og_url":"https:\/\/pugliamare.it\/es\/esperienze\/borgo-dei-trulli-fanelli\/","og_site_name":"Pugliamare","article_publisher":"https:\/\/www.facebook.com\/pugliamarexperience","article_modified_time":"2025-02-14T10:36:28+00:00","og_image":[{"width":2560,"height":1437,"url":"https:\/\/pugliamare.it\/wp-content\/uploads\/2025\/02\/photo_5868226482839602487_w.jpg","type":"image\/jpeg"}],"twitter_card":"summary_large_image","schema":{"@context":"https:\/\/schema.org","@graph":[{"@type":"WebPage","@id":"https:\/\/pugliamare.it\/esperienze\/borgo-dei-trulli-fanelli\/","url":"https:\/\/pugliamare.it\/esperienze\/borgo-dei-trulli-fanelli\/","name":"Borgo dei Trulli Fanelli : Relax e Tradizione nella Valle d'Itria| Pugliamare","isPartOf":{"@id":"https:\/\/pugliamare.it\/en\/#website"},"primaryImageOfPage":{"@id":"https:\/\/pugliamare.it\/esperienze\/borgo-dei-trulli-fanelli\/#primaryimage"},"image":{"@id":"https:\/\/pugliamare.it\/esperienze\/borgo-dei-trulli-fanelli\/#primaryimage"},"thumbnailUrl":"https:\/\/pugliamare.it\/wp-content\/uploads\/2025\/02\/photo_5868226482839602487_w.jpg","datePublished":"2025-02-13T16:06:06+00:00","dateModified":"2025-02-14T10:36:28+00:00","description":"Borgo dei Trulli Fanelli \u00e8 un autentico complesso di trulli ristrutturati nella Valle d'Itria, con piscina, verande eleganti e una tenuta di 4 ettari. Relax e tradizione tra Castellana Grotte, Monopoli e Alberobello","breadcrumb":{"@id":"https:\/\/pugliamare.it\/esperienze\/borgo-dei-trulli-fanelli\/#breadcrumb"},"inLanguage":"es","potentialAction":[{"@type":"ReadAction","target":["https:\/\/pugliamare.it\/esperienze\/borgo-dei-trulli-fanelli\/"]}]},{"@type":"ImageObject","inLanguage":"es","@id":"https:\/\/pugliamare.it\/esperienze\/borgo-dei-trulli-fanelli\/#primaryimage","url":"https:\/\/pugliamare.it\/wp-content\/uploads\/2025\/02\/photo_5868226482839602487_w.jpg","contentUrl":"https:\/\/pugliamare.it\/wp-content\/uploads\/2025\/02\/photo_5868226482839602487_w.jpg","width":2560,"height":1437},{"@type":"BreadcrumbList","@id":"https:\/\/pugliamare.it\/esperienze\/borgo-dei-trulli-fanelli\/#breadcrumb","itemListElement":[{"@type":"ListItem","position":1,"name":"Home","item":"https:\/\/pugliamare.it\/"},{"@type":"ListItem","position":2,"name":"Borgo dei Trulli Fanelli"}]},{"@type":"WebSite","@id":"https:\/\/pugliamare.it\/en\/#website","url":"https:\/\/pugliamare.it\/en\/","name":"Pugliamare","description":"Esperienze, Soggiorni e Tour personalizzati in Puglia","publisher":{"@id":"https:\/\/pugliamare.it\/en\/#organization"},"potentialAction":[{"@type":"SearchAction","target":{"@type":"EntryPoint","urlTemplate":"https:\/\/pugliamare.it\/en\/?s={search_term_string}"},"query-input":"required name=search_term_string"}],"inLanguage":"es"},{"@type":"Organization","@id":"https:\/\/pugliamare.it\/en\/#organization","name":"Pugliamare srl","url":"https:\/\/pugliamare.it\/en\/","logo":{"@type":"ImageObject","inLanguage":"es","@id":"https:\/\/pugliamare.it\/en\/#\/schema\/logo\/image\/","url":"https:\/\/pugliamare.it\/wp-content\/uploads\/2021\/04\/cropped-cropped-Risorsa-2.png","contentUrl":"https:\/\/pugliamare.it\/wp-content\/uploads\/2021\/04\/cropped-cropped-Risorsa-2.png","width":374,"height":117,"caption":"Pugliamare srl"},"image":{"@id":"https:\/\/pugliamare.it\/en\/#\/schema\/logo\/image\/"},"sameAs":["https:\/\/www.facebook.com\/pugliamarexperience","https:\/\/www.instagram.com\/pugliamare\/"]}]}},"_links":{"self":[{"href":"https:\/\/pugliamare.it\/es\/wp-json\/wp\/v2\/product\/29956"}],"collection":[{"href":"https:\/\/pugliamare.it\/es\/wp-json\/wp\/v2\/product"}],"about":[{"href":"https:\/\/pugliamare.it\/es\/wp-json\/wp\/v2\/types\/product"}],"version-history":[{"count":3,"href":"https:\/\/pugliamare.it\/es\/wp-json\/wp\/v2\/product\/29956\/revisions"}],"predecessor-version":[{"id":29964,"href":"https:\/\/pugliamare.it\/es\/wp-json\/wp\/v2\/product\/29956\/revisions\/29964"}],"wp:featuredmedia":[{"embeddable":true,"href":"https:\/\/pugliamare.it\/es\/wp-json\/wp\/v2\/media\/29949"}],"wp:attachment":[{"href":"https:\/\/pugliamare.it\/es\/wp-json\/wp\/v2\/media?parent=29956"}],"wp:term":[{"taxonomy":"product_cat","embeddable":true,"href":"https:\/\/pugliamare.it\/es\/wp-json\/wp\/v2\/product_cat?post=29956"},{"taxonomy":"product_tag","embeddable":true,"href":"https:\/\/pugliamare.it\/es\/wp-json\/wp\/v2\/product_tag?post=29956"}],"curies":[{"name":"wp","href":"https:\/\/api.w.org\/{rel}","templated":true}]}}