{"id":30974,"date":"2025-04-22T11:36:44","date_gmt":"2025-04-22T09:36:44","guid":{"rendered":"https:\/\/pugliamare.it\/?post_type=product&#038;p=30974"},"modified":"2025-12-06T15:37:34","modified_gmt":"2025-12-06T14:37:34","slug":"puglia-cibo-tour-gastronomico-degustazione-olio-vino-panificio-latticini-casaro-salumeria","status":"publish","type":"product","link":"https:\/\/pugliamare.it\/es\/esperienze\/puglia-cibo-tour-gastronomico-degustazione-olio-vino-panificio-latticini-casaro-salumeria\/","title":{"rendered":"Un recorrido gastron\u00f3mico por Apulia: degustaciones y sabores aut\u00e9nticos"},"content":{"rendered":"<h1 data-start=\"856\" data-end=\"955\"><strong data-start=\"864\" data-end=\"955\">Un recorrido gastron\u00f3mico por Apulia: sabores aut\u00e9nticos, tradiciones locales y degustaciones guiadas.<\/strong><\/h1>\n<p data-start=\"957\" data-end=\"1294\" class=\" translation-block\">Vive un d\u00eda inmersivo descubriendo la <strong data-start=\"1005\" data-end=\"1038\">tradici\u00f3n culinaria pugliese<\/strong> con nuestro <strong data-start=\"1053\" data-end=\"1084\">tour gastron\u00f3mico en Puglia<\/strong>.<br data-start=\"1085\" data-end=\"1088\">Un itinerario completo y aut\u00e9ntico que te llevar\u00e1 por <strong data-start=\"1142\" data-end=\"1204\">hornos, almazaras, bodegas, queser\u00edas y charcuter\u00edas artesanales<\/strong>, para degustar, observar y comprender lo que hace \u00fanica a esta tierra tambi\u00e9n en la mesa.<\/p>\n<h1 data-start=\"1301\" data-end=\"1339\"><strong>ETAPAS<\/strong><\/h1>\n<h3 data-start=\"1301\" data-end=\"1339\">\ud83c\udf5e <strong data-start=\"1308\" data-end=\"1339\">Panader\u00eda hist\u00f3rica<\/strong><\/h3>\n<p data-start=\"1341\" data-end=\"1600\" class=\" translation-block\">Comenzamos con el aroma del pan reci\u00e9n horneado. Visitar\u00e1s un <strong data-start=\"1404\" data-end=\"1439\">panificio tradicional de Puglia<\/strong>, donde descubrir\u00e1s las t\u00e9cnicas de la panificaci\u00f3n antigua.<br data-start=\"1495\" data-end=\"1498\">Degustar\u00e1s la aut\u00e9ntica <strong data-start=\"1517\" data-end=\"1538\">focaccia pugliese<\/strong>, acompa\u00f1ada de <strong data-start=\"1556\" data-end=\"1582\">dos panzerottini calientes<\/strong> reci\u00e9n preparados.<\/p>\n<h3 data-start=\"1607\" data-end=\"1663\">\ud83e\uded2 <strong data-start=\"1614\" data-end=\"1663\">Almazara subterr\u00e1nea y cata de aceite<\/strong><\/h3>\n<p data-start=\"1665\" data-end=\"1915\" class=\" translation-block\">Ad\u00e9ntrate en el coraz\u00f3n de Puglia con la visita a un sugestivo <strong data-start=\"1725\" data-end=\"1744\">almazara subterr\u00e1nea<\/strong>, excavada en la roca. All\u00ed te espera una <strong data-start=\"1788\" data-end=\"1841\">degustaci\u00f3n guiada de aceite de oliva virgen extra<\/strong>, acompa\u00f1ado de pan y <strong data-start=\"1862\" data-end=\"1874\">frisella<\/strong>, el emblema de la cocina pobre pugliese.<\/p>\n<h3 data-start=\"2282\" data-end=\"2323\">\ud83e\uddc0 <strong data-start=\"2289\" data-end=\"2323\">Laboratorio de productos l\u00e1cteos<\/strong><\/h3>\n<p data-start=\"2325\" data-end=\"2565\" class=\" translation-block\">Por la tarde, visitar\u00e1s un <strong data-start=\"2353\" data-end=\"2379\">queser\u00eda artesanal<\/strong>, donde podr\u00e1s ver el proceso de elaboraci\u00f3n y degustar una <strong data-start=\"2434\" data-end=\"2480\">selecci\u00f3n de quesos frescos y curados<\/strong>: <strong data-start=\"2482\" data-end=\"2496\">mozzarella<\/strong>, <strong data-start=\"2498\" data-end=\"2511\">ricottina<\/strong>, <strong data-start=\"2513\" data-end=\"2529\">caciocavallo<\/strong> y <strong data-start=\"2532\" data-end=\"2564\">queso curado de vaca<\/strong>.<\/p>\n<h3 data-start=\"2572\" data-end=\"2615\">\ud83e\udd69 <strong data-start=\"2579\" data-end=\"2615\">\u00a0Salumeria Tradizionale<\/strong><\/h3>\n<p data-start=\"2617\" data-end=\"2916\" class=\" translation-block\">Terminamos con el sabor intenso de la charcuter\u00eda local. En una <strong data-start=\"2681\" data-end=\"2707\">salumer\u00eda tradicional<\/strong>, degustar\u00e1s <strong data-start=\"2720\" data-end=\"2749\">cuatro embutidos curados<\/strong> y <strong data-start=\"2752\" data-end=\"2776\">dos especialidades cocidas<\/strong>, incluido el famoso <strong data-start=\"2797\" data-end=\"2828\">capocollo de Martina Franca<\/strong>.<br data-start=\"2829\" data-end=\"2832\"><strong>Incluido en el tour: kit desechable para observar el proceso de elaboraci\u00f3n con seguridad.<\/strong><\/p>\n<h3 data-start=\"2923\" data-end=\"2968\">\ud83c\udf1f <strong data-start=\"2930\" data-end=\"2968\">Por qu\u00e9 elegir esta experiencia<\/strong><\/h3>\n<p data-start=\"2970\" data-end=\"3284\" class=\" translation-block\">Nuestro <strong data-start=\"2980\" data-end=\"3011\">tour gastron\u00f3mico en Puglia<\/strong> est\u00e1 pensado para verdaderos amantes de la comida y de las tradiciones locales. Es ideal para <strong data-start=\"3087\" data-end=\"3145\">viajeros curiosos, foodies, parejas, grupos y familias<\/strong>.<br data-start=\"3146\" data-end=\"3149\">Una experiencia aut\u00e9ntica y envolvente que une <strong data-start=\"3199\" data-end=\"3227\">historia, cultura y sabores<\/strong>, pensada para quienes quieren saborear el lado m\u00e1s genuino de Puglia.<\/p>\n<p data-start=\"2970\" data-end=\"3284\" class=\" translation-block\">Si quieres enriquecer tu d\u00eda, descubre tambi\u00e9n otras experiencias firmadas por Pugliamare.<br data-start=\"246\" data-end=\"249\">Por ejemplo, puedes participar en una <a href=\"https:\/\/pugliamare.it\/esperienze\/lezione-di-cucina-pugliese-a-polignano-a-mare-cena\/\" target=\"_self\"><strong data-start=\"284\" data-end=\"322\">clase de orecchiette en Polignano<\/strong><\/a> con aperitivo t\u00edpico, para meter las manos en la masa y aprender los secretos de la cocina tradicional.<br data-start=\"421\" data-end=\"424\">O podr\u00edas vivir el mar desde otra perspectiva con un <strong data-start=\"486\" data-end=\"530\"><a href=\"https:\/\/pugliamare.it\/esperienze\/tour-in-barca-delle-grotte-di-polignano-a-mare\/\" target=\"_self\">tour en barco por las cuevas de Polignano<\/a>.<\/strong><\/p>\n<h3 data-start=\"3291\" data-end=\"3342\">\ud83d\udcde <strong data-start=\"3298\" data-end=\"3342\">Cont\u00e1ctenos para informaci\u00f3n o solicitudes especiales.<\/strong><\/h3>\n<p class=\" translation-block\">Descubre Puglia empezando por la mesa: <strong data-start=\"3602\" data-end=\"3628\">degusta, aprende y vive<\/strong> un viaje a trav\u00e9s de los sabores aut\u00e9nticos del Sur. Reserva ahora tu <strong data-start=\"3691\" data-end=\"3709\">escapada culinaria<\/strong> y ll\u00e9vate a casa un pedacito de Puglia\u2026 para saborear.<\/p>\n<p data-start=\"3344\" data-end=\"3496\" class=\" translation-block\">Tienes <strong>intolerancias alimentarias<\/strong>, quieres personalizar el tour o deseas regalarlo a alguien? El equipo de <strong data-start=\"3442\" data-end=\"3456\">Pugliamare<\/strong> est\u00e1 a tu disposici\u00f3n para cualquier necesidad, <a href=\"https:\/\/api.whatsapp.com\/send?phone=393668959532\" target=\"_self\">cont\u00e1ctanos<\/a>.<\/p>","protected":false},"excerpt":{"rendered":"<p>Scopri la Puglia attraverso un vero e proprio <strong data-start=\"215\" data-end=\"258\">tour gastronomico di un\u2019intera giornata<\/strong>, pensato per chi vuole assaporare la tradizione con autenticit\u00e0.<br data-start=\"323\" data-end=\"326\" \/>Tra <strong data-start=\"330\" data-end=\"347\">forni storici<\/strong>, <strong data-start=\"349\" data-end=\"367\" data-is-only-node=\"\">frantoi ipogei<\/strong>, <strong data-start=\"389\" data-end=\"414\">caseifici artigianali<\/strong> e <strong data-start=\"417\" data-end=\"438\">salumerie tipiche<\/strong>, vivrai un viaggio nei sapori pi\u00f9 genuini della nostra terra.<br data-start=\"500\" data-end=\"503\" \/>Degustazioni, racconti, profumi e storie si intrecciano in un\u2019esperienza sensoriale che ti far\u00e0 conoscere la <strong data-start=\"612\" data-end=\"636\">vera cucina pugliese<\/strong>, fatta di gesti antichi, prodotti semplici e amore per il territorio.<\/p>","protected":false},"featured_media":30978,"template":"","meta":{"_acf_changed":false,"inline_featured_image":false},"product_cat":[364,293],"product_tag":[290],"acf":[],"yoast_head":"<!-- This site is optimized with the Yoast SEO Premium plugin v22.8 (Yoast SEO v22.8) - https:\/\/yoast.com\/wordpress\/plugins\/seo\/ -->\n<title>Tour gastronomico in Puglia: sapori e tradizioni locali | Pugliamare<\/title>\n<meta name=\"description\" content=\"Scopri la Puglia attraverso un tour gastronomico autentico: pane, olio, vino, formaggi e salumi in un viaggio tra gusto, tradizione e cultura locale.\" \/>\n<meta name=\"robots\" content=\"index, follow, max-snippet:-1, max-image-preview:large, max-video-preview:-1\" \/>\n<link rel=\"canonical\" href=\"https:\/\/pugliamare.it\/es\/esperienze\/puglia-cibo-tour-gastronomico-degustazione-olio-vino-panificio-latticini-casaro-salumeria\/\" \/>\n<meta property=\"og:locale\" content=\"es_ES\" \/>\n<meta property=\"og:type\" content=\"article\" \/>\n<meta property=\"og:title\" content=\"Tour gastronomico in Puglia: degustazioni e sapori autentici\" \/>\n<meta property=\"og:description\" content=\"Scopri la Puglia attraverso un tour gastronomico autentico: pane, olio, vino, formaggi e salumi in un viaggio tra gusto, tradizione e cultura locale.\" \/>\n<meta property=\"og:url\" content=\"https:\/\/pugliamare.it\/es\/esperienze\/puglia-cibo-tour-gastronomico-degustazione-olio-vino-panificio-latticini-casaro-salumeria\/\" \/>\n<meta property=\"og:site_name\" content=\"Pugliamare\" \/>\n<meta property=\"article:publisher\" content=\"https:\/\/www.facebook.com\/pugliamarexperience\" \/>\n<meta property=\"article:modified_time\" content=\"2025-12-06T14:37:34+00:00\" \/>\n<meta property=\"og:image\" content=\"https:\/\/pugliamare.it\/wp-content\/uploads\/2025\/04\/image-4_resized-1.png\" \/>\n\t<meta property=\"og:image:width\" content=\"1280\" \/>\n\t<meta property=\"og:image:height\" content=\"853\" \/>\n\t<meta property=\"og:image:type\" content=\"image\/png\" \/>\n<meta name=\"twitter:card\" content=\"summary_large_image\" \/>\n<script type=\"application\/ld+json\" class=\"yoast-schema-graph\">{\"@context\":\"https:\/\/schema.org\",\"@graph\":[{\"@type\":\"WebPage\",\"@id\":\"https:\/\/pugliamare.it\/esperienze\/puglia-cibo-tour-gastronomico-degustazione-olio-vino-panificio-latticini-casaro-salumeria\/\",\"url\":\"https:\/\/pugliamare.it\/esperienze\/puglia-cibo-tour-gastronomico-degustazione-olio-vino-panificio-latticini-casaro-salumeria\/\",\"name\":\"Tour gastronomico in Puglia: sapori e tradizioni locali | Pugliamare\",\"isPartOf\":{\"@id\":\"https:\/\/pugliamare.it\/en\/#website\"},\"primaryImageOfPage\":{\"@id\":\"https:\/\/pugliamare.it\/esperienze\/puglia-cibo-tour-gastronomico-degustazione-olio-vino-panificio-latticini-casaro-salumeria\/#primaryimage\"},\"image\":{\"@id\":\"https:\/\/pugliamare.it\/esperienze\/puglia-cibo-tour-gastronomico-degustazione-olio-vino-panificio-latticini-casaro-salumeria\/#primaryimage\"},\"thumbnailUrl\":\"https:\/\/pugliamare.it\/wp-content\/uploads\/2025\/04\/image-4_resized-1.png\",\"datePublished\":\"2025-04-22T09:36:44+00:00\",\"dateModified\":\"2025-12-06T14:37:34+00:00\",\"description\":\"Scopri la Puglia attraverso un tour gastronomico autentico: pane, olio, vino, formaggi e salumi in un viaggio tra gusto, tradizione e cultura locale.\",\"breadcrumb\":{\"@id\":\"https:\/\/pugliamare.it\/esperienze\/puglia-cibo-tour-gastronomico-degustazione-olio-vino-panificio-latticini-casaro-salumeria\/#breadcrumb\"},\"inLanguage\":\"es\",\"potentialAction\":[{\"@type\":\"ReadAction\",\"target\":[\"https:\/\/pugliamare.it\/esperienze\/puglia-cibo-tour-gastronomico-degustazione-olio-vino-panificio-latticini-casaro-salumeria\/\"]}]},{\"@type\":\"ImageObject\",\"inLanguage\":\"es\",\"@id\":\"https:\/\/pugliamare.it\/esperienze\/puglia-cibo-tour-gastronomico-degustazione-olio-vino-panificio-latticini-casaro-salumeria\/#primaryimage\",\"url\":\"https:\/\/pugliamare.it\/wp-content\/uploads\/2025\/04\/image-4_resized-1.png\",\"contentUrl\":\"https:\/\/pugliamare.it\/wp-content\/uploads\/2025\/04\/image-4_resized-1.png\",\"width\":1280,\"height\":853,\"caption\":\"degustazione prodotti tipici pugliesi\"},{\"@type\":\"BreadcrumbList\",\"@id\":\"https:\/\/pugliamare.it\/esperienze\/puglia-cibo-tour-gastronomico-degustazione-olio-vino-panificio-latticini-casaro-salumeria\/#breadcrumb\",\"itemListElement\":[{\"@type\":\"ListItem\",\"position\":1,\"name\":\"Home\",\"item\":\"https:\/\/pugliamare.it\/\"},{\"@type\":\"ListItem\",\"position\":2,\"name\":\"Tour gastronomico in Puglia: degustazioni e sapori autentici\"}]},{\"@type\":\"WebSite\",\"@id\":\"https:\/\/pugliamare.it\/en\/#website\",\"url\":\"https:\/\/pugliamare.it\/en\/\",\"name\":\"Pugliamare\",\"description\":\"Esperienze, Soggiorni e Tour personalizzati in Puglia\",\"publisher\":{\"@id\":\"https:\/\/pugliamare.it\/en\/#organization\"},\"potentialAction\":[{\"@type\":\"SearchAction\",\"target\":{\"@type\":\"EntryPoint\",\"urlTemplate\":\"https:\/\/pugliamare.it\/en\/?s={search_term_string}\"},\"query-input\":\"required name=search_term_string\"}],\"inLanguage\":\"es\"},{\"@type\":\"Organization\",\"@id\":\"https:\/\/pugliamare.it\/en\/#organization\",\"name\":\"Pugliamare srl\",\"url\":\"https:\/\/pugliamare.it\/en\/\",\"logo\":{\"@type\":\"ImageObject\",\"inLanguage\":\"es\",\"@id\":\"https:\/\/pugliamare.it\/en\/#\/schema\/logo\/image\/\",\"url\":\"https:\/\/pugliamare.it\/wp-content\/uploads\/2021\/04\/cropped-cropped-Risorsa-2.png\",\"contentUrl\":\"https:\/\/pugliamare.it\/wp-content\/uploads\/2021\/04\/cropped-cropped-Risorsa-2.png\",\"width\":374,\"height\":117,\"caption\":\"Pugliamare srl\"},\"image\":{\"@id\":\"https:\/\/pugliamare.it\/en\/#\/schema\/logo\/image\/\"},\"sameAs\":[\"https:\/\/www.facebook.com\/pugliamarexperience\",\"https:\/\/www.instagram.com\/pugliamare\/\"]}]}<\/script>\n<!-- \/ Yoast SEO Premium plugin. -->","yoast_head_json":{"title":"Tour gastronomico in Puglia: sapori e tradizioni locali | Pugliamare","description":"Scopri la Puglia attraverso un tour gastronomico autentico: pane, olio, vino, formaggi e salumi in un viaggio tra gusto, tradizione e cultura locale.","robots":{"index":"index","follow":"follow","max-snippet":"max-snippet:-1","max-image-preview":"max-image-preview:large","max-video-preview":"max-video-preview:-1"},"canonical":"https:\/\/pugliamare.it\/es\/esperienze\/puglia-cibo-tour-gastronomico-degustazione-olio-vino-panificio-latticini-casaro-salumeria\/","og_locale":"es_ES","og_type":"article","og_title":"Tour gastronomico in Puglia: degustazioni e sapori autentici","og_description":"Scopri la Puglia attraverso un tour gastronomico autentico: pane, olio, vino, formaggi e salumi in un viaggio tra gusto, tradizione e cultura locale.","og_url":"https:\/\/pugliamare.it\/es\/esperienze\/puglia-cibo-tour-gastronomico-degustazione-olio-vino-panificio-latticini-casaro-salumeria\/","og_site_name":"Pugliamare","article_publisher":"https:\/\/www.facebook.com\/pugliamarexperience","article_modified_time":"2025-12-06T14:37:34+00:00","og_image":[{"width":1280,"height":853,"url":"https:\/\/pugliamare.it\/wp-content\/uploads\/2025\/04\/image-4_resized-1.png","type":"image\/png"}],"twitter_card":"summary_large_image","schema":{"@context":"https:\/\/schema.org","@graph":[{"@type":"WebPage","@id":"https:\/\/pugliamare.it\/esperienze\/puglia-cibo-tour-gastronomico-degustazione-olio-vino-panificio-latticini-casaro-salumeria\/","url":"https:\/\/pugliamare.it\/esperienze\/puglia-cibo-tour-gastronomico-degustazione-olio-vino-panificio-latticini-casaro-salumeria\/","name":"Tour gastronomico in Puglia: sapori e tradizioni locali | Pugliamare","isPartOf":{"@id":"https:\/\/pugliamare.it\/en\/#website"},"primaryImageOfPage":{"@id":"https:\/\/pugliamare.it\/esperienze\/puglia-cibo-tour-gastronomico-degustazione-olio-vino-panificio-latticini-casaro-salumeria\/#primaryimage"},"image":{"@id":"https:\/\/pugliamare.it\/esperienze\/puglia-cibo-tour-gastronomico-degustazione-olio-vino-panificio-latticini-casaro-salumeria\/#primaryimage"},"thumbnailUrl":"https:\/\/pugliamare.it\/wp-content\/uploads\/2025\/04\/image-4_resized-1.png","datePublished":"2025-04-22T09:36:44+00:00","dateModified":"2025-12-06T14:37:34+00:00","description":"Scopri la Puglia attraverso un tour gastronomico autentico: pane, olio, vino, formaggi e salumi in un viaggio tra gusto, tradizione e cultura locale.","breadcrumb":{"@id":"https:\/\/pugliamare.it\/esperienze\/puglia-cibo-tour-gastronomico-degustazione-olio-vino-panificio-latticini-casaro-salumeria\/#breadcrumb"},"inLanguage":"es","potentialAction":[{"@type":"ReadAction","target":["https:\/\/pugliamare.it\/esperienze\/puglia-cibo-tour-gastronomico-degustazione-olio-vino-panificio-latticini-casaro-salumeria\/"]}]},{"@type":"ImageObject","inLanguage":"es","@id":"https:\/\/pugliamare.it\/esperienze\/puglia-cibo-tour-gastronomico-degustazione-olio-vino-panificio-latticini-casaro-salumeria\/#primaryimage","url":"https:\/\/pugliamare.it\/wp-content\/uploads\/2025\/04\/image-4_resized-1.png","contentUrl":"https:\/\/pugliamare.it\/wp-content\/uploads\/2025\/04\/image-4_resized-1.png","width":1280,"height":853,"caption":"degustazione prodotti tipici pugliesi"},{"@type":"BreadcrumbList","@id":"https:\/\/pugliamare.it\/esperienze\/puglia-cibo-tour-gastronomico-degustazione-olio-vino-panificio-latticini-casaro-salumeria\/#breadcrumb","itemListElement":[{"@type":"ListItem","position":1,"name":"Home","item":"https:\/\/pugliamare.it\/"},{"@type":"ListItem","position":2,"name":"Tour gastronomico in Puglia: degustazioni e sapori autentici"}]},{"@type":"WebSite","@id":"https:\/\/pugliamare.it\/en\/#website","url":"https:\/\/pugliamare.it\/en\/","name":"Pugliamare","description":"Esperienze, Soggiorni e Tour personalizzati in Puglia","publisher":{"@id":"https:\/\/pugliamare.it\/en\/#organization"},"potentialAction":[{"@type":"SearchAction","target":{"@type":"EntryPoint","urlTemplate":"https:\/\/pugliamare.it\/en\/?s={search_term_string}"},"query-input":"required name=search_term_string"}],"inLanguage":"es"},{"@type":"Organization","@id":"https:\/\/pugliamare.it\/en\/#organization","name":"Pugliamare srl","url":"https:\/\/pugliamare.it\/en\/","logo":{"@type":"ImageObject","inLanguage":"es","@id":"https:\/\/pugliamare.it\/en\/#\/schema\/logo\/image\/","url":"https:\/\/pugliamare.it\/wp-content\/uploads\/2021\/04\/cropped-cropped-Risorsa-2.png","contentUrl":"https:\/\/pugliamare.it\/wp-content\/uploads\/2021\/04\/cropped-cropped-Risorsa-2.png","width":374,"height":117,"caption":"Pugliamare srl"},"image":{"@id":"https:\/\/pugliamare.it\/en\/#\/schema\/logo\/image\/"},"sameAs":["https:\/\/www.facebook.com\/pugliamarexperience","https:\/\/www.instagram.com\/pugliamare\/"]}]}},"_links":{"self":[{"href":"https:\/\/pugliamare.it\/es\/wp-json\/wp\/v2\/product\/30974"}],"collection":[{"href":"https:\/\/pugliamare.it\/es\/wp-json\/wp\/v2\/product"}],"about":[{"href":"https:\/\/pugliamare.it\/es\/wp-json\/wp\/v2\/types\/product"}],"version-history":[{"count":6,"href":"https:\/\/pugliamare.it\/es\/wp-json\/wp\/v2\/product\/30974\/revisions"}],"predecessor-version":[{"id":36657,"href":"https:\/\/pugliamare.it\/es\/wp-json\/wp\/v2\/product\/30974\/revisions\/36657"}],"wp:featuredmedia":[{"embeddable":true,"href":"https:\/\/pugliamare.it\/es\/wp-json\/wp\/v2\/media\/30978"}],"wp:attachment":[{"href":"https:\/\/pugliamare.it\/es\/wp-json\/wp\/v2\/media?parent=30974"}],"wp:term":[{"taxonomy":"product_cat","embeddable":true,"href":"https:\/\/pugliamare.it\/es\/wp-json\/wp\/v2\/product_cat?post=30974"},{"taxonomy":"product_tag","embeddable":true,"href":"https:\/\/pugliamare.it\/es\/wp-json\/wp\/v2\/product_tag?post=30974"}],"curies":[{"name":"wp","href":"https:\/\/api.w.org\/{rel}","templated":true}]}}