{"id":31043,"date":"2025-04-23T17:03:58","date_gmt":"2025-04-23T15:03:58","guid":{"rendered":"https:\/\/pugliamare.it\/?post_type=product&#038;p=31043"},"modified":"2026-01-24T15:21:16","modified_gmt":"2026-01-24T14:21:16","slug":"da-bari-tempo-libero-e-tour-in-barca-alle-grotte-marine-di-polignano-a-mare","status":"publish","type":"product","link":"https:\/\/pugliamare.it\/es\/esperienze\/da-bari-tempo-libero-e-tour-in-barca-alle-grotte-marine-di-polignano-a-mare\/","title":{"rendered":"Paseo en barco por las cuevas y visita autoguiada de Polignano a Mare - desde Bari"},"content":{"rendered":"<h1 data-start=\"780\" data-end=\"864\"><strong data-start=\"787\" data-end=\"864\">Excursi\u00f3n en barco a las cuevas de Polignano y tiempo libre \u2013 salida desde Bari<\/strong><\/h1>\n<p data-start=\"866\" data-end=\"1177\" class=\" translation-block\">Descubre lo mejor de la costa adri\u00e1tica con este tour completo que combina un <strong data-start=\"941\" data-end=\"968\">c\u00f3modo traslado desde Bari<\/strong>, <strong data-start=\"970\" data-end=\"1005\">tiempo libre en <a href=\"https:\/\/pugliamare.it\/destinazioni\/polignano-a-mare\/\" target=\"_self\">Polignano a Mare<\/a><\/strong> y un encantador <strong data-start=\"1022\" data-end=\"1060\">tour en barco por las cuevas marinas<\/strong>.<br data-start=\"1061\" data-end=\"1064\">Una experiencia aut\u00e9ntica y relajante, perfecta para quienes desean disfrutar de un d\u00eda entre naturaleza, cultura y belleza.<\/p>\n<h3 data-start=\"1184\" data-end=\"1228\">\ud83d\udccd <strong data-start=\"1191\" data-end=\"1228\">Salida de Bari \u2013 Alrededor de las 9:00 h<\/strong><\/h3>\n<p data-start=\"1230\" data-end=\"1403\" class=\" translation-block\">Tras la bienvenida de nuestro equipo, partir\u00e1s hacia Polignano a Mare con <strong data-start=\"1311\" data-end=\"1331\">traslado incluido<\/strong> en coche o miniv\u00e1n privado. Viajar\u00e1s con total comodidad y sin preocupaciones.<\/p>\n<h3 data-start=\"1410\" data-end=\"1453\"><strong data-start=\"1417\" data-end=\"1453\">\ud83c\udfde\ufe0f Visita autoguiada de Polignano a Mare<\/strong><\/h3>\n<p data-start=\"1455\" data-end=\"1770\" class=\" translation-block\">Una vez que llegues, podr\u00e1s explorar el pueblo por tu cuenta: <strong data-start=\"1515\" data-end=\"1533\">callejuelas blancas<\/strong>, balcones con vistas al mar, paisajes impresionantes y versos po\u00e9ticos grabados en los muros.<br data-start=\"1605\" data-end=\"1608\">Tendr\u00e1s tiempo para ir de compras, relajarte, tomar fotos memorables y disfrutar de un almuerzo libre en uno de los muchos restaurantes t\u00edpicos con vistas al acantilado.<\/p>\n<h3 data-start=\"1777\" data-end=\"1822\">\ud83d\udea4 <strong data-start=\"1784\" data-end=\"1822\">Paseo en barco entre las cuevas marinas<\/strong><\/h3>\n<p data-start=\"1824\" data-end=\"2226\">Nel pomeriggio, parteciperai a un emozionante <strong data-start=\"1870\" data-end=\"1927\">tour in barca della durata di 1h30min alla scoperta delle grotte di Polignano<\/strong>, con partenza dal porticciolo.<br data-start=\"1958\" data-end=\"1961\" \/>Navigherai lungo la costa tra grotte naturali, archi rocciosi e scorci spettacolari visibili solo dal mare. Se il meteo lo consente, \u00e8 prevista una sosta per un tuffo nelle acque limpide.<br data-start=\"2148\" data-end=\"2151\" \/>Un&#8217;esperienza rilassante e panoramica, ideale per coppie, amici o famiglie.<\/p>\n<h3 data-start=\"2233\" data-end=\"2276\">\ud83d\ude8c <strong data-start=\"2240\" data-end=\"2276\">Rientro a Bari \u2013 Ore 15:00 circa<\/strong><\/h3>\n<p data-start=\"2278\" data-end=\"2418\">Tras el paseo en barco, nuestro traslado le llevar\u00e1 de vuelta a Bari. Volver\u00e1 con el coraz\u00f3n lleno de recuerdos y la mente llena de emociones.<\/p>\n<h3 data-start=\"2425\" data-end=\"2471\">\u2728 <strong data-start=\"2431\" data-end=\"2471\">Quieres vivir Puglia a\u00fan m\u00e1s?<\/strong><\/h3>\n<p data-start=\"2473\" data-end=\"2891\" class=\" translation-block\">Combina esta excursi\u00f3n con otras experiencias de <strong data-start=\"2526\" data-end=\"2540\">Pugliamare<\/strong>:<br data-start=\"2541\" data-end=\"2544\">Puedes participar en una <strong><a href=\"https:\/\/pugliamare.it\/esperienze\/lezione-di-cucina-pugliese-a-polignano-a-mare-cena\/\" target=\"_self\">clase de cocina con aperitivo<\/a><\/strong> para descubrir los sabores locales, o explorar el interior con una<strong><a href=\"https:\/\/pugliamare.it\/esperienze\/visita-guidata-di-conversano\/\" target=\"_self\"> visita guiada a Conversano<\/a><\/strong>, entre historia, arte y tradici\u00f3n.<\/p>\n<h3 data-start=\"2898\" data-end=\"2963\">\ud83d\udcde <strong data-start=\"2905\" data-end=\"2963\">Cont\u00e1ctenos para informaci\u00f3n, reservas o solicitudes especiales.<\/strong><\/h3>\n<p data-start=\"2965\" data-end=\"3137\" class=\" translation-block\">\u00danete a nosotros para un d\u00eda de <strong data-start=\"3258\" data-end=\"3284\">mar, belleza y relax<\/strong>, con la calidad y la hospitalidad que solo Pugliamare puede ofrecer.\n<strong data-start=\"3355\" data-end=\"3454\">Traslado incluido, libertad para explorar y el mar m\u00e1s bonito de Puglia: te esperamos a bordo<\/strong><\/p>\n<p data-start=\"2965\" data-end=\"3137\" class=\" translation-block\">Tienes preguntas, necesidades especiales o quieres un tour personalizado? <a href=\"https:\/\/api.whatsapp.com\/send?phone=393668959532\" target=\"_self\">Contacta<\/a> con el equipo de <strong data-start=\"3038\" data-end=\"3052\">Pugliamare<\/strong>, estamos a tu disposici\u00f3n para ofrecerte una experiencia a medida, c\u00f3moda e inolvidable.<\/p>","protected":false},"excerpt":{"rendered":"<p data-start=\"395\" data-end=\"706\" class=\" translation-block\">Sal desde Bari y vive una experiencia inolvidable: tiempo libre para explorar <strong data-start=\"474\" data-end=\"494\">Polignano a Mare<\/strong> y un <strong data-start=\"500\" data-end=\"545\">tour en barco por las famosas cuevas marinas<\/strong>.<br data-start=\"546\" data-end=\"549\">Una excursi\u00f3n perfecta para quienes desean descubrir el pueblo y admirar la costa desde el mar, con <strong data-start=\"638\" data-end=\"662\">traslado de ida y vuelta incluido<\/strong> y toda la comodidad garantizada por <strong data-start=\"691\" data-end=\"705\">Pugliamare<\/strong>.<\/p>","protected":false},"featured_media":10661,"template":"","meta":{"_acf_changed":false,"inline_featured_image":false},"product_cat":[296,364],"product_tag":[290],"acf":[],"yoast_head":"<!-- This site is optimized with the Yoast SEO Premium plugin v22.8 (Yoast SEO v22.8) - https:\/\/yoast.com\/wordpress\/plugins\/seo\/ -->\n<title>Tour in barca e Visita libera di Polignano a Mare - partenza da Bari | Pugliamare<\/title>\n<meta name=\"description\" content=\"Parti da Bari, visita Polignano a Mare e naviga tra le sue grotte. Transfer incluso, mare cristallino e tempo libero. Prenota con Pugliamare!\" \/>\n<meta name=\"robots\" content=\"index, follow, max-snippet:-1, max-image-preview:large, max-video-preview:-1\" \/>\n<link rel=\"canonical\" href=\"https:\/\/pugliamare.it\/es\/esperienze\/da-bari-tempo-libero-e-tour-in-barca-alle-grotte-marine-di-polignano-a-mare\/\" \/>\n<meta property=\"og:locale\" content=\"es_ES\" \/>\n<meta property=\"og:type\" content=\"article\" \/>\n<meta property=\"og:title\" content=\"Tour in barca tra le grotte e visita libera di Polignano a Mare - da Bari\" \/>\n<meta property=\"og:description\" content=\"Parti da Bari, visita Polignano a Mare e naviga tra le sue grotte. Transfer incluso, mare cristallino e tempo libero. Prenota con Pugliamare!\" \/>\n<meta property=\"og:url\" content=\"https:\/\/pugliamare.it\/es\/esperienze\/da-bari-tempo-libero-e-tour-in-barca-alle-grotte-marine-di-polignano-a-mare\/\" \/>\n<meta property=\"og:site_name\" content=\"Pugliamare\" \/>\n<meta property=\"article:publisher\" content=\"https:\/\/www.facebook.com\/pugliamarexperience\" \/>\n<meta property=\"article:modified_time\" content=\"2026-01-24T14:21:16+00:00\" \/>\n<meta property=\"og:image\" content=\"https:\/\/pugliamare.it\/wp-content\/uploads\/2021\/08\/cliff-tour-5.jpeg\" \/>\n\t<meta property=\"og:image:width\" content=\"1600\" \/>\n\t<meta property=\"og:image:height\" content=\"1200\" \/>\n\t<meta property=\"og:image:type\" content=\"image\/jpeg\" \/>\n<meta name=\"twitter:card\" content=\"summary_large_image\" \/>\n<script type=\"application\/ld+json\" class=\"yoast-schema-graph\">{\"@context\":\"https:\/\/schema.org\",\"@graph\":[{\"@type\":\"WebPage\",\"@id\":\"https:\/\/pugliamare.it\/esperienze\/da-bari-tempo-libero-e-tour-in-barca-alle-grotte-marine-di-polignano-a-mare\/\",\"url\":\"https:\/\/pugliamare.it\/esperienze\/da-bari-tempo-libero-e-tour-in-barca-alle-grotte-marine-di-polignano-a-mare\/\",\"name\":\"Tour in barca e Visita libera di Polignano a Mare - partenza da Bari | Pugliamare\",\"isPartOf\":{\"@id\":\"https:\/\/pugliamare.it\/en\/#website\"},\"primaryImageOfPage\":{\"@id\":\"https:\/\/pugliamare.it\/esperienze\/da-bari-tempo-libero-e-tour-in-barca-alle-grotte-marine-di-polignano-a-mare\/#primaryimage\"},\"image\":{\"@id\":\"https:\/\/pugliamare.it\/esperienze\/da-bari-tempo-libero-e-tour-in-barca-alle-grotte-marine-di-polignano-a-mare\/#primaryimage\"},\"thumbnailUrl\":\"https:\/\/pugliamare.it\/wp-content\/uploads\/2021\/08\/cliff-tour-5.jpeg\",\"datePublished\":\"2025-04-23T15:03:58+00:00\",\"dateModified\":\"2026-01-24T14:21:16+00:00\",\"description\":\"Parti da Bari, visita Polignano a Mare e naviga tra le sue grotte. Transfer incluso, mare cristallino e tempo libero. Prenota con Pugliamare!\",\"breadcrumb\":{\"@id\":\"https:\/\/pugliamare.it\/esperienze\/da-bari-tempo-libero-e-tour-in-barca-alle-grotte-marine-di-polignano-a-mare\/#breadcrumb\"},\"inLanguage\":\"es\",\"potentialAction\":[{\"@type\":\"ReadAction\",\"target\":[\"https:\/\/pugliamare.it\/esperienze\/da-bari-tempo-libero-e-tour-in-barca-alle-grotte-marine-di-polignano-a-mare\/\"]}]},{\"@type\":\"ImageObject\",\"inLanguage\":\"es\",\"@id\":\"https:\/\/pugliamare.it\/esperienze\/da-bari-tempo-libero-e-tour-in-barca-alle-grotte-marine-di-polignano-a-mare\/#primaryimage\",\"url\":\"https:\/\/pugliamare.it\/wp-content\/uploads\/2021\/08\/cliff-tour-5.jpeg\",\"contentUrl\":\"https:\/\/pugliamare.it\/wp-content\/uploads\/2021\/08\/cliff-tour-5.jpeg\",\"width\":1600,\"height\":1200,\"caption\":\"Grotte fantastiche durante il tour in barca\"},{\"@type\":\"BreadcrumbList\",\"@id\":\"https:\/\/pugliamare.it\/esperienze\/da-bari-tempo-libero-e-tour-in-barca-alle-grotte-marine-di-polignano-a-mare\/#breadcrumb\",\"itemListElement\":[{\"@type\":\"ListItem\",\"position\":1,\"name\":\"Home\",\"item\":\"https:\/\/pugliamare.it\/\"},{\"@type\":\"ListItem\",\"position\":2,\"name\":\"Tour in barca tra le grotte e visita libera di Polignano a Mare &#8211; da Bari\"}]},{\"@type\":\"WebSite\",\"@id\":\"https:\/\/pugliamare.it\/en\/#website\",\"url\":\"https:\/\/pugliamare.it\/en\/\",\"name\":\"Pugliamare\",\"description\":\"Esperienze, Soggiorni e Tour personalizzati in Puglia\",\"publisher\":{\"@id\":\"https:\/\/pugliamare.it\/en\/#organization\"},\"potentialAction\":[{\"@type\":\"SearchAction\",\"target\":{\"@type\":\"EntryPoint\",\"urlTemplate\":\"https:\/\/pugliamare.it\/en\/?s={search_term_string}\"},\"query-input\":\"required name=search_term_string\"}],\"inLanguage\":\"es\"},{\"@type\":\"Organization\",\"@id\":\"https:\/\/pugliamare.it\/en\/#organization\",\"name\":\"Pugliamare srl\",\"url\":\"https:\/\/pugliamare.it\/en\/\",\"logo\":{\"@type\":\"ImageObject\",\"inLanguage\":\"es\",\"@id\":\"https:\/\/pugliamare.it\/en\/#\/schema\/logo\/image\/\",\"url\":\"https:\/\/pugliamare.it\/wp-content\/uploads\/2021\/04\/cropped-cropped-Risorsa-2.png\",\"contentUrl\":\"https:\/\/pugliamare.it\/wp-content\/uploads\/2021\/04\/cropped-cropped-Risorsa-2.png\",\"width\":374,\"height\":117,\"caption\":\"Pugliamare srl\"},\"image\":{\"@id\":\"https:\/\/pugliamare.it\/en\/#\/schema\/logo\/image\/\"},\"sameAs\":[\"https:\/\/www.facebook.com\/pugliamarexperience\",\"https:\/\/www.instagram.com\/pugliamare\/\"]}]}<\/script>\n<!-- \/ Yoast SEO Premium plugin. -->","yoast_head_json":{"title":"Tour in barca e Visita libera di Polignano a Mare - partenza da Bari | Pugliamare","description":"Parti da Bari, visita Polignano a Mare e naviga tra le sue grotte. Transfer incluso, mare cristallino e tempo libero. Prenota con Pugliamare!","robots":{"index":"index","follow":"follow","max-snippet":"max-snippet:-1","max-image-preview":"max-image-preview:large","max-video-preview":"max-video-preview:-1"},"canonical":"https:\/\/pugliamare.it\/es\/esperienze\/da-bari-tempo-libero-e-tour-in-barca-alle-grotte-marine-di-polignano-a-mare\/","og_locale":"es_ES","og_type":"article","og_title":"Tour in barca tra le grotte e visita libera di Polignano a Mare - da Bari","og_description":"Parti da Bari, visita Polignano a Mare e naviga tra le sue grotte. Transfer incluso, mare cristallino e tempo libero. Prenota con Pugliamare!","og_url":"https:\/\/pugliamare.it\/es\/esperienze\/da-bari-tempo-libero-e-tour-in-barca-alle-grotte-marine-di-polignano-a-mare\/","og_site_name":"Pugliamare","article_publisher":"https:\/\/www.facebook.com\/pugliamarexperience","article_modified_time":"2026-01-24T14:21:16+00:00","og_image":[{"width":1600,"height":1200,"url":"https:\/\/pugliamare.it\/wp-content\/uploads\/2021\/08\/cliff-tour-5.jpeg","type":"image\/jpeg"}],"twitter_card":"summary_large_image","schema":{"@context":"https:\/\/schema.org","@graph":[{"@type":"WebPage","@id":"https:\/\/pugliamare.it\/esperienze\/da-bari-tempo-libero-e-tour-in-barca-alle-grotte-marine-di-polignano-a-mare\/","url":"https:\/\/pugliamare.it\/esperienze\/da-bari-tempo-libero-e-tour-in-barca-alle-grotte-marine-di-polignano-a-mare\/","name":"Tour in barca e Visita libera di Polignano a Mare - partenza da Bari | Pugliamare","isPartOf":{"@id":"https:\/\/pugliamare.it\/en\/#website"},"primaryImageOfPage":{"@id":"https:\/\/pugliamare.it\/esperienze\/da-bari-tempo-libero-e-tour-in-barca-alle-grotte-marine-di-polignano-a-mare\/#primaryimage"},"image":{"@id":"https:\/\/pugliamare.it\/esperienze\/da-bari-tempo-libero-e-tour-in-barca-alle-grotte-marine-di-polignano-a-mare\/#primaryimage"},"thumbnailUrl":"https:\/\/pugliamare.it\/wp-content\/uploads\/2021\/08\/cliff-tour-5.jpeg","datePublished":"2025-04-23T15:03:58+00:00","dateModified":"2026-01-24T14:21:16+00:00","description":"Parti da Bari, visita Polignano a Mare e naviga tra le sue grotte. Transfer incluso, mare cristallino e tempo libero. Prenota con Pugliamare!","breadcrumb":{"@id":"https:\/\/pugliamare.it\/esperienze\/da-bari-tempo-libero-e-tour-in-barca-alle-grotte-marine-di-polignano-a-mare\/#breadcrumb"},"inLanguage":"es","potentialAction":[{"@type":"ReadAction","target":["https:\/\/pugliamare.it\/esperienze\/da-bari-tempo-libero-e-tour-in-barca-alle-grotte-marine-di-polignano-a-mare\/"]}]},{"@type":"ImageObject","inLanguage":"es","@id":"https:\/\/pugliamare.it\/esperienze\/da-bari-tempo-libero-e-tour-in-barca-alle-grotte-marine-di-polignano-a-mare\/#primaryimage","url":"https:\/\/pugliamare.it\/wp-content\/uploads\/2021\/08\/cliff-tour-5.jpeg","contentUrl":"https:\/\/pugliamare.it\/wp-content\/uploads\/2021\/08\/cliff-tour-5.jpeg","width":1600,"height":1200,"caption":"Grotte fantastiche durante il tour in barca"},{"@type":"BreadcrumbList","@id":"https:\/\/pugliamare.it\/esperienze\/da-bari-tempo-libero-e-tour-in-barca-alle-grotte-marine-di-polignano-a-mare\/#breadcrumb","itemListElement":[{"@type":"ListItem","position":1,"name":"Home","item":"https:\/\/pugliamare.it\/"},{"@type":"ListItem","position":2,"name":"Tour in barca tra le grotte e visita libera di Polignano a Mare &#8211; da Bari"}]},{"@type":"WebSite","@id":"https:\/\/pugliamare.it\/en\/#website","url":"https:\/\/pugliamare.it\/en\/","name":"Pugliamare","description":"Esperienze, Soggiorni e Tour personalizzati in Puglia","publisher":{"@id":"https:\/\/pugliamare.it\/en\/#organization"},"potentialAction":[{"@type":"SearchAction","target":{"@type":"EntryPoint","urlTemplate":"https:\/\/pugliamare.it\/en\/?s={search_term_string}"},"query-input":"required name=search_term_string"}],"inLanguage":"es"},{"@type":"Organization","@id":"https:\/\/pugliamare.it\/en\/#organization","name":"Pugliamare srl","url":"https:\/\/pugliamare.it\/en\/","logo":{"@type":"ImageObject","inLanguage":"es","@id":"https:\/\/pugliamare.it\/en\/#\/schema\/logo\/image\/","url":"https:\/\/pugliamare.it\/wp-content\/uploads\/2021\/04\/cropped-cropped-Risorsa-2.png","contentUrl":"https:\/\/pugliamare.it\/wp-content\/uploads\/2021\/04\/cropped-cropped-Risorsa-2.png","width":374,"height":117,"caption":"Pugliamare srl"},"image":{"@id":"https:\/\/pugliamare.it\/en\/#\/schema\/logo\/image\/"},"sameAs":["https:\/\/www.facebook.com\/pugliamarexperience","https:\/\/www.instagram.com\/pugliamare\/"]}]}},"_links":{"self":[{"href":"https:\/\/pugliamare.it\/es\/wp-json\/wp\/v2\/product\/31043"}],"collection":[{"href":"https:\/\/pugliamare.it\/es\/wp-json\/wp\/v2\/product"}],"about":[{"href":"https:\/\/pugliamare.it\/es\/wp-json\/wp\/v2\/types\/product"}],"version-history":[{"count":9,"href":"https:\/\/pugliamare.it\/es\/wp-json\/wp\/v2\/product\/31043\/revisions"}],"predecessor-version":[{"id":31069,"href":"https:\/\/pugliamare.it\/es\/wp-json\/wp\/v2\/product\/31043\/revisions\/31069"}],"wp:featuredmedia":[{"embeddable":true,"href":"https:\/\/pugliamare.it\/es\/wp-json\/wp\/v2\/media\/10661"}],"wp:attachment":[{"href":"https:\/\/pugliamare.it\/es\/wp-json\/wp\/v2\/media?parent=31043"}],"wp:term":[{"taxonomy":"product_cat","embeddable":true,"href":"https:\/\/pugliamare.it\/es\/wp-json\/wp\/v2\/product_cat?post=31043"},{"taxonomy":"product_tag","embeddable":true,"href":"https:\/\/pugliamare.it\/es\/wp-json\/wp\/v2\/product_tag?post=31043"}],"curies":[{"name":"wp","href":"https:\/\/api.w.org\/{rel}","templated":true}]}}