{"id":32025,"date":"2025-06-06T11:52:17","date_gmt":"2025-06-06T09:52:17","guid":{"rendered":"https:\/\/pugliamare.it\/?post_type=product&#038;p=32025"},"modified":"2025-07-11T11:02:14","modified_gmt":"2025-07-11T09:02:14","slug":"impara-a-fare-le-orecchiette-a-polignano","status":"publish","type":"product","link":"https:\/\/pugliamare.it\/es\/esperienze\/impara-a-fare-le-orecchiette-a-polignano\/","title":{"rendered":"Clase de elaboraci\u00f3n de orecchiette con aperitivo en Polignano \u2013 Pugliamare x Inchiostro di Puglia"},"content":{"rendered":"<h3 data-start=\"423\" data-end=\"503\"><strong>Clase de elaboraci\u00f3n de pasta Orecchiette en Polignano \u2013 Pugliamare x Inchiostro di Puglia<\/strong><\/h3>\n<p data-start=\"1362\" data-end=\"1743\" class=\" translation-block\">Descubre el sabor aut\u00e9ntico de Puglia con una <strong data-start=\"1409\" data-end=\"1454\">clase de elaboraci\u00f3n de orecchiette en Polignano a Mare<\/strong>, entre callejuelas blancas y casas de piedra del casco hist\u00f3rico.<br data-start=\"1524\" data-end=\"1527\">En una vivienda t\u00edpica local, participar\u00e1s en una <strong data-start=\"1582\" data-end=\"1622\">clase de cocina pr\u00e1ctica y divertida<\/strong>, donde aprender\u00e1s a preparar las tradicionales <strong data-start=\"1668\" data-end=\"1692\">orecchiette pugliesi<\/strong>, s\u00edmbolo indiscutible de nuestra cocina regional.<\/p>\n<p data-start=\"1745\" data-end=\"2051\" class=\" translation-block\">Te guiar\u00e1n en esta experiencia <strong data-start=\"1785\" data-end=\"1805\">cocineras locales<\/strong> que, con pasi\u00f3n y sencillez, te revelar\u00e1n los trucos transmitidos de generaci\u00f3n en generaci\u00f3n.<br data-start=\"1888\" data-end=\"1891\">La actividad est\u00e1 pensada para quienes buscan un contacto aut\u00e9ntico con la cultura local: manos en la masa, ingredientes genuinos y relatos que se comparten entre gesto y gesto.<\/p>\n<h4 data-start=\"505\" data-end=\"520\"><strong>\ud83d\udccdD\u00f3nde:<\/strong><\/h4>\n<p data-start=\"521\" data-end=\"586\" class=\" translation-block\">Centro hist\u00f3rico de <a href=\"https:\/\/pugliamare.it\/destinazioni\/polignano-a-mare\/\" target=\"_self\"><strong data-start=\"539\" data-end=\"559\">Polignano a Mare<\/strong><\/a>, en una casa t\u00edpica local<\/p>\n<h4 data-start=\"588\" data-end=\"604\"><strong>\u23f0 Duraci\u00f3n:<\/strong><\/h4>\n<p data-start=\"605\" data-end=\"620\" class=\" translation-block\">Aproximadamente <strong data-start=\"611\" data-end=\"620\">2 horas<\/strong><\/p>\n<h4 data-start=\"622\" data-end=\"644\"><strong>\ud83d\udc68\u200d\ud83c\udfeb Qu\u00e9 har\u00e1s?<\/strong><\/h4>\n<ul data-start=\"645\" data-end=\"860\">\n<li data-start=\"645\" data-end=\"704\">\n<p data-start=\"647\" data-end=\"704\" class=\" translation-block\">Aprender\u00e1s a hacer <strong data-start=\"667\" data-end=\"704\">orecchiette pugliesi hechas a mano<\/strong><\/p>\n<\/li>\n<li data-start=\"705\" data-end=\"768\">\n<p data-start=\"707\" data-end=\"768\" class=\" translation-block\">Descubrir\u00e1s <strong data-start=\"717\" data-end=\"742\">t\u00e9cnicas tradicionales<\/strong> transmitidas de generaci\u00f3n en generaci\u00f3n<\/p>\n<\/li>\n<li data-start=\"769\" data-end=\"813\">\n<p data-start=\"771\" data-end=\"813\" class=\" translation-block\">Ser\u00e1s guiado por <strong data-start=\"788\" data-end=\"813\">cocineras locales expertas<\/strong><\/p>\n<\/li>\n<li data-start=\"814\" data-end=\"860\">\n<p data-start=\"816\" data-end=\"860\" class=\" translation-block\">Utilizar\u00e1s <strong data-start=\"823\" data-end=\"860\">ingredientes frescos y de temporada<\/strong><\/p>\n<\/li>\n<\/ul>\n<h4 data-start=\"862\" data-end=\"885\">\ud83c\udf77<strong> Qu\u00e9 incluye:<\/strong><\/h4>\n<ul data-start=\"886\" data-end=\"1039\">\n<li data-start=\"886\" data-end=\"905\">\n<p data-start=\"888\" data-end=\"905\">Lecci\u00f3n de cocina<\/p>\n<\/li>\n<li data-start=\"906\" data-end=\"983\">\n<p data-start=\"908\" data-end=\"983\" class=\" translation-block\"><strong data-start=\"908\" data-end=\"928\">Aperitivo final<\/strong> con focaccia pugliesa, taralli, verduras frescas y vino<\/p>\n<\/li>\n<li data-start=\"984\" data-end=\"1039\">\n<p data-start=\"986\" data-end=\"1039\" class=\" translation-block\"><strong data-start=\"986\" data-end=\"1010\">Delantal de regalo<\/strong> firmado por <strong><a href=\"https:\/\/www.inchiostrodipuglia.it\/\" target=\"_self\">Inchiostro di Puglia<\/a><\/strong><\/p>\n<\/li>\n<\/ul>\n<h4 data-start=\"1041\" data-end=\"1058\">\ud83d\ude90<strong> Servicio de traslado:<\/strong><\/h4>\n<p data-start=\"1059\" data-end=\"1119\" class=\" translation-block\"><strong data-start=\"1059\" data-end=\"1075\">Bajo solicitud<\/strong>, servicio de traslado desde Bari y localidades cercanas<\/p>\n<h3 data-start=\"2058\" data-end=\"2097\"><strong>\ud83e\udd42 Tradici\u00f3n, sabor y convivencia<\/strong><\/h3>\n<p data-start=\"2099\" data-end=\"2390\" class=\" translation-block\">Al finalizar la clase, podr\u00e1s relajarte y disfrutar de un rico <strong data-start=\"2162\" data-end=\"2205\">aperitivo a base de especialidades pugliesas<\/strong>: focaccia fragante, taralli crujientes, verduras frescas de temporada y una buena copa de vino local.<br data-start=\"2309\" data-end=\"2312\">Un momento de convivencia perfecto para cerrar la actividad con sabor y alegr\u00eda.<\/p>\n<p data-start=\"2392\" data-end=\"2548\" class=\" translation-block\">Adem\u00e1s, recibir\u00e1s de <strong data-start=\"2413\" data-end=\"2447\">regalo un delantal exclusivo<\/strong> firmado por <strong data-start=\"2456\" data-end=\"2480\">Inchiostro di Puglia<\/strong>: un recuerdo pr\u00e1ctico y simb\u00f3lico, perfecto para llevar contigo a casa.<\/p>\n<h3 data-start=\"2555\" data-end=\"2597\"><strong>\u2728 Quieres vivir Puglia a\u00fan m\u00e1s?<\/strong><\/h3>\n<p data-start=\"2599\" data-end=\"3210\" class=\" translation-block\">Despu\u00e9s de descubrir los secretos de la cocina local, \u00bfpor qu\u00e9 no seguir explorando?<br data-start=\"2683\" data-end=\"2686\">Puedes subirte a bordo para un<strong><a href=\"https:\/\/pugliamare.it\/esperienze\/tour-in-barca-delle-grotte-di-polignano-a-mare-con-aperitivo-b\/\" target=\"_self\"> tour en barco por Polignano<\/a><\/strong>, descubriendo sus famosas cuevas y el mar cristalino, o d\u00e9jate maravillar por los tesoros patrimonio de la Unesco de nuestra tierra con nuestro<strong><a href=\"https:\/\/pugliamare.it\/esperienze\/tour-unesco-matera-e-alberobello-da-bari\/\" target=\"_self\"> Tour Unesco<\/a><\/strong> por Alberobello y Matera.<\/p>\n<h3 data-start=\"3217\" data-end=\"3278\"><strong>\ud83d\udcde Cont\u00e1ctanos para informaci\u00f3n o solicitudes personalizadas<\/strong><\/h3>\n<p data-start=\"3280\" data-end=\"3597\" class=\" translation-block\">Tienes preguntas, necesidades alimentarias especiales o quieres organizar un evento privado? <a href=\"https:\/\/api.whatsapp.com\/send?phone=393668959532\" target=\"_self\">Cont\u00e1ctanos<\/a>, estamos completamente a tu disposici\u00f3n para crear una experiencia a medida.<br data-start=\"3434\" data-end=\"3437\">El equipo de <strong data-start=\"3448\" data-end=\"3462\">Pugliamare<\/strong> y la voz aut\u00e9ntica de <strong data-start=\"3486\" data-end=\"3510\">Inchiostro di Puglia<\/strong> est\u00e1n listos para recibirte con el coraz\u00f3n, la tradici\u00f3n\u2026 y un poco de harina en las manos.<\/p>\n<p data-start=\"3666\" data-end=\"3933\" class=\" translation-block\">Aprende, degusta, escucha y divi\u00e9rtete. Ll\u00e9vate a casa un sabor aut\u00e9ntico de Puglia para revivirlo cada vez en tu cocina.<br data-start=\"3794\" data-end=\"3797\">Reserva hoy tu <strong data-start=\"3817\" data-end=\"3876\">clase de elaboraci\u00f3n de orecchiette con aperitivo en Polignano a Mare<\/strong> y d\u00e9jate conquistar por una experiencia inolvidable.<\/p>","protected":false},"excerpt":{"rendered":"<p class=\" translation-block\">Vive una experiencia aut\u00e9ntica en el coraz\u00f3n de Puglia con una <strong data-start=\"869\" data-end=\"914\">clase de elaboraci\u00f3n de orecchiette en Polignano a Mare<\/strong>, de la mano de cocineras locales y el relato po\u00e9tico de Inchiostro di Puglia.<br data-start=\"993\" data-end=\"996\">Aprende a preparar a mano las verdaderas orecchiette pugliesi, descubre los secretos de la tradici\u00f3n y rel\u00e1jate con un sabroso aperitivo a base de productos locales y vino de Puglia.<\/p>","protected":false},"featured_media":24288,"template":"","meta":{"_acf_changed":false,"inline_featured_image":false},"product_cat":[412],"product_tag":[290],"acf":[],"yoast_head":"<!-- This site is optimized with the Yoast SEO Premium plugin v22.8 (Yoast SEO v22.8) - https:\/\/yoast.com\/wordpress\/plugins\/seo\/ -->\n<title>Cooking class di orecchiette a Polignano \u2013 con Inchiostro di Puglia | Pugliamare<\/title>\n<meta name=\"description\" content=\"Lezione di orecchiette pasta fresca a Polignano a Mare in collaborazione con Inchiostro di Puglia. Impara a preparare la pasta pugliese.\" \/>\n<meta name=\"robots\" content=\"index, follow, max-snippet:-1, max-image-preview:large, max-video-preview:-1\" \/>\n<link rel=\"canonical\" href=\"https:\/\/pugliamare.it\/es\/esperienze\/impara-a-fare-le-orecchiette-a-polignano\/\" \/>\n<meta property=\"og:locale\" content=\"es_ES\" \/>\n<meta property=\"og:type\" content=\"article\" \/>\n<meta property=\"og:title\" content=\"Lezione di orecchiette con aperitivo a Polignano \u2013 Pugliamare x Inchiostro di Puglia\" \/>\n<meta property=\"og:description\" content=\"Lezione di orecchiette pasta fresca a Polignano a Mare in collaborazione con Inchiostro di Puglia. Impara a preparare la pasta pugliese.\" \/>\n<meta property=\"og:url\" content=\"https:\/\/pugliamare.it\/es\/esperienze\/impara-a-fare-le-orecchiette-a-polignano\/\" \/>\n<meta property=\"og:site_name\" content=\"Pugliamare\" \/>\n<meta property=\"article:publisher\" content=\"https:\/\/www.facebook.com\/pugliamarexperience\" \/>\n<meta property=\"article:modified_time\" content=\"2025-07-11T09:02:14+00:00\" \/>\n<meta property=\"og:image\" content=\"https:\/\/pugliamare.it\/wp-content\/uploads\/2024\/03\/Pugliamare_Cooking-Class_4-scaled.jpg\" \/>\n\t<meta property=\"og:image:width\" content=\"2048\" \/>\n\t<meta property=\"og:image:height\" content=\"2560\" \/>\n\t<meta property=\"og:image:type\" content=\"image\/jpeg\" \/>\n<meta name=\"twitter:card\" content=\"summary_large_image\" \/>\n<script type=\"application\/ld+json\" class=\"yoast-schema-graph\">{\"@context\":\"https:\/\/schema.org\",\"@graph\":[{\"@type\":\"WebPage\",\"@id\":\"https:\/\/pugliamare.it\/esperienze\/impara-a-fare-le-orecchiette-a-polignano\/\",\"url\":\"https:\/\/pugliamare.it\/esperienze\/impara-a-fare-le-orecchiette-a-polignano\/\",\"name\":\"Cooking class di orecchiette a Polignano \u2013 con Inchiostro di Puglia | Pugliamare\",\"isPartOf\":{\"@id\":\"https:\/\/pugliamare.it\/en\/#website\"},\"primaryImageOfPage\":{\"@id\":\"https:\/\/pugliamare.it\/esperienze\/impara-a-fare-le-orecchiette-a-polignano\/#primaryimage\"},\"image\":{\"@id\":\"https:\/\/pugliamare.it\/esperienze\/impara-a-fare-le-orecchiette-a-polignano\/#primaryimage\"},\"thumbnailUrl\":\"https:\/\/pugliamare.it\/wp-content\/uploads\/2024\/03\/Pugliamare_Cooking-Class_4-scaled.jpg\",\"datePublished\":\"2025-06-06T09:52:17+00:00\",\"dateModified\":\"2025-07-11T09:02:14+00:00\",\"description\":\"Lezione di orecchiette pasta fresca a Polignano a Mare in collaborazione con Inchiostro di Puglia. Impara a preparare la pasta pugliese.\",\"breadcrumb\":{\"@id\":\"https:\/\/pugliamare.it\/esperienze\/impara-a-fare-le-orecchiette-a-polignano\/#breadcrumb\"},\"inLanguage\":\"es\",\"potentialAction\":[{\"@type\":\"ReadAction\",\"target\":[\"https:\/\/pugliamare.it\/esperienze\/impara-a-fare-le-orecchiette-a-polignano\/\"]}]},{\"@type\":\"ImageObject\",\"inLanguage\":\"es\",\"@id\":\"https:\/\/pugliamare.it\/esperienze\/impara-a-fare-le-orecchiette-a-polignano\/#primaryimage\",\"url\":\"https:\/\/pugliamare.it\/wp-content\/uploads\/2024\/03\/Pugliamare_Cooking-Class_4-scaled.jpg\",\"contentUrl\":\"https:\/\/pugliamare.it\/wp-content\/uploads\/2024\/03\/Pugliamare_Cooking-Class_4-scaled.jpg\",\"width\":2048,\"height\":2560,\"caption\":\"Impara a fare le orecchiette nella nostra lezione di cucina pugliese\"},{\"@type\":\"BreadcrumbList\",\"@id\":\"https:\/\/pugliamare.it\/esperienze\/impara-a-fare-le-orecchiette-a-polignano\/#breadcrumb\",\"itemListElement\":[{\"@type\":\"ListItem\",\"position\":1,\"name\":\"Home\",\"item\":\"https:\/\/pugliamare.it\/\"},{\"@type\":\"ListItem\",\"position\":2,\"name\":\"Lezione di orecchiette con aperitivo a Polignano \u2013 Pugliamare x Inchiostro di Puglia\"}]},{\"@type\":\"WebSite\",\"@id\":\"https:\/\/pugliamare.it\/en\/#website\",\"url\":\"https:\/\/pugliamare.it\/en\/\",\"name\":\"Pugliamare\",\"description\":\"Esperienze, Soggiorni e Tour personalizzati in Puglia\",\"publisher\":{\"@id\":\"https:\/\/pugliamare.it\/en\/#organization\"},\"potentialAction\":[{\"@type\":\"SearchAction\",\"target\":{\"@type\":\"EntryPoint\",\"urlTemplate\":\"https:\/\/pugliamare.it\/en\/?s={search_term_string}\"},\"query-input\":\"required name=search_term_string\"}],\"inLanguage\":\"es\"},{\"@type\":\"Organization\",\"@id\":\"https:\/\/pugliamare.it\/en\/#organization\",\"name\":\"Pugliamare srl\",\"url\":\"https:\/\/pugliamare.it\/en\/\",\"logo\":{\"@type\":\"ImageObject\",\"inLanguage\":\"es\",\"@id\":\"https:\/\/pugliamare.it\/en\/#\/schema\/logo\/image\/\",\"url\":\"https:\/\/pugliamare.it\/wp-content\/uploads\/2021\/04\/cropped-cropped-Risorsa-2.png\",\"contentUrl\":\"https:\/\/pugliamare.it\/wp-content\/uploads\/2021\/04\/cropped-cropped-Risorsa-2.png\",\"width\":374,\"height\":117,\"caption\":\"Pugliamare srl\"},\"image\":{\"@id\":\"https:\/\/pugliamare.it\/en\/#\/schema\/logo\/image\/\"},\"sameAs\":[\"https:\/\/www.facebook.com\/pugliamarexperience\",\"https:\/\/www.instagram.com\/pugliamare\/\"]}]}<\/script>\n<!-- \/ Yoast SEO Premium plugin. -->","yoast_head_json":{"title":"Cooking class di orecchiette a Polignano \u2013 con Inchiostro di Puglia | Pugliamare","description":"Lezione di orecchiette pasta fresca a Polignano a Mare in collaborazione con Inchiostro di Puglia. Impara a preparare la pasta pugliese.","robots":{"index":"index","follow":"follow","max-snippet":"max-snippet:-1","max-image-preview":"max-image-preview:large","max-video-preview":"max-video-preview:-1"},"canonical":"https:\/\/pugliamare.it\/es\/esperienze\/impara-a-fare-le-orecchiette-a-polignano\/","og_locale":"es_ES","og_type":"article","og_title":"Lezione di orecchiette con aperitivo a Polignano \u2013 Pugliamare x Inchiostro di Puglia","og_description":"Lezione di orecchiette pasta fresca a Polignano a Mare in collaborazione con Inchiostro di Puglia. Impara a preparare la pasta pugliese.","og_url":"https:\/\/pugliamare.it\/es\/esperienze\/impara-a-fare-le-orecchiette-a-polignano\/","og_site_name":"Pugliamare","article_publisher":"https:\/\/www.facebook.com\/pugliamarexperience","article_modified_time":"2025-07-11T09:02:14+00:00","og_image":[{"width":2048,"height":2560,"url":"https:\/\/pugliamare.it\/wp-content\/uploads\/2024\/03\/Pugliamare_Cooking-Class_4-scaled.jpg","type":"image\/jpeg"}],"twitter_card":"summary_large_image","schema":{"@context":"https:\/\/schema.org","@graph":[{"@type":"WebPage","@id":"https:\/\/pugliamare.it\/esperienze\/impara-a-fare-le-orecchiette-a-polignano\/","url":"https:\/\/pugliamare.it\/esperienze\/impara-a-fare-le-orecchiette-a-polignano\/","name":"Cooking class di orecchiette a Polignano \u2013 con Inchiostro di Puglia | Pugliamare","isPartOf":{"@id":"https:\/\/pugliamare.it\/en\/#website"},"primaryImageOfPage":{"@id":"https:\/\/pugliamare.it\/esperienze\/impara-a-fare-le-orecchiette-a-polignano\/#primaryimage"},"image":{"@id":"https:\/\/pugliamare.it\/esperienze\/impara-a-fare-le-orecchiette-a-polignano\/#primaryimage"},"thumbnailUrl":"https:\/\/pugliamare.it\/wp-content\/uploads\/2024\/03\/Pugliamare_Cooking-Class_4-scaled.jpg","datePublished":"2025-06-06T09:52:17+00:00","dateModified":"2025-07-11T09:02:14+00:00","description":"Lezione di orecchiette pasta fresca a Polignano a Mare in collaborazione con Inchiostro di Puglia. Impara a preparare la pasta pugliese.","breadcrumb":{"@id":"https:\/\/pugliamare.it\/esperienze\/impara-a-fare-le-orecchiette-a-polignano\/#breadcrumb"},"inLanguage":"es","potentialAction":[{"@type":"ReadAction","target":["https:\/\/pugliamare.it\/esperienze\/impara-a-fare-le-orecchiette-a-polignano\/"]}]},{"@type":"ImageObject","inLanguage":"es","@id":"https:\/\/pugliamare.it\/esperienze\/impara-a-fare-le-orecchiette-a-polignano\/#primaryimage","url":"https:\/\/pugliamare.it\/wp-content\/uploads\/2024\/03\/Pugliamare_Cooking-Class_4-scaled.jpg","contentUrl":"https:\/\/pugliamare.it\/wp-content\/uploads\/2024\/03\/Pugliamare_Cooking-Class_4-scaled.jpg","width":2048,"height":2560,"caption":"Impara a fare le orecchiette nella nostra lezione di cucina pugliese"},{"@type":"BreadcrumbList","@id":"https:\/\/pugliamare.it\/esperienze\/impara-a-fare-le-orecchiette-a-polignano\/#breadcrumb","itemListElement":[{"@type":"ListItem","position":1,"name":"Home","item":"https:\/\/pugliamare.it\/"},{"@type":"ListItem","position":2,"name":"Lezione di orecchiette con aperitivo a Polignano \u2013 Pugliamare x Inchiostro di Puglia"}]},{"@type":"WebSite","@id":"https:\/\/pugliamare.it\/en\/#website","url":"https:\/\/pugliamare.it\/en\/","name":"Pugliamare","description":"Esperienze, Soggiorni e Tour personalizzati in Puglia","publisher":{"@id":"https:\/\/pugliamare.it\/en\/#organization"},"potentialAction":[{"@type":"SearchAction","target":{"@type":"EntryPoint","urlTemplate":"https:\/\/pugliamare.it\/en\/?s={search_term_string}"},"query-input":"required name=search_term_string"}],"inLanguage":"es"},{"@type":"Organization","@id":"https:\/\/pugliamare.it\/en\/#organization","name":"Pugliamare srl","url":"https:\/\/pugliamare.it\/en\/","logo":{"@type":"ImageObject","inLanguage":"es","@id":"https:\/\/pugliamare.it\/en\/#\/schema\/logo\/image\/","url":"https:\/\/pugliamare.it\/wp-content\/uploads\/2021\/04\/cropped-cropped-Risorsa-2.png","contentUrl":"https:\/\/pugliamare.it\/wp-content\/uploads\/2021\/04\/cropped-cropped-Risorsa-2.png","width":374,"height":117,"caption":"Pugliamare srl"},"image":{"@id":"https:\/\/pugliamare.it\/en\/#\/schema\/logo\/image\/"},"sameAs":["https:\/\/www.facebook.com\/pugliamarexperience","https:\/\/www.instagram.com\/pugliamare\/"]}]}},"_links":{"self":[{"href":"https:\/\/pugliamare.it\/es\/wp-json\/wp\/v2\/product\/32025"}],"collection":[{"href":"https:\/\/pugliamare.it\/es\/wp-json\/wp\/v2\/product"}],"about":[{"href":"https:\/\/pugliamare.it\/es\/wp-json\/wp\/v2\/types\/product"}],"version-history":[{"count":5,"href":"https:\/\/pugliamare.it\/es\/wp-json\/wp\/v2\/product\/32025\/revisions"}],"predecessor-version":[{"id":33255,"href":"https:\/\/pugliamare.it\/es\/wp-json\/wp\/v2\/product\/32025\/revisions\/33255"}],"wp:featuredmedia":[{"embeddable":true,"href":"https:\/\/pugliamare.it\/es\/wp-json\/wp\/v2\/media\/24288"}],"wp:attachment":[{"href":"https:\/\/pugliamare.it\/es\/wp-json\/wp\/v2\/media?parent=32025"}],"wp:term":[{"taxonomy":"product_cat","embeddable":true,"href":"https:\/\/pugliamare.it\/es\/wp-json\/wp\/v2\/product_cat?post=32025"},{"taxonomy":"product_tag","embeddable":true,"href":"https:\/\/pugliamare.it\/es\/wp-json\/wp\/v2\/product_tag?post=32025"}],"curies":[{"name":"wp","href":"https:\/\/api.w.org\/{rel}","templated":true}]}}