{"id":32203,"date":"2025-06-13T10:36:02","date_gmt":"2025-06-13T08:36:02","guid":{"rendered":"https:\/\/pugliamare.it\/?post_type=product&#038;p=32203"},"modified":"2025-12-20T14:33:58","modified_gmt":"2025-12-20T13:33:58","slug":"pugliamare-x-inchiostro-di-puglia-visita-polignano-a-mare-e-alberobello-da-bari","status":"publish","type":"product","link":"https:\/\/pugliamare.it\/es\/esperienze\/pugliamare-x-inchiostro-di-puglia-visita-polignano-a-mare-e-alberobello-da-bari\/","title":{"rendered":"Tour a Polignano a Mare y Alberobello desde Bari \u2013 Pugliamare x Inchiostro di Puglia"},"content":{"rendered":"<h1 data-start=\"1160\" data-end=\"1278\"><strong data-start=\"1168\" data-end=\"1278\">Tour de Bari a Polignano a Mare y Alberobello: poes\u00eda, mar y trulli.\u00a0<\/strong><\/h1>\n<p class=\" translation-block\">Vive un d\u00eda completo descubriendo la verdadera esencia de Puglia, entre paisajes espectaculares, tradiciones eternas y vistas de postal.<br data-start=\"713\" data-end=\"716\">Con <strong data-start=\"720\" data-end=\"740\">salida desde Bari<\/strong>, este <strong data-start=\"749\" data-end=\"781\">tour por Polignano y Alberobello<\/strong> te llevar\u00e1 al coraz\u00f3n de dos de los destinos m\u00e1s queridos de la regi\u00f3n, acompa\u00f1ado por una gu\u00eda local experta y la narraci\u00f3n po\u00e9tica de <a href=\"https:\/\/www.inchiostrodipuglia.it\/\" target=\"_self\"><strong data-start=\"1640\" data-end=\"1664\">Inchiostro di Puglia<\/strong><\/a>.<\/p>\n<h4 data-start=\"1734\" data-end=\"1774\" class=\" translation-block\">\ud83d\udccd <strong data-start=\"1742\" data-end=\"1762\">Salida desde Bari<\/strong> \u2013 09:00 h<\/h4>\n<h4 data-start=\"1781\" data-end=\"1822\" class=\" translation-block\">\ud83c\udf0a <strong data-start=\"1789\" data-end=\"1822\">Primera parada: Polignano a Mare<\/strong><\/h4>\n<p class=\" translation-block\">Situada sobre espectaculares acantilados que dominan el Adri\u00e1tico, <a href=\"https:\/\/pugliamare.it\/destinazioni\/polignano-a-mare\/\" target=\"_self\"><strong data-start=\"1883\" data-end=\"1903\">Polignano a Mare<\/strong><\/a> es una joya de rara belleza. Esta visita guiada por Polignano te llevar\u00e1 por las <strong>callejuelas blancas<\/strong> del centro hist\u00f3rico, los <strong>balcones panor\u00e1micos<\/strong> sobre el mar, las <strong>poes\u00edas en los muros<\/strong> y las <strong>tiendas artesanales<\/strong>.<br data-start=\"1320\" data-end=\"1323\">Un gu\u00eda tur\u00edstico cualificado te contar\u00e1 las historias del lugar, desde los versos grabados en las paredes hasta los recuerdos del c\u00e9lebre Domenico Modugno.<br data-start=\"1456\" data-end=\"1459\">Durante el tour, podr\u00e1s degustar peque\u00f1as muestras de <strong data-start=\"1509\" data-end=\"1537\">productos t\u00edpicos de Puglia<\/strong> para vivir plenamente la cultura local.<\/p>\n<h4>\ud83c\udf5d <strong data-start=\"2384\" data-end=\"2413\">12:30 pm \u2013 Almuerzo gratuito<\/strong><\/h4>\n<p data-start=\"2415\" data-end=\"2669\" class=\" translation-block\">Aprovecha el tiempo libre para almorzar en uno de los muchos restaurantes con vistas al mar o en las terrazas panor\u00e1micas del centro hist\u00f3rico.<br data-start=\"1760\" data-end=\"1763\">Te recomendamos probar especialidades locales como las <strong data-start=\"1821\" data-end=\"1854\">orecchiette con grelos<\/strong>, el <strong data-start=\"1859\" data-end=\"1882\">bocadillo de pulpo<\/strong> o la <strong data-start=\"1888\" data-end=\"1907\">focaccia barese<\/strong>.<\/p>\n<h4 data-start=\"2415\" data-end=\"2669\">\ud83c\udfe1 <strong data-start=\"2684\" data-end=\"2714\">Segunda parada: Alberobello<\/strong><\/h4>\n<p class=\" translation-block\">A primeras horas de la tarde nos desplazaremos hacia <a href=\"https:\/\/pugliamare.it\/destinazioni\/alberobello\/\" target=\"_self\"><strong data-start=\"2757\" data-end=\"2772\">Alberobello<\/strong><\/a>, ciudad de los trulli y <strong data-start=\"2049\" data-end=\"2079\">patrimonio mundial de la UNESCO<\/strong>.<br data-start=\"2080\" data-end=\"2083\">Con la <strong data-start=\"2091\" data-end=\"2124\">visita guiada a Alberobello<\/strong>, descubrir\u00e1s un paisaje \u00fanico en el mundo, entre techos c\u00f3nicos, s\u00edmbolos misteriosos y piedra viva.<br data-start=\"2216\" data-end=\"2219\">La gu\u00eda te acompa\u00f1ar\u00e1 por los barrios Monti y Aia Piccola, cont\u00e1ndote la fascinante historia de la arquitectura espont\u00e1nea de los trulli y de las antiguas tradiciones campesinas del territorio.<\/p>\n<h4 data-start=\"2716\" data-end=\"3132\" class=\" translation-block\">\ud83d\ude8c <strong data-start=\"3147\" data-end=\"3165\">Regreso a Bari<\/strong> \u2013 18:00 h<\/h4>\n<p data-start=\"3179\" data-end=\"3289\">Despu\u00e9s de un d\u00eda lleno de emociones, regresaremos a Bari con el coraz\u00f3n lleno de belleza e historias que contar.<\/p>\n<h3 data-start=\"3296\" data-end=\"3374\">\ud83c\udf81 <strong data-start=\"3304\" data-end=\"3374\">Un regalo speciale: Sacca impermeabile firmata Inchiostro di Puglia in omaggio!<\/strong><\/h3>\n<p data-start=\"3376\" data-end=\"3581\">Partecipando al nostro <strong data-start=\"2699\" data-end=\"2739\">tour guidato Polignano e Alberobello<\/strong>, riceverai una sacca impermeabile firmata <strong>Inchiostro di Puglia<\/strong>: un ricordo simbolico, utile e rappresentativo della tua giornata in terra pugliese.<\/p>\n<p data-start=\"2701\" data-end=\"3077\" class=\" translation-block\">Si te has enamorado de los colores del mar, puedes vivir un momento m\u00e1gico al atardecer con nuestro <a href=\"https:\/\/pugliamare.it\/esperienze\/tour-in-barca-delle-grotte-di-polignano-a-mare-con-aperitivo-b\/\" target=\"_self\"><strong data-start=\"2803\" data-end=\"2837\">aperitivo en barco en Polignano<\/strong><\/a>, perfecto para brindar frente a la costa iluminada por la luz dorada del d\u00eda que termina.<\/p>\n<p data-start=\"3079\" data-end=\"3421\" class=\" translation-block\">Y si deseas conocer un lado m\u00e1s \u00edntimo y aut\u00e9ntico de Puglia, lejos de los circuitos tur\u00edsticos, puedes regalarte una <a href=\"https:\/\/pugliamare.it\/esperienze\/visita-guidata-di-conversano\/\" target=\"_self\"><strong data-start=\"3204\" data-end=\"3235\">visita guiada a Conversano<\/strong><\/a>, un pueblo noble y acogedor, lleno de historia, castillos y tradiciones locales.\nCada experiencia es una pieza de un relato mayor: el de una tierra que sabe acoger y sorprender.<\/p>\n<h3 data-start=\"4129\" data-end=\"4181\">\ud83d\udcde <strong data-start=\"4137\" data-end=\"4181\">Cont\u00e1ctenos para informaci\u00f3n y solicitudes especiales.<\/strong><\/h3>\n<p data-start=\"4183\" data-end=\"4425\" class=\" translation-block\">Descubre <strong data-start=\"4484\" data-end=\"4518\">Polignano a Mare y Alberobello<\/strong> como nunca los has visto.<br data-start=\"4545\" data-end=\"4548\">Una experiencia guiada entre <strong data-start=\"4574\" data-end=\"4613\">mar, cultura y tradici\u00f3n pugliesa<\/strong>, firmada por <strong data-start=\"4623\" data-end=\"4660\">Pugliamare x Inchiostro di Puglia<\/strong>.<\/p>\n<p data-start=\"4183\" data-end=\"4425\" class=\" translation-block\">Tienes preguntas, necesidades especiales o quieres personalizar tu tour?<br data-start=\"4251\" data-end=\"4254\"><a href=\"https:\/\/api.whatsapp.com\/send?phone=393668959532\" target=\"_self\">Cont\u00e1ctanos<\/a>, el equipo de <strong data-start=\"4295\" data-end=\"4309\">Pugliamare<\/strong> y la pluma sensible de <strong data-start=\"4334\" data-end=\"4358\">Inchiostro di Puglia<\/strong> est\u00e1n listos para acompa\u00f1arte entre las maravillas de nuestra tierra.<\/p>","protected":false},"excerpt":{"rendered":"<p data-start=\"137\" data-end=\"585\" class=\" translation-block\"><strong data-start=\"137\" data-end=\"228\">Vive un d\u00eda de poes\u00eda y maravilla en el coraz\u00f3n de Puglia, con salida desde Bari.<\/strong><br data-start=\"228\" data-end=\"231\">Descubre el encanto de <strong data-start=\"251\" data-end=\"271\">Polignano a Mare<\/strong>, con su mar cristalino, poes\u00eda en los muros y balcones panor\u00e1micos, y d\u00e9jate cautivar por la magia de los <strong data-start=\"370\" data-end=\"395\">trulli de Alberobello<\/strong>, patrimonio de la UNESCO.<br data-start=\"415\" data-end=\"418\" data-is-only-node=\"\">Una experiencia aut\u00e9ntica de <strong data-start=\"450\" data-end=\"487\">Pugliamare x Inchiostro di Puglia<\/strong>, para viajeros que buscan emociones reales, belleza eterna y relatos con aroma a sur.<\/p>","protected":false},"featured_media":23184,"template":"","meta":{"_acf_changed":false,"inline_featured_image":false},"product_cat":[412],"product_tag":[290],"acf":[],"yoast_head":"<!-- This site is optimized with the Yoast SEO Premium plugin v22.8 (Yoast SEO v22.8) - https:\/\/yoast.com\/wordpress\/plugins\/seo\/ -->\n<title>Tour di Polignano e Alberobello da Bari \u2013 con Inchiostro di Puglia | Pugliamare<\/title>\n<meta name=\"description\" content=\"Esplora Polignano e Alberobello con partenza da Bari. Un tour autentico tra mare, trulli e poesia, firmato Pugliamare x Inchiostro di Puglia.\" \/>\n<meta name=\"robots\" content=\"index, follow, max-snippet:-1, max-image-preview:large, max-video-preview:-1\" \/>\n<link rel=\"canonical\" href=\"https:\/\/pugliamare.it\/es\/esperienze\/pugliamare-x-inchiostro-di-puglia-visita-polignano-a-mare-e-alberobello-da-bari\/\" \/>\n<meta property=\"og:locale\" content=\"es_ES\" \/>\n<meta property=\"og:type\" content=\"article\" \/>\n<meta property=\"og:title\" content=\"Tour a Polignano a Mare e Alberobello da Bari \u2013 Pugliamare x Inchiostro di Puglia\" \/>\n<meta property=\"og:description\" content=\"Esplora Polignano e Alberobello con partenza da Bari. Un tour autentico tra mare, trulli e poesia, firmato Pugliamare x Inchiostro di Puglia.\" \/>\n<meta property=\"og:url\" content=\"https:\/\/pugliamare.it\/es\/esperienze\/pugliamare-x-inchiostro-di-puglia-visita-polignano-a-mare-e-alberobello-da-bari\/\" \/>\n<meta property=\"og:site_name\" content=\"Pugliamare\" \/>\n<meta property=\"article:publisher\" content=\"https:\/\/www.facebook.com\/pugliamarexperience\" \/>\n<meta property=\"article:modified_time\" content=\"2025-12-20T13:33:58+00:00\" \/>\n<meta property=\"og:image\" content=\"https:\/\/pugliamare.it\/wp-content\/uploads\/2024\/03\/Company-Ita-Pugliamare-2-e1722504198217-1024x639.jpg\" \/>\n\t<meta property=\"og:image:width\" content=\"1024\" \/>\n\t<meta property=\"og:image:height\" content=\"639\" \/>\n\t<meta property=\"og:image:type\" content=\"image\/jpeg\" \/>\n<meta name=\"twitter:card\" content=\"summary_large_image\" \/>\n<script type=\"application\/ld+json\" class=\"yoast-schema-graph\">{\"@context\":\"https:\/\/schema.org\",\"@graph\":[{\"@type\":\"WebPage\",\"@id\":\"https:\/\/pugliamare.it\/esperienze\/pugliamare-x-inchiostro-di-puglia-visita-polignano-a-mare-e-alberobello-da-bari\/\",\"url\":\"https:\/\/pugliamare.it\/esperienze\/pugliamare-x-inchiostro-di-puglia-visita-polignano-a-mare-e-alberobello-da-bari\/\",\"name\":\"Tour di Polignano e Alberobello da Bari \u2013 con Inchiostro di Puglia | Pugliamare\",\"isPartOf\":{\"@id\":\"https:\/\/pugliamare.it\/en\/#website\"},\"primaryImageOfPage\":{\"@id\":\"https:\/\/pugliamare.it\/esperienze\/pugliamare-x-inchiostro-di-puglia-visita-polignano-a-mare-e-alberobello-da-bari\/#primaryimage\"},\"image\":{\"@id\":\"https:\/\/pugliamare.it\/esperienze\/pugliamare-x-inchiostro-di-puglia-visita-polignano-a-mare-e-alberobello-da-bari\/#primaryimage\"},\"thumbnailUrl\":\"https:\/\/pugliamare.it\/wp-content\/uploads\/2024\/03\/Company-Ita-Pugliamare-2-e1722504198217.jpg\",\"datePublished\":\"2025-06-13T08:36:02+00:00\",\"dateModified\":\"2025-12-20T13:33:58+00:00\",\"description\":\"Esplora Polignano e Alberobello con partenza da Bari. Un tour autentico tra mare, trulli e poesia, firmato Pugliamare x Inchiostro di Puglia.\",\"breadcrumb\":{\"@id\":\"https:\/\/pugliamare.it\/esperienze\/pugliamare-x-inchiostro-di-puglia-visita-polignano-a-mare-e-alberobello-da-bari\/#breadcrumb\"},\"inLanguage\":\"es\",\"potentialAction\":[{\"@type\":\"ReadAction\",\"target\":[\"https:\/\/pugliamare.it\/esperienze\/pugliamare-x-inchiostro-di-puglia-visita-polignano-a-mare-e-alberobello-da-bari\/\"]}]},{\"@type\":\"ImageObject\",\"inLanguage\":\"es\",\"@id\":\"https:\/\/pugliamare.it\/esperienze\/pugliamare-x-inchiostro-di-puglia-visita-polignano-a-mare-e-alberobello-da-bari\/#primaryimage\",\"url\":\"https:\/\/pugliamare.it\/wp-content\/uploads\/2024\/03\/Company-Ita-Pugliamare-2-e1722504198217.jpg\",\"contentUrl\":\"https:\/\/pugliamare.it\/wp-content\/uploads\/2024\/03\/Company-Ita-Pugliamare-2-e1722504198217.jpg\",\"width\":1690,\"height\":1054,\"caption\":\"Polignano a Mare e Alberobello\"},{\"@type\":\"BreadcrumbList\",\"@id\":\"https:\/\/pugliamare.it\/esperienze\/pugliamare-x-inchiostro-di-puglia-visita-polignano-a-mare-e-alberobello-da-bari\/#breadcrumb\",\"itemListElement\":[{\"@type\":\"ListItem\",\"position\":1,\"name\":\"Home\",\"item\":\"https:\/\/pugliamare.it\/\"},{\"@type\":\"ListItem\",\"position\":2,\"name\":\"Tour a Polignano a Mare e Alberobello da Bari \u2013 Pugliamare x Inchiostro di Puglia\"}]},{\"@type\":\"WebSite\",\"@id\":\"https:\/\/pugliamare.it\/en\/#website\",\"url\":\"https:\/\/pugliamare.it\/en\/\",\"name\":\"Pugliamare\",\"description\":\"Esperienze, Soggiorni e Tour personalizzati in Puglia\",\"publisher\":{\"@id\":\"https:\/\/pugliamare.it\/en\/#organization\"},\"potentialAction\":[{\"@type\":\"SearchAction\",\"target\":{\"@type\":\"EntryPoint\",\"urlTemplate\":\"https:\/\/pugliamare.it\/en\/?s={search_term_string}\"},\"query-input\":\"required name=search_term_string\"}],\"inLanguage\":\"es\"},{\"@type\":\"Organization\",\"@id\":\"https:\/\/pugliamare.it\/en\/#organization\",\"name\":\"Pugliamare srl\",\"url\":\"https:\/\/pugliamare.it\/en\/\",\"logo\":{\"@type\":\"ImageObject\",\"inLanguage\":\"es\",\"@id\":\"https:\/\/pugliamare.it\/en\/#\/schema\/logo\/image\/\",\"url\":\"https:\/\/pugliamare.it\/wp-content\/uploads\/2021\/04\/cropped-cropped-Risorsa-2.png\",\"contentUrl\":\"https:\/\/pugliamare.it\/wp-content\/uploads\/2021\/04\/cropped-cropped-Risorsa-2.png\",\"width\":374,\"height\":117,\"caption\":\"Pugliamare srl\"},\"image\":{\"@id\":\"https:\/\/pugliamare.it\/en\/#\/schema\/logo\/image\/\"},\"sameAs\":[\"https:\/\/www.facebook.com\/pugliamarexperience\",\"https:\/\/www.instagram.com\/pugliamare\/\"]}]}<\/script>\n<!-- \/ Yoast SEO Premium plugin. -->","yoast_head_json":{"title":"Tour di Polignano e Alberobello da Bari \u2013 con Inchiostro di Puglia | Pugliamare","description":"Esplora Polignano e Alberobello con partenza da Bari. Un tour autentico tra mare, trulli e poesia, firmato Pugliamare x Inchiostro di Puglia.","robots":{"index":"index","follow":"follow","max-snippet":"max-snippet:-1","max-image-preview":"max-image-preview:large","max-video-preview":"max-video-preview:-1"},"canonical":"https:\/\/pugliamare.it\/es\/esperienze\/pugliamare-x-inchiostro-di-puglia-visita-polignano-a-mare-e-alberobello-da-bari\/","og_locale":"es_ES","og_type":"article","og_title":"Tour a Polignano a Mare e Alberobello da Bari \u2013 Pugliamare x Inchiostro di Puglia","og_description":"Esplora Polignano e Alberobello con partenza da Bari. Un tour autentico tra mare, trulli e poesia, firmato Pugliamare x Inchiostro di Puglia.","og_url":"https:\/\/pugliamare.it\/es\/esperienze\/pugliamare-x-inchiostro-di-puglia-visita-polignano-a-mare-e-alberobello-da-bari\/","og_site_name":"Pugliamare","article_publisher":"https:\/\/www.facebook.com\/pugliamarexperience","article_modified_time":"2025-12-20T13:33:58+00:00","og_image":[{"width":1024,"height":639,"url":"https:\/\/pugliamare.it\/wp-content\/uploads\/2024\/03\/Company-Ita-Pugliamare-2-e1722504198217-1024x639.jpg","type":"image\/jpeg"}],"twitter_card":"summary_large_image","schema":{"@context":"https:\/\/schema.org","@graph":[{"@type":"WebPage","@id":"https:\/\/pugliamare.it\/esperienze\/pugliamare-x-inchiostro-di-puglia-visita-polignano-a-mare-e-alberobello-da-bari\/","url":"https:\/\/pugliamare.it\/esperienze\/pugliamare-x-inchiostro-di-puglia-visita-polignano-a-mare-e-alberobello-da-bari\/","name":"Tour di Polignano e Alberobello da Bari \u2013 con Inchiostro di Puglia | Pugliamare","isPartOf":{"@id":"https:\/\/pugliamare.it\/en\/#website"},"primaryImageOfPage":{"@id":"https:\/\/pugliamare.it\/esperienze\/pugliamare-x-inchiostro-di-puglia-visita-polignano-a-mare-e-alberobello-da-bari\/#primaryimage"},"image":{"@id":"https:\/\/pugliamare.it\/esperienze\/pugliamare-x-inchiostro-di-puglia-visita-polignano-a-mare-e-alberobello-da-bari\/#primaryimage"},"thumbnailUrl":"https:\/\/pugliamare.it\/wp-content\/uploads\/2024\/03\/Company-Ita-Pugliamare-2-e1722504198217.jpg","datePublished":"2025-06-13T08:36:02+00:00","dateModified":"2025-12-20T13:33:58+00:00","description":"Esplora Polignano e Alberobello con partenza da Bari. Un tour autentico tra mare, trulli e poesia, firmato Pugliamare x Inchiostro di Puglia.","breadcrumb":{"@id":"https:\/\/pugliamare.it\/esperienze\/pugliamare-x-inchiostro-di-puglia-visita-polignano-a-mare-e-alberobello-da-bari\/#breadcrumb"},"inLanguage":"es","potentialAction":[{"@type":"ReadAction","target":["https:\/\/pugliamare.it\/esperienze\/pugliamare-x-inchiostro-di-puglia-visita-polignano-a-mare-e-alberobello-da-bari\/"]}]},{"@type":"ImageObject","inLanguage":"es","@id":"https:\/\/pugliamare.it\/esperienze\/pugliamare-x-inchiostro-di-puglia-visita-polignano-a-mare-e-alberobello-da-bari\/#primaryimage","url":"https:\/\/pugliamare.it\/wp-content\/uploads\/2024\/03\/Company-Ita-Pugliamare-2-e1722504198217.jpg","contentUrl":"https:\/\/pugliamare.it\/wp-content\/uploads\/2024\/03\/Company-Ita-Pugliamare-2-e1722504198217.jpg","width":1690,"height":1054,"caption":"Polignano a Mare e Alberobello"},{"@type":"BreadcrumbList","@id":"https:\/\/pugliamare.it\/esperienze\/pugliamare-x-inchiostro-di-puglia-visita-polignano-a-mare-e-alberobello-da-bari\/#breadcrumb","itemListElement":[{"@type":"ListItem","position":1,"name":"Home","item":"https:\/\/pugliamare.it\/"},{"@type":"ListItem","position":2,"name":"Tour a Polignano a Mare e Alberobello da Bari \u2013 Pugliamare x Inchiostro di Puglia"}]},{"@type":"WebSite","@id":"https:\/\/pugliamare.it\/en\/#website","url":"https:\/\/pugliamare.it\/en\/","name":"Pugliamare","description":"Esperienze, Soggiorni e Tour personalizzati in Puglia","publisher":{"@id":"https:\/\/pugliamare.it\/en\/#organization"},"potentialAction":[{"@type":"SearchAction","target":{"@type":"EntryPoint","urlTemplate":"https:\/\/pugliamare.it\/en\/?s={search_term_string}"},"query-input":"required name=search_term_string"}],"inLanguage":"es"},{"@type":"Organization","@id":"https:\/\/pugliamare.it\/en\/#organization","name":"Pugliamare srl","url":"https:\/\/pugliamare.it\/en\/","logo":{"@type":"ImageObject","inLanguage":"es","@id":"https:\/\/pugliamare.it\/en\/#\/schema\/logo\/image\/","url":"https:\/\/pugliamare.it\/wp-content\/uploads\/2021\/04\/cropped-cropped-Risorsa-2.png","contentUrl":"https:\/\/pugliamare.it\/wp-content\/uploads\/2021\/04\/cropped-cropped-Risorsa-2.png","width":374,"height":117,"caption":"Pugliamare srl"},"image":{"@id":"https:\/\/pugliamare.it\/en\/#\/schema\/logo\/image\/"},"sameAs":["https:\/\/www.facebook.com\/pugliamarexperience","https:\/\/www.instagram.com\/pugliamare\/"]}]}},"_links":{"self":[{"href":"https:\/\/pugliamare.it\/es\/wp-json\/wp\/v2\/product\/32203"}],"collection":[{"href":"https:\/\/pugliamare.it\/es\/wp-json\/wp\/v2\/product"}],"about":[{"href":"https:\/\/pugliamare.it\/es\/wp-json\/wp\/v2\/types\/product"}],"version-history":[{"count":10,"href":"https:\/\/pugliamare.it\/es\/wp-json\/wp\/v2\/product\/32203\/revisions"}],"predecessor-version":[{"id":33231,"href":"https:\/\/pugliamare.it\/es\/wp-json\/wp\/v2\/product\/32203\/revisions\/33231"}],"wp:featuredmedia":[{"embeddable":true,"href":"https:\/\/pugliamare.it\/es\/wp-json\/wp\/v2\/media\/23184"}],"wp:attachment":[{"href":"https:\/\/pugliamare.it\/es\/wp-json\/wp\/v2\/media?parent=32203"}],"wp:term":[{"taxonomy":"product_cat","embeddable":true,"href":"https:\/\/pugliamare.it\/es\/wp-json\/wp\/v2\/product_cat?post=32203"},{"taxonomy":"product_tag","embeddable":true,"href":"https:\/\/pugliamare.it\/es\/wp-json\/wp\/v2\/product_tag?post=32203"}],"curies":[{"name":"wp","href":"https:\/\/api.w.org\/{rel}","templated":true}]}}