{"id":32219,"date":"2025-06-13T11:37:37","date_gmt":"2025-06-13T09:37:37","guid":{"rendered":"https:\/\/pugliamare.it\/?post_type=product&#038;p=32219"},"modified":"2025-09-19T14:48:08","modified_gmt":"2025-09-19T12:48:08","slug":"pugliamare-x-inchiostro-di-puglia-vespa-tour-tra-polignano-a-mare-conversano-e-monopoli","status":"publish","type":"product","link":"https:\/\/pugliamare.it\/es\/esperienze\/pugliamare-x-inchiostro-di-puglia-vespa-tour-tra-polignano-a-mare-conversano-e-monopoli\/","title":{"rendered":"Vespa Tour tra Polignano a Mare, Conversano e Monopoli &#8211; Pugliamare x Inchiostro di Puglia"},"content":{"rendered":"<h1 data-start=\"770\" data-end=\"803\">Tour en Vespa por Polignano, Conversano y Monopoli: libertad, belleza y autenticidad<\/h1>\n<p data-start=\"164\" data-end=\"427\" class=\" translation-block\">Prep\u00e1rate para vivir un d\u00eda inolvidable entre paisajes impresionantes, pueblos aut\u00e9nticos y carreteras panor\u00e1micas: nuestro Tour en Vespa por Polignano a Mare, Conversano y Monopoli es la forma m\u00e1s ic\u00f3nica de descubrir Puglia sobre dos ruedas, con libertad y seguridad. Con <strong>Pugliamare <\/strong>y <strong><a href=\"https:\/\/shop.inchiostrodipuglia.it\/\" target=\"_self\">Inchiostro di Puglia<\/a><\/strong>, s\u00fabete a una Vespa de 125cc y d\u00e9jate guiar por una ruta panor\u00e1mica llena de emociones, cultura y sabores locales.<\/p>\n<h3 data-start=\"770\" data-end=\"803\"><strong data-start=\"777\" data-end=\"803\">Itinerario detallado<\/strong><\/h3>\n<p data-start=\"429\" data-end=\"752\" class=\" translation-block\">\ud83d\udccd <strong data-start=\"432\" data-end=\"464\">Salida desde<a href=\"https:\/\/pugliamare.it\/destinazioni\/polignano-a-mare\/\" target=\"_self\"> Polignano a Mare<\/a><\/strong><br data-start=\"464\" data-end=\"467\">Tras una breve introducci\u00f3n y la entrega de la Vespa, partir\u00e1s desde uno de los lugares m\u00e1s encantadores del sur de Italia. Polignano te recibe con su mar turquesa, balcones panor\u00e1micos y el aroma del mar. Inmortaliza el momento con una foto en Lama Monachile, s\u00edmbolo de la ciudad.<\/p>\n<p data-start=\"754\" data-end=\"1060\" class=\" translation-block\">\ud83c\udff0 <strong data-start=\"757\" data-end=\"779\">Parada en <a href=\"https:\/\/pugliamare.it\/destinazioni\/conversano\/\" target=\"_self\">Conversano<\/a><\/strong><br data-start=\"779\" data-end=\"782\">Dir\u00edgete hacia el interior, atravesando campos de olivos y muros de piedra seca. Conversano te conquistar\u00e1 con su elegante casco hist\u00f3rico y su castillo medieval. Una breve parada te permitir\u00e1 pasear entre plazas, cafeter\u00edas y la encantadora Catedral de Santa Mar\u00eda Assunta.<\/p>\n<p data-start=\"1062\" data-end=\"1389\" class=\" translation-block\">\ud83c\udf0a <strong data-start=\"1065\" data-end=\"1086\">Llegada a <a href=\"https:\/\/pugliamare.it\/destinazioni\/monopoli\/\" target=\"_self\">Monopoli<\/a><\/strong><br data-start=\"1086\" data-end=\"1089\">Contin\u00faa tu tour hacia Monopoli, una de las ciudades costeras m\u00e1s aut\u00e9nticas de Puglia. Su centro hist\u00f3rico, con callejuelas blancas y un puerto animado, es ideal para un paseo y algunas fotos dignas de Instagram. Aprovecha para disfrutar de un helado artesanal o un aperitivo con vistas al mar.<\/p>\n<p data-start=\"1391\" data-end=\"1673\" class=\" translation-block\">\ud83d\uddfa <strong data-start=\"1394\" data-end=\"1424\">Regreso a Polignano a Mare<\/strong><br data-start=\"1424\" data-end=\"1427\">Tras un d\u00eda intenso pero ligero, regresa a Polignano siguiendo una ruta panor\u00e1mica que abraza la costa y el campo de Puglia. El recorrido est\u00e1 pensado para ofrecer paisajes de postal y regalarte una sensaci\u00f3n de libertad total.<\/p>\n<p data-start=\"1788\" data-end=\"1916\" class=\" translation-block\">\ud83d\udef5 <strong data-start=\"1791\" data-end=\"1816\">El tour es autoguiado<\/strong> (pero puedes solicitar un acompa\u00f1ante): te proporcionaremos un mapa, sugerencias y asistencia en todo momento.<\/p>\n<h3 data-start=\"1918\" data-end=\"1999\"><strong>\ud83c\udf81 De regalo<\/strong><\/h3>\n<p data-start=\"1918\" data-end=\"1999\">Una sacca impermeabile esclusiva Inchiostro di Puglia per ricordare l\u2019esperienza!<\/p>\n<h3 data-start=\"1391\" data-end=\"1673\"><strong>Reserva ahora tus experiencias<\/strong><\/h3>\n<p data-start=\"1883\" data-end=\"1999\">Quieres hacer el d\u00eda a\u00fan m\u00e1s especial? Combina el Tour en Vespa con una experiencia gastron\u00f3mica o cultural como:<\/p>\n<p data-start=\"2001\" data-end=\"2409\" class=\" translation-block\">\ud83d\udc49<strong> <a class=\"\" href=\"https:\/\/pugliamare.it\/esperienze\/pugliamare-x-inchiostro-di-puglia-street-food-tour-di-polignano-a-mare\/\" target=\"_new\" rel=\"noopener\" data-start=\"2004\" data-end=\"2148\">Street Food Tour en Polignano a Mare<\/a><\/strong><br data-start=\"2148\" data-end=\"2151\"><strong>\ud83d\udc49 <a class=\"\" href=\"https:\/\/pugliamare.it\/esperienze\/tour-in-barca-delle-grotte-di-polignano-a-mare\/\" target=\"_new\" rel=\"noopener\" data-start=\"2154\" data-end=\"2276\">Tour en barco por las cuevas de Polignano<\/a><\/strong><br data-start=\"2276\" data-end=\"2279\"><strong>\ud83d\udc49 <a class=\"\" href=\"https:\/\/pugliamare.it\/esperienze\/pugliamare-x-inchiostro-di-puglia-visita-guidata-di-conversano\/\" target=\"_new\" rel=\"noopener\" data-start=\"2282\" data-end=\"2409\">Visita guiada a Conversano<\/a><\/strong><\/p>\n<p data-start=\"2411\" data-end=\"2581\" class=\" translation-block\">Para informaci\u00f3n o solicitudes personalizadas, cont\u00e1ctanos directamente por <a href=\"https:\/\/api.whatsapp.com\/send?phone=393668959532\" target=\"_self\">WhatsApp<\/a> a trav\u00e9s del formulario del sitio web. Te ayudaremos a crear tu <strong data-start=\"2547\" data-end=\"2580\">experiencia perfecta en Puglia<\/strong>.<\/p>\n<p>&nbsp;<\/p>\n<p class=\" translation-block\"><em><strong>Atenci\u00f3n: <\/strong><\/em><strong><em>Para participar en el tour o alquilar una Vespa, se requiere experiencia previa conduciendo un scooter\/Vespa con cambio autom\u00e1tico.<\/em><\/strong><br>\n<strong><em>Si no se tiene esta experiencia, la reserva no podr\u00e1 ser confirmada.<\/em><\/strong><strong><em>El d\u00eda del tour se realizar\u00e1 una verificaci\u00f3n de las habilidades de conducci\u00f3n: si el participante no demuestra un dominio adecuado del veh\u00edculo, no podr\u00e1 continuar con el tour por motivos de seguridad.<\/em><\/strong><\/p>\n<p><em><strong>Antes de comenzar el tour, cada conductor deber\u00e1 presentar un permiso de conducci\u00f3n v\u00e1lido de categor\u00eda A o B reconocido en la Uni\u00f3n Europea, o un permiso de conducci\u00f3n internacional en vigor.\nTambi\u00e9n ser\u00e1 necesario firmar un contrato de alquiler a corto plazo y completar un formulario de autorizaci\u00f3n de cargo en tarjeta de cr\u00e9dito, como dep\u00f3sito de garant\u00eda por un importe de 250,00 \u20ac por Vespa.\nEl tour se realizar\u00e1 exclusivamente previa verificaci\u00f3n y aprobaci\u00f3n de la documentaci\u00f3n requerida, as\u00ed como del cumplimiento de las condiciones de entrega del veh\u00edculo.\nSe recuerda que el servicio de conducci\u00f3n est\u00e1 reservado a personas mayores de 18 a\u00f1os.<\/strong><\/em><\/p>\n<p>&nbsp;<\/p>","protected":false},"excerpt":{"rendered":"<p data-start=\"312\" data-end=\"763\" class=\" translation-block\">Descubre <strong>Puglia<\/strong> a lomos de una Vespa, atravesando paisajes impresionantes, ciudades hist\u00f3ricas y sabores aut\u00e9nticos.<br data-start=\"424\" data-end=\"427\">En colaboraci\u00f3n con <strong>Inchiostro di Puglia<\/strong>, te proponemos una experiencia de ritmo lento y alma aut\u00e9ntica, pensada para quienes realmente quieren respirar esta tierra.<br data-start=\"596\" data-end=\"599\">Un tour guiado de d\u00eda completo (<strong>6\u20137 horas<\/strong>) por <strong>Polignano a Mare<\/strong>, <strong>Conversano<\/strong> y <strong>Monopoli<\/strong>, para vivir la Puglia m\u00e1s genuina\u2026 con el viento en el pelo.<\/p>","protected":false},"featured_media":29237,"template":"","meta":{"_acf_changed":false,"inline_featured_image":false},"product_cat":[412,405],"product_tag":[290],"acf":[],"yoast_head":"<!-- This site is optimized with the Yoast SEO Premium plugin v22.8 (Yoast SEO v22.8) - https:\/\/yoast.com\/wordpress\/plugins\/seo\/ -->\n<title>Vespa Tour tra Polignano, Conversano e Monopoli | Pugliamare<\/title>\n<meta name=\"description\" content=\"Scopri la Puglia in sella a una Vespa! Un tour panoramico tra Polignano, Conversano e Monopoli. Borghi, mare e libert\u00e0 in un\u2019unica esperienza. Prenota ora!\" \/>\n<meta name=\"robots\" content=\"index, follow, max-snippet:-1, max-image-preview:large, max-video-preview:-1\" \/>\n<link rel=\"canonical\" href=\"https:\/\/pugliamare.it\/es\/esperienze\/pugliamare-x-inchiostro-di-puglia-vespa-tour-tra-polignano-a-mare-conversano-e-monopoli\/\" \/>\n<meta property=\"og:locale\" content=\"es_ES\" \/>\n<meta property=\"og:type\" content=\"article\" \/>\n<meta property=\"og:title\" content=\"Vespa Tour tra Polignano a Mare, Conversano e Monopoli - Pugliamare x Inchiostro di Puglia\" \/>\n<meta property=\"og:description\" content=\"Scopri la Puglia in sella a una Vespa! Un tour panoramico tra Polignano, Conversano e Monopoli. Borghi, mare e libert\u00e0 in un\u2019unica esperienza. Prenota ora!\" \/>\n<meta property=\"og:url\" content=\"https:\/\/pugliamare.it\/es\/esperienze\/pugliamare-x-inchiostro-di-puglia-vespa-tour-tra-polignano-a-mare-conversano-e-monopoli\/\" \/>\n<meta property=\"og:site_name\" content=\"Pugliamare\" \/>\n<meta property=\"article:publisher\" content=\"https:\/\/www.facebook.com\/pugliamarexperience\" \/>\n<meta property=\"article:modified_time\" content=\"2025-09-19T12:48:08+00:00\" \/>\n<meta property=\"og:image\" content=\"https:\/\/pugliamare.it\/wp-content\/uploads\/2024\/10\/Pugliamare_Vespa_3.jpg\" \/>\n\t<meta property=\"og:image:width\" content=\"1140\" \/>\n\t<meta property=\"og:image:height\" content=\"1424\" \/>\n\t<meta property=\"og:image:type\" content=\"image\/jpeg\" \/>\n<meta name=\"twitter:card\" content=\"summary_large_image\" \/>\n<script type=\"application\/ld+json\" class=\"yoast-schema-graph\">{\"@context\":\"https:\/\/schema.org\",\"@graph\":[{\"@type\":\"WebPage\",\"@id\":\"https:\/\/pugliamare.it\/esperienze\/pugliamare-x-inchiostro-di-puglia-vespa-tour-tra-polignano-a-mare-conversano-e-monopoli\/\",\"url\":\"https:\/\/pugliamare.it\/esperienze\/pugliamare-x-inchiostro-di-puglia-vespa-tour-tra-polignano-a-mare-conversano-e-monopoli\/\",\"name\":\"Vespa Tour tra Polignano, Conversano e Monopoli | Pugliamare\",\"isPartOf\":{\"@id\":\"https:\/\/pugliamare.it\/en\/#website\"},\"primaryImageOfPage\":{\"@id\":\"https:\/\/pugliamare.it\/esperienze\/pugliamare-x-inchiostro-di-puglia-vespa-tour-tra-polignano-a-mare-conversano-e-monopoli\/#primaryimage\"},\"image\":{\"@id\":\"https:\/\/pugliamare.it\/esperienze\/pugliamare-x-inchiostro-di-puglia-vespa-tour-tra-polignano-a-mare-conversano-e-monopoli\/#primaryimage\"},\"thumbnailUrl\":\"https:\/\/pugliamare.it\/wp-content\/uploads\/2024\/10\/Pugliamare_Vespa_3.jpg\",\"datePublished\":\"2025-06-13T09:37:37+00:00\",\"dateModified\":\"2025-09-19T12:48:08+00:00\",\"description\":\"Scopri la Puglia in sella a una Vespa! Un tour panoramico tra Polignano, Conversano e Monopoli. Borghi, mare e libert\u00e0 in un\u2019unica esperienza. Prenota ora!\",\"breadcrumb\":{\"@id\":\"https:\/\/pugliamare.it\/esperienze\/pugliamare-x-inchiostro-di-puglia-vespa-tour-tra-polignano-a-mare-conversano-e-monopoli\/#breadcrumb\"},\"inLanguage\":\"es\",\"potentialAction\":[{\"@type\":\"ReadAction\",\"target\":[\"https:\/\/pugliamare.it\/esperienze\/pugliamare-x-inchiostro-di-puglia-vespa-tour-tra-polignano-a-mare-conversano-e-monopoli\/\"]}]},{\"@type\":\"ImageObject\",\"inLanguage\":\"es\",\"@id\":\"https:\/\/pugliamare.it\/esperienze\/pugliamare-x-inchiostro-di-puglia-vespa-tour-tra-polignano-a-mare-conversano-e-monopoli\/#primaryimage\",\"url\":\"https:\/\/pugliamare.it\/wp-content\/uploads\/2024\/10\/Pugliamare_Vespa_3.jpg\",\"contentUrl\":\"https:\/\/pugliamare.it\/wp-content\/uploads\/2024\/10\/Pugliamare_Vespa_3.jpg\",\"width\":1140,\"height\":1424,\"caption\":\"Sosta panoramica del Vespa Tour\"},{\"@type\":\"BreadcrumbList\",\"@id\":\"https:\/\/pugliamare.it\/esperienze\/pugliamare-x-inchiostro-di-puglia-vespa-tour-tra-polignano-a-mare-conversano-e-monopoli\/#breadcrumb\",\"itemListElement\":[{\"@type\":\"ListItem\",\"position\":1,\"name\":\"Home\",\"item\":\"https:\/\/pugliamare.it\/\"},{\"@type\":\"ListItem\",\"position\":2,\"name\":\"Vespa Tour tra Polignano a Mare, Conversano e Monopoli &#8211; Pugliamare x Inchiostro di Puglia\"}]},{\"@type\":\"WebSite\",\"@id\":\"https:\/\/pugliamare.it\/en\/#website\",\"url\":\"https:\/\/pugliamare.it\/en\/\",\"name\":\"Pugliamare\",\"description\":\"Esperienze, Soggiorni e Tour personalizzati in Puglia\",\"publisher\":{\"@id\":\"https:\/\/pugliamare.it\/en\/#organization\"},\"potentialAction\":[{\"@type\":\"SearchAction\",\"target\":{\"@type\":\"EntryPoint\",\"urlTemplate\":\"https:\/\/pugliamare.it\/en\/?s={search_term_string}\"},\"query-input\":\"required name=search_term_string\"}],\"inLanguage\":\"es\"},{\"@type\":\"Organization\",\"@id\":\"https:\/\/pugliamare.it\/en\/#organization\",\"name\":\"Pugliamare srl\",\"url\":\"https:\/\/pugliamare.it\/en\/\",\"logo\":{\"@type\":\"ImageObject\",\"inLanguage\":\"es\",\"@id\":\"https:\/\/pugliamare.it\/en\/#\/schema\/logo\/image\/\",\"url\":\"https:\/\/pugliamare.it\/wp-content\/uploads\/2021\/04\/cropped-cropped-Risorsa-2.png\",\"contentUrl\":\"https:\/\/pugliamare.it\/wp-content\/uploads\/2021\/04\/cropped-cropped-Risorsa-2.png\",\"width\":374,\"height\":117,\"caption\":\"Pugliamare srl\"},\"image\":{\"@id\":\"https:\/\/pugliamare.it\/en\/#\/schema\/logo\/image\/\"},\"sameAs\":[\"https:\/\/www.facebook.com\/pugliamarexperience\",\"https:\/\/www.instagram.com\/pugliamare\/\"]}]}<\/script>\n<!-- \/ Yoast SEO Premium plugin. -->","yoast_head_json":{"title":"Vespa Tour tra Polignano, Conversano e Monopoli | Pugliamare","description":"Scopri la Puglia in sella a una Vespa! Un tour panoramico tra Polignano, Conversano e Monopoli. Borghi, mare e libert\u00e0 in un\u2019unica esperienza. Prenota ora!","robots":{"index":"index","follow":"follow","max-snippet":"max-snippet:-1","max-image-preview":"max-image-preview:large","max-video-preview":"max-video-preview:-1"},"canonical":"https:\/\/pugliamare.it\/es\/esperienze\/pugliamare-x-inchiostro-di-puglia-vespa-tour-tra-polignano-a-mare-conversano-e-monopoli\/","og_locale":"es_ES","og_type":"article","og_title":"Vespa Tour tra Polignano a Mare, Conversano e Monopoli - Pugliamare x Inchiostro di Puglia","og_description":"Scopri la Puglia in sella a una Vespa! Un tour panoramico tra Polignano, Conversano e Monopoli. Borghi, mare e libert\u00e0 in un\u2019unica esperienza. Prenota ora!","og_url":"https:\/\/pugliamare.it\/es\/esperienze\/pugliamare-x-inchiostro-di-puglia-vespa-tour-tra-polignano-a-mare-conversano-e-monopoli\/","og_site_name":"Pugliamare","article_publisher":"https:\/\/www.facebook.com\/pugliamarexperience","article_modified_time":"2025-09-19T12:48:08+00:00","og_image":[{"width":1140,"height":1424,"url":"https:\/\/pugliamare.it\/wp-content\/uploads\/2024\/10\/Pugliamare_Vespa_3.jpg","type":"image\/jpeg"}],"twitter_card":"summary_large_image","schema":{"@context":"https:\/\/schema.org","@graph":[{"@type":"WebPage","@id":"https:\/\/pugliamare.it\/esperienze\/pugliamare-x-inchiostro-di-puglia-vespa-tour-tra-polignano-a-mare-conversano-e-monopoli\/","url":"https:\/\/pugliamare.it\/esperienze\/pugliamare-x-inchiostro-di-puglia-vespa-tour-tra-polignano-a-mare-conversano-e-monopoli\/","name":"Vespa Tour tra Polignano, Conversano e Monopoli | Pugliamare","isPartOf":{"@id":"https:\/\/pugliamare.it\/en\/#website"},"primaryImageOfPage":{"@id":"https:\/\/pugliamare.it\/esperienze\/pugliamare-x-inchiostro-di-puglia-vespa-tour-tra-polignano-a-mare-conversano-e-monopoli\/#primaryimage"},"image":{"@id":"https:\/\/pugliamare.it\/esperienze\/pugliamare-x-inchiostro-di-puglia-vespa-tour-tra-polignano-a-mare-conversano-e-monopoli\/#primaryimage"},"thumbnailUrl":"https:\/\/pugliamare.it\/wp-content\/uploads\/2024\/10\/Pugliamare_Vespa_3.jpg","datePublished":"2025-06-13T09:37:37+00:00","dateModified":"2025-09-19T12:48:08+00:00","description":"Scopri la Puglia in sella a una Vespa! Un tour panoramico tra Polignano, Conversano e Monopoli. Borghi, mare e libert\u00e0 in un\u2019unica esperienza. Prenota ora!","breadcrumb":{"@id":"https:\/\/pugliamare.it\/esperienze\/pugliamare-x-inchiostro-di-puglia-vespa-tour-tra-polignano-a-mare-conversano-e-monopoli\/#breadcrumb"},"inLanguage":"es","potentialAction":[{"@type":"ReadAction","target":["https:\/\/pugliamare.it\/esperienze\/pugliamare-x-inchiostro-di-puglia-vespa-tour-tra-polignano-a-mare-conversano-e-monopoli\/"]}]},{"@type":"ImageObject","inLanguage":"es","@id":"https:\/\/pugliamare.it\/esperienze\/pugliamare-x-inchiostro-di-puglia-vespa-tour-tra-polignano-a-mare-conversano-e-monopoli\/#primaryimage","url":"https:\/\/pugliamare.it\/wp-content\/uploads\/2024\/10\/Pugliamare_Vespa_3.jpg","contentUrl":"https:\/\/pugliamare.it\/wp-content\/uploads\/2024\/10\/Pugliamare_Vespa_3.jpg","width":1140,"height":1424,"caption":"Sosta panoramica del Vespa Tour"},{"@type":"BreadcrumbList","@id":"https:\/\/pugliamare.it\/esperienze\/pugliamare-x-inchiostro-di-puglia-vespa-tour-tra-polignano-a-mare-conversano-e-monopoli\/#breadcrumb","itemListElement":[{"@type":"ListItem","position":1,"name":"Home","item":"https:\/\/pugliamare.it\/"},{"@type":"ListItem","position":2,"name":"Vespa Tour tra Polignano a Mare, Conversano e Monopoli &#8211; Pugliamare x Inchiostro di Puglia"}]},{"@type":"WebSite","@id":"https:\/\/pugliamare.it\/en\/#website","url":"https:\/\/pugliamare.it\/en\/","name":"Pugliamare","description":"Esperienze, Soggiorni e Tour personalizzati in Puglia","publisher":{"@id":"https:\/\/pugliamare.it\/en\/#organization"},"potentialAction":[{"@type":"SearchAction","target":{"@type":"EntryPoint","urlTemplate":"https:\/\/pugliamare.it\/en\/?s={search_term_string}"},"query-input":"required name=search_term_string"}],"inLanguage":"es"},{"@type":"Organization","@id":"https:\/\/pugliamare.it\/en\/#organization","name":"Pugliamare srl","url":"https:\/\/pugliamare.it\/en\/","logo":{"@type":"ImageObject","inLanguage":"es","@id":"https:\/\/pugliamare.it\/en\/#\/schema\/logo\/image\/","url":"https:\/\/pugliamare.it\/wp-content\/uploads\/2021\/04\/cropped-cropped-Risorsa-2.png","contentUrl":"https:\/\/pugliamare.it\/wp-content\/uploads\/2021\/04\/cropped-cropped-Risorsa-2.png","width":374,"height":117,"caption":"Pugliamare srl"},"image":{"@id":"https:\/\/pugliamare.it\/en\/#\/schema\/logo\/image\/"},"sameAs":["https:\/\/www.facebook.com\/pugliamarexperience","https:\/\/www.instagram.com\/pugliamare\/"]}]}},"_links":{"self":[{"href":"https:\/\/pugliamare.it\/es\/wp-json\/wp\/v2\/product\/32219"}],"collection":[{"href":"https:\/\/pugliamare.it\/es\/wp-json\/wp\/v2\/product"}],"about":[{"href":"https:\/\/pugliamare.it\/es\/wp-json\/wp\/v2\/types\/product"}],"version-history":[{"count":12,"href":"https:\/\/pugliamare.it\/es\/wp-json\/wp\/v2\/product\/32219\/revisions"}],"predecessor-version":[{"id":33489,"href":"https:\/\/pugliamare.it\/es\/wp-json\/wp\/v2\/product\/32219\/revisions\/33489"}],"wp:featuredmedia":[{"embeddable":true,"href":"https:\/\/pugliamare.it\/es\/wp-json\/wp\/v2\/media\/29237"}],"wp:attachment":[{"href":"https:\/\/pugliamare.it\/es\/wp-json\/wp\/v2\/media?parent=32219"}],"wp:term":[{"taxonomy":"product_cat","embeddable":true,"href":"https:\/\/pugliamare.it\/es\/wp-json\/wp\/v2\/product_cat?post=32219"},{"taxonomy":"product_tag","embeddable":true,"href":"https:\/\/pugliamare.it\/es\/wp-json\/wp\/v2\/product_tag?post=32219"}],"curies":[{"name":"wp","href":"https:\/\/api.w.org\/{rel}","templated":true}]}}