{"id":32228,"date":"2025-06-13T12:05:16","date_gmt":"2025-06-13T10:05:16","guid":{"rendered":"https:\/\/pugliamare.it\/?post_type=product&#038;p=32228"},"modified":"2025-07-11T09:50:43","modified_gmt":"2025-07-11T07:50:43","slug":"pugliamare-x-inchiostro-di-puglia-mozzarella-experience-degustazione-con-dimostrazione-del-casaro","status":"publish","type":"product","link":"https:\/\/pugliamare.it\/es\/esperienze\/pugliamare-x-inchiostro-di-puglia-mozzarella-experience-degustazione-con-dimostrazione-del-casaro\/","title":{"rendered":"Mozzarella Experience en Puglia: Degustaci\u00f3n y demostraci\u00f3n del quesero \u2013 Pugliamare x Inchiostro di Puglia"},"content":{"rendered":"<h1 data-start=\"551\" data-end=\"645\">Degustaci\u00f3n de mozzarella y demostraci\u00f3n del maestro quesero: una experiencia de sabor y tradici\u00f3n<\/h1>\n<p data-start=\"647\" data-end=\"912\" class=\" translation-block\">Participa en la <strong data-start=\"662\" data-end=\"687\">Mozzarella Experience<\/strong> de <em data-start=\"696\" data-end=\"731\">Pugliamare x <a href=\"https:\/\/shop.inchiostrodipuglia.it\/\" target=\"_self\">Inchiostro di Puglia<\/a><\/em>, un aut\u00e9ntico viaje sensorial para descubrir los sabores m\u00e1s genuinos de nuestra tierra. Entre tradici\u00f3n, naturaleza y sabor, vivir\u00e1s un momento \u00fanico en el coraz\u00f3n del campo de Apulia.<\/p>\n<p data-start=\"914\" data-end=\"946\" class=\" translation-block\">\ud83d\udc68\u200d\ud83c\udf73 <strong data-start=\"920\" data-end=\"946\">Demostraci\u00f3n en vivo<\/strong><\/p>\n<p data-start=\"948\" data-end=\"1226\" class=\" translation-block\">Observa de cerca el trabajo artesanal de un verdadero <strong data-start=\"999\" data-end=\"1018\">quesero pugliese<\/strong>, que te mostrar\u00e1 paso a paso c\u00f3mo se elaboran la <strong data-start=\"1071\" data-end=\"1095\">mozzarella y la burrata<\/strong>. Desde la leche fresca hasta la cuajada, del hilado al moldeado: cada gesto cuenta una historia de pasi\u00f3n y saberes antiguos.<\/p>\n<p data-start=\"1228\" data-end=\"1258\">\ud83d\udcac <strong data-start=\"1231\" data-end=\"1258\">Explicaci\u00f3n interactiva<\/strong><\/p>\n<p data-start=\"1260\" data-end=\"1496\" class=\" translation-block\">Durante la <strong data-start=\"1271\" data-end=\"1301\">degustaci\u00f3n de mozzarella<\/strong>, descubrir\u00e1s todos los secretos y curiosidades de la <strong data-start=\"1356\" data-end=\"1396\">queser\u00eda tradicional pugliese<\/strong>, con un relato fascinante que une cultura gastron\u00f3mica y conocimientos transmitidos de generaci\u00f3n en generaci\u00f3n.<\/p>\n<p data-start=\"1498\" data-end=\"1530\">\ud83e\udd42 <strong data-start=\"1501\" data-end=\"1530\">Aperitivo t\u00edpico pugliese<\/strong><\/p>\n<p data-start=\"1532\" data-end=\"1759\" class=\" translation-block\">Mientras saboreas los productos l\u00e1cteos reci\u00e9n elaborados, te esperan <strong>friselle<\/strong>, <strong>conservas vegetales<\/strong> y otras especialidades locales: un <strong data-start=\"1648\" data-end=\"1668\">aperitivo rural<\/strong> pensado para realzar la frescura de los productos y completar la experiencia de degustaci\u00f3n.<\/p>\n<h3 data-start=\"1761\" data-end=\"1822\">\ud83c\udfe1 <strong data-start=\"1764\" data-end=\"1817\">Ubicaci\u00f3n: una aut\u00e9ntica masseria entre naranjos<\/strong> \ud83c\udf4a\ud83c\udf3f<\/h3>\n<p data-start=\"1824\" data-end=\"2044\" class=\" translation-block\">La Mozzarella Experience se lleva a cabo en una t\u00edpica masseria pugliese, rodeada por la tranquila campi\u00f1a perfumada de naranjos y olivos. Un lugar aut\u00e9ntico donde la naturaleza se fusiona con el silencio y la tradici\u00f3n.<\/p>\n<h3 data-start=\"2046\" data-end=\"2087\">\ud83c\udf1f <strong data-start=\"2049\" data-end=\"2087\">Por qu\u00e9 elegir esta experiencia<\/strong><\/h3>\n<p data-start=\"2089\" data-end=\"2150\">\u2714\ufe0f Vive una experiencia aut\u00e9ntica, lejos de los circuitos tur\u00edsticos<\/p>\n<p data-start=\"2152\" data-end=\"2218\">\u2714\ufe0f Descubre el arte de la mozzarella directamente de un quesero local<\/p>\n<p data-start=\"2220\" data-end=\"2275\">\u2714\ufe0f Disfruta de productos fresqu\u00edsimos en un ambiente familiar<\/p>\n<p data-start=\"2277\" data-end=\"2335\">\u2714\ufe0f Ll\u00e9vate un recuerdo verdadero de la Puglia m\u00e1s aut\u00e9ntica<\/p>\n<h3 data-start=\"2337\" data-end=\"2361\">\ud83c\udf81 <strong data-start=\"2340\" data-end=\"2361\">Regalo exclusivo<\/strong><\/h3>\n<p data-start=\"2363\" data-end=\"2515\" class=\" translation-block\">Todos los participantes recibir\u00e1n como obsequio una <strong>bolsa firmada por Inchiostro di Puglia<\/strong>, perfecta para recordar esta experiencia con estilo y practicidad.<\/p>\n<h3 data-start=\"2517\" data-end=\"2565\">\ud83d\udcc5 <strong data-start=\"2520\" data-end=\"2565\">Reserva ahora tu Mozzarella Experience!<\/strong><\/h3>\n<p data-start=\"2567\" data-end=\"2742\" class=\" translation-block\"><a href=\"https:\/\/api.whatsapp.com\/send?phone=393668959532\" target=\"_self\">Cont\u00e1ctanos<\/a> para m\u00e1s informaci\u00f3n o para solicitar un <strong>tour a medida<\/strong>. Y si quieres hacer tu d\u00eda a\u00fan m\u00e1s especial, descubre tambi\u00e9n otros tours de Pugliamare:<\/p>\n<p data-start=\"2744\" data-end=\"2983\"><strong>\ud83d\udc49 <a class=\"\" href=\"https:\/\/pugliamare.it\/esperienze\/tour-in-barca-delle-grotte-di-polignano-a-mare-con-aperitivo-b\/\" target=\"_new\" rel=\"noopener\" data-start=\"2747\" data-end=\"2885\">Tour en barco por las cuevas de Polignano<\/a><\/strong><br data-start=\"2885\" data-end=\"2888\" \/><strong>\ud83d\udc49 <a class=\"\" href=\"https:\/\/pugliamare.it\/esperienze\/vespa-tour-valle-d-itria\/\" target=\"_new\" rel=\"noopener\" data-start=\"2891\" data-end=\"2983\">Tour en Vespa por el Valle de Itria<\/a><\/strong><\/p>","protected":false},"excerpt":{"rendered":"<p data-start=\"442\" data-end=\"793\" class=\" translation-block\">Descubre el arte de la mozzarella en una experiencia aut\u00e9ntica en el coraz\u00f3n de Puglia. Con la <strong data-start=\"226\" data-end=\"251\">Mozzarella Experience<\/strong> de Pugliamare x Inchiostro di Puglia vivir\u00e1s un d\u00eda inmersivo entre naturaleza, tradici\u00f3n y sabor. Asiste en vivo a la preparaci\u00f3n artesanal de mozzarella y burrata, degusta productos locales en una masseria rodeada de naranjos y olivos, y d\u00e9jate conquistar por los aromas y sabores m\u00e1s aut\u00e9nticos del sur.<\/p>","protected":false},"featured_media":22782,"template":"","meta":{"_acf_changed":false,"inline_featured_image":false},"product_cat":[412],"product_tag":[290],"acf":[],"yoast_head":"<!-- This site is optimized with the Yoast SEO Premium plugin v22.8 (Yoast SEO v22.8) - https:\/\/yoast.com\/wordpress\/plugins\/seo\/ -->\n<title>Mozzarella Experience in Puglia \u2013 Dimostrazione del Casaro | Pugliamare<\/title>\n<meta name=\"description\" content=\"Degustazione tipica in masseria con show del casaro. Vivi l\u2019autentica Mozzarella Experience in Puglia con Pugliamare e Inchiostro di Puglia.\" \/>\n<meta name=\"robots\" content=\"index, follow, max-snippet:-1, max-image-preview:large, max-video-preview:-1\" \/>\n<link rel=\"canonical\" href=\"https:\/\/pugliamare.it\/es\/esperienze\/pugliamare-x-inchiostro-di-puglia-mozzarella-experience-degustazione-con-dimostrazione-del-casaro\/\" \/>\n<meta property=\"og:locale\" content=\"es_ES\" \/>\n<meta property=\"og:type\" content=\"article\" \/>\n<meta property=\"og:title\" content=\"Mozzarella Experience in Puglia: Degustazione e dimostrazione del casaro - Pugliamare x Inchiostro di Puglia\" \/>\n<meta property=\"og:description\" content=\"Degustazione tipica in masseria con show del casaro. Vivi l\u2019autentica Mozzarella Experience in Puglia con Pugliamare e Inchiostro di Puglia.\" \/>\n<meta property=\"og:url\" content=\"https:\/\/pugliamare.it\/es\/esperienze\/pugliamare-x-inchiostro-di-puglia-mozzarella-experience-degustazione-con-dimostrazione-del-casaro\/\" \/>\n<meta property=\"og:site_name\" content=\"Pugliamare\" \/>\n<meta property=\"article:publisher\" content=\"https:\/\/www.facebook.com\/pugliamarexperience\" \/>\n<meta property=\"article:modified_time\" content=\"2025-07-11T07:50:43+00:00\" \/>\n<meta property=\"og:image\" content=\"https:\/\/pugliamare.it\/wp-content\/uploads\/2024\/05\/IMG_0736-scaled.jpg\" \/>\n\t<meta property=\"og:image:width\" content=\"2560\" \/>\n\t<meta property=\"og:image:height\" content=\"1440\" \/>\n\t<meta property=\"og:image:type\" content=\"image\/jpeg\" \/>\n<meta name=\"twitter:card\" content=\"summary_large_image\" \/>\n<script type=\"application\/ld+json\" class=\"yoast-schema-graph\">{\"@context\":\"https:\/\/schema.org\",\"@graph\":[{\"@type\":\"WebPage\",\"@id\":\"https:\/\/pugliamare.it\/esperienze\/pugliamare-x-inchiostro-di-puglia-mozzarella-experience-degustazione-con-dimostrazione-del-casaro\/\",\"url\":\"https:\/\/pugliamare.it\/esperienze\/pugliamare-x-inchiostro-di-puglia-mozzarella-experience-degustazione-con-dimostrazione-del-casaro\/\",\"name\":\"Mozzarella Experience in Puglia \u2013 Dimostrazione del Casaro | Pugliamare\",\"isPartOf\":{\"@id\":\"https:\/\/pugliamare.it\/en\/#website\"},\"primaryImageOfPage\":{\"@id\":\"https:\/\/pugliamare.it\/esperienze\/pugliamare-x-inchiostro-di-puglia-mozzarella-experience-degustazione-con-dimostrazione-del-casaro\/#primaryimage\"},\"image\":{\"@id\":\"https:\/\/pugliamare.it\/esperienze\/pugliamare-x-inchiostro-di-puglia-mozzarella-experience-degustazione-con-dimostrazione-del-casaro\/#primaryimage\"},\"thumbnailUrl\":\"https:\/\/pugliamare.it\/wp-content\/uploads\/2024\/05\/IMG_0736-scaled.jpg\",\"datePublished\":\"2025-06-13T10:05:16+00:00\",\"dateModified\":\"2025-07-11T07:50:43+00:00\",\"description\":\"Degustazione tipica in masseria con show del casaro. Vivi l\u2019autentica Mozzarella Experience in Puglia con Pugliamare e Inchiostro di Puglia.\",\"breadcrumb\":{\"@id\":\"https:\/\/pugliamare.it\/esperienze\/pugliamare-x-inchiostro-di-puglia-mozzarella-experience-degustazione-con-dimostrazione-del-casaro\/#breadcrumb\"},\"inLanguage\":\"es\",\"potentialAction\":[{\"@type\":\"ReadAction\",\"target\":[\"https:\/\/pugliamare.it\/esperienze\/pugliamare-x-inchiostro-di-puglia-mozzarella-experience-degustazione-con-dimostrazione-del-casaro\/\"]}]},{\"@type\":\"ImageObject\",\"inLanguage\":\"es\",\"@id\":\"https:\/\/pugliamare.it\/esperienze\/pugliamare-x-inchiostro-di-puglia-mozzarella-experience-degustazione-con-dimostrazione-del-casaro\/#primaryimage\",\"url\":\"https:\/\/pugliamare.it\/wp-content\/uploads\/2024\/05\/IMG_0736-scaled.jpg\",\"contentUrl\":\"https:\/\/pugliamare.it\/wp-content\/uploads\/2024\/05\/IMG_0736-scaled.jpg\",\"width\":2560,\"height\":1440,\"caption\":\"Casaro esperto durante la mozzarella experience in Puglia\"},{\"@type\":\"BreadcrumbList\",\"@id\":\"https:\/\/pugliamare.it\/esperienze\/pugliamare-x-inchiostro-di-puglia-mozzarella-experience-degustazione-con-dimostrazione-del-casaro\/#breadcrumb\",\"itemListElement\":[{\"@type\":\"ListItem\",\"position\":1,\"name\":\"Home\",\"item\":\"https:\/\/pugliamare.it\/\"},{\"@type\":\"ListItem\",\"position\":2,\"name\":\"Mozzarella Experience in Puglia: Degustazione e dimostrazione del casaro &#8211; Pugliamare x Inchiostro di Puglia\"}]},{\"@type\":\"WebSite\",\"@id\":\"https:\/\/pugliamare.it\/en\/#website\",\"url\":\"https:\/\/pugliamare.it\/en\/\",\"name\":\"Pugliamare\",\"description\":\"Esperienze, Soggiorni e Tour personalizzati in Puglia\",\"publisher\":{\"@id\":\"https:\/\/pugliamare.it\/en\/#organization\"},\"potentialAction\":[{\"@type\":\"SearchAction\",\"target\":{\"@type\":\"EntryPoint\",\"urlTemplate\":\"https:\/\/pugliamare.it\/en\/?s={search_term_string}\"},\"query-input\":\"required name=search_term_string\"}],\"inLanguage\":\"es\"},{\"@type\":\"Organization\",\"@id\":\"https:\/\/pugliamare.it\/en\/#organization\",\"name\":\"Pugliamare srl\",\"url\":\"https:\/\/pugliamare.it\/en\/\",\"logo\":{\"@type\":\"ImageObject\",\"inLanguage\":\"es\",\"@id\":\"https:\/\/pugliamare.it\/en\/#\/schema\/logo\/image\/\",\"url\":\"https:\/\/pugliamare.it\/wp-content\/uploads\/2021\/04\/cropped-cropped-Risorsa-2.png\",\"contentUrl\":\"https:\/\/pugliamare.it\/wp-content\/uploads\/2021\/04\/cropped-cropped-Risorsa-2.png\",\"width\":374,\"height\":117,\"caption\":\"Pugliamare srl\"},\"image\":{\"@id\":\"https:\/\/pugliamare.it\/en\/#\/schema\/logo\/image\/\"},\"sameAs\":[\"https:\/\/www.facebook.com\/pugliamarexperience\",\"https:\/\/www.instagram.com\/pugliamare\/\"]}]}<\/script>\n<!-- \/ Yoast SEO Premium plugin. -->","yoast_head_json":{"title":"Mozzarella Experience in Puglia \u2013 Dimostrazione del Casaro | Pugliamare","description":"Degustazione tipica in masseria con show del casaro. Vivi l\u2019autentica Mozzarella Experience in Puglia con Pugliamare e Inchiostro di Puglia.","robots":{"index":"index","follow":"follow","max-snippet":"max-snippet:-1","max-image-preview":"max-image-preview:large","max-video-preview":"max-video-preview:-1"},"canonical":"https:\/\/pugliamare.it\/es\/esperienze\/pugliamare-x-inchiostro-di-puglia-mozzarella-experience-degustazione-con-dimostrazione-del-casaro\/","og_locale":"es_ES","og_type":"article","og_title":"Mozzarella Experience in Puglia: Degustazione e dimostrazione del casaro - Pugliamare x Inchiostro di Puglia","og_description":"Degustazione tipica in masseria con show del casaro. Vivi l\u2019autentica Mozzarella Experience in Puglia con Pugliamare e Inchiostro di Puglia.","og_url":"https:\/\/pugliamare.it\/es\/esperienze\/pugliamare-x-inchiostro-di-puglia-mozzarella-experience-degustazione-con-dimostrazione-del-casaro\/","og_site_name":"Pugliamare","article_publisher":"https:\/\/www.facebook.com\/pugliamarexperience","article_modified_time":"2025-07-11T07:50:43+00:00","og_image":[{"width":2560,"height":1440,"url":"https:\/\/pugliamare.it\/wp-content\/uploads\/2024\/05\/IMG_0736-scaled.jpg","type":"image\/jpeg"}],"twitter_card":"summary_large_image","schema":{"@context":"https:\/\/schema.org","@graph":[{"@type":"WebPage","@id":"https:\/\/pugliamare.it\/esperienze\/pugliamare-x-inchiostro-di-puglia-mozzarella-experience-degustazione-con-dimostrazione-del-casaro\/","url":"https:\/\/pugliamare.it\/esperienze\/pugliamare-x-inchiostro-di-puglia-mozzarella-experience-degustazione-con-dimostrazione-del-casaro\/","name":"Mozzarella Experience in Puglia \u2013 Dimostrazione del Casaro | Pugliamare","isPartOf":{"@id":"https:\/\/pugliamare.it\/en\/#website"},"primaryImageOfPage":{"@id":"https:\/\/pugliamare.it\/esperienze\/pugliamare-x-inchiostro-di-puglia-mozzarella-experience-degustazione-con-dimostrazione-del-casaro\/#primaryimage"},"image":{"@id":"https:\/\/pugliamare.it\/esperienze\/pugliamare-x-inchiostro-di-puglia-mozzarella-experience-degustazione-con-dimostrazione-del-casaro\/#primaryimage"},"thumbnailUrl":"https:\/\/pugliamare.it\/wp-content\/uploads\/2024\/05\/IMG_0736-scaled.jpg","datePublished":"2025-06-13T10:05:16+00:00","dateModified":"2025-07-11T07:50:43+00:00","description":"Degustazione tipica in masseria con show del casaro. Vivi l\u2019autentica Mozzarella Experience in Puglia con Pugliamare e Inchiostro di Puglia.","breadcrumb":{"@id":"https:\/\/pugliamare.it\/esperienze\/pugliamare-x-inchiostro-di-puglia-mozzarella-experience-degustazione-con-dimostrazione-del-casaro\/#breadcrumb"},"inLanguage":"es","potentialAction":[{"@type":"ReadAction","target":["https:\/\/pugliamare.it\/esperienze\/pugliamare-x-inchiostro-di-puglia-mozzarella-experience-degustazione-con-dimostrazione-del-casaro\/"]}]},{"@type":"ImageObject","inLanguage":"es","@id":"https:\/\/pugliamare.it\/esperienze\/pugliamare-x-inchiostro-di-puglia-mozzarella-experience-degustazione-con-dimostrazione-del-casaro\/#primaryimage","url":"https:\/\/pugliamare.it\/wp-content\/uploads\/2024\/05\/IMG_0736-scaled.jpg","contentUrl":"https:\/\/pugliamare.it\/wp-content\/uploads\/2024\/05\/IMG_0736-scaled.jpg","width":2560,"height":1440,"caption":"Casaro esperto durante la mozzarella experience in Puglia"},{"@type":"BreadcrumbList","@id":"https:\/\/pugliamare.it\/esperienze\/pugliamare-x-inchiostro-di-puglia-mozzarella-experience-degustazione-con-dimostrazione-del-casaro\/#breadcrumb","itemListElement":[{"@type":"ListItem","position":1,"name":"Home","item":"https:\/\/pugliamare.it\/"},{"@type":"ListItem","position":2,"name":"Mozzarella Experience in Puglia: Degustazione e dimostrazione del casaro &#8211; Pugliamare x Inchiostro di Puglia"}]},{"@type":"WebSite","@id":"https:\/\/pugliamare.it\/en\/#website","url":"https:\/\/pugliamare.it\/en\/","name":"Pugliamare","description":"Esperienze, Soggiorni e Tour personalizzati in Puglia","publisher":{"@id":"https:\/\/pugliamare.it\/en\/#organization"},"potentialAction":[{"@type":"SearchAction","target":{"@type":"EntryPoint","urlTemplate":"https:\/\/pugliamare.it\/en\/?s={search_term_string}"},"query-input":"required name=search_term_string"}],"inLanguage":"es"},{"@type":"Organization","@id":"https:\/\/pugliamare.it\/en\/#organization","name":"Pugliamare srl","url":"https:\/\/pugliamare.it\/en\/","logo":{"@type":"ImageObject","inLanguage":"es","@id":"https:\/\/pugliamare.it\/en\/#\/schema\/logo\/image\/","url":"https:\/\/pugliamare.it\/wp-content\/uploads\/2021\/04\/cropped-cropped-Risorsa-2.png","contentUrl":"https:\/\/pugliamare.it\/wp-content\/uploads\/2021\/04\/cropped-cropped-Risorsa-2.png","width":374,"height":117,"caption":"Pugliamare srl"},"image":{"@id":"https:\/\/pugliamare.it\/en\/#\/schema\/logo\/image\/"},"sameAs":["https:\/\/www.facebook.com\/pugliamarexperience","https:\/\/www.instagram.com\/pugliamare\/"]}]}},"_links":{"self":[{"href":"https:\/\/pugliamare.it\/es\/wp-json\/wp\/v2\/product\/32228"}],"collection":[{"href":"https:\/\/pugliamare.it\/es\/wp-json\/wp\/v2\/product"}],"about":[{"href":"https:\/\/pugliamare.it\/es\/wp-json\/wp\/v2\/types\/product"}],"version-history":[{"count":9,"href":"https:\/\/pugliamare.it\/es\/wp-json\/wp\/v2\/product\/32228\/revisions"}],"predecessor-version":[{"id":33234,"href":"https:\/\/pugliamare.it\/es\/wp-json\/wp\/v2\/product\/32228\/revisions\/33234"}],"wp:featuredmedia":[{"embeddable":true,"href":"https:\/\/pugliamare.it\/es\/wp-json\/wp\/v2\/media\/22782"}],"wp:attachment":[{"href":"https:\/\/pugliamare.it\/es\/wp-json\/wp\/v2\/media?parent=32228"}],"wp:term":[{"taxonomy":"product_cat","embeddable":true,"href":"https:\/\/pugliamare.it\/es\/wp-json\/wp\/v2\/product_cat?post=32228"},{"taxonomy":"product_tag","embeddable":true,"href":"https:\/\/pugliamare.it\/es\/wp-json\/wp\/v2\/product_tag?post=32228"}],"curies":[{"name":"wp","href":"https:\/\/api.w.org\/{rel}","templated":true}]}}