{"id":32692,"date":"2025-06-26T12:20:20","date_gmt":"2025-06-26T10:20:20","guid":{"rendered":"https:\/\/pugliamare.it\/?post_type=product&#038;p=32692"},"modified":"2025-07-17T11:21:22","modified_gmt":"2025-07-17T09:21:22","slug":"pugliamare-x-inchiostro-di-puglia-street-food-tour-di-polignano-a-mare","status":"publish","type":"product","link":"https:\/\/pugliamare.it\/es\/esperienze\/pugliamare-x-inchiostro-di-puglia-street-food-tour-di-polignano-a-mare\/","title":{"rendered":"Street Food Tour en Polignano a Mare \u2013 Pugliamare x Inchiostro di Puglia"},"content":{"rendered":"<div class=\"column\">\n<h1>Street Food Tour Polignano a Mare: sabor, poes\u00eda y paisajes<\/h1>\n<\/div>\n<p data-start=\"406\" data-end=\"711\" class=\" translation-block\">Participa en nuestro <strong data-start=\"426\" data-end=\"463\"><a href=\"https:\/\/pugliamare.it\/destinazioni\/polignano-a-mare\/\" target=\"_self\">street food tour en Polignano a Mare<\/a><\/strong>, una experiencia \u00fanica de <strong data-start=\"493\" data-end=\"530\">Pugliamare x <a href=\"https:\/\/shop.inchiostrodipuglia.it\/\" target=\"_self\">Inchiostro di Puglia<\/a><\/strong>. Caminar\u00e1s por las calles adoquinadas del centro hist\u00f3rico, entre casas blancas, balcones con flores y frases po\u00e9ticas, descubriendo el alma verdadera del pueblo m\u00e1s ic\u00f3nico de la costa de Apulia.<\/p>\n<p data-start=\"713\" data-end=\"987\" class=\" translation-block\">Acompa\u00f1ado por una gu\u00eda local apasionada, recorrer\u00e1s miradores panor\u00e1micos y lugares emblem\u00e1ticos como la <strong data-start=\"817\" data-end=\"835\">Chiesa Matrice<\/strong> y la <strong data-start=\"838\" data-end=\"862\">Piazza dell\u2019Orologio<\/strong>, sumergi\u00e9ndote en relatos, sabores y ambientes aut\u00e9nticos. Cada parada es un encuentro con la cultura gastron\u00f3mica de Puglia.<\/p>\n<h3 data-start=\"713\" data-end=\"987\">\ud83c\udf74 Las etapas del sabor<\/h3>\n<p data-start=\"989\" data-end=\"1026\">Entre una historia y otra, degustar\u00e1s:<\/p>\n<ul data-start=\"1027\" data-end=\"1272\">\n<li data-start=\"1027\" data-end=\"1089\">\n<p data-start=\"1029\" data-end=\"1089\">\u2615 Il celebre <strong data-start=\"1040\" data-end=\"1058\">caff\u00e8 speciale<\/strong> del maestro Mario Campanella<\/p>\n<\/li>\n<li data-start=\"1090\" data-end=\"1127\">\n<p data-start=\"1092\" data-end=\"1127\" class=\" translation-block\">\ud83c\udf74 Una fragante <strong data-start=\"1106\" data-end=\"1125\">focaccia barese<\/strong><\/p>\n<\/li>\n<li data-start=\"1128\" data-end=\"1187\">\n<p data-start=\"1130\" data-end=\"1187\" class=\" translation-block\">\ud83c\udf74 El m\u00edtico <strong data-start=\"1140\" data-end=\"1154\">panzerotto<\/strong>, en su versi\u00f3n cl\u00e1sica o gourmet<\/p>\n<\/li>\n<li data-start=\"1188\" data-end=\"1272\">\n<p data-start=\"1190\" data-end=\"1272\" class=\" translation-block\">\ud83c\udf77 Una deliciosa <strong data-start=\"1203\" data-end=\"1239\">tabla con burrata y capocollo<\/strong>, acompa\u00f1ada de <strong data-start=\"1257\" data-end=\"1272\">vino local<\/strong><\/p>\n<\/li>\n<\/ul>\n<p data-start=\"1274\" data-end=\"1356\">Todo con vistas al mar Adri\u00e1tico, para un brindis suspendido entre cielo y piedra.<\/p>\n<h3 data-start=\"1358\" data-end=\"1905\">\u2728 Una experiencia completa para vivir (y recordar)<\/h3>\n<p data-start=\"1907\" data-end=\"2047\" class=\" translation-block\">\ud83c\udf81 Al final del tour recibir\u00e1s una <strong data-start=\"1943\" data-end=\"1993\">bolsa exclusiva de Inchiostro di Puglia<\/strong>, para llevar contigo un recuerdo aut\u00e9ntico del viaje.<\/p>\n<p data-start=\"1715\" data-end=\"2283\" class=\" translation-block\">Y si quieres hacer tu d\u00eda a\u00fan m\u00e1s especial, te recomendamos combinar el <strong data-start=\"1801\" data-end=\"1838\">street food tour en Polignano a Mare<\/strong> con otras experiencias de Pugliamare:<br data-start=\"1879\" data-end=\"1882\">descubre el encanto del campo con un <a class=\"\" href=\"https:\/\/pugliamare.it\/esperienze\/vespa-tour-noleggia-la-tua-vespa-in-puglia\/\" target=\"_new\" rel=\"noopener\" data-start=\"1922\" data-end=\"2036\"><strong data-start=\"1923\" data-end=\"1957\">Vespa Tour por el Valle de Itria<\/strong><\/a>, rel\u00e1jate con un <a class=\"cursor-pointer\" href=\"https:\/\/pugliamare.it\/tipologia\/cruises\/\" target=\"_new\" rel=\"noopener\" data-start=\"2055\" data-end=\"2167\"><strong data-start=\"2056\" data-end=\"2100\">tour en barco<\/strong><\/a> o explora los pueblos con una<a href=\"https:\/\/pugliamare.it\/tipologia\/city-tours\/\" target=\"_self\"> <strong data-start=\"2196\" data-end=\"2224\">visita guiada cultural<\/strong><\/a>.<\/p>\n<p data-start=\"2285\" data-end=\"2558\" class=\" translation-block\">Para solicitudes especiales o para organizar un <strong data-start=\"2329\" data-end=\"2357\">tour privado o a medida<\/strong>, cont\u00e1ctanos a trav\u00e9s del formulario en el sitio web o escr\u00edbenos directamente por <a class=\"\" href=\"https:\/\/api.whatsapp.com\/send?phone=393668959532\" target=\"_new\" rel=\"noopener\" data-start=\"2424\" data-end=\"2484\">WhatsApp<\/a>. Estaremos encantados de ayudarte a crear tu experiencia perfecta en Puglia.<\/p>","protected":false},"excerpt":{"rendered":"<p data-start=\"407\" data-end=\"656\" class=\" translation-block\">\u00danete a <strong>Pugliamare e Inchiostro di Puglia<\/strong> para un aut\u00e9ntico <strong>street food tour<\/strong> en Polignano a Mare.<br data-start=\"236\" data-end=\"239\">Pasea entre callejones encantadores, vistas impresionantes y aromas irresistibles mientras degustas las especialidades locales m\u00e1s queridas. Una experiencia multisensorial entre sabores puglieses, poes\u00eda callejera y relatos del territorio, pensada para quienes buscan sabor, cultura y belleza en un solo d\u00eda inolvidable.<\/p>","protected":false},"featured_media":24010,"template":"","meta":{"_acf_changed":false,"inline_featured_image":false},"product_cat":[412],"product_tag":[290],"acf":[],"yoast_head":"<!-- This site is optimized with the Yoast SEO Premium plugin v22.8 (Yoast SEO v22.8) - https:\/\/yoast.com\/wordpress\/plugins\/seo\/ -->\n<title>Street Food Tour Polignano a Mare con Inchiostro di Puglia | Pugliamare<\/title>\n<meta name=\"description\" content=\"Vivi un gustoso street food tour a Polignano a Mare con Pugliamare e Inchiostro di Puglia! Sapori locali, panorami e racconti in un\u2019esperienza unica.\" \/>\n<meta name=\"robots\" content=\"index, follow, max-snippet:-1, max-image-preview:large, max-video-preview:-1\" \/>\n<link rel=\"canonical\" href=\"https:\/\/pugliamare.it\/es\/esperienze\/pugliamare-x-inchiostro-di-puglia-street-food-tour-di-polignano-a-mare\/\" \/>\n<meta property=\"og:locale\" content=\"es_ES\" \/>\n<meta property=\"og:type\" content=\"article\" \/>\n<meta property=\"og:title\" content=\"Street Food Tour a Polignano a Mare \u2013 Pugliamare x Inchiostro di Puglia\" \/>\n<meta property=\"og:description\" content=\"Vivi un gustoso street food tour a Polignano a Mare con Pugliamare e Inchiostro di Puglia! Sapori locali, panorami e racconti in un\u2019esperienza unica.\" \/>\n<meta property=\"og:url\" content=\"https:\/\/pugliamare.it\/es\/esperienze\/pugliamare-x-inchiostro-di-puglia-street-food-tour-di-polignano-a-mare\/\" \/>\n<meta property=\"og:site_name\" content=\"Pugliamare\" \/>\n<meta property=\"article:publisher\" content=\"https:\/\/www.facebook.com\/pugliamarexperience\" \/>\n<meta property=\"article:modified_time\" content=\"2025-07-17T09:21:22+00:00\" \/>\n<meta property=\"og:image\" content=\"https:\/\/pugliamare.it\/wp-content\/uploads\/2024\/03\/DSCF0079-RAF_DxO_DeepPRIMEXD-1024x683.jpg\" \/>\n\t<meta property=\"og:image:width\" content=\"1024\" \/>\n\t<meta property=\"og:image:height\" content=\"683\" \/>\n\t<meta property=\"og:image:type\" content=\"image\/jpeg\" \/>\n<meta name=\"twitter:card\" content=\"summary_large_image\" \/>\n<script type=\"application\/ld+json\" class=\"yoast-schema-graph\">{\"@context\":\"https:\/\/schema.org\",\"@graph\":[{\"@type\":\"WebPage\",\"@id\":\"https:\/\/pugliamare.it\/esperienze\/pugliamare-x-inchiostro-di-puglia-street-food-tour-di-polignano-a-mare\/\",\"url\":\"https:\/\/pugliamare.it\/esperienze\/pugliamare-x-inchiostro-di-puglia-street-food-tour-di-polignano-a-mare\/\",\"name\":\"Street Food Tour Polignano a Mare con Inchiostro di Puglia | Pugliamare\",\"isPartOf\":{\"@id\":\"https:\/\/pugliamare.it\/en\/#website\"},\"primaryImageOfPage\":{\"@id\":\"https:\/\/pugliamare.it\/esperienze\/pugliamare-x-inchiostro-di-puglia-street-food-tour-di-polignano-a-mare\/#primaryimage\"},\"image\":{\"@id\":\"https:\/\/pugliamare.it\/esperienze\/pugliamare-x-inchiostro-di-puglia-street-food-tour-di-polignano-a-mare\/#primaryimage\"},\"thumbnailUrl\":\"https:\/\/pugliamare.it\/wp-content\/uploads\/2024\/03\/DSCF0079-RAF_DxO_DeepPRIMEXD.jpg\",\"datePublished\":\"2025-06-26T10:20:20+00:00\",\"dateModified\":\"2025-07-17T09:21:22+00:00\",\"description\":\"Vivi un gustoso street food tour a Polignano a Mare con Pugliamare e Inchiostro di Puglia! Sapori locali, panorami e racconti in un\u2019esperienza unica.\",\"breadcrumb\":{\"@id\":\"https:\/\/pugliamare.it\/esperienze\/pugliamare-x-inchiostro-di-puglia-street-food-tour-di-polignano-a-mare\/#breadcrumb\"},\"inLanguage\":\"es\",\"potentialAction\":[{\"@type\":\"ReadAction\",\"target\":[\"https:\/\/pugliamare.it\/esperienze\/pugliamare-x-inchiostro-di-puglia-street-food-tour-di-polignano-a-mare\/\"]}]},{\"@type\":\"ImageObject\",\"inLanguage\":\"es\",\"@id\":\"https:\/\/pugliamare.it\/esperienze\/pugliamare-x-inchiostro-di-puglia-street-food-tour-di-polignano-a-mare\/#primaryimage\",\"url\":\"https:\/\/pugliamare.it\/wp-content\/uploads\/2024\/03\/DSCF0079-RAF_DxO_DeepPRIMEXD.jpg\",\"contentUrl\":\"https:\/\/pugliamare.it\/wp-content\/uploads\/2024\/03\/DSCF0079-RAF_DxO_DeepPRIMEXD.jpg\",\"width\":2500,\"height\":1667,\"caption\":\"Turisti che brindano con calici di vino durante lo Street Food Tour a Polignano a Mare.\"},{\"@type\":\"BreadcrumbList\",\"@id\":\"https:\/\/pugliamare.it\/esperienze\/pugliamare-x-inchiostro-di-puglia-street-food-tour-di-polignano-a-mare\/#breadcrumb\",\"itemListElement\":[{\"@type\":\"ListItem\",\"position\":1,\"name\":\"Home\",\"item\":\"https:\/\/pugliamare.it\/\"},{\"@type\":\"ListItem\",\"position\":2,\"name\":\"Street Food Tour a Polignano a Mare \u2013 Pugliamare x Inchiostro di Puglia\"}]},{\"@type\":\"WebSite\",\"@id\":\"https:\/\/pugliamare.it\/en\/#website\",\"url\":\"https:\/\/pugliamare.it\/en\/\",\"name\":\"Pugliamare\",\"description\":\"Esperienze, Soggiorni e Tour personalizzati in Puglia\",\"publisher\":{\"@id\":\"https:\/\/pugliamare.it\/en\/#organization\"},\"potentialAction\":[{\"@type\":\"SearchAction\",\"target\":{\"@type\":\"EntryPoint\",\"urlTemplate\":\"https:\/\/pugliamare.it\/en\/?s={search_term_string}\"},\"query-input\":\"required name=search_term_string\"}],\"inLanguage\":\"es\"},{\"@type\":\"Organization\",\"@id\":\"https:\/\/pugliamare.it\/en\/#organization\",\"name\":\"Pugliamare srl\",\"url\":\"https:\/\/pugliamare.it\/en\/\",\"logo\":{\"@type\":\"ImageObject\",\"inLanguage\":\"es\",\"@id\":\"https:\/\/pugliamare.it\/en\/#\/schema\/logo\/image\/\",\"url\":\"https:\/\/pugliamare.it\/wp-content\/uploads\/2021\/04\/cropped-cropped-Risorsa-2.png\",\"contentUrl\":\"https:\/\/pugliamare.it\/wp-content\/uploads\/2021\/04\/cropped-cropped-Risorsa-2.png\",\"width\":374,\"height\":117,\"caption\":\"Pugliamare srl\"},\"image\":{\"@id\":\"https:\/\/pugliamare.it\/en\/#\/schema\/logo\/image\/\"},\"sameAs\":[\"https:\/\/www.facebook.com\/pugliamarexperience\",\"https:\/\/www.instagram.com\/pugliamare\/\"]}]}<\/script>\n<!-- \/ Yoast SEO Premium plugin. -->","yoast_head_json":{"title":"Street Food Tour Polignano a Mare con Inchiostro di Puglia | Pugliamare","description":"Vivi un gustoso street food tour a Polignano a Mare con Pugliamare e Inchiostro di Puglia! Sapori locali, panorami e racconti in un\u2019esperienza unica.","robots":{"index":"index","follow":"follow","max-snippet":"max-snippet:-1","max-image-preview":"max-image-preview:large","max-video-preview":"max-video-preview:-1"},"canonical":"https:\/\/pugliamare.it\/es\/esperienze\/pugliamare-x-inchiostro-di-puglia-street-food-tour-di-polignano-a-mare\/","og_locale":"es_ES","og_type":"article","og_title":"Street Food Tour a Polignano a Mare \u2013 Pugliamare x Inchiostro di Puglia","og_description":"Vivi un gustoso street food tour a Polignano a Mare con Pugliamare e Inchiostro di Puglia! Sapori locali, panorami e racconti in un\u2019esperienza unica.","og_url":"https:\/\/pugliamare.it\/es\/esperienze\/pugliamare-x-inchiostro-di-puglia-street-food-tour-di-polignano-a-mare\/","og_site_name":"Pugliamare","article_publisher":"https:\/\/www.facebook.com\/pugliamarexperience","article_modified_time":"2025-07-17T09:21:22+00:00","og_image":[{"width":1024,"height":683,"url":"https:\/\/pugliamare.it\/wp-content\/uploads\/2024\/03\/DSCF0079-RAF_DxO_DeepPRIMEXD-1024x683.jpg","type":"image\/jpeg"}],"twitter_card":"summary_large_image","schema":{"@context":"https:\/\/schema.org","@graph":[{"@type":"WebPage","@id":"https:\/\/pugliamare.it\/esperienze\/pugliamare-x-inchiostro-di-puglia-street-food-tour-di-polignano-a-mare\/","url":"https:\/\/pugliamare.it\/esperienze\/pugliamare-x-inchiostro-di-puglia-street-food-tour-di-polignano-a-mare\/","name":"Street Food Tour Polignano a Mare con Inchiostro di Puglia | Pugliamare","isPartOf":{"@id":"https:\/\/pugliamare.it\/en\/#website"},"primaryImageOfPage":{"@id":"https:\/\/pugliamare.it\/esperienze\/pugliamare-x-inchiostro-di-puglia-street-food-tour-di-polignano-a-mare\/#primaryimage"},"image":{"@id":"https:\/\/pugliamare.it\/esperienze\/pugliamare-x-inchiostro-di-puglia-street-food-tour-di-polignano-a-mare\/#primaryimage"},"thumbnailUrl":"https:\/\/pugliamare.it\/wp-content\/uploads\/2024\/03\/DSCF0079-RAF_DxO_DeepPRIMEXD.jpg","datePublished":"2025-06-26T10:20:20+00:00","dateModified":"2025-07-17T09:21:22+00:00","description":"Vivi un gustoso street food tour a Polignano a Mare con Pugliamare e Inchiostro di Puglia! Sapori locali, panorami e racconti in un\u2019esperienza unica.","breadcrumb":{"@id":"https:\/\/pugliamare.it\/esperienze\/pugliamare-x-inchiostro-di-puglia-street-food-tour-di-polignano-a-mare\/#breadcrumb"},"inLanguage":"es","potentialAction":[{"@type":"ReadAction","target":["https:\/\/pugliamare.it\/esperienze\/pugliamare-x-inchiostro-di-puglia-street-food-tour-di-polignano-a-mare\/"]}]},{"@type":"ImageObject","inLanguage":"es","@id":"https:\/\/pugliamare.it\/esperienze\/pugliamare-x-inchiostro-di-puglia-street-food-tour-di-polignano-a-mare\/#primaryimage","url":"https:\/\/pugliamare.it\/wp-content\/uploads\/2024\/03\/DSCF0079-RAF_DxO_DeepPRIMEXD.jpg","contentUrl":"https:\/\/pugliamare.it\/wp-content\/uploads\/2024\/03\/DSCF0079-RAF_DxO_DeepPRIMEXD.jpg","width":2500,"height":1667,"caption":"Turisti che brindano con calici di vino durante lo Street Food Tour a Polignano a Mare."},{"@type":"BreadcrumbList","@id":"https:\/\/pugliamare.it\/esperienze\/pugliamare-x-inchiostro-di-puglia-street-food-tour-di-polignano-a-mare\/#breadcrumb","itemListElement":[{"@type":"ListItem","position":1,"name":"Home","item":"https:\/\/pugliamare.it\/"},{"@type":"ListItem","position":2,"name":"Street Food Tour a Polignano a Mare \u2013 Pugliamare x Inchiostro di Puglia"}]},{"@type":"WebSite","@id":"https:\/\/pugliamare.it\/en\/#website","url":"https:\/\/pugliamare.it\/en\/","name":"Pugliamare","description":"Esperienze, Soggiorni e Tour personalizzati in Puglia","publisher":{"@id":"https:\/\/pugliamare.it\/en\/#organization"},"potentialAction":[{"@type":"SearchAction","target":{"@type":"EntryPoint","urlTemplate":"https:\/\/pugliamare.it\/en\/?s={search_term_string}"},"query-input":"required name=search_term_string"}],"inLanguage":"es"},{"@type":"Organization","@id":"https:\/\/pugliamare.it\/en\/#organization","name":"Pugliamare srl","url":"https:\/\/pugliamare.it\/en\/","logo":{"@type":"ImageObject","inLanguage":"es","@id":"https:\/\/pugliamare.it\/en\/#\/schema\/logo\/image\/","url":"https:\/\/pugliamare.it\/wp-content\/uploads\/2021\/04\/cropped-cropped-Risorsa-2.png","contentUrl":"https:\/\/pugliamare.it\/wp-content\/uploads\/2021\/04\/cropped-cropped-Risorsa-2.png","width":374,"height":117,"caption":"Pugliamare srl"},"image":{"@id":"https:\/\/pugliamare.it\/en\/#\/schema\/logo\/image\/"},"sameAs":["https:\/\/www.facebook.com\/pugliamarexperience","https:\/\/www.instagram.com\/pugliamare\/"]}]}},"_links":{"self":[{"href":"https:\/\/pugliamare.it\/es\/wp-json\/wp\/v2\/product\/32692"}],"collection":[{"href":"https:\/\/pugliamare.it\/es\/wp-json\/wp\/v2\/product"}],"about":[{"href":"https:\/\/pugliamare.it\/es\/wp-json\/wp\/v2\/types\/product"}],"version-history":[{"count":8,"href":"https:\/\/pugliamare.it\/es\/wp-json\/wp\/v2\/product\/32692\/revisions"}],"predecessor-version":[{"id":33236,"href":"https:\/\/pugliamare.it\/es\/wp-json\/wp\/v2\/product\/32692\/revisions\/33236"}],"wp:featuredmedia":[{"embeddable":true,"href":"https:\/\/pugliamare.it\/es\/wp-json\/wp\/v2\/media\/24010"}],"wp:attachment":[{"href":"https:\/\/pugliamare.it\/es\/wp-json\/wp\/v2\/media?parent=32692"}],"wp:term":[{"taxonomy":"product_cat","embeddable":true,"href":"https:\/\/pugliamare.it\/es\/wp-json\/wp\/v2\/product_cat?post=32692"},{"taxonomy":"product_tag","embeddable":true,"href":"https:\/\/pugliamare.it\/es\/wp-json\/wp\/v2\/product_tag?post=32692"}],"curies":[{"name":"wp","href":"https:\/\/api.w.org\/{rel}","templated":true}]}}