{"id":33270,"date":"2025-07-11T16:07:09","date_gmt":"2025-07-11T14:07:09","guid":{"rendered":"https:\/\/pugliamare.it\/?post_type=product&#038;p=33270"},"modified":"2025-08-29T09:46:40","modified_gmt":"2025-08-29T07:46:40","slug":"villa-antichi-saperi","status":"publish","type":"product","link":"https:\/\/pugliamare.it\/es\/esperienze\/villa-antichi-saperi\/","title":{"rendered":"Villa Antichi Saperi"},"content":{"rendered":"<p data-start=\"121\" data-end=\"384\" class=\" translation-block\">Descubre el encanto de Apulia en <strong data-start=\"194\" data-end=\"218\">Villa Antichi Saperi<\/strong>, situada en el pintoresco entorno de Cisternino. Esta magn\u00edfica villa adosada cuenta con 2 unidades independientes, todas amuebladas con aut\u00e9ntico mobiliario apuliano:<\/p>\n<p data-start=\"386\" data-end=\"1114\" class=\" translation-block\"><strong data-start=\"386\" data-end=\"410\">\u201cOlio e Peperoncino\u201d<\/strong> es una suite rom\u00e1ntica para 2 hu\u00e9spedes. Este encantador alojamiento dispone de 1 dormitorio acogedor, 1 cocina totalmente equipada con comedor, 1 ba\u00f1o con ducha de cromoterapia y una veranda privada.<br data-start=\"616\" data-end=\"619\"><strong data-start=\"619\" data-end=\"638\">\u201cLa Dolce Vita\u201d<\/strong> es un amplio apartamento sin barreras arquitect\u00f3nicas para 4 hu\u00e9spedes: 2 dormitorios, 2 ba\u00f1os, 1 cocina\/sal\u00f3n con rinc\u00f3n de relax y una veranda privada completan esta magn\u00edfica unidad.<br data-start=\"831\" data-end=\"834\">Los grandes ventanales llenan las estancias de luz natural, ofreciendo maravillosas vistas del paisaje circundante. Para garantizar el m\u00e1ximo confort, la villa est\u00e1 equipada con comodidades modernas como aire acondicionado, Wi-Fi gratuito, lavadora y smart TV en cada habitaci\u00f3n.<\/p>\n<p data-start=\"1116\" data-end=\"1213\">Podemos alojar hasta 2 hu\u00e9spedes adicionales por unidad, gracias a la presencia de sof\u00e1s cama.<\/p>\n<p data-start=\"1215\" data-end=\"1340\">Goditi la comodit\u00e0 di avere la piscina e l\u2019intero giardino a disposizione esclusiva per te, la tua famiglia e i tuoi amici.<\/p>\n<p data-start=\"1342\" data-end=\"1581\">10 Hu\u00e9spedes<br data-start=\"1351\" data-end=\"1354\" \/>Aparcamiento disponible en el lugar<br data-start=\"1384\" data-end=\"1387\" \/>Ni\u00f1os bienvenidos, Se admiten mascotas, Apto para personas mayores o con movilidad reducida, Accesible en silla de ruedas<br data-start=\"1502\" data-end=\"1505\" \/>Jard\u00edn privado, Porche privado<br data-start=\"1538\" data-end=\"1541\" \/>Piscina exterior privada sin climatizar<\/p>","protected":false},"excerpt":{"rendered":"<p>Scopri il fascino della Puglia presso Villa Antichi Saperi, immersa nello scenario pittoresco di Cisternino. Questa splendida villa bifamiliare dispone di 2 unit\u00e0 indipendenti, tutte arredate con autentici mobili pugliesi: &#8220;Olio e Peperoncino&#8221; \u00e8 una romantica suite per 2 ospiti. Questo delizioso alloggio offre 1 accogliente camera da letto, 1 cucina completamente attrezzata con zona [&hellip;]<\/p>","protected":false},"featured_media":33271,"template":"","meta":{"_acf_changed":false,"inline_featured_image":false},"product_cat":[408],"product_tag":[374],"acf":[],"yoast_head":"<!-- This site is optimized with the Yoast SEO Premium plugin v22.8 (Yoast SEO v22.8) - https:\/\/yoast.com\/wordpress\/plugins\/seo\/ -->\n<title>Villa Antichi Saperi | Pugliamare<\/title>\n<meta name=\"robots\" content=\"index, follow, max-snippet:-1, max-image-preview:large, max-video-preview:-1\" \/>\n<link rel=\"canonical\" href=\"https:\/\/pugliamare.it\/es\/esperienze\/villa-antichi-saperi\/\" \/>\n<meta property=\"og:locale\" content=\"es_ES\" \/>\n<meta property=\"og:type\" content=\"article\" \/>\n<meta property=\"og:title\" content=\"Villa Antichi Saperi\" \/>\n<meta property=\"og:description\" content=\"Scopri il fascino della Puglia presso Villa Antichi Saperi, immersa nello scenario pittoresco di Cisternino. Questa splendida villa bifamiliare dispone di 2 unit\u00e0 indipendenti, tutte arredate con autentici mobili pugliesi: &#8220;Olio e Peperoncino&#8221; \u00e8 una romantica suite per 2 ospiti. Questo delizioso alloggio offre 1 accogliente camera da letto, 1 cucina completamente attrezzata con zona [&hellip;]\" \/>\n<meta property=\"og:url\" content=\"https:\/\/pugliamare.it\/es\/esperienze\/villa-antichi-saperi\/\" \/>\n<meta property=\"og:site_name\" content=\"Pugliamare\" \/>\n<meta property=\"article:publisher\" content=\"https:\/\/www.facebook.com\/pugliamarexperience\" \/>\n<meta property=\"article:modified_time\" content=\"2025-08-29T07:46:40+00:00\" \/>\n<meta property=\"og:image\" content=\"https:\/\/pugliamare.it\/wp-content\/uploads\/2025\/07\/villantichisaperi2.jpg\" \/>\n\t<meta property=\"og:image:width\" content=\"1920\" \/>\n\t<meta property=\"og:image:height\" content=\"1283\" \/>\n\t<meta property=\"og:image:type\" content=\"image\/jpeg\" \/>\n<meta name=\"twitter:card\" content=\"summary_large_image\" \/>\n<script type=\"application\/ld+json\" class=\"yoast-schema-graph\">{\"@context\":\"https:\/\/schema.org\",\"@graph\":[{\"@type\":\"WebPage\",\"@id\":\"https:\/\/pugliamare.it\/esperienze\/villa-antichi-saperi\/\",\"url\":\"https:\/\/pugliamare.it\/esperienze\/villa-antichi-saperi\/\",\"name\":\"Villa Antichi Saperi | Pugliamare\",\"isPartOf\":{\"@id\":\"https:\/\/pugliamare.it\/en\/#website\"},\"primaryImageOfPage\":{\"@id\":\"https:\/\/pugliamare.it\/esperienze\/villa-antichi-saperi\/#primaryimage\"},\"image\":{\"@id\":\"https:\/\/pugliamare.it\/esperienze\/villa-antichi-saperi\/#primaryimage\"},\"thumbnailUrl\":\"https:\/\/pugliamare.it\/wp-content\/uploads\/2025\/07\/villantichisaperi2.jpg\",\"datePublished\":\"2025-07-11T14:07:09+00:00\",\"dateModified\":\"2025-08-29T07:46:40+00:00\",\"breadcrumb\":{\"@id\":\"https:\/\/pugliamare.it\/esperienze\/villa-antichi-saperi\/#breadcrumb\"},\"inLanguage\":\"es\",\"potentialAction\":[{\"@type\":\"ReadAction\",\"target\":[\"https:\/\/pugliamare.it\/esperienze\/villa-antichi-saperi\/\"]}]},{\"@type\":\"ImageObject\",\"inLanguage\":\"es\",\"@id\":\"https:\/\/pugliamare.it\/esperienze\/villa-antichi-saperi\/#primaryimage\",\"url\":\"https:\/\/pugliamare.it\/wp-content\/uploads\/2025\/07\/villantichisaperi2.jpg\",\"contentUrl\":\"https:\/\/pugliamare.it\/wp-content\/uploads\/2025\/07\/villantichisaperi2.jpg\",\"width\":1920,\"height\":1283},{\"@type\":\"BreadcrumbList\",\"@id\":\"https:\/\/pugliamare.it\/esperienze\/villa-antichi-saperi\/#breadcrumb\",\"itemListElement\":[{\"@type\":\"ListItem\",\"position\":1,\"name\":\"Home\",\"item\":\"https:\/\/pugliamare.it\/\"},{\"@type\":\"ListItem\",\"position\":2,\"name\":\"Villa Antichi Saperi\"}]},{\"@type\":\"WebSite\",\"@id\":\"https:\/\/pugliamare.it\/en\/#website\",\"url\":\"https:\/\/pugliamare.it\/en\/\",\"name\":\"Pugliamare\",\"description\":\"Esperienze, Soggiorni e Tour personalizzati in Puglia\",\"publisher\":{\"@id\":\"https:\/\/pugliamare.it\/en\/#organization\"},\"potentialAction\":[{\"@type\":\"SearchAction\",\"target\":{\"@type\":\"EntryPoint\",\"urlTemplate\":\"https:\/\/pugliamare.it\/en\/?s={search_term_string}\"},\"query-input\":\"required name=search_term_string\"}],\"inLanguage\":\"es\"},{\"@type\":\"Organization\",\"@id\":\"https:\/\/pugliamare.it\/en\/#organization\",\"name\":\"Pugliamare srl\",\"url\":\"https:\/\/pugliamare.it\/en\/\",\"logo\":{\"@type\":\"ImageObject\",\"inLanguage\":\"es\",\"@id\":\"https:\/\/pugliamare.it\/en\/#\/schema\/logo\/image\/\",\"url\":\"https:\/\/pugliamare.it\/wp-content\/uploads\/2021\/04\/cropped-cropped-Risorsa-2.png\",\"contentUrl\":\"https:\/\/pugliamare.it\/wp-content\/uploads\/2021\/04\/cropped-cropped-Risorsa-2.png\",\"width\":374,\"height\":117,\"caption\":\"Pugliamare srl\"},\"image\":{\"@id\":\"https:\/\/pugliamare.it\/en\/#\/schema\/logo\/image\/\"},\"sameAs\":[\"https:\/\/www.facebook.com\/pugliamarexperience\",\"https:\/\/www.instagram.com\/pugliamare\/\"]}]}<\/script>\n<!-- \/ Yoast SEO Premium plugin. -->","yoast_head_json":{"title":"Villa Antichi Saperi | Pugliamare","robots":{"index":"index","follow":"follow","max-snippet":"max-snippet:-1","max-image-preview":"max-image-preview:large","max-video-preview":"max-video-preview:-1"},"canonical":"https:\/\/pugliamare.it\/es\/esperienze\/villa-antichi-saperi\/","og_locale":"es_ES","og_type":"article","og_title":"Villa Antichi Saperi","og_description":"Scopri il fascino della Puglia presso Villa Antichi Saperi, immersa nello scenario pittoresco di Cisternino. Questa splendida villa bifamiliare dispone di 2 unit\u00e0 indipendenti, tutte arredate con autentici mobili pugliesi: &#8220;Olio e Peperoncino&#8221; \u00e8 una romantica suite per 2 ospiti. Questo delizioso alloggio offre 1 accogliente camera da letto, 1 cucina completamente attrezzata con zona [&hellip;]","og_url":"https:\/\/pugliamare.it\/es\/esperienze\/villa-antichi-saperi\/","og_site_name":"Pugliamare","article_publisher":"https:\/\/www.facebook.com\/pugliamarexperience","article_modified_time":"2025-08-29T07:46:40+00:00","og_image":[{"width":1920,"height":1283,"url":"https:\/\/pugliamare.it\/wp-content\/uploads\/2025\/07\/villantichisaperi2.jpg","type":"image\/jpeg"}],"twitter_card":"summary_large_image","schema":{"@context":"https:\/\/schema.org","@graph":[{"@type":"WebPage","@id":"https:\/\/pugliamare.it\/esperienze\/villa-antichi-saperi\/","url":"https:\/\/pugliamare.it\/esperienze\/villa-antichi-saperi\/","name":"Villa Antichi Saperi | Pugliamare","isPartOf":{"@id":"https:\/\/pugliamare.it\/en\/#website"},"primaryImageOfPage":{"@id":"https:\/\/pugliamare.it\/esperienze\/villa-antichi-saperi\/#primaryimage"},"image":{"@id":"https:\/\/pugliamare.it\/esperienze\/villa-antichi-saperi\/#primaryimage"},"thumbnailUrl":"https:\/\/pugliamare.it\/wp-content\/uploads\/2025\/07\/villantichisaperi2.jpg","datePublished":"2025-07-11T14:07:09+00:00","dateModified":"2025-08-29T07:46:40+00:00","breadcrumb":{"@id":"https:\/\/pugliamare.it\/esperienze\/villa-antichi-saperi\/#breadcrumb"},"inLanguage":"es","potentialAction":[{"@type":"ReadAction","target":["https:\/\/pugliamare.it\/esperienze\/villa-antichi-saperi\/"]}]},{"@type":"ImageObject","inLanguage":"es","@id":"https:\/\/pugliamare.it\/esperienze\/villa-antichi-saperi\/#primaryimage","url":"https:\/\/pugliamare.it\/wp-content\/uploads\/2025\/07\/villantichisaperi2.jpg","contentUrl":"https:\/\/pugliamare.it\/wp-content\/uploads\/2025\/07\/villantichisaperi2.jpg","width":1920,"height":1283},{"@type":"BreadcrumbList","@id":"https:\/\/pugliamare.it\/esperienze\/villa-antichi-saperi\/#breadcrumb","itemListElement":[{"@type":"ListItem","position":1,"name":"Home","item":"https:\/\/pugliamare.it\/"},{"@type":"ListItem","position":2,"name":"Villa Antichi Saperi"}]},{"@type":"WebSite","@id":"https:\/\/pugliamare.it\/en\/#website","url":"https:\/\/pugliamare.it\/en\/","name":"Pugliamare","description":"Esperienze, Soggiorni e Tour personalizzati in Puglia","publisher":{"@id":"https:\/\/pugliamare.it\/en\/#organization"},"potentialAction":[{"@type":"SearchAction","target":{"@type":"EntryPoint","urlTemplate":"https:\/\/pugliamare.it\/en\/?s={search_term_string}"},"query-input":"required name=search_term_string"}],"inLanguage":"es"},{"@type":"Organization","@id":"https:\/\/pugliamare.it\/en\/#organization","name":"Pugliamare srl","url":"https:\/\/pugliamare.it\/en\/","logo":{"@type":"ImageObject","inLanguage":"es","@id":"https:\/\/pugliamare.it\/en\/#\/schema\/logo\/image\/","url":"https:\/\/pugliamare.it\/wp-content\/uploads\/2021\/04\/cropped-cropped-Risorsa-2.png","contentUrl":"https:\/\/pugliamare.it\/wp-content\/uploads\/2021\/04\/cropped-cropped-Risorsa-2.png","width":374,"height":117,"caption":"Pugliamare srl"},"image":{"@id":"https:\/\/pugliamare.it\/en\/#\/schema\/logo\/image\/"},"sameAs":["https:\/\/www.facebook.com\/pugliamarexperience","https:\/\/www.instagram.com\/pugliamare\/"]}]}},"_links":{"self":[{"href":"https:\/\/pugliamare.it\/es\/wp-json\/wp\/v2\/product\/33270"}],"collection":[{"href":"https:\/\/pugliamare.it\/es\/wp-json\/wp\/v2\/product"}],"about":[{"href":"https:\/\/pugliamare.it\/es\/wp-json\/wp\/v2\/types\/product"}],"version-history":[{"count":3,"href":"https:\/\/pugliamare.it\/es\/wp-json\/wp\/v2\/product\/33270\/revisions"}],"predecessor-version":[{"id":35274,"href":"https:\/\/pugliamare.it\/es\/wp-json\/wp\/v2\/product\/33270\/revisions\/35274"}],"wp:featuredmedia":[{"embeddable":true,"href":"https:\/\/pugliamare.it\/es\/wp-json\/wp\/v2\/media\/33271"}],"wp:attachment":[{"href":"https:\/\/pugliamare.it\/es\/wp-json\/wp\/v2\/media?parent=33270"}],"wp:term":[{"taxonomy":"product_cat","embeddable":true,"href":"https:\/\/pugliamare.it\/es\/wp-json\/wp\/v2\/product_cat?post=33270"},{"taxonomy":"product_tag","embeddable":true,"href":"https:\/\/pugliamare.it\/es\/wp-json\/wp\/v2\/product_tag?post=33270"}],"curies":[{"name":"wp","href":"https:\/\/api.w.org\/{rel}","templated":true}]}}