{"id":33696,"date":"2025-07-24T09:18:03","date_gmt":"2025-07-24T07:18:03","guid":{"rendered":"https:\/\/pugliamare.it\/?post_type=product&#038;p=33696"},"modified":"2026-01-16T11:24:51","modified_gmt":"2026-01-16T10:24:51","slug":"cooking-class-focaccia-orecchiette-a-bari","status":"publish","type":"product","link":"https:\/\/pugliamare.it\/es\/esperienze\/cooking-class-focaccia-orecchiette-a-bari\/","title":{"rendered":"Clase de Cocina Focaccia &amp; Orecchiette en Bari \u2013 Amasa, Saborea y Brinda"},"content":{"rendered":"<h1 data-start=\"817\" data-end=\"867\">Clase de Cocina de Focaccia y Orecchiette en Bari \u2013 Manos en la Masa<\/h1>\n<p data-start=\"875\" data-end=\"1139\" class=\" translation-block\">Prep\u00e1rate para vivir una experiencia \u00fanica en el coraz\u00f3n de <a href=\"https:\/\/pugliamare.it\/destinazioni\/bari\/\" target=\"_self\">Bari<\/a> con nuestra <strong>clase<\/strong> <strong>de cocina<\/strong>, en una ubicaci\u00f3n secreta que guarda el aut\u00e9ntico esp\u00edritu de la cocina pugliesa. Acompa\u00f1ado por un gu\u00eda local y chefs expertos, te ensuciar\u00e1s las manos con la masa para crear dos obras maestras de la tradici\u00f3n barese:<\/p>\n<ul data-start=\"1141\" data-end=\"1610\">\n<li data-start=\"1141\" data-end=\"1393\">\n<p data-start=\"1143\" data-end=\"1393\" class=\" translation-block\"><strong data-start=\"1143\" data-end=\"1162\">Focaccia barese<\/strong>: la reina indiscutible del street food local, esponjosa y dorada, enriquecida con tomates cherry frescos y con su crujiente irresistible que incluso ha superado a la focaccia genovesa. Descubrir\u00e1s todos los secretos para prepararla a la perfecci\u00f3n.<\/p>\n<\/li>\n<li data-start=\"1395\" data-end=\"1610\">\n<p data-start=\"1397\" data-end=\"1610\" class=\" translation-block\"><strong data-start=\"1397\" data-end=\"1419\">Orecchiette baresi<\/strong>: las aut\u00e9nticas orecchiette hechas a mano, un patrimonio que preservar seg\u00fan el New York Times. Aprender\u00e1s la antigua t\u00e9cnica transmitida de generaci\u00f3n en generaci\u00f3n para crear esta pasta ic\u00f3nica.<\/p>\n<\/li>\n<\/ul>\n<h3 data-start=\"1506\" data-end=\"1535\"><strong>\ud83d\udd52 Detalles de la lecci\u00f3n<\/strong><\/h3>\n<ul>\n<li style=\"list-style-type: none;\">\n<ul data-start=\"1654\" data-end=\"1931\">\n<li data-start=\"1672\" data-end=\"1763\">\n<p data-start=\"1674\" data-end=\"1763\" class=\" translation-block\"><strong>Duraci\u00f3n:<\/strong> 2 horas<\/p>\n<\/li>\n<li data-start=\"1672\" data-end=\"1763\">\n<p data-start=\"1674\" data-end=\"1763\" class=\" translation-block\"><strong>Idiomas disponibles<\/strong>: italiano, ingl\u00e9s, alem\u00e1n, franc\u00e9s, espa\u00f1ol (otros bajo petici\u00f3n)<\/p>\n<\/li>\n<li data-start=\"1764\" data-end=\"1789\">\n<p data-start=\"1766\" data-end=\"1789\"><strong>Esperienza in Gruppo<\/strong>: \u20ac85 a persona<\/p>\n<\/li>\n<li data-start=\"1790\" data-end=\"1852\">\n<p data-start=\"1792\" data-end=\"1852\" class=\" translation-block\"><strong>Punto de encuentro<\/strong>: Casco hist\u00f3rico de Bari, Via Vallisa, 81<\/p>\n<\/li>\n<\/ul>\n<\/li>\n<\/ul>\n<h3 data-start=\"1938\" data-end=\"1960\"><strong>\ud83c\udf77 Brindis final<\/strong><\/h3>\n<p data-start=\"1962\" data-end=\"2164\" class=\" translation-block\">Al finalizar la clase, habr\u00e1 un brindis con un buen <strong>vino<\/strong> <strong>local<\/strong> para celebrar el fruto del trabajo realizado, compartiendo historias y sabores aut\u00e9nticos de Puglia en un momento de pura convivialidad.<\/p>\n<h3 data-start=\"154\" data-end=\"181\"><strong>\ud83c\udf1f Experiencias relacionadas<\/strong><\/h3>\n<p class=\" translation-block\">Para completar tu viaje por los sabores de Puglia, descubre nuestras <a href=\"https:\/\/pugliamare.it\/tipologia\/food-wine\/\" target=\"_self\"><strong>visitas guiadas enogastron\u00f3micas<\/strong><\/a>, <a href=\"https:\/\/pugliamare.it\/tipologia\/vespa-tours\/\" target=\"_self\"><strong>tours en Vespa<\/strong><\/a> por los pueblos hist\u00f3ricos y las inolvidables <strong><a href=\"https:\/\/pugliamare.it\/esperienze\/da-bari-tempo-libero-e-tour-in-barca-alle-grotte-marine-di-polignano-a-mare\/\" target=\"_self\">excursiones en barco<\/a><\/strong> a lo largo de la costa de Polignano.<\/p>\n<h3 data-start=\"424\" data-end=\"502\">Reserva ahora tu Clase de Cocina de Focaccia &amp; Orecchiette en Bari<\/h3>\n<p data-start=\"504\" data-end=\"811\" class=\" translation-block\">No pierdas la oportunidad de aprender, cocinar y saborear la tradici\u00f3n de Bari como un verdadero local. <strong data-start=\"2342\" data-end=\"2360\">Reserva ahora<\/strong> tu experiencia y ll\u00e9vate a casa un pedazo de Puglia. Para informaci\u00f3n o solicitudes, <a href=\"https:\/\/api.whatsapp.com\/send?phone=393668959532\" target=\"_self\"><strong data-start=\"755\" data-end=\"769\">cont\u00e1ctanos<\/strong><\/a>: el equipo de Pugliamare est\u00e1 listo para asistirte.<\/p>","protected":false},"excerpt":{"rendered":"<p data-start=\"467\" data-end=\"768\" class=\" translation-block\">Discover the true taste of Bari with our <strong data-start=\"512\" data-end=\"557\">focaccia and orecchiette cooking class in Bari<\/strong>, an immersive experience in a secret spot of the historic center. Knead tradition, savor authentic flavors, and toast with local wines while learning the secrets of Apulian cuisine.<\/p>","protected":false},"featured_media":33701,"template":"","meta":{"_acf_changed":false,"inline_featured_image":false},"product_cat":[293],"product_tag":[321],"acf":[],"yoast_head":"<!-- This site is optimized with the Yoast SEO Premium plugin v22.8 (Yoast SEO v22.8) - https:\/\/yoast.com\/wordpress\/plugins\/seo\/ -->\n<title>Cooking Class Focaccia &amp; Orecchiette a Bari - Lezione di Cucina | Pugliamare<\/title>\n<meta name=\"description\" content=\"Partecipa a una cooking class a Bari: impara a preparare focaccia barese e orecchiette fatte a mano, con brindisi e prodotti locali. Prenota ora!\" \/>\n<meta name=\"robots\" content=\"index, follow, max-snippet:-1, max-image-preview:large, max-video-preview:-1\" \/>\n<link rel=\"canonical\" href=\"https:\/\/pugliamare.it\/es\/esperienze\/cooking-class-focaccia-orecchiette-a-bari\/\" \/>\n<meta property=\"og:locale\" content=\"es_ES\" \/>\n<meta property=\"og:type\" content=\"article\" \/>\n<meta property=\"og:title\" content=\"Cooking Class Focaccia &amp; Orecchiette a Bari \u2013 Impasta, Assapora e Brinda\" \/>\n<meta property=\"og:description\" content=\"Partecipa a una cooking class a Bari: impara a preparare focaccia barese e orecchiette fatte a mano, con brindisi e prodotti locali. Prenota ora!\" \/>\n<meta property=\"og:url\" content=\"https:\/\/pugliamare.it\/es\/esperienze\/cooking-class-focaccia-orecchiette-a-bari\/\" \/>\n<meta property=\"og:site_name\" content=\"Pugliamare\" \/>\n<meta property=\"article:publisher\" content=\"https:\/\/www.facebook.com\/pugliamarexperience\" \/>\n<meta property=\"article:modified_time\" content=\"2026-01-16T10:24:51+00:00\" \/>\n<meta property=\"og:image\" content=\"https:\/\/pugliamare.it\/wp-content\/uploads\/2025\/07\/cooking-class-Bari.png\" \/>\n\t<meta property=\"og:image:width\" content=\"790\" \/>\n\t<meta property=\"og:image:height\" content=\"459\" \/>\n\t<meta property=\"og:image:type\" content=\"image\/png\" \/>\n<meta name=\"twitter:card\" content=\"summary_large_image\" \/>\n<script type=\"application\/ld+json\" class=\"yoast-schema-graph\">{\"@context\":\"https:\/\/schema.org\",\"@graph\":[{\"@type\":\"WebPage\",\"@id\":\"https:\/\/pugliamare.it\/esperienze\/cooking-class-focaccia-orecchiette-a-bari\/\",\"url\":\"https:\/\/pugliamare.it\/esperienze\/cooking-class-focaccia-orecchiette-a-bari\/\",\"name\":\"Cooking Class Focaccia & Orecchiette a Bari - Lezione di Cucina | Pugliamare\",\"isPartOf\":{\"@id\":\"https:\/\/pugliamare.it\/en\/#website\"},\"primaryImageOfPage\":{\"@id\":\"https:\/\/pugliamare.it\/esperienze\/cooking-class-focaccia-orecchiette-a-bari\/#primaryimage\"},\"image\":{\"@id\":\"https:\/\/pugliamare.it\/esperienze\/cooking-class-focaccia-orecchiette-a-bari\/#primaryimage\"},\"thumbnailUrl\":\"https:\/\/pugliamare.it\/wp-content\/uploads\/2025\/07\/cooking-class-Bari.png\",\"datePublished\":\"2025-07-24T07:18:03+00:00\",\"dateModified\":\"2026-01-16T10:24:51+00:00\",\"description\":\"Partecipa a una cooking class a Bari: impara a preparare focaccia barese e orecchiette fatte a mano, con brindisi e prodotti locali. Prenota ora!\",\"breadcrumb\":{\"@id\":\"https:\/\/pugliamare.it\/esperienze\/cooking-class-focaccia-orecchiette-a-bari\/#breadcrumb\"},\"inLanguage\":\"es\",\"potentialAction\":[{\"@type\":\"ReadAction\",\"target\":[\"https:\/\/pugliamare.it\/esperienze\/cooking-class-focaccia-orecchiette-a-bari\/\"]}]},{\"@type\":\"ImageObject\",\"inLanguage\":\"es\",\"@id\":\"https:\/\/pugliamare.it\/esperienze\/cooking-class-focaccia-orecchiette-a-bari\/#primaryimage\",\"url\":\"https:\/\/pugliamare.it\/wp-content\/uploads\/2025\/07\/cooking-class-Bari.png\",\"contentUrl\":\"https:\/\/pugliamare.it\/wp-content\/uploads\/2025\/07\/cooking-class-Bari.png\",\"width\":790,\"height\":459,\"caption\":\"cooking class orecchiette e focaccia Bari\"},{\"@type\":\"BreadcrumbList\",\"@id\":\"https:\/\/pugliamare.it\/esperienze\/cooking-class-focaccia-orecchiette-a-bari\/#breadcrumb\",\"itemListElement\":[{\"@type\":\"ListItem\",\"position\":1,\"name\":\"Home\",\"item\":\"https:\/\/pugliamare.it\/\"},{\"@type\":\"ListItem\",\"position\":2,\"name\":\"Cooking Class Focaccia &#038; Orecchiette a Bari \u2013 Impasta, Assapora e Brinda\"}]},{\"@type\":\"WebSite\",\"@id\":\"https:\/\/pugliamare.it\/en\/#website\",\"url\":\"https:\/\/pugliamare.it\/en\/\",\"name\":\"Pugliamare\",\"description\":\"Esperienze, Soggiorni e Tour personalizzati in Puglia\",\"publisher\":{\"@id\":\"https:\/\/pugliamare.it\/en\/#organization\"},\"potentialAction\":[{\"@type\":\"SearchAction\",\"target\":{\"@type\":\"EntryPoint\",\"urlTemplate\":\"https:\/\/pugliamare.it\/en\/?s={search_term_string}\"},\"query-input\":\"required name=search_term_string\"}],\"inLanguage\":\"es\"},{\"@type\":\"Organization\",\"@id\":\"https:\/\/pugliamare.it\/en\/#organization\",\"name\":\"Pugliamare srl\",\"url\":\"https:\/\/pugliamare.it\/en\/\",\"logo\":{\"@type\":\"ImageObject\",\"inLanguage\":\"es\",\"@id\":\"https:\/\/pugliamare.it\/en\/#\/schema\/logo\/image\/\",\"url\":\"https:\/\/pugliamare.it\/wp-content\/uploads\/2021\/04\/cropped-cropped-Risorsa-2.png\",\"contentUrl\":\"https:\/\/pugliamare.it\/wp-content\/uploads\/2021\/04\/cropped-cropped-Risorsa-2.png\",\"width\":374,\"height\":117,\"caption\":\"Pugliamare srl\"},\"image\":{\"@id\":\"https:\/\/pugliamare.it\/en\/#\/schema\/logo\/image\/\"},\"sameAs\":[\"https:\/\/www.facebook.com\/pugliamarexperience\",\"https:\/\/www.instagram.com\/pugliamare\/\"]}]}<\/script>\n<!-- \/ Yoast SEO Premium plugin. -->","yoast_head_json":{"title":"Cooking Class Focaccia & Orecchiette a Bari - Lezione di Cucina | Pugliamare","description":"Partecipa a una cooking class a Bari: impara a preparare focaccia barese e orecchiette fatte a mano, con brindisi e prodotti locali. Prenota ora!","robots":{"index":"index","follow":"follow","max-snippet":"max-snippet:-1","max-image-preview":"max-image-preview:large","max-video-preview":"max-video-preview:-1"},"canonical":"https:\/\/pugliamare.it\/es\/esperienze\/cooking-class-focaccia-orecchiette-a-bari\/","og_locale":"es_ES","og_type":"article","og_title":"Cooking Class Focaccia & Orecchiette a Bari \u2013 Impasta, Assapora e Brinda","og_description":"Partecipa a una cooking class a Bari: impara a preparare focaccia barese e orecchiette fatte a mano, con brindisi e prodotti locali. Prenota ora!","og_url":"https:\/\/pugliamare.it\/es\/esperienze\/cooking-class-focaccia-orecchiette-a-bari\/","og_site_name":"Pugliamare","article_publisher":"https:\/\/www.facebook.com\/pugliamarexperience","article_modified_time":"2026-01-16T10:24:51+00:00","og_image":[{"width":790,"height":459,"url":"https:\/\/pugliamare.it\/wp-content\/uploads\/2025\/07\/cooking-class-Bari.png","type":"image\/png"}],"twitter_card":"summary_large_image","schema":{"@context":"https:\/\/schema.org","@graph":[{"@type":"WebPage","@id":"https:\/\/pugliamare.it\/esperienze\/cooking-class-focaccia-orecchiette-a-bari\/","url":"https:\/\/pugliamare.it\/esperienze\/cooking-class-focaccia-orecchiette-a-bari\/","name":"Cooking Class Focaccia & Orecchiette a Bari - Lezione di Cucina | Pugliamare","isPartOf":{"@id":"https:\/\/pugliamare.it\/en\/#website"},"primaryImageOfPage":{"@id":"https:\/\/pugliamare.it\/esperienze\/cooking-class-focaccia-orecchiette-a-bari\/#primaryimage"},"image":{"@id":"https:\/\/pugliamare.it\/esperienze\/cooking-class-focaccia-orecchiette-a-bari\/#primaryimage"},"thumbnailUrl":"https:\/\/pugliamare.it\/wp-content\/uploads\/2025\/07\/cooking-class-Bari.png","datePublished":"2025-07-24T07:18:03+00:00","dateModified":"2026-01-16T10:24:51+00:00","description":"Partecipa a una cooking class a Bari: impara a preparare focaccia barese e orecchiette fatte a mano, con brindisi e prodotti locali. Prenota ora!","breadcrumb":{"@id":"https:\/\/pugliamare.it\/esperienze\/cooking-class-focaccia-orecchiette-a-bari\/#breadcrumb"},"inLanguage":"es","potentialAction":[{"@type":"ReadAction","target":["https:\/\/pugliamare.it\/esperienze\/cooking-class-focaccia-orecchiette-a-bari\/"]}]},{"@type":"ImageObject","inLanguage":"es","@id":"https:\/\/pugliamare.it\/esperienze\/cooking-class-focaccia-orecchiette-a-bari\/#primaryimage","url":"https:\/\/pugliamare.it\/wp-content\/uploads\/2025\/07\/cooking-class-Bari.png","contentUrl":"https:\/\/pugliamare.it\/wp-content\/uploads\/2025\/07\/cooking-class-Bari.png","width":790,"height":459,"caption":"cooking class orecchiette e focaccia Bari"},{"@type":"BreadcrumbList","@id":"https:\/\/pugliamare.it\/esperienze\/cooking-class-focaccia-orecchiette-a-bari\/#breadcrumb","itemListElement":[{"@type":"ListItem","position":1,"name":"Home","item":"https:\/\/pugliamare.it\/"},{"@type":"ListItem","position":2,"name":"Cooking Class Focaccia &#038; Orecchiette a Bari \u2013 Impasta, Assapora e Brinda"}]},{"@type":"WebSite","@id":"https:\/\/pugliamare.it\/en\/#website","url":"https:\/\/pugliamare.it\/en\/","name":"Pugliamare","description":"Esperienze, Soggiorni e Tour personalizzati in Puglia","publisher":{"@id":"https:\/\/pugliamare.it\/en\/#organization"},"potentialAction":[{"@type":"SearchAction","target":{"@type":"EntryPoint","urlTemplate":"https:\/\/pugliamare.it\/en\/?s={search_term_string}"},"query-input":"required name=search_term_string"}],"inLanguage":"es"},{"@type":"Organization","@id":"https:\/\/pugliamare.it\/en\/#organization","name":"Pugliamare srl","url":"https:\/\/pugliamare.it\/en\/","logo":{"@type":"ImageObject","inLanguage":"es","@id":"https:\/\/pugliamare.it\/en\/#\/schema\/logo\/image\/","url":"https:\/\/pugliamare.it\/wp-content\/uploads\/2021\/04\/cropped-cropped-Risorsa-2.png","contentUrl":"https:\/\/pugliamare.it\/wp-content\/uploads\/2021\/04\/cropped-cropped-Risorsa-2.png","width":374,"height":117,"caption":"Pugliamare srl"},"image":{"@id":"https:\/\/pugliamare.it\/en\/#\/schema\/logo\/image\/"},"sameAs":["https:\/\/www.facebook.com\/pugliamarexperience","https:\/\/www.instagram.com\/pugliamare\/"]}]}},"_links":{"self":[{"href":"https:\/\/pugliamare.it\/es\/wp-json\/wp\/v2\/product\/33696"}],"collection":[{"href":"https:\/\/pugliamare.it\/es\/wp-json\/wp\/v2\/product"}],"about":[{"href":"https:\/\/pugliamare.it\/es\/wp-json\/wp\/v2\/types\/product"}],"version-history":[{"count":6,"href":"https:\/\/pugliamare.it\/es\/wp-json\/wp\/v2\/product\/33696\/revisions"}],"predecessor-version":[{"id":37093,"href":"https:\/\/pugliamare.it\/es\/wp-json\/wp\/v2\/product\/33696\/revisions\/37093"}],"wp:featuredmedia":[{"embeddable":true,"href":"https:\/\/pugliamare.it\/es\/wp-json\/wp\/v2\/media\/33701"}],"wp:attachment":[{"href":"https:\/\/pugliamare.it\/es\/wp-json\/wp\/v2\/media?parent=33696"}],"wp:term":[{"taxonomy":"product_cat","embeddable":true,"href":"https:\/\/pugliamare.it\/es\/wp-json\/wp\/v2\/product_cat?post=33696"},{"taxonomy":"product_tag","embeddable":true,"href":"https:\/\/pugliamare.it\/es\/wp-json\/wp\/v2\/product_tag?post=33696"}],"curies":[{"name":"wp","href":"https:\/\/api.w.org\/{rel}","templated":true}]}}