{"id":33723,"date":"2025-07-24T11:54:25","date_gmt":"2025-07-24T09:54:25","guid":{"rendered":"https:\/\/pugliamare.it\/?post_type=product&#038;p=33723"},"modified":"2025-10-28T15:59:22","modified_gmt":"2025-10-28T14:59:22","slug":"noleggio-sup","status":"publish","type":"product","link":"https:\/\/pugliamare.it\/es\/esperienze\/noleggio-sup\/","title":{"rendered":"Alquiler de SUP (Stand Up Paddle) \u2013 Explora la Costa"},"content":{"rendered":"<div class=\"column\">\n<h1 data-start=\"270\" data-end=\"529\"><strong>Alquiler de Stand Up Paddle (SUP) en Polignano a Mare: Explora el Mar con Libertad<\/strong><\/h1>\n<p data-start=\"270\" data-end=\"529\" class=\" translation-block\">\u00bfAlguna vez has so\u00f1ado con deslizarte sobre las aguas cristalinas de Puglia, con el sol en la piel y el sonido del mar como \u00fanica banda sonora? Con nuestro servicio de <strong data-start=\"434\" data-end=\"468\">alquiler de Stand Up Paddle (SUP)<\/strong>, puedes hacerlo de forma sencilla, segura y totalmente inmersiva.<\/p>\n<p data-start=\"531\" data-end=\"813\">El SUP es mucho m\u00e1s que una tabla: es la forma perfecta de conectar con el mar, explorar cuevas, calas secretas y rincones ocultos de la costa visibles solo desde el agua. Es relajante, divertido y apto para todos, tanto si es tu primera vez como si eres un amante de la aventura.<\/p>\n<p data-start=\"531\" data-end=\"813\">Qu\u00e9 te Espera:<\/p>\n<p data-start=\"836\" data-end=\"1172\" class=\" translation-block\">\u2705 <strong data-start=\"838\" data-end=\"866\">Tabla de SUP profesional<\/strong> y remo incluidos<br data-start=\"933\" data-end=\"936\">\n\u2705 <strong data-start=\"938\" data-end=\"959\">Briefing inicial<\/strong> con instrucciones r\u00e1pidas para comenzar con seguridad<br data-start=\"1006\" data-end=\"1009\">\n\u2705 Posibilidad de solicitar una <strong data-start=\"1041\" data-end=\"1063\">bolsa impermeable<\/strong> para llevar tu m\u00f3vil, llaves o snacks<br data-start=\"1107\" data-end=\"1110\">\n\u2705 <strong data-start=\"1112\" data-end=\"1132\">Libertad absoluta<\/strong> para explorar a tu ritmo, sin l\u00edmites<\/p>\n<p><strong>Duraci\u00f3n del Alquiler:<\/strong><\/p>\n<ul data-start=\"1601\" data-end=\"1809\">\n<li data-start=\"1645\" data-end=\"1719\">\n<p data-start=\"1647\" data-end=\"1719\" class=\" translation-block\"><strong data-start=\"1647\" data-end=\"1673\">4 horas | 25,00\u202f\u20ac<\/strong> \u2013 Para explorar y disfrutar del mar con tranquilidad<\/p>\n<\/li>\n<li data-start=\"1720\" data-end=\"1809\">\n<p data-start=\"1722\" data-end=\"1809\" class=\" translation-block\"><strong data-start=\"1722\" data-end=\"1749\">8 horas | 40,00\u202f\u20ac<\/strong> \u2013 Para vivir un d\u00eda completo en contacto con la naturaleza<\/p>\n<\/li>\n<\/ul>\n<p class=\" translation-block\">\ud83c\udf0a <strong data-start=\"1939\" data-end=\"1983\">\u00a1Reserva ahora y d\u00e9jate mecer por el mar!<\/strong><br data-start=\"1983\" data-end=\"1986\">\nTe ayudaremos a elegir el itinerario m\u00e1s bonito seg\u00fan el viento, tu nivel y el tiempo disponible.<\/p>\n<\/div>\n<p class=\" translation-block\">Si el mar no es favorable para realizar la excursi\u00f3n en SUP pero permite salir en barco, puedes optar por disfrutar de la maravilla de Polignano desde el mar con nuestro <strong><a href=\"https:\/\/pugliamare.it\/esperienze\/tour-in-barca-alle-grotte-di-polignano-a-mare\/\" target=\"_self\">tour en barco por las cuevas<\/a><\/strong>, disponible tanto por la ma\u00f1ana como <a href=\"https:\/\/pugliamare.it\/esperienze\/tour-in-barca-alle-grotte-di-polignano-a-mare-by-night\/\" target=\"_self\">por la noche<\/a>.<\/p>\n<p class=\" translation-block\">Para cualquier informaci\u00f3n o pregunta, no dudes en <span style=\"font-weight: 400\"><a href=\"https:\/\/api.whatsapp.com\/send?phone=393668959532\" target=\"_self\">contactarnos<\/a><\/span>. Estamos a tu disposici\u00f3n para ayudarte a planificar tu excursi\u00f3n y ofrecerte una experiencia inolvidable. \u00a1Reserva ahora y acomp\u00e1\u00f1anos en una aventura que recordar\u00e1s para siempre!<\/p>","protected":false},"excerpt":{"rendered":"<p>\u00a1Descubre la costa de una forma \u00fanica y divertida con el alquiler de nuestro Stand Up Paddle! Perfecto para quienes desean explorar aguas tranquilas, mejorar el equilibrio y disfrutar de la naturaleza con total libertad. El SUP es apto tanto para principiantes como para expertos y representa una actividad deportiva ideal para todas las edades.<\/p>","protected":false},"featured_media":33785,"template":"","meta":{"_acf_changed":false,"inline_featured_image":false},"product_cat":[296,365],"product_tag":[290],"acf":[],"yoast_head":"<!-- This site is optimized with the Yoast SEO Premium plugin v22.8 (Yoast SEO v22.8) - https:\/\/yoast.com\/wordpress\/plugins\/seo\/ -->\n<title>Noleggio SUP a Polignano a Mare \u2013 Scopri la costa pagaiando | Pugliamare<\/title>\n<meta name=\"description\" content=\"Noleggia il tuo SUP a Polignano a Mare e scopri grotte e calette in totale libert\u00e0. Attivit\u00e0 adatta a tutti, con briefing e assistenza inclusi. Prenota ora!\" \/>\n<meta name=\"robots\" content=\"index, follow, max-snippet:-1, max-image-preview:large, max-video-preview:-1\" \/>\n<link rel=\"canonical\" href=\"https:\/\/pugliamare.it\/es\/esperienze\/noleggio-sup\/\" \/>\n<meta property=\"og:locale\" content=\"es_ES\" \/>\n<meta property=\"og:type\" content=\"article\" \/>\n<meta property=\"og:title\" content=\"Noleggio Sup (Stand Up Paddle) - Esplora la Costa\" \/>\n<meta property=\"og:description\" content=\"Noleggia il tuo SUP a Polignano a Mare e scopri grotte e calette in totale libert\u00e0. Attivit\u00e0 adatta a tutti, con briefing e assistenza inclusi. Prenota ora!\" \/>\n<meta property=\"og:url\" content=\"https:\/\/pugliamare.it\/es\/esperienze\/noleggio-sup\/\" \/>\n<meta property=\"og:site_name\" content=\"Pugliamare\" \/>\n<meta property=\"article:publisher\" content=\"https:\/\/www.facebook.com\/pugliamarexperience\" \/>\n<meta property=\"article:modified_time\" content=\"2025-10-28T14:59:22+00:00\" \/>\n<meta property=\"og:image\" content=\"https:\/\/pugliamare.it\/wp-content\/uploads\/2025\/07\/sup_experience_polignano_pugliamare2-1-scaled-1.jpg\" \/>\n\t<meta property=\"og:image:width\" content=\"2560\" \/>\n\t<meta property=\"og:image:height\" content=\"1439\" \/>\n\t<meta property=\"og:image:type\" content=\"image\/jpeg\" \/>\n<meta name=\"twitter:card\" content=\"summary_large_image\" \/>\n<script type=\"application\/ld+json\" class=\"yoast-schema-graph\">{\"@context\":\"https:\/\/schema.org\",\"@graph\":[{\"@type\":\"WebPage\",\"@id\":\"https:\/\/pugliamare.it\/esperienze\/noleggio-sup\/\",\"url\":\"https:\/\/pugliamare.it\/esperienze\/noleggio-sup\/\",\"name\":\"Noleggio SUP a Polignano a Mare \u2013 Scopri la costa pagaiando | Pugliamare\",\"isPartOf\":{\"@id\":\"https:\/\/pugliamare.it\/en\/#website\"},\"primaryImageOfPage\":{\"@id\":\"https:\/\/pugliamare.it\/esperienze\/noleggio-sup\/#primaryimage\"},\"image\":{\"@id\":\"https:\/\/pugliamare.it\/esperienze\/noleggio-sup\/#primaryimage\"},\"thumbnailUrl\":\"https:\/\/pugliamare.it\/wp-content\/uploads\/2025\/07\/sup_experience_polignano_pugliamare2-1-scaled-1.jpg\",\"datePublished\":\"2025-07-24T09:54:25+00:00\",\"dateModified\":\"2025-10-28T14:59:22+00:00\",\"description\":\"Noleggia il tuo SUP a Polignano a Mare e scopri grotte e calette in totale libert\u00e0. Attivit\u00e0 adatta a tutti, con briefing e assistenza inclusi. Prenota ora!\",\"breadcrumb\":{\"@id\":\"https:\/\/pugliamare.it\/esperienze\/noleggio-sup\/#breadcrumb\"},\"inLanguage\":\"es\",\"potentialAction\":[{\"@type\":\"ReadAction\",\"target\":[\"https:\/\/pugliamare.it\/esperienze\/noleggio-sup\/\"]}]},{\"@type\":\"ImageObject\",\"inLanguage\":\"es\",\"@id\":\"https:\/\/pugliamare.it\/esperienze\/noleggio-sup\/#primaryimage\",\"url\":\"https:\/\/pugliamare.it\/wp-content\/uploads\/2025\/07\/sup_experience_polignano_pugliamare2-1-scaled-1.jpg\",\"contentUrl\":\"https:\/\/pugliamare.it\/wp-content\/uploads\/2025\/07\/sup_experience_polignano_pugliamare2-1-scaled-1.jpg\",\"width\":2560,\"height\":1439},{\"@type\":\"BreadcrumbList\",\"@id\":\"https:\/\/pugliamare.it\/esperienze\/noleggio-sup\/#breadcrumb\",\"itemListElement\":[{\"@type\":\"ListItem\",\"position\":1,\"name\":\"Home\",\"item\":\"https:\/\/pugliamare.it\/\"},{\"@type\":\"ListItem\",\"position\":2,\"name\":\"Noleggio Sup (Stand Up Paddle) &#8211; Esplora la Costa\"}]},{\"@type\":\"WebSite\",\"@id\":\"https:\/\/pugliamare.it\/en\/#website\",\"url\":\"https:\/\/pugliamare.it\/en\/\",\"name\":\"Pugliamare\",\"description\":\"Esperienze, Soggiorni e Tour personalizzati in Puglia\",\"publisher\":{\"@id\":\"https:\/\/pugliamare.it\/en\/#organization\"},\"potentialAction\":[{\"@type\":\"SearchAction\",\"target\":{\"@type\":\"EntryPoint\",\"urlTemplate\":\"https:\/\/pugliamare.it\/en\/?s={search_term_string}\"},\"query-input\":\"required name=search_term_string\"}],\"inLanguage\":\"es\"},{\"@type\":\"Organization\",\"@id\":\"https:\/\/pugliamare.it\/en\/#organization\",\"name\":\"Pugliamare srl\",\"url\":\"https:\/\/pugliamare.it\/en\/\",\"logo\":{\"@type\":\"ImageObject\",\"inLanguage\":\"es\",\"@id\":\"https:\/\/pugliamare.it\/en\/#\/schema\/logo\/image\/\",\"url\":\"https:\/\/pugliamare.it\/wp-content\/uploads\/2021\/04\/cropped-cropped-Risorsa-2.png\",\"contentUrl\":\"https:\/\/pugliamare.it\/wp-content\/uploads\/2021\/04\/cropped-cropped-Risorsa-2.png\",\"width\":374,\"height\":117,\"caption\":\"Pugliamare srl\"},\"image\":{\"@id\":\"https:\/\/pugliamare.it\/en\/#\/schema\/logo\/image\/\"},\"sameAs\":[\"https:\/\/www.facebook.com\/pugliamarexperience\",\"https:\/\/www.instagram.com\/pugliamare\/\"]}]}<\/script>\n<!-- \/ Yoast SEO Premium plugin. -->","yoast_head_json":{"title":"Noleggio SUP a Polignano a Mare \u2013 Scopri la costa pagaiando | Pugliamare","description":"Noleggia il tuo SUP a Polignano a Mare e scopri grotte e calette in totale libert\u00e0. Attivit\u00e0 adatta a tutti, con briefing e assistenza inclusi. Prenota ora!","robots":{"index":"index","follow":"follow","max-snippet":"max-snippet:-1","max-image-preview":"max-image-preview:large","max-video-preview":"max-video-preview:-1"},"canonical":"https:\/\/pugliamare.it\/es\/esperienze\/noleggio-sup\/","og_locale":"es_ES","og_type":"article","og_title":"Noleggio Sup (Stand Up Paddle) - Esplora la Costa","og_description":"Noleggia il tuo SUP a Polignano a Mare e scopri grotte e calette in totale libert\u00e0. Attivit\u00e0 adatta a tutti, con briefing e assistenza inclusi. Prenota ora!","og_url":"https:\/\/pugliamare.it\/es\/esperienze\/noleggio-sup\/","og_site_name":"Pugliamare","article_publisher":"https:\/\/www.facebook.com\/pugliamarexperience","article_modified_time":"2025-10-28T14:59:22+00:00","og_image":[{"width":2560,"height":1439,"url":"https:\/\/pugliamare.it\/wp-content\/uploads\/2025\/07\/sup_experience_polignano_pugliamare2-1-scaled-1.jpg","type":"image\/jpeg"}],"twitter_card":"summary_large_image","schema":{"@context":"https:\/\/schema.org","@graph":[{"@type":"WebPage","@id":"https:\/\/pugliamare.it\/esperienze\/noleggio-sup\/","url":"https:\/\/pugliamare.it\/esperienze\/noleggio-sup\/","name":"Noleggio SUP a Polignano a Mare \u2013 Scopri la costa pagaiando | Pugliamare","isPartOf":{"@id":"https:\/\/pugliamare.it\/en\/#website"},"primaryImageOfPage":{"@id":"https:\/\/pugliamare.it\/esperienze\/noleggio-sup\/#primaryimage"},"image":{"@id":"https:\/\/pugliamare.it\/esperienze\/noleggio-sup\/#primaryimage"},"thumbnailUrl":"https:\/\/pugliamare.it\/wp-content\/uploads\/2025\/07\/sup_experience_polignano_pugliamare2-1-scaled-1.jpg","datePublished":"2025-07-24T09:54:25+00:00","dateModified":"2025-10-28T14:59:22+00:00","description":"Noleggia il tuo SUP a Polignano a Mare e scopri grotte e calette in totale libert\u00e0. Attivit\u00e0 adatta a tutti, con briefing e assistenza inclusi. Prenota ora!","breadcrumb":{"@id":"https:\/\/pugliamare.it\/esperienze\/noleggio-sup\/#breadcrumb"},"inLanguage":"es","potentialAction":[{"@type":"ReadAction","target":["https:\/\/pugliamare.it\/esperienze\/noleggio-sup\/"]}]},{"@type":"ImageObject","inLanguage":"es","@id":"https:\/\/pugliamare.it\/esperienze\/noleggio-sup\/#primaryimage","url":"https:\/\/pugliamare.it\/wp-content\/uploads\/2025\/07\/sup_experience_polignano_pugliamare2-1-scaled-1.jpg","contentUrl":"https:\/\/pugliamare.it\/wp-content\/uploads\/2025\/07\/sup_experience_polignano_pugliamare2-1-scaled-1.jpg","width":2560,"height":1439},{"@type":"BreadcrumbList","@id":"https:\/\/pugliamare.it\/esperienze\/noleggio-sup\/#breadcrumb","itemListElement":[{"@type":"ListItem","position":1,"name":"Home","item":"https:\/\/pugliamare.it\/"},{"@type":"ListItem","position":2,"name":"Noleggio Sup (Stand Up Paddle) &#8211; Esplora la Costa"}]},{"@type":"WebSite","@id":"https:\/\/pugliamare.it\/en\/#website","url":"https:\/\/pugliamare.it\/en\/","name":"Pugliamare","description":"Esperienze, Soggiorni e Tour personalizzati in Puglia","publisher":{"@id":"https:\/\/pugliamare.it\/en\/#organization"},"potentialAction":[{"@type":"SearchAction","target":{"@type":"EntryPoint","urlTemplate":"https:\/\/pugliamare.it\/en\/?s={search_term_string}"},"query-input":"required name=search_term_string"}],"inLanguage":"es"},{"@type":"Organization","@id":"https:\/\/pugliamare.it\/en\/#organization","name":"Pugliamare srl","url":"https:\/\/pugliamare.it\/en\/","logo":{"@type":"ImageObject","inLanguage":"es","@id":"https:\/\/pugliamare.it\/en\/#\/schema\/logo\/image\/","url":"https:\/\/pugliamare.it\/wp-content\/uploads\/2021\/04\/cropped-cropped-Risorsa-2.png","contentUrl":"https:\/\/pugliamare.it\/wp-content\/uploads\/2021\/04\/cropped-cropped-Risorsa-2.png","width":374,"height":117,"caption":"Pugliamare srl"},"image":{"@id":"https:\/\/pugliamare.it\/en\/#\/schema\/logo\/image\/"},"sameAs":["https:\/\/www.facebook.com\/pugliamarexperience","https:\/\/www.instagram.com\/pugliamare\/"]}]}},"_links":{"self":[{"href":"https:\/\/pugliamare.it\/es\/wp-json\/wp\/v2\/product\/33723"}],"collection":[{"href":"https:\/\/pugliamare.it\/es\/wp-json\/wp\/v2\/product"}],"about":[{"href":"https:\/\/pugliamare.it\/es\/wp-json\/wp\/v2\/types\/product"}],"version-history":[{"count":8,"href":"https:\/\/pugliamare.it\/es\/wp-json\/wp\/v2\/product\/33723\/revisions"}],"predecessor-version":[{"id":34052,"href":"https:\/\/pugliamare.it\/es\/wp-json\/wp\/v2\/product\/33723\/revisions\/34052"}],"wp:featuredmedia":[{"embeddable":true,"href":"https:\/\/pugliamare.it\/es\/wp-json\/wp\/v2\/media\/33785"}],"wp:attachment":[{"href":"https:\/\/pugliamare.it\/es\/wp-json\/wp\/v2\/media?parent=33723"}],"wp:term":[{"taxonomy":"product_cat","embeddable":true,"href":"https:\/\/pugliamare.it\/es\/wp-json\/wp\/v2\/product_cat?post=33723"},{"taxonomy":"product_tag","embeddable":true,"href":"https:\/\/pugliamare.it\/es\/wp-json\/wp\/v2\/product_tag?post=33723"}],"curies":[{"name":"wp","href":"https:\/\/api.w.org\/{rel}","templated":true}]}}