{"id":35187,"date":"2025-08-25T11:51:46","date_gmt":"2025-08-25T09:51:46","guid":{"rendered":"https:\/\/pugliamare.it\/?post_type=product&#038;p=35187"},"modified":"2026-03-09T16:17:15","modified_gmt":"2026-03-09T15:17:15","slug":"tour-unesco-visita-matera-e-alberobello-da-conversano","status":"publish","type":"product","link":"https:\/\/pugliamare.it\/es\/esperienze\/tour-unesco-visita-matera-e-alberobello-da-conversano\/","title":{"rendered":"Tour UNESCO \u2013 Visita Guiada de Matera y Alberobello desde Conversano"},"content":{"rendered":"<h1 data-start=\"284\" data-end=\"355\"><strong>Scopri Matera &amp; Alberobello \u2013 Meraviglie Patrimonio dell&#8217;UNESCO\u00a0<\/strong><\/h1>\n<p data-start=\"750\" data-end=\"1018\">Vivi una giornata speciale partendo da <strong data-start=\"789\" data-end=\"803\">Conversano<\/strong> per esplorare due delle destinazioni pi\u00f9 iconiche del Sud Italia: <strong data-start=\"923\" data-end=\"933\">Matera<\/strong>, la straordinaria citt\u00e0 scavata nella roccia, Capitale Europea della Cultura 2019 e <strong data-start=\"870\" data-end=\"885\">Alberobello<\/strong>, con i suoi trulli unici al mondo.<\/p>\n<h3 data-start=\"1354\" data-end=\"1392\"><strong>\ud83c\udfdb\ufe0f Matera \u2013 La Ciudad de Piedra<\/strong><\/h3>\n<p data-start=\"1393\" data-end=\"1695\">Il viaggio continua verso la vicina <strong data-start=\"1429\" data-end=\"1439\">Matera<\/strong>, celebre per i suoi antichi quartieri rupestri. Tra i <strong data-start=\"1494\" data-end=\"1503\">Sassi<\/strong>, le case-grotta e le chiese rupestri, scoprirai una citt\u00e0 sospesa nel tempo, accompagnato da una guida esperta che ti racconter\u00e0 leggende, curiosit\u00e0 e segreti di questa meraviglia italiana.<br \/>\nPermanenza 3 ore circa<\/p>\n<h3 data-start=\"1020\" data-end=\"1065\"><strong>\ud83c\udfe0 Alberobello \u2013 El Encanto de los Trulli<\/strong><\/h3>\n<p data-start=\"1066\" data-end=\"1352\">La prima tappa del tour ti porta ad <strong data-start=\"1102\" data-end=\"1117\">Alberobello<\/strong>, famosa per il suo fiabesco paesaggio urbano fatto di trulli in pietra a secco. Passeggia tra le vie del <strong data-start=\"1223\" data-end=\"1238\">Rione Monti<\/strong> e di <strong data-start=\"1244\" data-end=\"1259\">Aia Piccola<\/strong>, respirando l\u2019atmosfera autentica di un luogo riconosciuto dall\u2019UNESCO per la sua unicit\u00e0.<br \/>\nPermanenza 2 ore circa<\/p>\n<h3 data-start=\"1697\" data-end=\"1732\"><strong>\ud83d\ude90 Comodidad y Organizaci\u00f3n<\/strong><\/h3>\n<p data-start=\"1733\" data-end=\"1933\" class=\" translation-block\">El tour incluye traslado en <strong data-start=\"1766\" data-end=\"1804\">minib\u00fas climatizado desde Conversano<\/strong>. A petici\u00f3n, es posible organizar un pick-up personalizado desde hoteles o localidades cercanas para que la experiencia sea a\u00fan m\u00e1s c\u00f3moda.<\/p>\n<h3 data-start=\"1940\" data-end=\"1966\"><strong>\ud83d\udccc Detalles del Tour<\/strong><\/h3>\n<p data-start=\"1967\" data-end=\"2242\" class=\" translation-block\">\u23f0 <strong data-start=\"1667\" data-end=\"1678\">Duraci\u00f3n:<\/strong> D\u00eda completo (aproximadamente 10 horas)<\/p>\n<p data-start=\"1967\" data-end=\"2242\" class=\" translation-block\">\ud83d\udccd <strong data-start=\"2017\" data-end=\"2030\">Salida:<\/strong> Conversano<\/p>\n<p data-start=\"1967\" data-end=\"2242\">\u2705 <strong data-start=\"2046\" data-end=\"2058\">Incluso:<\/strong> Trasporto in minibus, guida locale, tour guidato a Matera, <strong data-start=\"210\" data-end=\"256\">Biglietto d\u2019ingresso Casa Grotta di Matera, <\/strong>tour guidato di\u00a0Alberobello<\/p>\n<p data-start=\"1967\" data-end=\"2242\" class=\" translation-block\">\ud83c\udf7d\ufe0f <strong data-start=\"2137\" data-end=\"2148\">Almuerzo:<\/strong> Libre, para disfrutar de la cocina t\u00edpica de la regi\u00f3n<\/p>\n<p data-start=\"1967\" data-end=\"2242\" class=\" translation-block\">\ud83d\udc65 <strong data-start=\"2206\" data-end=\"2223\">Participantes:<\/strong> m\u00ednimo 4 personas<\/p>\n<h3 data-start=\"1962\" data-end=\"1996\"><strong>\ud83d\udcc5 Pol\u00edtica de cancelaci\u00f3n<\/strong><\/h3>\n<p data-start=\"1997\" data-end=\"2098\">\u2714\ufe0f Cancela hasta 14 d\u00edas antes para un reembolso completo.<br data-start=\"2056\" data-end=\"2059\" \/>\u274c No hay reembolso despu\u00e9s de este plazo.<\/p>\n<h3 data-start=\"2422\" data-end=\"2451\"><strong>\ud83c\udf1f Experiencias relacionadas<\/strong><\/h3>\n<p data-start=\"2452\" data-end=\"2621\" class=\" translation-block\">Descubre otras propuestas de nuestros <a href=\"https:\/\/pugliamare.it\/tipologia\/city-tours\/\" target=\"_self\"> <strong data-start=\"2474\" data-end=\"2498\">City Tours en Puglia<\/strong><\/a> para explorar los pueblos m\u00e1s bellos y las bellezas ocultas de la regi\u00f3n. \u00a1Vive experiencias aut\u00e9nticas y \u00fanicas con Pugliamare!<\/p>\n<h3 data-start=\"2105\" data-end=\"2168\"><strong>Reserva ya tu Tour Unesco Matera y Alberobello<\/strong><\/h3>\n<p data-start=\"2169\" data-end=\"2415\" class=\" translation-block\">Reg\u00e1late una experiencia inolvidable entre los Sassi de Matera y los trulli de Alberobello. Sal desde Conversano y disfruta de un d\u00eda entre historia, tradiciones y paisajes atemporales. <a href=\"https:\/\/api.whatsapp.com\/send?phone=393668959532\" target=\"_self\">Cont\u00e1ctanos<\/a> para m\u00e1s informaci\u00f3n o para reservar tu lugar en este tour exclusivo. \u00a1Vive lo mejor de Puglia y Basilicata con Pugliamare!<\/p>","protected":false},"excerpt":{"rendered":"<p class=\" translation-block\">Sal de Conversano para un viaje inolvidable entre dos Patrimonios Mundiales de la UNESCO: los trulli de <strong>Alberobello<\/strong> y los Sassi de <strong>Matera<\/strong>. Una excursi\u00f3n de d\u00eda completo con gu\u00eda local y traslado en minib\u00fas, descubriendo la historia, la arquitectura y las tradiciones aut\u00e9nticas de Puglia y Basilicata.<\/p>","protected":false},"featured_media":35197,"template":"","meta":{"_acf_changed":false,"inline_featured_image":false},"product_cat":[292,364],"product_tag":[290],"acf":[],"yoast_head":"<!-- This site is optimized with the Yoast SEO Premium plugin v22.8 (Yoast SEO v22.8) - https:\/\/yoast.com\/wordpress\/plugins\/seo\/ -->\n<title>Tour Unesco Matera e Alberobello con partenza da Conversano | Pugliamare<\/title>\n<meta name=\"description\" content=\"Vivi il Tour UNESCO Matera e Alberobello con partenza da Conversano: una giornata tra Sassi, trulli e tradizioni autentiche di Puglia e Basilicata.\" \/>\n<meta name=\"robots\" content=\"index, follow, max-snippet:-1, max-image-preview:large, max-video-preview:-1\" \/>\n<link rel=\"canonical\" href=\"https:\/\/pugliamare.it\/es\/esperienze\/tour-unesco-visita-matera-e-alberobello-da-conversano\/\" \/>\n<meta property=\"og:locale\" content=\"es_ES\" \/>\n<meta property=\"og:type\" content=\"article\" \/>\n<meta property=\"og:title\" content=\"Tour Unesco - Visita Guidata di Matera e Alberobello da Conversano\" \/>\n<meta property=\"og:description\" content=\"Vivi il Tour UNESCO Matera e Alberobello con partenza da Conversano: una giornata tra Sassi, trulli e tradizioni autentiche di Puglia e Basilicata.\" \/>\n<meta property=\"og:url\" content=\"https:\/\/pugliamare.it\/es\/esperienze\/tour-unesco-visita-matera-e-alberobello-da-conversano\/\" \/>\n<meta property=\"og:site_name\" content=\"Pugliamare\" \/>\n<meta property=\"article:publisher\" content=\"https:\/\/www.facebook.com\/pugliamarexperience\" \/>\n<meta property=\"article:modified_time\" content=\"2026-03-09T15:17:15+00:00\" \/>\n<meta property=\"og:image\" content=\"https:\/\/pugliamare.it\/wp-content\/uploads\/2024\/03\/1.png\" \/>\n\t<meta property=\"og:image:width\" content=\"1200\" \/>\n\t<meta property=\"og:image:height\" content=\"800\" \/>\n\t<meta property=\"og:image:type\" content=\"image\/png\" \/>\n<meta name=\"twitter:card\" content=\"summary_large_image\" \/>\n<script type=\"application\/ld+json\" class=\"yoast-schema-graph\">{\"@context\":\"https:\/\/schema.org\",\"@graph\":[{\"@type\":\"WebPage\",\"@id\":\"https:\/\/pugliamare.it\/esperienze\/tour-unesco-visita-matera-e-alberobello-da-conversano\/\",\"url\":\"https:\/\/pugliamare.it\/esperienze\/tour-unesco-visita-matera-e-alberobello-da-conversano\/\",\"name\":\"Tour Unesco Matera e Alberobello con partenza da Conversano | Pugliamare\",\"isPartOf\":{\"@id\":\"https:\/\/pugliamare.it\/en\/#website\"},\"primaryImageOfPage\":{\"@id\":\"https:\/\/pugliamare.it\/esperienze\/tour-unesco-visita-matera-e-alberobello-da-conversano\/#primaryimage\"},\"image\":{\"@id\":\"https:\/\/pugliamare.it\/esperienze\/tour-unesco-visita-matera-e-alberobello-da-conversano\/#primaryimage\"},\"thumbnailUrl\":\"https:\/\/pugliamare.it\/wp-content\/uploads\/2024\/03\/1.png\",\"datePublished\":\"2025-08-25T09:51:46+00:00\",\"dateModified\":\"2026-03-09T15:17:15+00:00\",\"description\":\"Vivi il Tour UNESCO Matera e Alberobello con partenza da Conversano: una giornata tra Sassi, trulli e tradizioni autentiche di Puglia e Basilicata.\",\"breadcrumb\":{\"@id\":\"https:\/\/pugliamare.it\/esperienze\/tour-unesco-visita-matera-e-alberobello-da-conversano\/#breadcrumb\"},\"inLanguage\":\"es\",\"potentialAction\":[{\"@type\":\"ReadAction\",\"target\":[\"https:\/\/pugliamare.it\/esperienze\/tour-unesco-visita-matera-e-alberobello-da-conversano\/\"]}]},{\"@type\":\"ImageObject\",\"inLanguage\":\"es\",\"@id\":\"https:\/\/pugliamare.it\/esperienze\/tour-unesco-visita-matera-e-alberobello-da-conversano\/#primaryimage\",\"url\":\"https:\/\/pugliamare.it\/wp-content\/uploads\/2024\/03\/1.png\",\"contentUrl\":\"https:\/\/pugliamare.it\/wp-content\/uploads\/2024\/03\/1.png\",\"width\":1200,\"height\":800},{\"@type\":\"BreadcrumbList\",\"@id\":\"https:\/\/pugliamare.it\/esperienze\/tour-unesco-visita-matera-e-alberobello-da-conversano\/#breadcrumb\",\"itemListElement\":[{\"@type\":\"ListItem\",\"position\":1,\"name\":\"Home\",\"item\":\"https:\/\/pugliamare.it\/\"},{\"@type\":\"ListItem\",\"position\":2,\"name\":\"Tour Unesco &#8211; Visita Guidata di Matera e Alberobello da Conversano\"}]},{\"@type\":\"WebSite\",\"@id\":\"https:\/\/pugliamare.it\/en\/#website\",\"url\":\"https:\/\/pugliamare.it\/en\/\",\"name\":\"Pugliamare\",\"description\":\"Esperienze, Soggiorni e Tour personalizzati in Puglia\",\"publisher\":{\"@id\":\"https:\/\/pugliamare.it\/en\/#organization\"},\"potentialAction\":[{\"@type\":\"SearchAction\",\"target\":{\"@type\":\"EntryPoint\",\"urlTemplate\":\"https:\/\/pugliamare.it\/en\/?s={search_term_string}\"},\"query-input\":\"required name=search_term_string\"}],\"inLanguage\":\"es\"},{\"@type\":\"Organization\",\"@id\":\"https:\/\/pugliamare.it\/en\/#organization\",\"name\":\"Pugliamare srl\",\"url\":\"https:\/\/pugliamare.it\/en\/\",\"logo\":{\"@type\":\"ImageObject\",\"inLanguage\":\"es\",\"@id\":\"https:\/\/pugliamare.it\/en\/#\/schema\/logo\/image\/\",\"url\":\"https:\/\/pugliamare.it\/wp-content\/uploads\/2021\/04\/cropped-cropped-Risorsa-2.png\",\"contentUrl\":\"https:\/\/pugliamare.it\/wp-content\/uploads\/2021\/04\/cropped-cropped-Risorsa-2.png\",\"width\":374,\"height\":117,\"caption\":\"Pugliamare srl\"},\"image\":{\"@id\":\"https:\/\/pugliamare.it\/en\/#\/schema\/logo\/image\/\"},\"sameAs\":[\"https:\/\/www.facebook.com\/pugliamarexperience\",\"https:\/\/www.instagram.com\/pugliamare\/\"]}]}<\/script>\n<!-- \/ Yoast SEO Premium plugin. -->","yoast_head_json":{"title":"Tour Unesco Matera e Alberobello con partenza da Conversano | Pugliamare","description":"Vivi il Tour UNESCO Matera e Alberobello con partenza da Conversano: una giornata tra Sassi, trulli e tradizioni autentiche di Puglia e Basilicata.","robots":{"index":"index","follow":"follow","max-snippet":"max-snippet:-1","max-image-preview":"max-image-preview:large","max-video-preview":"max-video-preview:-1"},"canonical":"https:\/\/pugliamare.it\/es\/esperienze\/tour-unesco-visita-matera-e-alberobello-da-conversano\/","og_locale":"es_ES","og_type":"article","og_title":"Tour Unesco - Visita Guidata di Matera e Alberobello da Conversano","og_description":"Vivi il Tour UNESCO Matera e Alberobello con partenza da Conversano: una giornata tra Sassi, trulli e tradizioni autentiche di Puglia e Basilicata.","og_url":"https:\/\/pugliamare.it\/es\/esperienze\/tour-unesco-visita-matera-e-alberobello-da-conversano\/","og_site_name":"Pugliamare","article_publisher":"https:\/\/www.facebook.com\/pugliamarexperience","article_modified_time":"2026-03-09T15:17:15+00:00","og_image":[{"width":1200,"height":800,"url":"https:\/\/pugliamare.it\/wp-content\/uploads\/2024\/03\/1.png","type":"image\/png"}],"twitter_card":"summary_large_image","schema":{"@context":"https:\/\/schema.org","@graph":[{"@type":"WebPage","@id":"https:\/\/pugliamare.it\/esperienze\/tour-unesco-visita-matera-e-alberobello-da-conversano\/","url":"https:\/\/pugliamare.it\/esperienze\/tour-unesco-visita-matera-e-alberobello-da-conversano\/","name":"Tour Unesco Matera e Alberobello con partenza da Conversano | Pugliamare","isPartOf":{"@id":"https:\/\/pugliamare.it\/en\/#website"},"primaryImageOfPage":{"@id":"https:\/\/pugliamare.it\/esperienze\/tour-unesco-visita-matera-e-alberobello-da-conversano\/#primaryimage"},"image":{"@id":"https:\/\/pugliamare.it\/esperienze\/tour-unesco-visita-matera-e-alberobello-da-conversano\/#primaryimage"},"thumbnailUrl":"https:\/\/pugliamare.it\/wp-content\/uploads\/2024\/03\/1.png","datePublished":"2025-08-25T09:51:46+00:00","dateModified":"2026-03-09T15:17:15+00:00","description":"Vivi il Tour UNESCO Matera e Alberobello con partenza da Conversano: una giornata tra Sassi, trulli e tradizioni autentiche di Puglia e Basilicata.","breadcrumb":{"@id":"https:\/\/pugliamare.it\/esperienze\/tour-unesco-visita-matera-e-alberobello-da-conversano\/#breadcrumb"},"inLanguage":"es","potentialAction":[{"@type":"ReadAction","target":["https:\/\/pugliamare.it\/esperienze\/tour-unesco-visita-matera-e-alberobello-da-conversano\/"]}]},{"@type":"ImageObject","inLanguage":"es","@id":"https:\/\/pugliamare.it\/esperienze\/tour-unesco-visita-matera-e-alberobello-da-conversano\/#primaryimage","url":"https:\/\/pugliamare.it\/wp-content\/uploads\/2024\/03\/1.png","contentUrl":"https:\/\/pugliamare.it\/wp-content\/uploads\/2024\/03\/1.png","width":1200,"height":800},{"@type":"BreadcrumbList","@id":"https:\/\/pugliamare.it\/esperienze\/tour-unesco-visita-matera-e-alberobello-da-conversano\/#breadcrumb","itemListElement":[{"@type":"ListItem","position":1,"name":"Home","item":"https:\/\/pugliamare.it\/"},{"@type":"ListItem","position":2,"name":"Tour Unesco &#8211; Visita Guidata di Matera e Alberobello da Conversano"}]},{"@type":"WebSite","@id":"https:\/\/pugliamare.it\/en\/#website","url":"https:\/\/pugliamare.it\/en\/","name":"Pugliamare","description":"Esperienze, Soggiorni e Tour personalizzati in Puglia","publisher":{"@id":"https:\/\/pugliamare.it\/en\/#organization"},"potentialAction":[{"@type":"SearchAction","target":{"@type":"EntryPoint","urlTemplate":"https:\/\/pugliamare.it\/en\/?s={search_term_string}"},"query-input":"required name=search_term_string"}],"inLanguage":"es"},{"@type":"Organization","@id":"https:\/\/pugliamare.it\/en\/#organization","name":"Pugliamare srl","url":"https:\/\/pugliamare.it\/en\/","logo":{"@type":"ImageObject","inLanguage":"es","@id":"https:\/\/pugliamare.it\/en\/#\/schema\/logo\/image\/","url":"https:\/\/pugliamare.it\/wp-content\/uploads\/2021\/04\/cropped-cropped-Risorsa-2.png","contentUrl":"https:\/\/pugliamare.it\/wp-content\/uploads\/2021\/04\/cropped-cropped-Risorsa-2.png","width":374,"height":117,"caption":"Pugliamare srl"},"image":{"@id":"https:\/\/pugliamare.it\/en\/#\/schema\/logo\/image\/"},"sameAs":["https:\/\/www.facebook.com\/pugliamarexperience","https:\/\/www.instagram.com\/pugliamare\/"]}]}},"_links":{"self":[{"href":"https:\/\/pugliamare.it\/es\/wp-json\/wp\/v2\/product\/35187"}],"collection":[{"href":"https:\/\/pugliamare.it\/es\/wp-json\/wp\/v2\/product"}],"about":[{"href":"https:\/\/pugliamare.it\/es\/wp-json\/wp\/v2\/types\/product"}],"version-history":[{"count":7,"href":"https:\/\/pugliamare.it\/es\/wp-json\/wp\/v2\/product\/35187\/revisions"}],"predecessor-version":[{"id":36649,"href":"https:\/\/pugliamare.it\/es\/wp-json\/wp\/v2\/product\/35187\/revisions\/36649"}],"wp:featuredmedia":[{"embeddable":true,"href":"https:\/\/pugliamare.it\/es\/wp-json\/wp\/v2\/media\/35197"}],"wp:attachment":[{"href":"https:\/\/pugliamare.it\/es\/wp-json\/wp\/v2\/media?parent=35187"}],"wp:term":[{"taxonomy":"product_cat","embeddable":true,"href":"https:\/\/pugliamare.it\/es\/wp-json\/wp\/v2\/product_cat?post=35187"},{"taxonomy":"product_tag","embeddable":true,"href":"https:\/\/pugliamare.it\/es\/wp-json\/wp\/v2\/product_tag?post=35187"}],"curies":[{"name":"wp","href":"https:\/\/api.w.org\/{rel}","templated":true}]}}