{"id":35278,"date":"2025-08-29T11:37:33","date_gmt":"2025-08-29T09:37:33","guid":{"rendered":"https:\/\/pugliamare.it\/?post_type=product&#038;p=35278"},"modified":"2025-12-06T15:37:45","modified_gmt":"2025-12-06T14:37:45","slug":"tradizione-e-gusto-tour-tra-panificio-e-frantoio-con-degustazioni-tipiche-e-trasporto-incluso","status":"publish","type":"product","link":"https:\/\/pugliamare.it\/es\/esperienze\/tradizione-e-gusto-tour-tra-panificio-e-frantoio-con-degustazioni-tipiche-e-trasporto-incluso\/","title":{"rendered":"Tradici\u00f3n y Sabor: Tour por Panader\u00eda y Molino de Aceite con Degustaciones T\u00edpicas y Transporte Incluido"},"content":{"rendered":"<h1 data-start=\"856\" data-end=\"955\"><strong data-start=\"864\" data-end=\"955\">Un recorrido gastron\u00f3mico por Apulia: sabores aut\u00e9nticos, tradiciones locales y degustaciones guiadas.<\/strong><\/h1>\n<p data-start=\"957\" data-end=\"1294\">Descubre la tradici\u00f3n culinaria de Apulia con un tour gastron\u00f3mico que incluye la visita a una panader\u00eda hist\u00f3rica, donde se revelan los secretos de antiguas recetas y se observa a los panaderos en acci\u00f3n, y a un molino de aceite tradicional, con explicaci\u00f3n del proceso de producci\u00f3n del aceite de oliva y degustaci\u00f3n de aceite de oliva virgen extra acompa\u00f1ado de productos t\u00edpicos locales.<\/p>\n<h3 data-start=\"1301\" data-end=\"1339\"><strong>ETAPAS<\/strong><\/h3>\n<h4 data-start=\"1301\" data-end=\"1339\">\ud83c\udf5e <strong data-start=\"1308\" data-end=\"1339\">Panader\u00eda hist\u00f3rica<\/strong><\/h4>\n<p data-start=\"1341\" data-end=\"1600\" class=\" translation-block\">Comencemos con el aroma del pan reci\u00e9n horneado. Visitar\u00e1s un <strong data-start=\"1404\" data-end=\"1439\">panader\u00eda tradicional de Apulia<\/strong>, donde descubrir\u00e1s las t\u00e9cnicas de la panader\u00eda antigua y degustar\u00e1s la aut\u00e9ntica <strong data-start=\"1517\" data-end=\"1538\">focaccia pugliesa.<\/strong><\/p>\n<h4 data-start=\"1607\" data-end=\"1663\">\ud83e\uded2 <strong data-start=\"1614\" data-end=\"1663\">Almazara subterr\u00e1nea y cata de aceite<\/strong><\/h4>\n<p data-start=\"1665\" data-end=\"1915\" class=\" translation-block\">Ad\u00e9ntrate en el coraz\u00f3n de Puglia con la visita a un sugestivo <strong data-start=\"1725\" data-end=\"1744\">almazara subterr\u00e1nea<\/strong>, excavada en la roca. All\u00ed te espera una <strong data-start=\"1788\" data-end=\"1841\">degustaci\u00f3n guiada de aceite de oliva virgen extra<\/strong>, acompa\u00f1ado de pan y <strong data-start=\"1862\" data-end=\"1874\">frisella<\/strong>, el emblema de la cocina pobre pugliese.<\/p>\n<h4 data-start=\"2923\" data-end=\"2968\">\ud83c\udf1f <strong data-start=\"2930\" data-end=\"2968\">Por qu\u00e9 elegir esta experiencia<\/strong><\/h4>\n<p data-start=\"2970\" data-end=\"3284\" class=\" translation-block\">Nuestro <strong data-start=\"2980\" data-end=\"3011\">tour gastron\u00f3mico en Puglia<\/strong> est\u00e1 pensado para verdaderos amantes de la comida y de las tradiciones locales. Es ideal para <strong data-start=\"3087\" data-end=\"3145\">viajeros curiosos, foodies, parejas, grupos y familias<\/strong>.<br data-start=\"3146\" data-end=\"3149\">Una experiencia aut\u00e9ntica y envolvente que une <strong data-start=\"3199\" data-end=\"3227\">historia, cultura y sabores<\/strong>, pensada para quienes quieren saborear el lado m\u00e1s genuino de Puglia.<\/p>\n<p data-start=\"2970\" data-end=\"3284\" class=\" translation-block\">Si quieres enriquecer tu d\u00eda, descubre tambi\u00e9n otras experiencias firmadas por Pugliamare.<br data-start=\"246\" data-end=\"249\">Por ejemplo, puedes participar en una <a href=\"https:\/\/pugliamare.it\/esperienze\/lezione-di-cucina-pugliese-a-polignano-a-mare-cena\/\" target=\"_self\"><strong data-start=\"284\" data-end=\"322\">clase de orecchiette en Polignano<\/strong><\/a> con aperitivo t\u00edpico, para meter las manos en la masa y aprender los secretos de la cocina tradicional.<br data-start=\"421\" data-end=\"424\">O podr\u00edas vivir el mar desde otra perspectiva con un <strong data-start=\"486\" data-end=\"530\"><a href=\"https:\/\/pugliamare.it\/esperienze\/tour-in-barca-delle-grotte-di-polignano-a-mare\/\" target=\"_self\">tour en barco por las cuevas de Polignano<\/a>.<\/strong><\/p>\n<h3 data-start=\"1708\" data-end=\"1730\"><strong>\ud83d\udd52 Horarios de regreso<\/strong><\/h3>\n<ul data-start=\"1731\" data-end=\"1787\">\n<li data-start=\"1731\" data-end=\"1761\">\n<p data-start=\"1733\" data-end=\"1761\">Regreso a Polignano: 13:30<\/p>\n<\/li>\n<li data-start=\"1762\" data-end=\"1787\">\n<p data-start=\"1764\" data-end=\"1787\">Regreso a Bari: 15:30<\/p>\n<\/li>\n<\/ul>\n<h3 data-start=\"3291\" data-end=\"3342\">\ud83d\udcde <strong data-start=\"3298\" data-end=\"3342\">Cont\u00e1ctenos para informaci\u00f3n o solicitudes especiales.<\/strong><\/h3>\n<p class=\" translation-block\">Descubre Puglia empezando por la mesa: <strong data-start=\"3602\" data-end=\"3628\">degusta, aprende y vive<\/strong> un viaje a trav\u00e9s de los sabores aut\u00e9nticos del Sur. Reserva ahora tu <strong data-start=\"3691\" data-end=\"3709\">escapada culinaria<\/strong> y ll\u00e9vate a casa un pedacito de Puglia\u2026 para saborear.<\/p>\n<p data-start=\"3344\" data-end=\"3496\" class=\" translation-block\">Tienes <strong>intolerancias alimentarias<\/strong>, quieres personalizar el tour o deseas regalarlo a alguien? El equipo de <strong data-start=\"3442\" data-end=\"3456\">Pugliamare<\/strong> est\u00e1 a tu disposici\u00f3n para cualquier necesidad, <a href=\"https:\/\/api.whatsapp.com\/send?phone=393668959532\" target=\"_self\">cont\u00e1ctanos<\/a>.<\/p>","protected":false},"excerpt":{"rendered":"<p><strong data-start=\"101\" data-end=\"258\">Descubre los sabores y tradiciones de Apulia con nuestro tour gastron\u00f3mico de medio d\u00eda: una experiencia aut\u00e9ntica para sumergirte en la vida local.<\/strong><br data-start=\"258\" data-end=\"261\" \/>\u00a1Un viaje fascinante al coraz\u00f3n de la cocina pugliesa!<\/p>","protected":false},"featured_media":35313,"template":"","meta":{"_acf_changed":false,"inline_featured_image":false},"product_cat":[364,293],"product_tag":[290],"acf":[],"yoast_head":"<!-- This site is optimized with the Yoast SEO Premium plugin v22.8 (Yoast SEO v22.8) - https:\/\/yoast.com\/wordpress\/plugins\/seo\/ -->\n<title>Tour Gastronomico in Puglia: Panificio e Frantoio con Degustazioni | Pugliamare<\/title>\n<meta name=\"description\" content=\"Scopri i sapori autentici della Puglia: tour in panificio e frantoio con degustazioni di pane, focaccia e olio extravergine d\u2019oliva.\" \/>\n<meta name=\"robots\" content=\"index, follow, max-snippet:-1, max-image-preview:large, max-video-preview:-1\" \/>\n<link rel=\"canonical\" href=\"https:\/\/pugliamare.it\/es\/esperienze\/tradizione-e-gusto-tour-tra-panificio-e-frantoio-con-degustazioni-tipiche-e-trasporto-incluso\/\" \/>\n<meta property=\"og:locale\" content=\"es_ES\" \/>\n<meta property=\"og:type\" content=\"article\" \/>\n<meta property=\"og:title\" content=\"Tradizione e Gusto: Tour tra Panificio e Frantoio con Degustazioni Tipiche e Trasporto Incluso\" \/>\n<meta property=\"og:description\" content=\"Scopri i sapori autentici della Puglia: tour in panificio e frantoio con degustazioni di pane, focaccia e olio extravergine d\u2019oliva.\" \/>\n<meta property=\"og:url\" content=\"https:\/\/pugliamare.it\/es\/esperienze\/tradizione-e-gusto-tour-tra-panificio-e-frantoio-con-degustazioni-tipiche-e-trasporto-incluso\/\" \/>\n<meta property=\"og:site_name\" content=\"Pugliamare\" \/>\n<meta property=\"article:publisher\" content=\"https:\/\/www.facebook.com\/pugliamarexperience\" \/>\n<meta property=\"article:modified_time\" content=\"2025-12-06T14:37:45+00:00\" \/>\n<meta property=\"og:image\" content=\"https:\/\/pugliamare.it\/wp-content\/uploads\/2025\/08\/pane-e-olio.jpg\" \/>\n\t<meta property=\"og:image:width\" content=\"960\" \/>\n\t<meta property=\"og:image:height\" content=\"640\" \/>\n\t<meta property=\"og:image:type\" content=\"image\/jpeg\" \/>\n<meta name=\"twitter:card\" content=\"summary_large_image\" \/>\n<script type=\"application\/ld+json\" class=\"yoast-schema-graph\">{\"@context\":\"https:\/\/schema.org\",\"@graph\":[{\"@type\":\"WebPage\",\"@id\":\"https:\/\/pugliamare.it\/esperienze\/tradizione-e-gusto-tour-tra-panificio-e-frantoio-con-degustazioni-tipiche-e-trasporto-incluso\/\",\"url\":\"https:\/\/pugliamare.it\/esperienze\/tradizione-e-gusto-tour-tra-panificio-e-frantoio-con-degustazioni-tipiche-e-trasporto-incluso\/\",\"name\":\"Tour Gastronomico in Puglia: Panificio e Frantoio con Degustazioni | Pugliamare\",\"isPartOf\":{\"@id\":\"https:\/\/pugliamare.it\/en\/#website\"},\"primaryImageOfPage\":{\"@id\":\"https:\/\/pugliamare.it\/esperienze\/tradizione-e-gusto-tour-tra-panificio-e-frantoio-con-degustazioni-tipiche-e-trasporto-incluso\/#primaryimage\"},\"image\":{\"@id\":\"https:\/\/pugliamare.it\/esperienze\/tradizione-e-gusto-tour-tra-panificio-e-frantoio-con-degustazioni-tipiche-e-trasporto-incluso\/#primaryimage\"},\"thumbnailUrl\":\"https:\/\/pugliamare.it\/wp-content\/uploads\/2025\/08\/pane-e-olio.jpg\",\"datePublished\":\"2025-08-29T09:37:33+00:00\",\"dateModified\":\"2025-12-06T14:37:45+00:00\",\"description\":\"Scopri i sapori autentici della Puglia: tour in panificio e frantoio con degustazioni di pane, focaccia e olio extravergine d\u2019oliva.\",\"breadcrumb\":{\"@id\":\"https:\/\/pugliamare.it\/esperienze\/tradizione-e-gusto-tour-tra-panificio-e-frantoio-con-degustazioni-tipiche-e-trasporto-incluso\/#breadcrumb\"},\"inLanguage\":\"es\",\"potentialAction\":[{\"@type\":\"ReadAction\",\"target\":[\"https:\/\/pugliamare.it\/esperienze\/tradizione-e-gusto-tour-tra-panificio-e-frantoio-con-degustazioni-tipiche-e-trasporto-incluso\/\"]}]},{\"@type\":\"ImageObject\",\"inLanguage\":\"es\",\"@id\":\"https:\/\/pugliamare.it\/esperienze\/tradizione-e-gusto-tour-tra-panificio-e-frantoio-con-degustazioni-tipiche-e-trasporto-incluso\/#primaryimage\",\"url\":\"https:\/\/pugliamare.it\/wp-content\/uploads\/2025\/08\/pane-e-olio.jpg\",\"contentUrl\":\"https:\/\/pugliamare.it\/wp-content\/uploads\/2025\/08\/pane-e-olio.jpg\",\"width\":960,\"height\":640},{\"@type\":\"BreadcrumbList\",\"@id\":\"https:\/\/pugliamare.it\/esperienze\/tradizione-e-gusto-tour-tra-panificio-e-frantoio-con-degustazioni-tipiche-e-trasporto-incluso\/#breadcrumb\",\"itemListElement\":[{\"@type\":\"ListItem\",\"position\":1,\"name\":\"Home\",\"item\":\"https:\/\/pugliamare.it\/\"},{\"@type\":\"ListItem\",\"position\":2,\"name\":\"Tradizione e Gusto: Tour tra Panificio e Frantoio con Degustazioni Tipiche e Trasporto Incluso\"}]},{\"@type\":\"WebSite\",\"@id\":\"https:\/\/pugliamare.it\/en\/#website\",\"url\":\"https:\/\/pugliamare.it\/en\/\",\"name\":\"Pugliamare\",\"description\":\"Esperienze, Soggiorni e Tour personalizzati in Puglia\",\"publisher\":{\"@id\":\"https:\/\/pugliamare.it\/en\/#organization\"},\"potentialAction\":[{\"@type\":\"SearchAction\",\"target\":{\"@type\":\"EntryPoint\",\"urlTemplate\":\"https:\/\/pugliamare.it\/en\/?s={search_term_string}\"},\"query-input\":\"required name=search_term_string\"}],\"inLanguage\":\"es\"},{\"@type\":\"Organization\",\"@id\":\"https:\/\/pugliamare.it\/en\/#organization\",\"name\":\"Pugliamare srl\",\"url\":\"https:\/\/pugliamare.it\/en\/\",\"logo\":{\"@type\":\"ImageObject\",\"inLanguage\":\"es\",\"@id\":\"https:\/\/pugliamare.it\/en\/#\/schema\/logo\/image\/\",\"url\":\"https:\/\/pugliamare.it\/wp-content\/uploads\/2021\/04\/cropped-cropped-Risorsa-2.png\",\"contentUrl\":\"https:\/\/pugliamare.it\/wp-content\/uploads\/2021\/04\/cropped-cropped-Risorsa-2.png\",\"width\":374,\"height\":117,\"caption\":\"Pugliamare srl\"},\"image\":{\"@id\":\"https:\/\/pugliamare.it\/en\/#\/schema\/logo\/image\/\"},\"sameAs\":[\"https:\/\/www.facebook.com\/pugliamarexperience\",\"https:\/\/www.instagram.com\/pugliamare\/\"]}]}<\/script>\n<!-- \/ Yoast SEO Premium plugin. -->","yoast_head_json":{"title":"Tour Gastronomico in Puglia: Panificio e Frantoio con Degustazioni | Pugliamare","description":"Scopri i sapori autentici della Puglia: tour in panificio e frantoio con degustazioni di pane, focaccia e olio extravergine d\u2019oliva.","robots":{"index":"index","follow":"follow","max-snippet":"max-snippet:-1","max-image-preview":"max-image-preview:large","max-video-preview":"max-video-preview:-1"},"canonical":"https:\/\/pugliamare.it\/es\/esperienze\/tradizione-e-gusto-tour-tra-panificio-e-frantoio-con-degustazioni-tipiche-e-trasporto-incluso\/","og_locale":"es_ES","og_type":"article","og_title":"Tradizione e Gusto: Tour tra Panificio e Frantoio con Degustazioni Tipiche e Trasporto Incluso","og_description":"Scopri i sapori autentici della Puglia: tour in panificio e frantoio con degustazioni di pane, focaccia e olio extravergine d\u2019oliva.","og_url":"https:\/\/pugliamare.it\/es\/esperienze\/tradizione-e-gusto-tour-tra-panificio-e-frantoio-con-degustazioni-tipiche-e-trasporto-incluso\/","og_site_name":"Pugliamare","article_publisher":"https:\/\/www.facebook.com\/pugliamarexperience","article_modified_time":"2025-12-06T14:37:45+00:00","og_image":[{"width":960,"height":640,"url":"https:\/\/pugliamare.it\/wp-content\/uploads\/2025\/08\/pane-e-olio.jpg","type":"image\/jpeg"}],"twitter_card":"summary_large_image","schema":{"@context":"https:\/\/schema.org","@graph":[{"@type":"WebPage","@id":"https:\/\/pugliamare.it\/esperienze\/tradizione-e-gusto-tour-tra-panificio-e-frantoio-con-degustazioni-tipiche-e-trasporto-incluso\/","url":"https:\/\/pugliamare.it\/esperienze\/tradizione-e-gusto-tour-tra-panificio-e-frantoio-con-degustazioni-tipiche-e-trasporto-incluso\/","name":"Tour Gastronomico in Puglia: Panificio e Frantoio con Degustazioni | Pugliamare","isPartOf":{"@id":"https:\/\/pugliamare.it\/en\/#website"},"primaryImageOfPage":{"@id":"https:\/\/pugliamare.it\/esperienze\/tradizione-e-gusto-tour-tra-panificio-e-frantoio-con-degustazioni-tipiche-e-trasporto-incluso\/#primaryimage"},"image":{"@id":"https:\/\/pugliamare.it\/esperienze\/tradizione-e-gusto-tour-tra-panificio-e-frantoio-con-degustazioni-tipiche-e-trasporto-incluso\/#primaryimage"},"thumbnailUrl":"https:\/\/pugliamare.it\/wp-content\/uploads\/2025\/08\/pane-e-olio.jpg","datePublished":"2025-08-29T09:37:33+00:00","dateModified":"2025-12-06T14:37:45+00:00","description":"Scopri i sapori autentici della Puglia: tour in panificio e frantoio con degustazioni di pane, focaccia e olio extravergine d\u2019oliva.","breadcrumb":{"@id":"https:\/\/pugliamare.it\/esperienze\/tradizione-e-gusto-tour-tra-panificio-e-frantoio-con-degustazioni-tipiche-e-trasporto-incluso\/#breadcrumb"},"inLanguage":"es","potentialAction":[{"@type":"ReadAction","target":["https:\/\/pugliamare.it\/esperienze\/tradizione-e-gusto-tour-tra-panificio-e-frantoio-con-degustazioni-tipiche-e-trasporto-incluso\/"]}]},{"@type":"ImageObject","inLanguage":"es","@id":"https:\/\/pugliamare.it\/esperienze\/tradizione-e-gusto-tour-tra-panificio-e-frantoio-con-degustazioni-tipiche-e-trasporto-incluso\/#primaryimage","url":"https:\/\/pugliamare.it\/wp-content\/uploads\/2025\/08\/pane-e-olio.jpg","contentUrl":"https:\/\/pugliamare.it\/wp-content\/uploads\/2025\/08\/pane-e-olio.jpg","width":960,"height":640},{"@type":"BreadcrumbList","@id":"https:\/\/pugliamare.it\/esperienze\/tradizione-e-gusto-tour-tra-panificio-e-frantoio-con-degustazioni-tipiche-e-trasporto-incluso\/#breadcrumb","itemListElement":[{"@type":"ListItem","position":1,"name":"Home","item":"https:\/\/pugliamare.it\/"},{"@type":"ListItem","position":2,"name":"Tradizione e Gusto: Tour tra Panificio e Frantoio con Degustazioni Tipiche e Trasporto Incluso"}]},{"@type":"WebSite","@id":"https:\/\/pugliamare.it\/en\/#website","url":"https:\/\/pugliamare.it\/en\/","name":"Pugliamare","description":"Esperienze, Soggiorni e Tour personalizzati in Puglia","publisher":{"@id":"https:\/\/pugliamare.it\/en\/#organization"},"potentialAction":[{"@type":"SearchAction","target":{"@type":"EntryPoint","urlTemplate":"https:\/\/pugliamare.it\/en\/?s={search_term_string}"},"query-input":"required name=search_term_string"}],"inLanguage":"es"},{"@type":"Organization","@id":"https:\/\/pugliamare.it\/en\/#organization","name":"Pugliamare srl","url":"https:\/\/pugliamare.it\/en\/","logo":{"@type":"ImageObject","inLanguage":"es","@id":"https:\/\/pugliamare.it\/en\/#\/schema\/logo\/image\/","url":"https:\/\/pugliamare.it\/wp-content\/uploads\/2021\/04\/cropped-cropped-Risorsa-2.png","contentUrl":"https:\/\/pugliamare.it\/wp-content\/uploads\/2021\/04\/cropped-cropped-Risorsa-2.png","width":374,"height":117,"caption":"Pugliamare srl"},"image":{"@id":"https:\/\/pugliamare.it\/en\/#\/schema\/logo\/image\/"},"sameAs":["https:\/\/www.facebook.com\/pugliamarexperience","https:\/\/www.instagram.com\/pugliamare\/"]}]}},"_links":{"self":[{"href":"https:\/\/pugliamare.it\/es\/wp-json\/wp\/v2\/product\/35278"}],"collection":[{"href":"https:\/\/pugliamare.it\/es\/wp-json\/wp\/v2\/product"}],"about":[{"href":"https:\/\/pugliamare.it\/es\/wp-json\/wp\/v2\/types\/product"}],"version-history":[{"count":8,"href":"https:\/\/pugliamare.it\/es\/wp-json\/wp\/v2\/product\/35278\/revisions"}],"predecessor-version":[{"id":35294,"href":"https:\/\/pugliamare.it\/es\/wp-json\/wp\/v2\/product\/35278\/revisions\/35294"}],"wp:featuredmedia":[{"embeddable":true,"href":"https:\/\/pugliamare.it\/es\/wp-json\/wp\/v2\/media\/35313"}],"wp:attachment":[{"href":"https:\/\/pugliamare.it\/es\/wp-json\/wp\/v2\/media?parent=35278"}],"wp:term":[{"taxonomy":"product_cat","embeddable":true,"href":"https:\/\/pugliamare.it\/es\/wp-json\/wp\/v2\/product_cat?post=35278"},{"taxonomy":"product_tag","embeddable":true,"href":"https:\/\/pugliamare.it\/es\/wp-json\/wp\/v2\/product_tag?post=35278"}],"curies":[{"name":"wp","href":"https:\/\/api.w.org\/{rel}","templated":true}]}}