{"id":36848,"date":"2025-11-20T12:18:41","date_gmt":"2025-11-20T11:18:41","guid":{"rendered":"https:\/\/pugliamare.it\/?post_type=product&#038;p=36848"},"modified":"2025-12-20T14:50:03","modified_gmt":"2025-12-20T13:50:03","slug":"visita-in-cantina-e-degustazione-di-vino-primitivo-di-manduria","status":"publish","type":"product","link":"https:\/\/pugliamare.it\/es\/esperienze\/visita-in-cantina-e-degustazione-di-vino-primitivo-di-manduria\/","title":{"rendered":"Visita in cantina e degustazione di Vino Primitivo di Manduria"},"content":{"rendered":"<h1 data-start=\"923\" data-end=\"1009\"><strong>Degustaci\u00f3n de Vino y Visita a la Bodega: Vive la Tradici\u00f3n Vin\u00edcola de Puglia<\/strong><\/h1>\n<p data-start=\"614\" data-end=\"984\">\ud83c\udf77 <strong data-start=\"617\" data-end=\"659\">Passeggia tra vigneti e ulivi secolari<\/strong><br data-start=\"659\" data-end=\"662\" \/>L\u2019esperienza ha inizio tra i filari dei vigneti tarantini, immersi nella natura e nei paesaggi tipici della Puglia, tra colline e pianure punteggiate di ulivi secolari. Un viticoltore locale ti racconter\u00e0 la storia della vite e le tecniche di coltivazione che danno vita a vini unici e rinomati a livello internazionale.<\/p>\n<p data-start=\"986\" data-end=\"1398\">\ud83c\udf47 <strong data-start=\"989\" data-end=\"1039\">Scopri il processo di vinificazione in cantina<\/strong><br data-start=\"1039\" data-end=\"1042\" \/>Visiterai una cantina tipica della zona, dove potrai seguire tutte le fasi della vinificazione: dalla raccolta dell\u2019uva alla fermentazione, dall\u2019affinamento in botti fino all\u2019imbottigliamento del vino. Vivrai un racconto autentico, fatto da chi ogni giorno lavora con passione per creare il famoso Primitivo di Manduria e altri vini locali di eccellenza.<\/p>\n<p data-start=\"1400\" data-end=\"1811\">\ud83c\udf7e <strong data-start=\"1403\" data-end=\"1467\">Degusta vini locali accompagnati dai sapori della tradizione<\/strong><br data-start=\"1467\" data-end=\"1470\" \/>Il momento clou \u00e8 la degustazione guidata: assaggerai diverse etichette selezionate della zona, tra cui il robusto e avvolgente Primitivo di Manduria, accompagnate da prodotti tipici locali come formaggi, salumi, pane e taralli. Imparerai a riconoscere aromi, sentori e caratteristiche uniche di ogni vino, guidato da esperti appassionati.<\/p>\n<p data-start=\"1813\" data-end=\"2146\">\ud83c\udf3f <strong data-start=\"1816\" data-end=\"1871\">Un\u2019esperienza autentica tra cultura, storia e gusto<\/strong><br data-start=\"1871\" data-end=\"1874\" \/>Questa esperienza non \u00e8 solo una degustazione, ma un\u2019immersione nella cultura vinicola della Puglia: tecniche tramandate da generazioni, storie delle famiglie contadine e rispetto per la terra. Ogni calice racconta tradizione, passione e identit\u00e0 di un territorio unico.<\/p>\n<p data-start=\"2148\" data-end=\"2440\">\ud83d\udccd <strong data-start=\"2151\" data-end=\"2179\">Detalles de la experiencia<\/strong><br data-start=\"2179\" data-end=\"2182\" \/>\ud83d\udccc Localit\u00e0: Provincia di Taranto \u2013 zona del Primitivo di Manduria<br data-start=\"2248\" data-end=\"2251\" \/>\u23f1\ufe0f Durata: Circa 2 ore<br data-start=\"2273\" data-end=\"2276\" \/>\ud83d\udc64 Adecuado para todos, incluso para quienes son principiantes con el vino<br data-start=\"2336\" data-end=\"2339\" \/>\ud83c\udf7d\ufe0f Degustaci\u00f3n acompa\u00f1ada de productos t\u00edpicos locales<br data-start=\"2394\" data-end=\"2397\" \/>\ud83e\udd42 Visita guiada con viticultor experto<\/p>\n<h3 data-start=\"278\" data-end=\"304\">\ud83c\udf1f Experiencias Relacionadas<\/h3>\n<p data-start=\"306\" data-end=\"721\" class=\" translation-block\">Para completar tu viaje entre los sabores y la cultura del sur de Italia, te recomendamos nuestro <a href=\"https:\/\/pugliamare.it\/esperienze\/tour-unesco-matera-e-alberobello-da-bari\/\" target=\"_self\"> <strong data-start=\"403\" data-end=\"439\">Tour UNESCO de Matera y Alberobello<\/strong><\/a>: una excursi\u00f3n fascinante por los famosos <strong data-start=\"482\" data-end=\"501\">Sassi di Matera<\/strong> y los ic\u00f3nicos <strong data-start=\"516\" data-end=\"535\">trulli puglieses<\/strong>.<br data-start=\"536\" data-end=\"539\">Una experiencia que une <strong data-start=\"564\" data-end=\"612\">historia, paisajes \u00fanicos y patrimonio mundial<\/strong> en un d\u00eda inolvidable, ideal para quienes desean descubrir el alma aut\u00e9ntica de <strong data-start=\"697\" data-end=\"720\" data-is-only-node=\"\">Puglia y Basilicata<\/strong>.<\/p>\n<h3 data-start=\"3140\" data-end=\"3195\">Reserva ahora tu experiencia enol\u00f3gica en Puglia<\/h3>\n<p data-start=\"3197\" data-end=\"3530\" class=\" translation-block\">No pierdas la oportunidad de vivir una de las <strong data-start=\"3235\" data-end=\"3280\">degustaciones de vino en bodega m\u00e1s aut\u00e9nticas y emocionantes de Puglia<\/strong>. Para informaci\u00f3n y reservas, <a class=\"cursor-pointer\" href=\"https:\/\/api.whatsapp.com\/send?phone=393668959532\" target=\"_new\" rel=\"noopener\" data-start=\"3352\" data-end=\"3414\">cont\u00e1ctanos<\/a>: estamos a tu completa disposici\u00f3n para organizar cada detalle y ofrecerte una experiencia a medida.<\/p>","protected":false},"excerpt":{"rendered":"<p data-start=\"328\" data-end=\"612\">Sei pronto per un viaggio enogastronomico tra sapori autentici e panorami mozzafiato? Con questa esperienza di degustazione di vino nella provincia di Taranto, Pugliamare ti guida alla scoperta del cuore vinicolo della Puglia, tra filari secolari e il celebre Primitivo di Manduria.<\/p>","protected":false},"featured_media":36856,"template":"","meta":{"_acf_changed":false,"inline_featured_image":false},"product_cat":[293],"product_tag":[290],"acf":[],"yoast_head":"<!-- This site is optimized with the Yoast SEO Premium plugin v22.8 (Yoast SEO v22.8) - https:\/\/yoast.com\/wordpress\/plugins\/seo\/ -->\n<title>Degustazione di Vino e visita in Cantina in Puglia - Valle d&#039;Itria | Pugliamare<\/title>\n<meta name=\"description\" content=\"Scopri la Valle d&#039;Itria con una degustazione di vino in cantina. Passeggia tra i vigneti e assapora i sapori autentici della Puglia. Prenota ora!\" \/>\n<meta name=\"robots\" content=\"index, follow, max-snippet:-1, max-image-preview:large, max-video-preview:-1\" \/>\n<link rel=\"canonical\" href=\"https:\/\/pugliamare.it\/es\/esperienze\/visita-in-cantina-e-degustazione-di-vino-primitivo-di-manduria\/\" \/>\n<meta property=\"og:locale\" content=\"es_ES\" \/>\n<meta property=\"og:type\" content=\"article\" \/>\n<meta property=\"og:title\" content=\"Visita in cantina e degustazione di Vino Primitivo di Manduria\" \/>\n<meta property=\"og:description\" content=\"Scopri la Valle d&#039;Itria con una degustazione di vino in cantina. Passeggia tra i vigneti e assapora i sapori autentici della Puglia. Prenota ora!\" \/>\n<meta property=\"og:url\" content=\"https:\/\/pugliamare.it\/es\/esperienze\/visita-in-cantina-e-degustazione-di-vino-primitivo-di-manduria\/\" \/>\n<meta property=\"og:site_name\" content=\"Pugliamare\" \/>\n<meta property=\"article:publisher\" content=\"https:\/\/www.facebook.com\/pugliamarexperience\" \/>\n<meta property=\"article:modified_time\" content=\"2025-12-20T13:50:03+00:00\" \/>\n<meta property=\"og:image\" content=\"https:\/\/pugliamare.it\/wp-content\/uploads\/2025\/11\/WhatsApp-Image-2025-11-20-at-12.40.17.jpeg\" \/>\n\t<meta property=\"og:image:width\" content=\"1200\" \/>\n\t<meta property=\"og:image:height\" content=\"1600\" \/>\n\t<meta property=\"og:image:type\" content=\"image\/jpeg\" \/>\n<meta name=\"twitter:card\" content=\"summary_large_image\" \/>\n<script type=\"application\/ld+json\" class=\"yoast-schema-graph\">{\"@context\":\"https:\/\/schema.org\",\"@graph\":[{\"@type\":\"WebPage\",\"@id\":\"https:\/\/pugliamare.it\/esperienze\/visita-in-cantina-e-degustazione-di-vino-primitivo-di-manduria\/\",\"url\":\"https:\/\/pugliamare.it\/esperienze\/visita-in-cantina-e-degustazione-di-vino-primitivo-di-manduria\/\",\"name\":\"Degustazione di Vino e visita in Cantina in Puglia - Valle d'Itria | Pugliamare\",\"isPartOf\":{\"@id\":\"https:\/\/pugliamare.it\/en\/#website\"},\"primaryImageOfPage\":{\"@id\":\"https:\/\/pugliamare.it\/esperienze\/visita-in-cantina-e-degustazione-di-vino-primitivo-di-manduria\/#primaryimage\"},\"image\":{\"@id\":\"https:\/\/pugliamare.it\/esperienze\/visita-in-cantina-e-degustazione-di-vino-primitivo-di-manduria\/#primaryimage\"},\"thumbnailUrl\":\"https:\/\/pugliamare.it\/wp-content\/uploads\/2025\/11\/WhatsApp-Image-2025-11-20-at-12.40.17.jpeg\",\"datePublished\":\"2025-11-20T11:18:41+00:00\",\"dateModified\":\"2025-12-20T13:50:03+00:00\",\"description\":\"Scopri la Valle d'Itria con una degustazione di vino in cantina. Passeggia tra i vigneti e assapora i sapori autentici della Puglia. Prenota ora!\",\"breadcrumb\":{\"@id\":\"https:\/\/pugliamare.it\/esperienze\/visita-in-cantina-e-degustazione-di-vino-primitivo-di-manduria\/#breadcrumb\"},\"inLanguage\":\"es\",\"potentialAction\":[{\"@type\":\"ReadAction\",\"target\":[\"https:\/\/pugliamare.it\/esperienze\/visita-in-cantina-e-degustazione-di-vino-primitivo-di-manduria\/\"]}]},{\"@type\":\"ImageObject\",\"inLanguage\":\"es\",\"@id\":\"https:\/\/pugliamare.it\/esperienze\/visita-in-cantina-e-degustazione-di-vino-primitivo-di-manduria\/#primaryimage\",\"url\":\"https:\/\/pugliamare.it\/wp-content\/uploads\/2025\/11\/WhatsApp-Image-2025-11-20-at-12.40.17.jpeg\",\"contentUrl\":\"https:\/\/pugliamare.it\/wp-content\/uploads\/2025\/11\/WhatsApp-Image-2025-11-20-at-12.40.17.jpeg\",\"width\":1200,\"height\":1600},{\"@type\":\"BreadcrumbList\",\"@id\":\"https:\/\/pugliamare.it\/esperienze\/visita-in-cantina-e-degustazione-di-vino-primitivo-di-manduria\/#breadcrumb\",\"itemListElement\":[{\"@type\":\"ListItem\",\"position\":1,\"name\":\"Home\",\"item\":\"https:\/\/pugliamare.it\/\"},{\"@type\":\"ListItem\",\"position\":2,\"name\":\"Visita in cantina e degustazione di Vino Primitivo di Manduria\"}]},{\"@type\":\"WebSite\",\"@id\":\"https:\/\/pugliamare.it\/en\/#website\",\"url\":\"https:\/\/pugliamare.it\/en\/\",\"name\":\"Pugliamare\",\"description\":\"Esperienze, Soggiorni e Tour personalizzati in Puglia\",\"publisher\":{\"@id\":\"https:\/\/pugliamare.it\/en\/#organization\"},\"potentialAction\":[{\"@type\":\"SearchAction\",\"target\":{\"@type\":\"EntryPoint\",\"urlTemplate\":\"https:\/\/pugliamare.it\/en\/?s={search_term_string}\"},\"query-input\":\"required name=search_term_string\"}],\"inLanguage\":\"es\"},{\"@type\":\"Organization\",\"@id\":\"https:\/\/pugliamare.it\/en\/#organization\",\"name\":\"Pugliamare srl\",\"url\":\"https:\/\/pugliamare.it\/en\/\",\"logo\":{\"@type\":\"ImageObject\",\"inLanguage\":\"es\",\"@id\":\"https:\/\/pugliamare.it\/en\/#\/schema\/logo\/image\/\",\"url\":\"https:\/\/pugliamare.it\/wp-content\/uploads\/2021\/04\/cropped-cropped-Risorsa-2.png\",\"contentUrl\":\"https:\/\/pugliamare.it\/wp-content\/uploads\/2021\/04\/cropped-cropped-Risorsa-2.png\",\"width\":374,\"height\":117,\"caption\":\"Pugliamare srl\"},\"image\":{\"@id\":\"https:\/\/pugliamare.it\/en\/#\/schema\/logo\/image\/\"},\"sameAs\":[\"https:\/\/www.facebook.com\/pugliamarexperience\",\"https:\/\/www.instagram.com\/pugliamare\/\"]}]}<\/script>\n<!-- \/ Yoast SEO Premium plugin. -->","yoast_head_json":{"title":"Degustazione di Vino e visita in Cantina in Puglia - Valle d'Itria | Pugliamare","description":"Scopri la Valle d'Itria con una degustazione di vino in cantina. Passeggia tra i vigneti e assapora i sapori autentici della Puglia. Prenota ora!","robots":{"index":"index","follow":"follow","max-snippet":"max-snippet:-1","max-image-preview":"max-image-preview:large","max-video-preview":"max-video-preview:-1"},"canonical":"https:\/\/pugliamare.it\/es\/esperienze\/visita-in-cantina-e-degustazione-di-vino-primitivo-di-manduria\/","og_locale":"es_ES","og_type":"article","og_title":"Visita in cantina e degustazione di Vino Primitivo di Manduria","og_description":"Scopri la Valle d'Itria con una degustazione di vino in cantina. Passeggia tra i vigneti e assapora i sapori autentici della Puglia. Prenota ora!","og_url":"https:\/\/pugliamare.it\/es\/esperienze\/visita-in-cantina-e-degustazione-di-vino-primitivo-di-manduria\/","og_site_name":"Pugliamare","article_publisher":"https:\/\/www.facebook.com\/pugliamarexperience","article_modified_time":"2025-12-20T13:50:03+00:00","og_image":[{"width":1200,"height":1600,"url":"https:\/\/pugliamare.it\/wp-content\/uploads\/2025\/11\/WhatsApp-Image-2025-11-20-at-12.40.17.jpeg","type":"image\/jpeg"}],"twitter_card":"summary_large_image","schema":{"@context":"https:\/\/schema.org","@graph":[{"@type":"WebPage","@id":"https:\/\/pugliamare.it\/esperienze\/visita-in-cantina-e-degustazione-di-vino-primitivo-di-manduria\/","url":"https:\/\/pugliamare.it\/esperienze\/visita-in-cantina-e-degustazione-di-vino-primitivo-di-manduria\/","name":"Degustazione di Vino e visita in Cantina in Puglia - Valle d'Itria | Pugliamare","isPartOf":{"@id":"https:\/\/pugliamare.it\/en\/#website"},"primaryImageOfPage":{"@id":"https:\/\/pugliamare.it\/esperienze\/visita-in-cantina-e-degustazione-di-vino-primitivo-di-manduria\/#primaryimage"},"image":{"@id":"https:\/\/pugliamare.it\/esperienze\/visita-in-cantina-e-degustazione-di-vino-primitivo-di-manduria\/#primaryimage"},"thumbnailUrl":"https:\/\/pugliamare.it\/wp-content\/uploads\/2025\/11\/WhatsApp-Image-2025-11-20-at-12.40.17.jpeg","datePublished":"2025-11-20T11:18:41+00:00","dateModified":"2025-12-20T13:50:03+00:00","description":"Scopri la Valle d'Itria con una degustazione di vino in cantina. Passeggia tra i vigneti e assapora i sapori autentici della Puglia. Prenota ora!","breadcrumb":{"@id":"https:\/\/pugliamare.it\/esperienze\/visita-in-cantina-e-degustazione-di-vino-primitivo-di-manduria\/#breadcrumb"},"inLanguage":"es","potentialAction":[{"@type":"ReadAction","target":["https:\/\/pugliamare.it\/esperienze\/visita-in-cantina-e-degustazione-di-vino-primitivo-di-manduria\/"]}]},{"@type":"ImageObject","inLanguage":"es","@id":"https:\/\/pugliamare.it\/esperienze\/visita-in-cantina-e-degustazione-di-vino-primitivo-di-manduria\/#primaryimage","url":"https:\/\/pugliamare.it\/wp-content\/uploads\/2025\/11\/WhatsApp-Image-2025-11-20-at-12.40.17.jpeg","contentUrl":"https:\/\/pugliamare.it\/wp-content\/uploads\/2025\/11\/WhatsApp-Image-2025-11-20-at-12.40.17.jpeg","width":1200,"height":1600},{"@type":"BreadcrumbList","@id":"https:\/\/pugliamare.it\/esperienze\/visita-in-cantina-e-degustazione-di-vino-primitivo-di-manduria\/#breadcrumb","itemListElement":[{"@type":"ListItem","position":1,"name":"Home","item":"https:\/\/pugliamare.it\/"},{"@type":"ListItem","position":2,"name":"Visita in cantina e degustazione di Vino Primitivo di Manduria"}]},{"@type":"WebSite","@id":"https:\/\/pugliamare.it\/en\/#website","url":"https:\/\/pugliamare.it\/en\/","name":"Pugliamare","description":"Esperienze, Soggiorni e Tour personalizzati in Puglia","publisher":{"@id":"https:\/\/pugliamare.it\/en\/#organization"},"potentialAction":[{"@type":"SearchAction","target":{"@type":"EntryPoint","urlTemplate":"https:\/\/pugliamare.it\/en\/?s={search_term_string}"},"query-input":"required name=search_term_string"}],"inLanguage":"es"},{"@type":"Organization","@id":"https:\/\/pugliamare.it\/en\/#organization","name":"Pugliamare srl","url":"https:\/\/pugliamare.it\/en\/","logo":{"@type":"ImageObject","inLanguage":"es","@id":"https:\/\/pugliamare.it\/en\/#\/schema\/logo\/image\/","url":"https:\/\/pugliamare.it\/wp-content\/uploads\/2021\/04\/cropped-cropped-Risorsa-2.png","contentUrl":"https:\/\/pugliamare.it\/wp-content\/uploads\/2021\/04\/cropped-cropped-Risorsa-2.png","width":374,"height":117,"caption":"Pugliamare srl"},"image":{"@id":"https:\/\/pugliamare.it\/en\/#\/schema\/logo\/image\/"},"sameAs":["https:\/\/www.facebook.com\/pugliamarexperience","https:\/\/www.instagram.com\/pugliamare\/"]}]}},"_links":{"self":[{"href":"https:\/\/pugliamare.it\/es\/wp-json\/wp\/v2\/product\/36848"}],"collection":[{"href":"https:\/\/pugliamare.it\/es\/wp-json\/wp\/v2\/product"}],"about":[{"href":"https:\/\/pugliamare.it\/es\/wp-json\/wp\/v2\/types\/product"}],"version-history":[{"count":1,"href":"https:\/\/pugliamare.it\/es\/wp-json\/wp\/v2\/product\/36848\/revisions"}],"predecessor-version":[{"id":36859,"href":"https:\/\/pugliamare.it\/es\/wp-json\/wp\/v2\/product\/36848\/revisions\/36859"}],"wp:featuredmedia":[{"embeddable":true,"href":"https:\/\/pugliamare.it\/es\/wp-json\/wp\/v2\/media\/36856"}],"wp:attachment":[{"href":"https:\/\/pugliamare.it\/es\/wp-json\/wp\/v2\/media?parent=36848"}],"wp:term":[{"taxonomy":"product_cat","embeddable":true,"href":"https:\/\/pugliamare.it\/es\/wp-json\/wp\/v2\/product_cat?post=36848"},{"taxonomy":"product_tag","embeddable":true,"href":"https:\/\/pugliamare.it\/es\/wp-json\/wp\/v2\/product_tag?post=36848"}],"curies":[{"name":"wp","href":"https:\/\/api.w.org\/{rel}","templated":true}]}}